{"id":4246,"date":"2024-11-15T09:27:36","date_gmt":"2024-11-15T08:27:36","guid":{"rendered":"https:\/\/www.fun-parc-brumath.fr\/schatzsuche-orientierungslauf\/"},"modified":"2025-04-03T19:11:47","modified_gmt":"2025-04-03T17:11:47","slug":"schatzsuche-orientierungslauf","status":"publish","type":"page","link":"https:\/\/www.fun-parc-brumath.fr\/de\/landaktivitaeten\/schatzsuche-orientierungslauf\/","title":{"rendered":"Orientierungslauf"},"content":{"rendered":"\t\t\t<div  class=\" wp-block-grimlock-section grimlock-section--btn-primary grimlock-section--orientierungslauf alignfull region grimlock-region grimlock-region--mt-0 grimlock-region--mb--2 grimlock-region--pt-5 grimlock-region--pb-5 grimlock-region--12-cols-left region--12-cols-left grimlock-region--container-classic region--container-classic grimlock-section section section_content_reveal\" style=\"margin-bottom:-2%;background-image:url(https:\/\/i0.wp.com\/www.fun-parc-brumath.fr\/wp-content\/uploads\/2021\/05\/3dsculptor141000007.jpg?fit=450%2C326&#038;ssl=1);background-repeat:no-repeat;background-position:center;background-size:cover;-webkit-background-size:cover;background-attachment:scroll;border-top-color:#eceeef;border-top-style:solid;border-top-width:0;border-bottom-color:#eceeef;border-bottom-style:solid;border-bottom-width:0;z-index:0;\"  >\n\t\t\t<div class=\"region__inner\" style=\"padding-top:5%;padding-bottom:5%;background:linear-gradient(90deg,rgb(0,132,158) 0%,rgba(131,218,158,0.5) 100%);\">\n\t\t\t\t<div class=\"region__container\">\n\t\t\t\t\t<div class=\"region__row\">\n\t\t\t\t\t\t<div class=\"region__col region__col--1\" >\n\t\t\t\t\t\t\t<div class=\"grimlock-reveal-element grimlock-reveal-element--thumbnail\" >\n\t\t\t\t\t\t\t\t\t\t\t\t\t\t\t<\/div>\n\t\t\t\t\t\t<\/div><!-- .region__col -->\n\t\t\t\t\t\t<div class=\"region__col region__col--2\" >\n\t\t\t\t\t\t\t<div class=\"grimlock-reveal-element grimlock-reveal-element--content\" data-grimlock-animate-scroll-reveal=\"{&quot;origin&quot;:&quot;right&quot;,&quot;distance&quot;:&quot;80px&quot;,&quot;duration&quot;:750,&quot;delay&quot;:0,&quot;rotate&quot;:{&quot;x&quot;:0,&quot;y&quot;:0,&quot;z&quot;:0},&quot;opacity&quot;:0,&quot;scale&quot;:1,&quot;easing&quot;:&quot;cubic-bezier(0.6, 0.2, 0.1, 1)&quot;,&quot;viewFactor&quot;:0.5,&quot;mobile&quot;:false,&quot;reset&quot;:false}\">\n\t\t\t\t\t\t\t\t\t        <div class=\"grimlock-section__header section__header\">\n\t\t\t\t\n            <h2 class=\"grimlock-section__title section__title grimlock-display-1 display-1\" style=\"color:#ffffff;\">\n\t\t\t\tOrientierungslauf              <\/h2>\n\t\t\t\t\t\t\t<h3 class=\"grimlock-section__subtitle section__subtitle grimlock-lead lead\" style=\"color:#ffffff;\">\n\t\t\t\t\tF\u00fcr \u00e4ltere Kinder ab 8 Jahren\t\t\t\t<\/h3>\n\t\t\t\t        <\/div><!-- .section__header -->\n\t\t\t\t\t\t\t\t\t\t<\/div>\n\t\t\t\t\t\t<\/div><!-- .region__col -->\n\t\t\t\t\t<\/div><!-- .region__row -->\n\t\t\t\t<\/div><!-- .region__container -->\n\t\t\t<\/div><!-- .region__inner -->\n\t\t\t<\/div><!-- .grimlock-section -->\n\t\t\n<div class=\"wp-block-group wp-block-group-anchor\"><div class=\"wp-block-group__inner-container is-layout-flow wp-block-group-is-layout-flow\">\n<div class=\"wp-block-buttons is-layout-flex wp-block-buttons-is-layout-flex\">\n<div class=\"wp-block-button is-style-secondary\"><a class=\"wp-block-button__link wp-element-button\" href=\"#reserver\"><strong>Buchen Sie<\/strong><\/a><\/div>\n<\/div>\n<\/div><\/div>\n\t\t\t<div  class=\" wp-block-grimlock-section grimlock-section--btn-primary grimlock-section--praesentation alignfull region grimlock-region grimlock-region--mt-0 grimlock-region--mb-0 grimlock-region--pt-5 grimlock-region--pb-5 grimlock-region--6-6-cols-left-reverse region--6-6-cols-left-reverse grimlock-region--container-classic region--container-classic grimlock-section section section_thumbnail_reveal section_content_reveal\" style=\"border-top-color:#eceeef;border-top-style:solid;border-top-width:0;border-bottom-color:#eceeef;border-bottom-style:solid;border-bottom-width:0;z-index:0;color:#525A5B;\"  >\n\t\t\t<div class=\"region__inner\" style=\"padding-top:5%;padding-bottom:5%;\">\n\t\t\t\t<div class=\"region__container\">\n\t\t\t\t\t<div class=\"region__row\">\n\t\t\t\t\t\t<div class=\"region__col region__col--1\" >\n\t\t\t\t\t\t\t<div class=\"grimlock-reveal-element grimlock-reveal-element--thumbnail\" data-grimlock-animate-scroll-reveal=\"{&quot;origin&quot;:&quot;right&quot;,&quot;distance&quot;:&quot;80px&quot;,&quot;duration&quot;:750,&quot;delay&quot;:0,&quot;rotate&quot;:{&quot;x&quot;:0,&quot;y&quot;:0,&quot;z&quot;:0},&quot;opacity&quot;:0,&quot;scale&quot;:1,&quot;easing&quot;:&quot;cubic-bezier(0.6, 0.2, 0.1, 1)&quot;,&quot;viewFactor&quot;:0.5,&quot;mobile&quot;:false,&quot;reset&quot;:false}\">\n\t\t\t\t\t\t\t\t\t\t\t<div class=\"grimlock-section__thumbnail section__thumbnail\">\n\t\t\t\t\t\t\t\t\t<img decoding=\"async\" class=\"grimlock-section__thumbnail-img section__thumbnail-img img-fluid\" src=\"https:\/\/i0.wp.com\/www.fun-parc-brumath.fr\/wp-content\/uploads\/2025\/02\/photo-co-siteweb.jpg?resize=780%2C580&#038;ssl=1\" alt=\"Carte et boussole\" \/>\n\t\t\t\t\n\t\t\t\t            <\/div><!-- .section__thumbnail -->\n\t\t\t\t\t\t\t\t\t\t<\/div>\n\t\t\t\t\t\t<\/div><!-- .region__col -->\n\t\t\t\t\t\t<div class=\"region__col region__col--2\" >\n\t\t\t\t\t\t\t<div class=\"grimlock-reveal-element grimlock-reveal-element--content\" data-grimlock-animate-scroll-reveal=\"{&quot;origin&quot;:&quot;left&quot;,&quot;distance&quot;:&quot;80px&quot;,&quot;duration&quot;:750,&quot;delay&quot;:0,&quot;rotate&quot;:{&quot;x&quot;:0,&quot;y&quot;:0,&quot;z&quot;:0},&quot;opacity&quot;:0,&quot;scale&quot;:1,&quot;easing&quot;:&quot;cubic-bezier(0.6, 0.2, 0.1, 1)&quot;,&quot;viewFactor&quot;:0.5,&quot;mobile&quot;:false,&quot;reset&quot;:false}\">\n\t\t\t\t\t\t\t\t\t        <div class=\"grimlock-section__header section__header\">\n\t\t\t\t\n            <h2 class=\"grimlock-section__title section__title grimlock-lead lead\" style=\"color:#00849E;\">\n\t\t\t\tPr\u00e4sentation            <\/h2>\n\t\t\t\t\t\t\t<h3 class=\"grimlock-section__subtitle section__subtitle grimlock-display-2 display-2\" style=\"color:#15171A;\">\n\t\t\t\t\tOrientierungslauf\t\t\t\t<\/h3>\n\t\t\t\t        <\/div><!-- .section__header -->\n\t\t\t\t        <div class=\"grimlock-section__content section__content\">\n\t\t\t\t            <div class=\"grimlock-section__text section__text\">\n\t\t\t\t<p style=\"text-align: justify\">Nehmen Sie an unserem Orientierungslauf teil, fordern Sie sich im Team oder sogar alleine heraus, um Ihren <strong>Orientierungssinn<\/strong>, Ihre Beobachtungsgabe und Ihre Qualit\u00e4ten als Sportler (auch am Sonntag) im Fun Parc von Brumath (nur wenige Schritte von Stra\u00dfburg entfernt) unter Beweis zu stellen!  <\/p>\n<p style=\"text-align: justify\">Mit <strong>Karte <\/strong> und Kompass durchstreifen Sie den Park und den See (in einem Tretboot) auf der Suche nach <strong>Markierungen<\/strong>, stempeln Ihr Blatt ab und kommen so schnell wie m\u00f6glich zu uns zur\u00fcck, damit wir die Zeit stoppen und mit Ihren aktuellen<strong> Gegnern <\/strong>vergleichen k\u00f6nnen!<\/p>\n<p style=\"text-align: justify\"><strong><u>DAUER<\/u><\/strong> : Es gibt keine Regel, je nach Team k\u00f6nnen die Zeiten von 1 bis 2,5 Stunden variieren! Das h\u00e4ngt von Ihrer Effizienz ab \ud83d\ude09   <\/p>\n<p style=\"text-align: justify\">M\u00f6chten Sie sich austoben und das Elsass entdecken, w\u00e4hrend Sie Ihre Gehirnwindungen bei einem anregenden Orientierungslauf bewegen? Z\u00f6gern Sie nicht zu buchen oder uns zu kontaktieren, wenn Sie Fragen zu Ihrer Animation haben.   <\/p>\n            <\/div>\n\t\t\t\t        <\/div><!-- .section__content -->\n\t\t\t\t        <div class=\"grimlock-section__footer section__footer\">\n\t            \n            <a href=\"https:\/\/www.fun-parc-brumath.fr\/tarifs#TARIFS-CO\" class=\"grimlock-section__btn grimlock-section__btn--1 section__btn btn grimlock-btn-primary btn-primary\" target=\"_blank\">\n\t            Preise            <\/a>\n\t\t\t\t            \t        <\/div><!-- .section__footer -->\n\t\t\t\t\t\t\t\t\t\t<\/div>\n\t\t\t\t\t\t<\/div><!-- .region__col -->\n\t\t\t\t\t<\/div><!-- .region__row -->\n\t\t\t\t<\/div><!-- .region__container -->\n\t\t\t<\/div><!-- .region__inner -->\n\t\t\t<\/div><!-- .grimlock-section -->\n\t\t\n<div class=\"wp-block-getwid-anchor\" id=\"reserver\"><\/div>\n\n<h2 class=\"wp-block-heading has-text-align-center\">Um zu buchen, klicken Sie bitte hier<\/h2>\n\n<div class=\"wp-block-getwid-advanced-spacer\" style=\"height:3vh\" aria-hidden=\"true\"><\/div>\n\n<div class=\"wp-block-group is-content-justification-center is-layout-flex wp-container-core-group-is-layout-19578e90 wp-block-group-is-layout-flex\">\n<guidap-activity-details-button activity-uuid=\"LbSfOMAjdkpxlnKaXRe1FDBG4CqN0ZQYuVgs\"><\/guidap-activity-details-button>\n\n\n\n<guidap-activity-buy-gift-button activity-uuid=\"LbSfOMAjdkpxlnKaXRe1FDBG4CqN0ZQYuVgs\"><\/guidap-activity-buy-gift-button>\n<\/div>\n\n<div class=\"wp-block-getwid-advanced-spacer\" style=\"height:5vh\" aria-hidden=\"true\"><\/div>\n","protected":false},"excerpt":{"rendered":"<p>Um zu buchen, klicken Sie bitte hier<\/p>\n","protected":false},"author":14,"featured_media":826,"parent":3991,"menu_order":2,"comment_status":"closed","ping_status":"closed","template":"template-minimal.php","meta":{"_monsterinsights_skip_tracking":false,"_monsterinsights_sitenote_active":false,"_monsterinsights_sitenote_note":"","_monsterinsights_sitenote_category":0,"footnotes":""},"class_list":["post-4246","page","type-page","status-publish","has-post-thumbnail","hentry"],"yoast_head":"<!-- This site is optimized with the Yoast SEO plugin v27.3 - https:\/\/yoast.com\/product\/yoast-seo-wordpress\/ -->\n<title>Orientierungslauf: Abenteuer im Wald und auf dem Wasser im Elsass (Bas-Rhin)<\/title>\n<meta name=\"description\" content=\"Nehmen Sie die Herausforderung des Orientierungslaufs im Fun Parc Brumath an! Zwischen Wald und Wasser starten Sie in Teams ab 8 Jahren, finden Sie die Markierungen und gewinnen Sie das Rennen. Die ideale Aktivit\u00e4t, um den Zusammenhalt in der Familie, unter Freunden oder im Unternehmen zu st\u00e4rken!\" \/>\n<meta name=\"robots\" content=\"index, follow, max-snippet:-1, max-image-preview:large, max-video-preview:-1\" \/>\n<link rel=\"canonical\" href=\"https:\/\/www.fun-parc-brumath.fr\/de\/landaktivitaeten\/schatzsuche-orientierungslauf\/\" \/>\n<meta property=\"og:locale\" content=\"de_DE\" \/>\n<meta property=\"og:type\" content=\"article\" \/>\n<meta property=\"og:title\" content=\"Orientierungslauf: Abenteuer im Wald und auf dem Wasser im Elsass (Bas-Rhin)\" \/>\n<meta property=\"og:description\" content=\"Nehmen Sie die Herausforderung des Orientierungslaufs im Fun Parc Brumath an! Zwischen Wald und Wasser starten Sie in Teams ab 8 Jahren, finden Sie die Markierungen und gewinnen Sie das Rennen. Die ideale Aktivit\u00e4t, um den Zusammenhalt in der Familie, unter Freunden oder im Unternehmen zu st\u00e4rken!\" \/>\n<meta property=\"og:url\" content=\"https:\/\/www.fun-parc-brumath.fr\/de\/landaktivitaeten\/schatzsuche-orientierungslauf\/\" \/>\n<meta property=\"og:site_name\" content=\"Fun Parc Brumath\" \/>\n<meta property=\"article:modified_time\" content=\"2025-04-03T17:11:47+00:00\" \/>\n<meta property=\"og:image\" content=\"https:\/\/www.fun-parc-brumath.fr\/wp-content\/uploads\/2021\/05\/3dsculptor141000007.jpg\" \/>\n\t<meta property=\"og:image:width\" content=\"450\" \/>\n\t<meta property=\"og:image:height\" content=\"326\" \/>\n\t<meta property=\"og:image:type\" content=\"image\/jpeg\" \/>\n<meta name=\"twitter:card\" content=\"summary_large_image\" \/>\n<script type=\"application\/ld+json\" class=\"yoast-schema-graph\">{\"@context\":\"https:\\\/\\\/schema.org\",\"@graph\":[{\"@type\":\"WebPage\",\"@id\":\"https:\\\/\\\/www.fun-parc-brumath.fr\\\/de\\\/landaktivitaeten\\\/schatzsuche-orientierungslauf\\\/\",\"url\":\"https:\\\/\\\/www.fun-parc-brumath.fr\\\/de\\\/landaktivitaeten\\\/schatzsuche-orientierungslauf\\\/\",\"name\":\"Orientierungslauf: Abenteuer im Wald und auf dem Wasser im Elsass (Bas-Rhin)\",\"isPartOf\":{\"@id\":\"https:\\\/\\\/www.fun-parc-brumath.fr\\\/de\\\/#website\"},\"primaryImageOfPage\":{\"@id\":\"https:\\\/\\\/www.fun-parc-brumath.fr\\\/de\\\/landaktivitaeten\\\/schatzsuche-orientierungslauf\\\/#primaryimage\"},\"image\":{\"@id\":\"https:\\\/\\\/www.fun-parc-brumath.fr\\\/de\\\/landaktivitaeten\\\/schatzsuche-orientierungslauf\\\/#primaryimage\"},\"thumbnailUrl\":\"https:\\\/\\\/i0.wp.com\\\/www.fun-parc-brumath.fr\\\/wp-content\\\/uploads\\\/2021\\\/05\\\/3dsculptor141000007.jpg?fit=450%2C326&ssl=1\",\"datePublished\":\"2024-11-15T08:27:36+00:00\",\"dateModified\":\"2025-04-03T17:11:47+00:00\",\"description\":\"Nehmen Sie die Herausforderung des Orientierungslaufs im Fun Parc Brumath an! Zwischen Wald und Wasser starten Sie in Teams ab 8 Jahren, finden Sie die Markierungen und gewinnen Sie das Rennen. Die ideale Aktivit\u00e4t, um den Zusammenhalt in der Familie, unter Freunden oder im Unternehmen zu st\u00e4rken!\",\"breadcrumb\":{\"@id\":\"https:\\\/\\\/www.fun-parc-brumath.fr\\\/de\\\/landaktivitaeten\\\/schatzsuche-orientierungslauf\\\/#breadcrumb\"},\"inLanguage\":\"de\",\"potentialAction\":[{\"@type\":\"ReadAction\",\"target\":[\"https:\\\/\\\/www.fun-parc-brumath.fr\\\/de\\\/landaktivitaeten\\\/schatzsuche-orientierungslauf\\\/\"]}]},{\"@type\":\"ImageObject\",\"inLanguage\":\"de\",\"@id\":\"https:\\\/\\\/www.fun-parc-brumath.fr\\\/de\\\/landaktivitaeten\\\/schatzsuche-orientierungslauf\\\/#primaryimage\",\"url\":\"https:\\\/\\\/i0.wp.com\\\/www.fun-parc-brumath.fr\\\/wp-content\\\/uploads\\\/2021\\\/05\\\/3dsculptor141000007.jpg?fit=450%2C326&ssl=1\",\"contentUrl\":\"https:\\\/\\\/i0.wp.com\\\/www.fun-parc-brumath.fr\\\/wp-content\\\/uploads\\\/2021\\\/05\\\/3dsculptor141000007.jpg?fit=450%2C326&ssl=1\",\"width\":450,\"height\":326},{\"@type\":\"BreadcrumbList\",\"@id\":\"https:\\\/\\\/www.fun-parc-brumath.fr\\\/de\\\/landaktivitaeten\\\/schatzsuche-orientierungslauf\\\/#breadcrumb\",\"itemListElement\":[{\"@type\":\"ListItem\",\"position\":1,\"name\":\"Accueil\",\"item\":\"https:\\\/\\\/www.fun-parc-brumath.fr\\\/de\\\/\"},{\"@type\":\"ListItem\",\"position\":2,\"name\":\"Orientierungslauf\"}]},{\"@type\":\"WebSite\",\"@id\":\"https:\\\/\\\/www.fun-parc-brumath.fr\\\/de\\\/#website\",\"url\":\"https:\\\/\\\/www.fun-parc-brumath.fr\\\/de\\\/\",\"name\":\"Alsafun\",\"description\":\"Parc de loisirs de la re\u0301gion Grand Est\",\"publisher\":{\"@id\":\"https:\\\/\\\/www.fun-parc-brumath.fr\\\/de\\\/#organization\"},\"potentialAction\":[{\"@type\":\"SearchAction\",\"target\":{\"@type\":\"EntryPoint\",\"urlTemplate\":\"https:\\\/\\\/www.fun-parc-brumath.fr\\\/de\\\/?s={search_term_string}\"},\"query-input\":{\"@type\":\"PropertyValueSpecification\",\"valueRequired\":true,\"valueName\":\"search_term_string\"}}],\"inLanguage\":\"de\"},{\"@type\":\"Organization\",\"@id\":\"https:\\\/\\\/www.fun-parc-brumath.fr\\\/de\\\/#organization\",\"name\":\"Fun Parc Brumath\",\"url\":\"https:\\\/\\\/www.fun-parc-brumath.fr\\\/de\\\/\",\"logo\":{\"@type\":\"ImageObject\",\"inLanguage\":\"de\",\"@id\":\"https:\\\/\\\/www.fun-parc-brumath.fr\\\/de\\\/#\\\/schema\\\/logo\\\/image\\\/\",\"url\":\"https:\\\/\\\/www.fun-parc-brumath.fr\\\/wp-content\\\/uploads\\\/2021\\\/03\\\/logo-footer.png\",\"contentUrl\":\"https:\\\/\\\/www.fun-parc-brumath.fr\\\/wp-content\\\/uploads\\\/2021\\\/03\\\/logo-footer.png\",\"width\":162,\"height\":165,\"caption\":\"Fun Parc Brumath\"},\"image\":{\"@id\":\"https:\\\/\\\/www.fun-parc-brumath.fr\\\/de\\\/#\\\/schema\\\/logo\\\/image\\\/\"}}]}<\/script>\n<!-- \/ Yoast SEO plugin. -->","yoast_head_json":{"title":"Orientierungslauf: Abenteuer im Wald und auf dem Wasser im Elsass (Bas-Rhin)","description":"Nehmen Sie die Herausforderung des Orientierungslaufs im Fun Parc Brumath an! Zwischen Wald und Wasser starten Sie in Teams ab 8 Jahren, finden Sie die Markierungen und gewinnen Sie das Rennen. Die ideale Aktivit\u00e4t, um den Zusammenhalt in der Familie, unter Freunden oder im Unternehmen zu st\u00e4rken!","robots":{"index":"index","follow":"follow","max-snippet":"max-snippet:-1","max-image-preview":"max-image-preview:large","max-video-preview":"max-video-preview:-1"},"canonical":"https:\/\/www.fun-parc-brumath.fr\/de\/landaktivitaeten\/schatzsuche-orientierungslauf\/","og_locale":"de_DE","og_type":"article","og_title":"Orientierungslauf: Abenteuer im Wald und auf dem Wasser im Elsass (Bas-Rhin)","og_description":"Nehmen Sie die Herausforderung des Orientierungslaufs im Fun Parc Brumath an! Zwischen Wald und Wasser starten Sie in Teams ab 8 Jahren, finden Sie die Markierungen und gewinnen Sie das Rennen. Die ideale Aktivit\u00e4t, um den Zusammenhalt in der Familie, unter Freunden oder im Unternehmen zu st\u00e4rken!","og_url":"https:\/\/www.fun-parc-brumath.fr\/de\/landaktivitaeten\/schatzsuche-orientierungslauf\/","og_site_name":"Fun Parc Brumath","article_modified_time":"2025-04-03T17:11:47+00:00","og_image":[{"width":450,"height":326,"url":"https:\/\/www.fun-parc-brumath.fr\/wp-content\/uploads\/2021\/05\/3dsculptor141000007.jpg","type":"image\/jpeg"}],"twitter_card":"summary_large_image","schema":{"@context":"https:\/\/schema.org","@graph":[{"@type":"WebPage","@id":"https:\/\/www.fun-parc-brumath.fr\/de\/landaktivitaeten\/schatzsuche-orientierungslauf\/","url":"https:\/\/www.fun-parc-brumath.fr\/de\/landaktivitaeten\/schatzsuche-orientierungslauf\/","name":"Orientierungslauf: Abenteuer im Wald und auf dem Wasser im Elsass (Bas-Rhin)","isPartOf":{"@id":"https:\/\/www.fun-parc-brumath.fr\/de\/#website"},"primaryImageOfPage":{"@id":"https:\/\/www.fun-parc-brumath.fr\/de\/landaktivitaeten\/schatzsuche-orientierungslauf\/#primaryimage"},"image":{"@id":"https:\/\/www.fun-parc-brumath.fr\/de\/landaktivitaeten\/schatzsuche-orientierungslauf\/#primaryimage"},"thumbnailUrl":"https:\/\/i0.wp.com\/www.fun-parc-brumath.fr\/wp-content\/uploads\/2021\/05\/3dsculptor141000007.jpg?fit=450%2C326&ssl=1","datePublished":"2024-11-15T08:27:36+00:00","dateModified":"2025-04-03T17:11:47+00:00","description":"Nehmen Sie die Herausforderung des Orientierungslaufs im Fun Parc Brumath an! Zwischen Wald und Wasser starten Sie in Teams ab 8 Jahren, finden Sie die Markierungen und gewinnen Sie das Rennen. Die ideale Aktivit\u00e4t, um den Zusammenhalt in der Familie, unter Freunden oder im Unternehmen zu st\u00e4rken!","breadcrumb":{"@id":"https:\/\/www.fun-parc-brumath.fr\/de\/landaktivitaeten\/schatzsuche-orientierungslauf\/#breadcrumb"},"inLanguage":"de","potentialAction":[{"@type":"ReadAction","target":["https:\/\/www.fun-parc-brumath.fr\/de\/landaktivitaeten\/schatzsuche-orientierungslauf\/"]}]},{"@type":"ImageObject","inLanguage":"de","@id":"https:\/\/www.fun-parc-brumath.fr\/de\/landaktivitaeten\/schatzsuche-orientierungslauf\/#primaryimage","url":"https:\/\/i0.wp.com\/www.fun-parc-brumath.fr\/wp-content\/uploads\/2021\/05\/3dsculptor141000007.jpg?fit=450%2C326&ssl=1","contentUrl":"https:\/\/i0.wp.com\/www.fun-parc-brumath.fr\/wp-content\/uploads\/2021\/05\/3dsculptor141000007.jpg?fit=450%2C326&ssl=1","width":450,"height":326},{"@type":"BreadcrumbList","@id":"https:\/\/www.fun-parc-brumath.fr\/de\/landaktivitaeten\/schatzsuche-orientierungslauf\/#breadcrumb","itemListElement":[{"@type":"ListItem","position":1,"name":"Accueil","item":"https:\/\/www.fun-parc-brumath.fr\/de\/"},{"@type":"ListItem","position":2,"name":"Orientierungslauf"}]},{"@type":"WebSite","@id":"https:\/\/www.fun-parc-brumath.fr\/de\/#website","url":"https:\/\/www.fun-parc-brumath.fr\/de\/","name":"Alsafun","description":"Parc de loisirs de la re\u0301gion Grand Est","publisher":{"@id":"https:\/\/www.fun-parc-brumath.fr\/de\/#organization"},"potentialAction":[{"@type":"SearchAction","target":{"@type":"EntryPoint","urlTemplate":"https:\/\/www.fun-parc-brumath.fr\/de\/?s={search_term_string}"},"query-input":{"@type":"PropertyValueSpecification","valueRequired":true,"valueName":"search_term_string"}}],"inLanguage":"de"},{"@type":"Organization","@id":"https:\/\/www.fun-parc-brumath.fr\/de\/#organization","name":"Fun Parc Brumath","url":"https:\/\/www.fun-parc-brumath.fr\/de\/","logo":{"@type":"ImageObject","inLanguage":"de","@id":"https:\/\/www.fun-parc-brumath.fr\/de\/#\/schema\/logo\/image\/","url":"https:\/\/www.fun-parc-brumath.fr\/wp-content\/uploads\/2021\/03\/logo-footer.png","contentUrl":"https:\/\/www.fun-parc-brumath.fr\/wp-content\/uploads\/2021\/03\/logo-footer.png","width":162,"height":165,"caption":"Fun Parc Brumath"},"image":{"@id":"https:\/\/www.fun-parc-brumath.fr\/de\/#\/schema\/logo\/image\/"}}]}},"jetpack_sharing_enabled":true,"_links":{"self":[{"href":"https:\/\/www.fun-parc-brumath.fr\/de\/wp-json\/wp\/v2\/pages\/4246","targetHints":{"allow":["GET"]}}],"collection":[{"href":"https:\/\/www.fun-parc-brumath.fr\/de\/wp-json\/wp\/v2\/pages"}],"about":[{"href":"https:\/\/www.fun-parc-brumath.fr\/de\/wp-json\/wp\/v2\/types\/page"}],"author":[{"embeddable":true,"href":"https:\/\/www.fun-parc-brumath.fr\/de\/wp-json\/wp\/v2\/users\/14"}],"replies":[{"embeddable":true,"href":"https:\/\/www.fun-parc-brumath.fr\/de\/wp-json\/wp\/v2\/comments?post=4246"}],"version-history":[{"count":7,"href":"https:\/\/www.fun-parc-brumath.fr\/de\/wp-json\/wp\/v2\/pages\/4246\/revisions"}],"predecessor-version":[{"id":4937,"href":"https:\/\/www.fun-parc-brumath.fr\/de\/wp-json\/wp\/v2\/pages\/4246\/revisions\/4937"}],"up":[{"embeddable":true,"href":"https:\/\/www.fun-parc-brumath.fr\/de\/wp-json\/wp\/v2\/pages\/3991"}],"wp:featuredmedia":[{"embeddable":true,"href":"https:\/\/www.fun-parc-brumath.fr\/de\/wp-json\/wp\/v2\/media\/826"}],"wp:attachment":[{"href":"https:\/\/www.fun-parc-brumath.fr\/de\/wp-json\/wp\/v2\/media?parent=4246"}],"curies":[{"name":"wp","href":"https:\/\/api.w.org\/{rel}","templated":true}]}}