{"id":4243,"date":"2024-11-15T09:27:36","date_gmt":"2024-11-15T08:27:36","guid":{"rendered":"https:\/\/www.fun-parc-brumath.fr\/landaktivitaeten\/baumklettern-und-seilrutschen-im-elsass\/baumklettern-speziell-fuer-kinder\/"},"modified":"2024-11-15T11:40:21","modified_gmt":"2024-11-15T10:40:21","slug":"baumklettern-speziell-fuer-kinder","status":"publish","type":"page","link":"https:\/\/www.fun-parc-brumath.fr\/de\/landaktivitaeten\/baumklettern-und-seilrutschen-im-elsass\/baumklettern-speziell-fuer-kinder\/","title":{"rendered":"Baumklettern speziell f\u00fcr Kinder"},"content":{"rendered":"\t\t\t<div  class=\" wp-block-grimlock-section grimlock-section--btn-primary grimlock-section--baumklettern-speziell-fuer-kinder alignfull region grimlock-region grimlock-region--mt-0 grimlock-region--mb--2 grimlock-region--pt-5 grimlock-region--pb-5 grimlock-region--12-cols-left region--12-cols-left grimlock-region--container-classic region--container-classic grimlock-section section section_content_reveal\" style=\"margin-bottom:-2%;background-image:url(https:\/\/i0.wp.com\/www.fun-parc-brumath.fr\/wp-content\/uploads\/2021\/03\/img-20210303-wa0019.jpg?fit=1024%2C684&#038;ssl=1);background-repeat:no-repeat;background-position:center;background-size:cover;-webkit-background-size:cover;background-attachment:scroll;border-top-color:#eceeef;border-top-style:solid;border-top-width:0;border-bottom-color:#eceeef;border-bottom-style:solid;border-bottom-width:0;z-index:0;\"  >\n\t\t\t<div class=\"region__inner\" style=\"padding-top:5%;padding-bottom:5%;background:linear-gradient(90deg,rgb(0,132,158) 0%,rgba(131,218,158,0.5) 100%);\">\n\t\t\t\t<div class=\"region__container\">\n\t\t\t\t\t<div class=\"region__row\">\n\t\t\t\t\t\t<div class=\"region__col region__col--1\" >\n\t\t\t\t\t\t\t<div class=\"grimlock-reveal-element grimlock-reveal-element--thumbnail\" >\n\t\t\t\t\t\t\t\t\t\t\t\t\t\t\t<\/div>\n\t\t\t\t\t\t<\/div><!-- .region__col -->\n\t\t\t\t\t\t<div class=\"region__col region__col--2\" >\n\t\t\t\t\t\t\t<div class=\"grimlock-reveal-element grimlock-reveal-element--content\" data-grimlock-animate-scroll-reveal=\"{&quot;origin&quot;:&quot;right&quot;,&quot;distance&quot;:&quot;80px&quot;,&quot;duration&quot;:750,&quot;delay&quot;:0,&quot;rotate&quot;:{&quot;x&quot;:0,&quot;y&quot;:0,&quot;z&quot;:0},&quot;opacity&quot;:0,&quot;scale&quot;:1,&quot;easing&quot;:&quot;cubic-bezier(0.6, 0.2, 0.1, 1)&quot;,&quot;viewFactor&quot;:0.5,&quot;mobile&quot;:false,&quot;reset&quot;:false}\">\n\t\t\t\t\t\t\t\t\t        <div class=\"grimlock-section__header section__header\">\n\t\t\t\t\n            <h2 class=\"grimlock-section__title section__title grimlock-display-1 display-1\" style=\"color:#ffffff;\">\n\t\t\t\tBaumklettern speziell f\u00fcr Kinder            <\/h2>\n\t\t\t\t        <\/div><!-- .section__header -->\n\t\t\t\t\t\t\t\t\t\t<\/div>\n\t\t\t\t\t\t<\/div><!-- .region__col -->\n\t\t\t\t\t<\/div><!-- .region__row -->\n\t\t\t\t<\/div><!-- .region__container -->\n\t\t\t<\/div><!-- .region__inner -->\n\t\t\t<\/div><!-- .grimlock-section -->\n\t\t\n<div class=\"wp-block-group wp-block-group-anchor\"><div class=\"wp-block-group__inner-container is-layout-flow wp-block-group-is-layout-flow\">\n<div class=\"wp-block-buttons is-layout-flex wp-block-buttons-is-layout-flex\">\n<div class=\"wp-block-button is-style-secondary\"><a class=\"wp-block-button__link wp-element-button\" href=\"#reserver\"><strong>Buchen Sie den Baumklettergarten<\/strong><\/a><\/div>\n<\/div>\n<\/div><\/div>\n\t\t\t<div  class=\" wp-block-grimlock-section grimlock-section--btn-primary alignfull region grimlock-region grimlock-region--mt-0 grimlock-region--mb-0 grimlock-region--pt-5 grimlock-region--pb-5 grimlock-region--6-6-cols-left region--6-6-cols-left grimlock-region--container-classic region--container-classic grimlock-section section section_thumbnail_reveal section_content_reveal\" style=\"border-top-color:#eceeef;border-top-style:solid;border-top-width:0;border-bottom-color:#eceeef;border-bottom-style:solid;border-bottom-width:0;z-index:0;color:#525A5B;\"  >\n\t\t\t<div class=\"region__inner\" style=\"padding-top:5%;padding-bottom:5%;\">\n\t\t\t\t<div class=\"region__container\">\n\t\t\t\t\t<div class=\"region__row\">\n\t\t\t\t\t\t<div class=\"region__col region__col--1\" >\n\t\t\t\t\t\t\t<div class=\"grimlock-reveal-element grimlock-reveal-element--thumbnail\" data-grimlock-animate-scroll-reveal=\"{&quot;origin&quot;:&quot;left&quot;,&quot;distance&quot;:&quot;80px&quot;,&quot;duration&quot;:750,&quot;delay&quot;:0,&quot;rotate&quot;:{&quot;x&quot;:0,&quot;y&quot;:0,&quot;z&quot;:0},&quot;opacity&quot;:0,&quot;scale&quot;:1,&quot;easing&quot;:&quot;cubic-bezier(0.6, 0.2, 0.1, 1)&quot;,&quot;viewFactor&quot;:0.5,&quot;mobile&quot;:false,&quot;reset&quot;:false}\">\n\t\t\t\t\t\t\t\t\t\t\t<div class=\"grimlock-section__thumbnail section__thumbnail\">\n\t\t\t\t<img data-recalc-dims=\"1\" loading=\"lazy\" decoding=\"async\" width=\"1140\" height=\"760\" src=\"https:\/\/i0.wp.com\/www.fun-parc-brumath.fr\/wp-content\/uploads\/2023\/12\/accrobranche-2.jpg?resize=1140%2C760&#038;ssl=1\" class=\"grimlock-section__thumbnail-img section__thumbnail-img img-fluid\" alt=\"\" srcset=\"https:\/\/i0.wp.com\/www.fun-parc-brumath.fr\/wp-content\/uploads\/2023\/12\/accrobranche-2.jpg?w=1920&amp;ssl=1 1920w, https:\/\/i0.wp.com\/www.fun-parc-brumath.fr\/wp-content\/uploads\/2023\/12\/accrobranche-2.jpg?resize=300%2C200&amp;ssl=1 300w, https:\/\/i0.wp.com\/www.fun-parc-brumath.fr\/wp-content\/uploads\/2023\/12\/accrobranche-2.jpg?resize=1024%2C683&amp;ssl=1 1024w, https:\/\/i0.wp.com\/www.fun-parc-brumath.fr\/wp-content\/uploads\/2023\/12\/accrobranche-2.jpg?resize=768%2C512&amp;ssl=1 768w, https:\/\/i0.wp.com\/www.fun-parc-brumath.fr\/wp-content\/uploads\/2023\/12\/accrobranche-2.jpg?resize=1536%2C1024&amp;ssl=1 1536w, https:\/\/i0.wp.com\/www.fun-parc-brumath.fr\/wp-content\/uploads\/2023\/12\/accrobranche-2.jpg?resize=1850%2C1233&amp;ssl=1 1850w\" sizes=\"auto, (max-width: 1140px) 100vw, 1140px\" \/>\n\t\t\t\t            <\/div><!-- .section__thumbnail -->\n\t\t\t\t\t\t\t\t\t\t<\/div>\n\t\t\t\t\t\t<\/div><!-- .region__col -->\n\t\t\t\t\t\t<div class=\"region__col region__col--2\" >\n\t\t\t\t\t\t\t<div class=\"grimlock-reveal-element grimlock-reveal-element--content\" data-grimlock-animate-scroll-reveal=\"{&quot;origin&quot;:&quot;left&quot;,&quot;distance&quot;:&quot;80px&quot;,&quot;duration&quot;:750,&quot;delay&quot;:0,&quot;rotate&quot;:{&quot;x&quot;:0,&quot;y&quot;:0,&quot;z&quot;:0},&quot;opacity&quot;:0,&quot;scale&quot;:1,&quot;easing&quot;:&quot;cubic-bezier(0.6, 0.2, 0.1, 1)&quot;,&quot;viewFactor&quot;:0.5,&quot;mobile&quot;:false,&quot;reset&quot;:false}\">\n\t\t\t\t\t\t\t\t\t        <div class=\"grimlock-section__header section__header\">\n\t\t\t\t\t\t\t\t<h3 class=\"grimlock-section__subtitle section__subtitle grimlock-display-2 display-2\" style=\"color:#15171A;\">\n\t\t\t\t\tWas ist mit den Kindern?\t\t\t\t<\/h3>\n\t\t\t\t        <\/div><!-- .section__header -->\n\t\t\t\t        <div class=\"grimlock-section__content section__content\">\n\t\t\t\t            <div class=\"grimlock-section__text section__text\">\n\t\t\t\t<p>Sich emanzipieren, herumspringen, schreien, sich austoben,&#8230; was gibt es Besseres f\u00fcr ein Kind? Die Baumkletterparcours im FUN PARC, 15 Minuten von Stra\u00dfburg und Haguenau entfernt, sind eine perfekte M\u00f6glichkeit, sich selbst zu \u00fcbertreffen, die auch den Kleinsten gefallen wird! Die 8 Hochseilg\u00e4rten f\u00fcr Kinder sind ab 1 m (max. 1,40 m) zug\u00e4nglich.<\/p>\n            <\/div>\n\t\t\t\t        <\/div><!-- .section__content -->\n\t\t\t\t        <div class=\"grimlock-section__footer section__footer\">\n\t            \n            <a href=\"#reserver\" class=\"grimlock-section__btn grimlock-section__btn--1 section__btn btn grimlock-btn-primary btn-primary\" >\n\t            Buchen Sie            <\/a>\n\t\t\t\t            \t        <\/div><!-- .section__footer -->\n\t\t\t\t\t\t\t\t\t\t<\/div>\n\t\t\t\t\t\t<\/div><!-- .region__col -->\n\t\t\t\t\t<\/div><!-- .region__row -->\n\t\t\t\t<\/div><!-- .region__container -->\n\t\t\t<\/div><!-- .region__inner -->\n\t\t\t<\/div><!-- .grimlock-section -->\n\t\t\n<div class=\"wp-block-getwid-advanced-spacer\" style=\"height:5vw\" aria-hidden=\"true\"><\/div>\n\n<div class=\"wp-block-getwid-advanced-spacer\" style=\"height:5vw\" aria-hidden=\"true\"><\/div>\n\n<div class=\"wp-block-columns grimlock-animate__wp-block-columns grimlock-animate__wp-block-columns--fadeinUp is-layout-flex wp-container-core-columns-is-layout-9d6595d7 wp-block-columns-is-layout-flex\">\n<div class=\"wp-block-column card is-layout-flow wp-block-column-is-layout-flow\">\n<h3 class=\"wp-block-heading has-h-3-font-size\">Mini Biber<\/h3>\n\n\n\n<p class=\"has-dark-color has-text-color\">Leicht zu \u00fcberwindende, mannshohe Workshops, um Ihre Kinder bei ihren ersten Schritten in die H\u00f6he zu begleiten.<\/p>\n<\/div>\n\n\n\n<div class=\"wp-block-column card is-layout-flow wp-block-column-is-layout-flow\">\n<h3 class=\"wp-block-heading has-h-3-font-size\">Super Biber<\/h3>\n\n\n\n<p>Balken, Netze, Stege&#8230; f\u00fcr ein echtes <strong>Abenteuer in den B\u00e4umen<\/strong> auf Augenh\u00f6he.<\/p>\n<\/div>\n<\/div>\n\n<div class=\"wp-block-getwid-advanced-spacer\" style=\"height:5vw\" aria-hidden=\"true\"><\/div>\n\n<div class=\"wp-block-columns grimlock-animate__wp-block-columns grimlock-animate__wp-block-columns--fadeinUp is-layout-flex wp-container-core-columns-is-layout-9d6595d7 wp-block-columns-is-layout-flex\">\n<div class=\"wp-block-column card is-layout-flow wp-block-column-is-layout-flow\">\n<h3 class=\"wp-block-heading has-h-3-font-size\">Abenteuerlicher Biber<\/h3>\n\n\n\n<p>Sie beginnen, die Herausforderungen wie die Gro\u00dfen anzunehmen! Die Abenteurer \u00fcberqueren die Hindernisse in 1,70 m H\u00f6he und erleben die ersten Gleichgewichtsgef\u00fchle in spielerischen Workshops. <\/p>\n<\/div>\n\n\n\n<div class=\"wp-block-column card is-layout-flow wp-block-column-is-layout-flow\">\n<h3 class=\"wp-block-heading has-h-3-font-size\">Explorer<\/h3>\n\n\n\n<p>Sie k\u00f6nnen wie die Gro\u00dfen von Baum zu Baum klettern, indem sie einen Steg, einen Balken, ein Kreuzholz&#8230; benutzen, um ihnen die Lust am Abenteuer zu vermitteln!<\/p>\n<\/div>\n<\/div>\n\n<div class=\"wp-block-getwid-advanced-spacer\" style=\"height:5vw\" aria-hidden=\"true\"><\/div>\n\n<div class=\"wp-block-columns grimlock-animate__wp-block-columns grimlock-animate__wp-block-columns--fadeinUp is-layout-flex wp-container-core-columns-is-layout-9d6595d7 wp-block-columns-is-layout-flex\">\n<div class=\"wp-block-column card is-layout-flow wp-block-column-is-layout-flow\">\n<h3 class=\"wp-block-heading has-h-3-font-size\">Tyro H\u00fctte<\/h3>\n\n\n\n<p>Die kleinen Abenteurer springen zwischen einem Baumhaus und einem Baum hindurch und erleben ihren ersten Flug!<\/p>\n<\/div>\n\n\n\n<div class=\"wp-block-column card is-layout-flow wp-block-column-is-layout-flow\">\n<h3 class=\"wp-block-heading has-h-3-font-size\">Tyro Liane<\/h3>\n\n\n\n<p>Auf diesem Parcours verwandeln sich Ihre Kinder in Mini-Tarzan, indem sie auf einer Seilrutsche in ein Netz gelangen, wo sie ihre Geschicklichkeit unter Beweis stellen m\u00fcssen.<\/p>\n<\/div>\n<\/div>\n\n<div class=\"wp-block-getwid-advanced-spacer\" style=\"height:5vw\" aria-hidden=\"true\"><\/div>\n\n<div class=\"wp-block-columns grimlock-animate__wp-block-columns grimlock-animate__wp-block-columns--fadeinUp is-layout-flex wp-container-core-columns-is-layout-9d6595d7 wp-block-columns-is-layout-flex\">\n<div class=\"wp-block-column card is-layout-flow wp-block-column-is-layout-flow\">\n<h3 class=\"wp-block-heading has-h-3-font-size\">Mobiler Parcours<\/h3>\n\n\n\n<p>Folgen Sie Ihren Kindern auf diesem Parcours mit Steg, Schwebebalken, Affenbr\u00fccke und Netz, um erste akrobatische Erfahrungen zu sammeln.<\/p>\n<\/div>\n\n\n\n<div class=\"wp-block-column card is-layout-flow wp-block-column-is-layout-flow\">\n<h3 class=\"wp-block-heading has-h-3-font-size\">Via Ferrata (Klettersteig)<\/h3>\n\n\n\n<p>Ihre kleinen Kletterer, die gr\u00f6\u00dfer als 1,25 m sind, k\u00f6nnen sich auf den Klettersteig wagen und mit Begeisterung die ersten Klettererlebnisse genie\u00dfen!<\/p>\n<\/div>\n<\/div>\n\n<div class=\"wp-block-getwid-advanced-spacer\" style=\"height:5vw\" aria-hidden=\"true\"><\/div>\n\t\t\t<div  class=\" wp-block-grimlock-section grimlock-section--btn-primary region grimlock-region grimlock-region--mt-0 grimlock-region--mb-0 grimlock-region--pt-7 grimlock-region--pb-8 grimlock-region--12-cols-center region--12-cols-center grimlock-region--container-narrower region--container-narrower grimlock-section section section_content_reveal\" style=\"background-image:url(https:\/\/i0.wp.com\/www.fun-parc-brumath.fr\/wp-content\/uploads\/2021\/03\/img-20210303-wa0083.jpg?fit=960%2C640&#038;ssl=1);background-repeat:no-repeat;background-position:center;background-size:cover;-webkit-background-size:cover;background-attachment:scroll;border-top-color:#eceeef;border-top-style:solid;border-top-width:0;border-bottom-color:#eceeef;border-bottom-style:solid;border-bottom-width:0;z-index:0;color:#ffffff;\"  >\n\t\t\t<div class=\"region__inner\" style=\"padding-top:7.5%;padding-bottom:8%;background:linear-gradient(180deg,rgba(0,132,158,0.75) 0%,rgba(0,68,82,0.75) 100%);\">\n\t\t\t\t<div class=\"region__container\">\n\t\t\t\t\t<div class=\"region__row\">\n\t\t\t\t\t\t<div class=\"region__col region__col--1\" >\n\t\t\t\t\t\t\t<div class=\"grimlock-reveal-element grimlock-reveal-element--thumbnail\" >\n\t\t\t\t\t\t\t\t\t\t\t\t\t\t\t<\/div>\n\t\t\t\t\t\t<\/div><!-- .region__col -->\n\t\t\t\t\t\t<div class=\"region__col region__col--2\" >\n\t\t\t\t\t\t\t<div class=\"grimlock-reveal-element grimlock-reveal-element--content\" data-grimlock-animate-scroll-reveal=\"{&quot;origin&quot;:&quot;bottom&quot;,&quot;distance&quot;:&quot;80px&quot;,&quot;duration&quot;:750,&quot;delay&quot;:0,&quot;rotate&quot;:{&quot;x&quot;:0,&quot;y&quot;:0,&quot;z&quot;:0},&quot;opacity&quot;:0,&quot;scale&quot;:1,&quot;easing&quot;:&quot;cubic-bezier(0.6, 0.2, 0.1, 1)&quot;,&quot;viewFactor&quot;:0.5,&quot;mobile&quot;:false,&quot;reset&quot;:false}\">\n\t\t\t\t\t\t\t\t\t        <div class=\"grimlock-section__header section__header\">\n\t\t\t\t\t\t\t\t<h3 class=\"grimlock-section__subtitle section__subtitle grimlock-display-2 display-2\" style=\"color:#ffffff;\">\n\t\t\t\t\tSind Sie bereit, sich diesen Herausforderungen zu stellen?\t\t\t\t<\/h3>\n\t\t\t\t        <\/div><!-- .section__header -->\n\t\t\t\t        <div class=\"grimlock-section__content section__content\">\n\t\t\t\t            <div class=\"grimlock-section__text section__text\">\n\t\t\t\t<p>Die Anlagen, Einf\u00fchrungen und Hochseilg\u00e4rten werden st\u00e4ndig von unseren qualifizierten Betreuern \u00fcberwacht.<\/p>\n<p>Achtung!<\/p>\n<p>Kinder bis 16 Jahre m\u00fcssen unbedingt von einem Erwachsenen begleitet werden (der Fun Parc de Brumath empfiehlt einen Erwachsenen f\u00fcr 2-3 Kinder).<\/p>\n            <\/div>\n\t\t\t\t        <\/div><!-- .section__content -->\n\t\t\t\t\t\t\t\t\t\t<\/div>\n\t\t\t\t\t\t<\/div><!-- .region__col -->\n\t\t\t\t\t<\/div><!-- .region__row -->\n\t\t\t\t<\/div><!-- .region__container -->\n\t\t\t<\/div><!-- .region__inner -->\n\t\t\t<\/div><!-- .grimlock-section -->\n\t\t\n<div class=\"wp-block-getwid-anchor\" id=\"reserver\"><\/div>\n\n<div class=\"wp-block-getwid-advanced-spacer\" style=\"height:5vw\" aria-hidden=\"true\"><\/div>\n\n<h2 class=\"wp-block-heading has-text-align-center\" id=\"reserver\">Um zu buchen, klicken Sie bitte hier<\/h2>\n\n<div class=\"wp-block-getwid-advanced-spacer\" style=\"height:3vh\" aria-hidden=\"true\"><\/div>\n\n<div class=\"wp-block-group is-content-justification-center is-layout-flex wp-container-core-group-is-layout-19578e90 wp-block-group-is-layout-flex\">\n<guidap-activity-details-button activity-uuid=\"NzZu3yreAKlgVJfiHdhGnDa7ovqBSk2PEMcp\"><\/guidap-activity-details-button>\n\n\n\n<guidap-activity-buy-gift-button activity-uuid=\"NzZu3yreAKlgVJfiHdhGnDa7ovqBSk2PEMcp\"><\/guidap-activity-buy-gift-button>\n<\/div>\n\n<div class=\"wp-block-getwid-advanced-spacer\" style=\"height:5vh\" aria-hidden=\"true\"><\/div>\n\n<p><\/p>\n","protected":false},"excerpt":{"rendered":"<p>Mini Biber Leicht zu \u00fcberwindende, mannshohe Workshops, um Ihre Kinder bei ihren ersten Schritten in die H\u00f6he zu begleiten. Super Biber Balken, Netze, Stege&#8230; f\u00fcr ein echtes Abenteuer in den [&hellip;]<\/p>\n","protected":false},"author":1,"featured_media":0,"parent":4019,"menu_order":0,"comment_status":"closed","ping_status":"closed","template":"template-minimal.php","meta":{"_monsterinsights_skip_tracking":false,"_monsterinsights_sitenote_active":false,"_monsterinsights_sitenote_note":"","_monsterinsights_sitenote_category":0,"footnotes":""},"class_list":["post-4243","page","type-page","status-publish","hentry"],"yoast_head":"<!-- This site is optimized with the Yoast SEO plugin v27.3 - https:\/\/yoast.com\/product\/yoast-seo-wordpress\/ -->\n<title>Baumklettern speziell f\u00fcr Kinder &#8226; Fun Parc Brumath<\/title>\n<meta name=\"robots\" content=\"index, follow, max-snippet:-1, max-image-preview:large, max-video-preview:-1\" \/>\n<link rel=\"canonical\" href=\"https:\/\/www.fun-parc-brumath.fr\/de\/landaktivitaeten\/baumklettern-und-seilrutschen-im-elsass\/baumklettern-speziell-fuer-kinder\/\" \/>\n<meta property=\"og:locale\" content=\"de_DE\" \/>\n<meta property=\"og:type\" content=\"article\" \/>\n<meta property=\"og:title\" content=\"Baumklettern speziell f\u00fcr Kinder &#8226; Fun Parc Brumath\" \/>\n<meta property=\"og:description\" content=\"Mini Biber Leicht zu \u00fcberwindende, mannshohe Workshops, um Ihre Kinder bei ihren ersten Schritten in die H\u00f6he zu begleiten. Super Biber Balken, Netze, Stege&#8230; f\u00fcr ein echtes Abenteuer in den [&hellip;]\" \/>\n<meta property=\"og:url\" content=\"https:\/\/www.fun-parc-brumath.fr\/de\/landaktivitaeten\/baumklettern-und-seilrutschen-im-elsass\/baumklettern-speziell-fuer-kinder\/\" \/>\n<meta property=\"og:site_name\" content=\"Fun Parc Brumath\" \/>\n<meta property=\"article:modified_time\" content=\"2024-11-15T10:40:21+00:00\" \/>\n<meta name=\"twitter:card\" content=\"summary_large_image\" \/>\n<meta name=\"twitter:label1\" content=\"Gesch\u00e4tzte Lesezeit\" \/>\n\t<meta name=\"twitter:data1\" content=\"1\u00a0Minute\" \/>\n<script type=\"application\/ld+json\" class=\"yoast-schema-graph\">{\"@context\":\"https:\\\/\\\/schema.org\",\"@graph\":[{\"@type\":\"WebPage\",\"@id\":\"https:\\\/\\\/www.fun-parc-brumath.fr\\\/de\\\/landaktivitaeten\\\/baumklettern-und-seilrutschen-im-elsass\\\/baumklettern-speziell-fuer-kinder\\\/\",\"url\":\"https:\\\/\\\/www.fun-parc-brumath.fr\\\/de\\\/landaktivitaeten\\\/baumklettern-und-seilrutschen-im-elsass\\\/baumklettern-speziell-fuer-kinder\\\/\",\"name\":\"Baumklettern speziell f\u00fcr Kinder &#8226; Fun Parc Brumath\",\"isPartOf\":{\"@id\":\"https:\\\/\\\/www.fun-parc-brumath.fr\\\/de\\\/#website\"},\"datePublished\":\"2024-11-15T08:27:36+00:00\",\"dateModified\":\"2024-11-15T10:40:21+00:00\",\"breadcrumb\":{\"@id\":\"https:\\\/\\\/www.fun-parc-brumath.fr\\\/de\\\/landaktivitaeten\\\/baumklettern-und-seilrutschen-im-elsass\\\/baumklettern-speziell-fuer-kinder\\\/#breadcrumb\"},\"inLanguage\":\"de\",\"potentialAction\":[{\"@type\":\"ReadAction\",\"target\":[\"https:\\\/\\\/www.fun-parc-brumath.fr\\\/de\\\/landaktivitaeten\\\/baumklettern-und-seilrutschen-im-elsass\\\/baumklettern-speziell-fuer-kinder\\\/\"]}]},{\"@type\":\"BreadcrumbList\",\"@id\":\"https:\\\/\\\/www.fun-parc-brumath.fr\\\/de\\\/landaktivitaeten\\\/baumklettern-und-seilrutschen-im-elsass\\\/baumklettern-speziell-fuer-kinder\\\/#breadcrumb\",\"itemListElement\":[{\"@type\":\"ListItem\",\"position\":1,\"name\":\"Accueil\",\"item\":\"https:\\\/\\\/www.fun-parc-brumath.fr\\\/de\\\/\"},{\"@type\":\"ListItem\",\"position\":2,\"name\":\"Landaktivit\u00e4ten\",\"item\":\"https:\\\/\\\/www.fun-parc-brumath.fr\\\/de\\\/activites-terrestres\\\/\"},{\"@type\":\"ListItem\",\"position\":3,\"name\":\"Baumklettern und Seilrutschen im Elsass\",\"item\":\"https:\\\/\\\/www.fun-parc-brumath.fr\\\/de\\\/landaktivitaeten\\\/baumklettern-und-seilrutschen-im-elsass\\\/\"},{\"@type\":\"ListItem\",\"position\":4,\"name\":\"Baumklettern speziell f\u00fcr Kinder\"}]},{\"@type\":\"WebSite\",\"@id\":\"https:\\\/\\\/www.fun-parc-brumath.fr\\\/de\\\/#website\",\"url\":\"https:\\\/\\\/www.fun-parc-brumath.fr\\\/de\\\/\",\"name\":\"Alsafun\",\"description\":\"Parc de loisirs de la re\u0301gion Grand Est\",\"publisher\":{\"@id\":\"https:\\\/\\\/www.fun-parc-brumath.fr\\\/de\\\/#organization\"},\"potentialAction\":[{\"@type\":\"SearchAction\",\"target\":{\"@type\":\"EntryPoint\",\"urlTemplate\":\"https:\\\/\\\/www.fun-parc-brumath.fr\\\/de\\\/?s={search_term_string}\"},\"query-input\":{\"@type\":\"PropertyValueSpecification\",\"valueRequired\":true,\"valueName\":\"search_term_string\"}}],\"inLanguage\":\"de\"},{\"@type\":\"Organization\",\"@id\":\"https:\\\/\\\/www.fun-parc-brumath.fr\\\/de\\\/#organization\",\"name\":\"Fun Parc Brumath\",\"url\":\"https:\\\/\\\/www.fun-parc-brumath.fr\\\/de\\\/\",\"logo\":{\"@type\":\"ImageObject\",\"inLanguage\":\"de\",\"@id\":\"https:\\\/\\\/www.fun-parc-brumath.fr\\\/de\\\/#\\\/schema\\\/logo\\\/image\\\/\",\"url\":\"https:\\\/\\\/www.fun-parc-brumath.fr\\\/wp-content\\\/uploads\\\/2021\\\/03\\\/logo-footer.png\",\"contentUrl\":\"https:\\\/\\\/www.fun-parc-brumath.fr\\\/wp-content\\\/uploads\\\/2021\\\/03\\\/logo-footer.png\",\"width\":162,\"height\":165,\"caption\":\"Fun Parc Brumath\"},\"image\":{\"@id\":\"https:\\\/\\\/www.fun-parc-brumath.fr\\\/de\\\/#\\\/schema\\\/logo\\\/image\\\/\"}}]}<\/script>\n<!-- \/ Yoast SEO plugin. -->","yoast_head_json":{"title":"Baumklettern speziell f\u00fcr Kinder &#8226; Fun Parc Brumath","robots":{"index":"index","follow":"follow","max-snippet":"max-snippet:-1","max-image-preview":"max-image-preview:large","max-video-preview":"max-video-preview:-1"},"canonical":"https:\/\/www.fun-parc-brumath.fr\/de\/landaktivitaeten\/baumklettern-und-seilrutschen-im-elsass\/baumklettern-speziell-fuer-kinder\/","og_locale":"de_DE","og_type":"article","og_title":"Baumklettern speziell f\u00fcr Kinder &#8226; Fun Parc Brumath","og_description":"Mini Biber Leicht zu \u00fcberwindende, mannshohe Workshops, um Ihre Kinder bei ihren ersten Schritten in die H\u00f6he zu begleiten. Super Biber Balken, Netze, Stege&#8230; f\u00fcr ein echtes Abenteuer in den [&hellip;]","og_url":"https:\/\/www.fun-parc-brumath.fr\/de\/landaktivitaeten\/baumklettern-und-seilrutschen-im-elsass\/baumklettern-speziell-fuer-kinder\/","og_site_name":"Fun Parc Brumath","article_modified_time":"2024-11-15T10:40:21+00:00","twitter_card":"summary_large_image","twitter_misc":{"Gesch\u00e4tzte Lesezeit":"1\u00a0Minute"},"schema":{"@context":"https:\/\/schema.org","@graph":[{"@type":"WebPage","@id":"https:\/\/www.fun-parc-brumath.fr\/de\/landaktivitaeten\/baumklettern-und-seilrutschen-im-elsass\/baumklettern-speziell-fuer-kinder\/","url":"https:\/\/www.fun-parc-brumath.fr\/de\/landaktivitaeten\/baumklettern-und-seilrutschen-im-elsass\/baumklettern-speziell-fuer-kinder\/","name":"Baumklettern speziell f\u00fcr Kinder &#8226; Fun Parc Brumath","isPartOf":{"@id":"https:\/\/www.fun-parc-brumath.fr\/de\/#website"},"datePublished":"2024-11-15T08:27:36+00:00","dateModified":"2024-11-15T10:40:21+00:00","breadcrumb":{"@id":"https:\/\/www.fun-parc-brumath.fr\/de\/landaktivitaeten\/baumklettern-und-seilrutschen-im-elsass\/baumklettern-speziell-fuer-kinder\/#breadcrumb"},"inLanguage":"de","potentialAction":[{"@type":"ReadAction","target":["https:\/\/www.fun-parc-brumath.fr\/de\/landaktivitaeten\/baumklettern-und-seilrutschen-im-elsass\/baumklettern-speziell-fuer-kinder\/"]}]},{"@type":"BreadcrumbList","@id":"https:\/\/www.fun-parc-brumath.fr\/de\/landaktivitaeten\/baumklettern-und-seilrutschen-im-elsass\/baumklettern-speziell-fuer-kinder\/#breadcrumb","itemListElement":[{"@type":"ListItem","position":1,"name":"Accueil","item":"https:\/\/www.fun-parc-brumath.fr\/de\/"},{"@type":"ListItem","position":2,"name":"Landaktivit\u00e4ten","item":"https:\/\/www.fun-parc-brumath.fr\/de\/activites-terrestres\/"},{"@type":"ListItem","position":3,"name":"Baumklettern und Seilrutschen im Elsass","item":"https:\/\/www.fun-parc-brumath.fr\/de\/landaktivitaeten\/baumklettern-und-seilrutschen-im-elsass\/"},{"@type":"ListItem","position":4,"name":"Baumklettern speziell f\u00fcr Kinder"}]},{"@type":"WebSite","@id":"https:\/\/www.fun-parc-brumath.fr\/de\/#website","url":"https:\/\/www.fun-parc-brumath.fr\/de\/","name":"Alsafun","description":"Parc de loisirs de la re\u0301gion Grand Est","publisher":{"@id":"https:\/\/www.fun-parc-brumath.fr\/de\/#organization"},"potentialAction":[{"@type":"SearchAction","target":{"@type":"EntryPoint","urlTemplate":"https:\/\/www.fun-parc-brumath.fr\/de\/?s={search_term_string}"},"query-input":{"@type":"PropertyValueSpecification","valueRequired":true,"valueName":"search_term_string"}}],"inLanguage":"de"},{"@type":"Organization","@id":"https:\/\/www.fun-parc-brumath.fr\/de\/#organization","name":"Fun Parc Brumath","url":"https:\/\/www.fun-parc-brumath.fr\/de\/","logo":{"@type":"ImageObject","inLanguage":"de","@id":"https:\/\/www.fun-parc-brumath.fr\/de\/#\/schema\/logo\/image\/","url":"https:\/\/www.fun-parc-brumath.fr\/wp-content\/uploads\/2021\/03\/logo-footer.png","contentUrl":"https:\/\/www.fun-parc-brumath.fr\/wp-content\/uploads\/2021\/03\/logo-footer.png","width":162,"height":165,"caption":"Fun Parc Brumath"},"image":{"@id":"https:\/\/www.fun-parc-brumath.fr\/de\/#\/schema\/logo\/image\/"}}]}},"jetpack_sharing_enabled":true,"_links":{"self":[{"href":"https:\/\/www.fun-parc-brumath.fr\/de\/wp-json\/wp\/v2\/pages\/4243","targetHints":{"allow":["GET"]}}],"collection":[{"href":"https:\/\/www.fun-parc-brumath.fr\/de\/wp-json\/wp\/v2\/pages"}],"about":[{"href":"https:\/\/www.fun-parc-brumath.fr\/de\/wp-json\/wp\/v2\/types\/page"}],"author":[{"embeddable":true,"href":"https:\/\/www.fun-parc-brumath.fr\/de\/wp-json\/wp\/v2\/users\/1"}],"replies":[{"embeddable":true,"href":"https:\/\/www.fun-parc-brumath.fr\/de\/wp-json\/wp\/v2\/comments?post=4243"}],"version-history":[{"count":2,"href":"https:\/\/www.fun-parc-brumath.fr\/de\/wp-json\/wp\/v2\/pages\/4243\/revisions"}],"predecessor-version":[{"id":4461,"href":"https:\/\/www.fun-parc-brumath.fr\/de\/wp-json\/wp\/v2\/pages\/4243\/revisions\/4461"}],"up":[{"embeddable":true,"href":"https:\/\/www.fun-parc-brumath.fr\/de\/wp-json\/wp\/v2\/pages\/4019"}],"wp:attachment":[{"href":"https:\/\/www.fun-parc-brumath.fr\/de\/wp-json\/wp\/v2\/media?parent=4243"}],"curies":[{"name":"wp","href":"https:\/\/api.w.org\/{rel}","templated":true}]}}