{"id":4235,"date":"2024-11-15T09:27:30","date_gmt":"2024-11-15T08:27:30","guid":{"rendered":"https:\/\/www.fun-parc-brumath.fr\/allgemeine-verkaufs-und-nutzungsbedingungen\/"},"modified":"2024-11-15T09:27:30","modified_gmt":"2024-11-15T08:27:30","slug":"allgemeine-verkaufs-und-nutzungsbedingungen","status":"publish","type":"page","link":"https:\/\/www.fun-parc-brumath.fr\/de\/allgemeine-verkaufs-und-nutzungsbedingungen\/","title":{"rendered":"Allgemeine Verkaufs- und Nutzungsbedingungen"},"content":{"rendered":"<p>Fun Parc Brumath<br \/>\nRue du Plan d&#8217;Eau<br \/>\n67170 BRUMATH<br \/>\ncontact@fun-parc-brumath.fr ALSAFUN SAS<br \/>\nHauptsitz: 1 rue du Chevreuil 67000 STRASBOURG Nachfolgend als &#8222;FIRMA&#8220; bezeichnet &#8212;-<\/p>\n<p><strong>Artikel 1 &#8211; Zweck<\/strong><\/p>\n<p>Die vorliegenden Allgemeinen Gesch\u00e4fts- und Nutzungsbedingungen gelten f\u00fcr alle Tickets, die den Zugang zu den verschiedenen vom UNTERNEHMEN angebotenen Aktivit\u00e4ten erm\u00f6glichen. Die Sprache der Vertragsdokumente ist Franz\u00f6sisch. <\/p>\n<p><strong>Artikel 2 &#8211; Flugschein<\/strong><\/p>\n<p>Jede Person, die Zugang zu den Aktivit\u00e4ten haben m\u00f6chte, muss eine TICKET besitzen. Die ausgestellte TICKET ist streng pers\u00f6nlich, nicht \u00fcbertragbar und nicht \u00fcbertragbar. Jede KARTE berechtigt w\u00e4hrend ihrer G\u00fcltigkeitsdauer zum freien Zugang zu den Aktivit\u00e4ten des Freizeitzentrums, f\u00fcr die sie ausgestellt wurde, ohne Vorrang jeglicher Art. Der TICKET muss vom Inhaber w\u00e4hrend der gesamten Zeit, die f\u00fcr die Aktivit\u00e4t mit diesem TICKET zur Verf\u00fcgung steht, aufbewahrt werden, um bei jeder Kontrolle vorgezeigt werden zu k\u00f6nnen. Es ist nicht zur\u00fcckzunehmen oder umzutauschen; dasselbe gilt f\u00fcr die verschiedenen Nebenprodukte.    <\/p>\n<p><strong>Artikel 3 &#8211; Zugang zu den Aktivit\u00e4ten \/ Ausschluss<\/strong><\/p>\n<p>Der Verkauf eines TICKETS steht jeder Person offen, die erkl\u00e4rt, dass sie in guter k\u00f6rperlicher und seelischer Verfassung ist, keine H\u00f6henangst hat und keine Substanzen zu sich genommen hat, die ihr Verhalten ver\u00e4ndern oder ihre Aufmerksamkeit beeintr\u00e4chtigen k\u00f6nnten (Alkohol, Drogen, Medikamente). Das UNTERNEHMEN beh\u00e4lt sich das Recht vor, jeden Inhaber einer Eintrittskarte vom Park auszuschlie\u00dfen, der gegen die Sicherheits- und Disziplinarvorschriften verst\u00f6\u00dft, sowie jeden, der sich so verh\u00e4lt, dass er die normale Aus\u00fcbung der Aktivit\u00e4ten durch die anderen Parkbesucher behindert.<\/p>\n<p><strong>Artikel 4 &#8211; Kauf \/ Vorabinformationen<\/strong><\/p>\n<p>Der Erwerb einer TICKETS setzt voraus, dass die nachstehend als &#8222;KUNDE&#8220; oder &#8222;H\u00c4NDLER&#8220; bezeichnete Person die vorliegenden Allgemeinen Gesch\u00e4fts- und Nutzungsbedingungen in ihrer Gesamtheit kennt und akzeptiert, unbeschadet der \u00fcblichen Rechtsmittel. Es obliegt dem KUNDEN, sich \u00fcber die angebotenen Produkte und Tarife (\u00f6ffentliche Tarife, die in den Verkaufsstellen und auf der Website angezeigt werden) zu informieren und den f\u00fcr ihn am besten geeigneten Tarif auszuw\u00e4hlen. Der KUNDE wird darauf hingewiesen, dass bestimmte Angebote nur auf der Online-Verkaufsseite www.fun-parc-brumath.fr verf\u00fcgbar sind, wobei diese Exklusivit\u00e4t auf der Webseite angegeben wird. Das UNTERNEHMEN kann nicht f\u00fcr die Wahl des KUNDEN haftbar gemacht werden. Nach dem Kauf sind keine Reklamationen oder R\u00fcckerstattungen aus diesem Grund m\u00f6glich. Das UNTERNEHMEN beh\u00e4lt sich das Recht vor, eine Zahlung nicht zu registrieren und eine Bestellung aus irgendeinem Grund nicht zu best\u00e4tigen, insbesondere im Falle von Schwierigkeiten mit der erhaltenen Bestellung.   <\/p>\n<p><strong>Artikel 5 &#8211; Preis<\/strong><\/p>\n<p>Die Preise unserer Tickets sind in Euro angegeben und beinhalten alle Steuern (MwSt. und andere am Tag der Bestellung anwendbare Steuern), sofern nicht anders angegeben und ohne Bearbeitungs- und Versandkosten. Alle Bestellungen sind in Euro zahlbar. Das UNTERNEHMEN beh\u00e4lt sich das Recht vor, seine Preise jederzeit zu \u00e4ndern, aber das Produkt wird auf der Grundlage des zum Zeitpunkt der Best\u00e4tigung der Bestellung g\u00fcltigen Tarifs und vorbehaltlich der Verf\u00fcgbarkeit in Rechnung gestellt. Achtung: Sobald Sie die bestellten Tickets nach dem Kauf in Besitz nehmen, geht das Risiko des Verlusts oder der Besch\u00e4digung der Produkte auf Sie \u00fcber.<\/p>\n<p><strong>Artikel 6 &#8211; Best\u00e4tigung der Bestellung<\/strong><\/p>\n<p>Jede Bestellung auf der Website https:\/\/fun-parc-brumath.fr oder auf https:\/\/fun-parc-brumath.wakesys.com setzt die Zustimmung zu den vorliegenden Allgemeinen Gesch\u00e4ftsbedingungen voraus. Jede Auftragsbest\u00e4tigung bedeutet, dass der KUNDE den vorliegenden Allgemeinen Gesch\u00e4ftsbedingungen ohne Ausnahme oder Vorbehalt voll und ganz zustimmt. Die Gesamtheit der gelieferten Daten und die registrierte Best\u00e4tigung gelten als Beweis f\u00fcr die Transaktion. Der KUNDE erkl\u00e4rt, diese vollst\u00e4ndig zu kennen. Die Auftragsbest\u00e4tigung gilt als Unterschrift und Annahme der durchgef\u00fchrten Transaktionen. Eine Zusammenfassung der Bestellinformationen des KUNDEN wird ihm \u00fcber die E-Mail-Adresse zur Best\u00e4tigung seiner Bestellung mitgeteilt. <\/p>\n<p><strong>Artikel 7 &#8211; Zahlung<\/strong><\/p>\n<p>F\u00fcr jede Ausstellung einer TICKETS ist der entsprechende Preis zu zahlen. Die Zahlung erfolgt per Kreditkarte, die von der FIRMA akzeptiert wird, oder in bar in Euro vor Ort. Der KUNDE wird gebeten, den Online-Kauf zu bevorzugen. Eine Online-Buchung wird erst nach Zahlung des entsprechenden Betrags \u00fcber die erhaltene E-Mail best\u00e4tigt. Eine Best\u00e4tigungsmail mit Zahlungsnachweis wird dem KUNDEN nach Abschluss der Transaktion zugesandt. <\/p>\n<p><strong>Artikel 8 &#8211; Zugangsvoraussetzungen \/ Mindestalter<\/strong><\/p>\n<p>Kinder haben keinen Zugang zu den folgenden Aktivit\u00e4ten, es sei denn, sie erf\u00fcllen die folgenden Bedingungen: &#8211; 3 Jahre alt sein und von einem Erwachsenen begleitet werden, um die Trampoline zu benutzen; &#8211; 3 Jahre alt sein und mindestens 1 Meter gro\u00df sein, um den Hochseilgarten zu benutzen; &#8211; 6 Jahre alt sein und von einem Erwachsenen begleitet werden, um den Aquapark und die Waterjumps zu benutzen; &#8211; Von einem Erwachsenen begleitet werden, um den Aquapark und die Waterjumps f\u00fcr Minderj\u00e4hrige zwischen 6 und 12 Jahren zu benutzen; &#8211; Von einem Erwachsenen beaufsichtigt werden, um den Aquapark und die Waterjumps f\u00fcr Minderj\u00e4hrige zwischen 12 und 16 Jahren zu benutzen; &#8211; Von einem Erwachsenen begleitet werden, um den Aquapark und die Waterjumps f\u00fcr Minderj\u00e4hrige zwischen 12 und 16 Jahren zu benutzen; &#8211; Von einem Erwachsenen beaufsichtigt werden, um den Wasserski zu benutzen; &#8211; Lebensjahr vollendet haben, um den Wasserskilift zu benutzen; &#8211; schwimmen und untertauchen k\u00f6nnen, um alle Wassersportaktivit\u00e4ten auszu\u00fcben; &#8211; 6 Jahre alt sein und von einem Erwachsenen begleitet werden, um Soft Paintball zu spielen; &#8211; 12 Jahre alt sein und von einem Erwachsenen begleitet werden, um Paintball zu spielen; In jedem Fall muss der gesetzliche Vertreter oder der Erwachsene, der f\u00fcr das Kind verantwortlich ist, unter seiner Verantwortung best\u00e4tigen, dass das Kind diese Bedingungen erf\u00fcllt. Minderj\u00e4hrige unterliegen unabh\u00e4ngig von ihrem Alter der Verantwortung ihrer Eltern oder Erziehungsberechtigten, die f\u00fcr Sch\u00e4den, die sie verursachen k\u00f6nnten, haften.<\/p>\n<p><strong>Artikel 9 &#8211; Stornierung und Erstattung<\/strong><\/p>\n<p>Bei Regen oder schlechtem Wetter, das keine Schlie\u00dfung des Parks erfordert, ist der KUNDE allein verantwortlich f\u00fcr seine Entscheidung, ob er die Aktivit\u00e4t aus\u00fcben m\u00f6chte oder nicht. In diesem Fall kann keine R\u00fcckerstattung verlangt werden, auch wenn die Aktivit\u00e4t weniger als eine Stunde dauert. Im Falle einer Stornierung der Aktivit\u00e4t durch den KUNDEN stellt die FIRMA eine Gutschrift aus, die f\u00fcr einen Zeitraum von einem Jahr g\u00fcltig ist. Die FIRMA beh\u00e4lt sich das Recht vor, die Dienstleistung im Falle von ung\u00fcnstigen Wetterbedingungen, die ein Risiko f\u00fcr die Aus\u00fcbung der Aktivit\u00e4t darstellen, zu stornieren. Im Falle einer Stornierung durch das UNTERNEHMEN kann der KUNDE die Aktivit\u00e4t verschieben, eine Gutschrift erhalten oder die R\u00fcckerstattung eines bereits gezahlten Betrags verlangen. Alle anderen Gr\u00fcnde (Ausschluss wegen Nichteinhaltung der Sicherheitsvorschriften oder der Hausordnung, Gef\u00e4hrdung der Benutzer usw.) k\u00f6nnen nicht zu einer R\u00fcckerstattung f\u00fchren, weder in Form von Eintrittskarten noch finanziell. <\/p>\n<p><strong>Artikel 10 &#8211; Au\u00dfergew\u00f6hnliche Umst\u00e4nde<\/strong><\/p>\n<p>Die folgenden Umst\u00e4nde, die nachgewiesen werden m\u00fcssen, f\u00fchren nicht zu Stornierungskosten: schwere Krankheit oder Verletzung, Krankenhausaufenthalt, Unfall, Tod oder Tod eines Angeh\u00f6rigen, COVID-19-positiver Test oder Kontaktfall.<\/p>\n<p><strong>Artikel 11 &#8211; Recht am eigenen Bild<\/strong><\/p>\n<p>Jede Person, die den Standort betritt, kann zum Zweck der Illustration von Brosch\u00fcren und kommerziellen Materialien fotografiert werden. Der Zugang zum Park setzt die vollst\u00e4ndige Annahme der vorliegenden Gesch\u00e4ftsordnung voraus und entbindet das UNTERNEHMEN von jeglicher Klage in Bezug auf das Recht am eigenen Bild.<\/p>\n<p><strong>Artikel 12 &#8211; Schlichtungsverfahren<\/strong><\/p>\n<p>Nachdem er sich an das UNTERNEHMEN gewandt hat und wenn er innerhalb eines Monats keine zufriedenstellende Antwort erh\u00e4lt, kann der KUNDE sich an den Ombudsmann f\u00fcr Tourismus und Reisen wenden, dessen Kontaktdaten nachstehend aufgef\u00fchrt sind:<br \/>\nPostanschrift: <b>M\u00e9diation Tourisme et Voyage<br \/>\n<\/b> BP<b>80 303 75 823<br \/>\n<\/b><b>Paris Cedex 17<br \/>\n<\/b><b>Website: <a href=\"http:\/\/www.mtv.travel\/\" target=\"_blank\" rel=\"noopener\" data-saferedirecturl=\"https:\/\/www.google.com\/url?q=http:\/\/www.mtv.travel&amp;source=gmail&amp;ust=1657200792294000&amp;usg=AOvVaw08uNaT3pOXvdC71cMfysnv\">www.mtv.travel<\/a> &#8222;. <\/b> <\/p>\n","protected":false},"excerpt":{"rendered":"<p>Fun Parc Brumath Rue du Plan d&#8217;Eau 67170 BRUMATH contact@fun-parc-brumath.fr ALSAFUN SAS Hauptsitz: 1 rue du Chevreuil 67000 STRASBOURG Nachfolgend als &#8222;FIRMA&#8220; bezeichnet &#8212;- Artikel 1 &#8211; Zweck Die vorliegenden [&hellip;]<\/p>\n","protected":false},"author":14,"featured_media":0,"parent":0,"menu_order":0,"comment_status":"closed","ping_status":"closed","template":"template-narrow-12-cols-left.php","meta":{"_monsterinsights_skip_tracking":false,"_monsterinsights_sitenote_active":false,"_monsterinsights_sitenote_note":"","_monsterinsights_sitenote_category":0,"footnotes":""},"class_list":["post-4235","page","type-page","status-publish","hentry"],"yoast_head":"<!-- This site is optimized with the Yoast SEO plugin v27.3 - https:\/\/yoast.com\/product\/yoast-seo-wordpress\/ -->\n<title>Allgemeine Verkaufs- und Nutzungsbedingungen &#8226; Fun Parc Brumath<\/title>\n<meta name=\"robots\" content=\"index, follow, max-snippet:-1, max-image-preview:large, max-video-preview:-1\" \/>\n<link rel=\"canonical\" href=\"https:\/\/www.fun-parc-brumath.fr\/de\/allgemeine-verkaufs-und-nutzungsbedingungen\/\" \/>\n<meta property=\"og:locale\" content=\"de_DE\" \/>\n<meta property=\"og:type\" content=\"article\" \/>\n<meta property=\"og:title\" content=\"Allgemeine Verkaufs- und Nutzungsbedingungen &#8226; Fun Parc Brumath\" \/>\n<meta property=\"og:description\" content=\"Fun Parc Brumath Rue du Plan d&#8217;Eau 67170 BRUMATH contact@fun-parc-brumath.fr ALSAFUN SAS Hauptsitz: 1 rue du Chevreuil 67000 STRASBOURG Nachfolgend als &#8222;FIRMA&#8220; bezeichnet &#8212;- Artikel 1 &#8211; Zweck Die vorliegenden [&hellip;]\" \/>\n<meta property=\"og:url\" content=\"https:\/\/www.fun-parc-brumath.fr\/de\/allgemeine-verkaufs-und-nutzungsbedingungen\/\" \/>\n<meta property=\"og:site_name\" content=\"Fun Parc Brumath\" \/>\n<meta name=\"twitter:card\" content=\"summary_large_image\" \/>\n<meta name=\"twitter:label1\" content=\"Gesch\u00e4tzte Lesezeit\" \/>\n\t<meta name=\"twitter:data1\" content=\"6\u00a0Minuten\" \/>\n<script type=\"application\/ld+json\" class=\"yoast-schema-graph\">{\"@context\":\"https:\\\/\\\/schema.org\",\"@graph\":[{\"@type\":\"WebPage\",\"@id\":\"https:\\\/\\\/www.fun-parc-brumath.fr\\\/de\\\/allgemeine-verkaufs-und-nutzungsbedingungen\\\/\",\"url\":\"https:\\\/\\\/www.fun-parc-brumath.fr\\\/de\\\/allgemeine-verkaufs-und-nutzungsbedingungen\\\/\",\"name\":\"Allgemeine Verkaufs- und Nutzungsbedingungen &#8226; Fun Parc Brumath\",\"isPartOf\":{\"@id\":\"https:\\\/\\\/www.fun-parc-brumath.fr\\\/de\\\/#website\"},\"datePublished\":\"2024-11-15T08:27:30+00:00\",\"breadcrumb\":{\"@id\":\"https:\\\/\\\/www.fun-parc-brumath.fr\\\/de\\\/allgemeine-verkaufs-und-nutzungsbedingungen\\\/#breadcrumb\"},\"inLanguage\":\"de\",\"potentialAction\":[{\"@type\":\"ReadAction\",\"target\":[\"https:\\\/\\\/www.fun-parc-brumath.fr\\\/de\\\/allgemeine-verkaufs-und-nutzungsbedingungen\\\/\"]}]},{\"@type\":\"BreadcrumbList\",\"@id\":\"https:\\\/\\\/www.fun-parc-brumath.fr\\\/de\\\/allgemeine-verkaufs-und-nutzungsbedingungen\\\/#breadcrumb\",\"itemListElement\":[{\"@type\":\"ListItem\",\"position\":1,\"name\":\"Accueil\",\"item\":\"https:\\\/\\\/www.fun-parc-brumath.fr\\\/de\\\/\"},{\"@type\":\"ListItem\",\"position\":2,\"name\":\"Allgemeine Verkaufs- und Nutzungsbedingungen\"}]},{\"@type\":\"WebSite\",\"@id\":\"https:\\\/\\\/www.fun-parc-brumath.fr\\\/de\\\/#website\",\"url\":\"https:\\\/\\\/www.fun-parc-brumath.fr\\\/de\\\/\",\"name\":\"Alsafun\",\"description\":\"Parc de loisirs de la re\u0301gion Grand Est\",\"publisher\":{\"@id\":\"https:\\\/\\\/www.fun-parc-brumath.fr\\\/de\\\/#organization\"},\"potentialAction\":[{\"@type\":\"SearchAction\",\"target\":{\"@type\":\"EntryPoint\",\"urlTemplate\":\"https:\\\/\\\/www.fun-parc-brumath.fr\\\/de\\\/?s={search_term_string}\"},\"query-input\":{\"@type\":\"PropertyValueSpecification\",\"valueRequired\":true,\"valueName\":\"search_term_string\"}}],\"inLanguage\":\"de\"},{\"@type\":\"Organization\",\"@id\":\"https:\\\/\\\/www.fun-parc-brumath.fr\\\/de\\\/#organization\",\"name\":\"Fun Parc Brumath\",\"url\":\"https:\\\/\\\/www.fun-parc-brumath.fr\\\/de\\\/\",\"logo\":{\"@type\":\"ImageObject\",\"inLanguage\":\"de\",\"@id\":\"https:\\\/\\\/www.fun-parc-brumath.fr\\\/de\\\/#\\\/schema\\\/logo\\\/image\\\/\",\"url\":\"https:\\\/\\\/www.fun-parc-brumath.fr\\\/wp-content\\\/uploads\\\/2021\\\/03\\\/logo-footer.png\",\"contentUrl\":\"https:\\\/\\\/www.fun-parc-brumath.fr\\\/wp-content\\\/uploads\\\/2021\\\/03\\\/logo-footer.png\",\"width\":162,\"height\":165,\"caption\":\"Fun Parc Brumath\"},\"image\":{\"@id\":\"https:\\\/\\\/www.fun-parc-brumath.fr\\\/de\\\/#\\\/schema\\\/logo\\\/image\\\/\"}}]}<\/script>\n<!-- \/ Yoast SEO plugin. -->","yoast_head_json":{"title":"Allgemeine Verkaufs- und Nutzungsbedingungen &#8226; Fun Parc Brumath","robots":{"index":"index","follow":"follow","max-snippet":"max-snippet:-1","max-image-preview":"max-image-preview:large","max-video-preview":"max-video-preview:-1"},"canonical":"https:\/\/www.fun-parc-brumath.fr\/de\/allgemeine-verkaufs-und-nutzungsbedingungen\/","og_locale":"de_DE","og_type":"article","og_title":"Allgemeine Verkaufs- und Nutzungsbedingungen &#8226; Fun Parc Brumath","og_description":"Fun Parc Brumath Rue du Plan d&#8217;Eau 67170 BRUMATH contact@fun-parc-brumath.fr ALSAFUN SAS Hauptsitz: 1 rue du Chevreuil 67000 STRASBOURG Nachfolgend als &#8222;FIRMA&#8220; bezeichnet &#8212;- Artikel 1 &#8211; Zweck Die vorliegenden [&hellip;]","og_url":"https:\/\/www.fun-parc-brumath.fr\/de\/allgemeine-verkaufs-und-nutzungsbedingungen\/","og_site_name":"Fun Parc Brumath","twitter_card":"summary_large_image","twitter_misc":{"Gesch\u00e4tzte Lesezeit":"6\u00a0Minuten"},"schema":{"@context":"https:\/\/schema.org","@graph":[{"@type":"WebPage","@id":"https:\/\/www.fun-parc-brumath.fr\/de\/allgemeine-verkaufs-und-nutzungsbedingungen\/","url":"https:\/\/www.fun-parc-brumath.fr\/de\/allgemeine-verkaufs-und-nutzungsbedingungen\/","name":"Allgemeine Verkaufs- und Nutzungsbedingungen &#8226; Fun Parc Brumath","isPartOf":{"@id":"https:\/\/www.fun-parc-brumath.fr\/de\/#website"},"datePublished":"2024-11-15T08:27:30+00:00","breadcrumb":{"@id":"https:\/\/www.fun-parc-brumath.fr\/de\/allgemeine-verkaufs-und-nutzungsbedingungen\/#breadcrumb"},"inLanguage":"de","potentialAction":[{"@type":"ReadAction","target":["https:\/\/www.fun-parc-brumath.fr\/de\/allgemeine-verkaufs-und-nutzungsbedingungen\/"]}]},{"@type":"BreadcrumbList","@id":"https:\/\/www.fun-parc-brumath.fr\/de\/allgemeine-verkaufs-und-nutzungsbedingungen\/#breadcrumb","itemListElement":[{"@type":"ListItem","position":1,"name":"Accueil","item":"https:\/\/www.fun-parc-brumath.fr\/de\/"},{"@type":"ListItem","position":2,"name":"Allgemeine Verkaufs- und Nutzungsbedingungen"}]},{"@type":"WebSite","@id":"https:\/\/www.fun-parc-brumath.fr\/de\/#website","url":"https:\/\/www.fun-parc-brumath.fr\/de\/","name":"Alsafun","description":"Parc de loisirs de la re\u0301gion Grand Est","publisher":{"@id":"https:\/\/www.fun-parc-brumath.fr\/de\/#organization"},"potentialAction":[{"@type":"SearchAction","target":{"@type":"EntryPoint","urlTemplate":"https:\/\/www.fun-parc-brumath.fr\/de\/?s={search_term_string}"},"query-input":{"@type":"PropertyValueSpecification","valueRequired":true,"valueName":"search_term_string"}}],"inLanguage":"de"},{"@type":"Organization","@id":"https:\/\/www.fun-parc-brumath.fr\/de\/#organization","name":"Fun Parc Brumath","url":"https:\/\/www.fun-parc-brumath.fr\/de\/","logo":{"@type":"ImageObject","inLanguage":"de","@id":"https:\/\/www.fun-parc-brumath.fr\/de\/#\/schema\/logo\/image\/","url":"https:\/\/www.fun-parc-brumath.fr\/wp-content\/uploads\/2021\/03\/logo-footer.png","contentUrl":"https:\/\/www.fun-parc-brumath.fr\/wp-content\/uploads\/2021\/03\/logo-footer.png","width":162,"height":165,"caption":"Fun Parc Brumath"},"image":{"@id":"https:\/\/www.fun-parc-brumath.fr\/de\/#\/schema\/logo\/image\/"}}]}},"jetpack_sharing_enabled":true,"_links":{"self":[{"href":"https:\/\/www.fun-parc-brumath.fr\/de\/wp-json\/wp\/v2\/pages\/4235","targetHints":{"allow":["GET"]}}],"collection":[{"href":"https:\/\/www.fun-parc-brumath.fr\/de\/wp-json\/wp\/v2\/pages"}],"about":[{"href":"https:\/\/www.fun-parc-brumath.fr\/de\/wp-json\/wp\/v2\/types\/page"}],"author":[{"embeddable":true,"href":"https:\/\/www.fun-parc-brumath.fr\/de\/wp-json\/wp\/v2\/users\/14"}],"replies":[{"embeddable":true,"href":"https:\/\/www.fun-parc-brumath.fr\/de\/wp-json\/wp\/v2\/comments?post=4235"}],"version-history":[{"count":0,"href":"https:\/\/www.fun-parc-brumath.fr\/de\/wp-json\/wp\/v2\/pages\/4235\/revisions"}],"wp:attachment":[{"href":"https:\/\/www.fun-parc-brumath.fr\/de\/wp-json\/wp\/v2\/media?parent=4235"}],"curies":[{"name":"wp","href":"https:\/\/api.w.org\/{rel}","templated":true}]}}