{"id":4230,"date":"2024-11-15T09:27:29","date_gmt":"2024-11-15T08:27:29","guid":{"rendered":"https:\/\/www.fun-parc-brumath.fr\/hausordnung-des-fun-parc\/"},"modified":"2025-08-21T10:51:59","modified_gmt":"2025-08-21T08:51:59","slug":"hausordnung-des-fun-parc","status":"publish","type":"page","link":"https:\/\/www.fun-parc-brumath.fr\/de\/hausordnung-des-fun-parc\/","title":{"rendered":"Hausordnung des Fun Parc"},"content":{"rendered":"<p>Der Zugang zum Fun Parc setzt die Annahme der vorliegenden Hausordnung voraus.<\/p>\n<p><strong>1. Zugangsbedingungen und Sicherheit<\/strong><br \/>\nDer Zugang zu den Einrichtungen ist au\u00dferhalb der \u00d6ffnungszeiten strengstens untersagt.<br \/>\nZuwiderhandlungen werden strafrechtlich verfolgt.<\/p>\n<p>Bedingungen f\u00fcr den Zugang zur Website (gilt f\u00fcr alle Personen, die sich auf der Website befinden) :<\/p>\n<ul>\n<li>eine Haftpflichtversicherung abgeschlossen haben.<\/li>\n<li>Seien Sie wachsam und vorsichtig, sowohl in Bezug auf herabfallende Gegenst\u00e4nde als auch in Bezug auf den Boden und die umgebende Vegetation.<\/li>\n<li>Beachten Sie die geltenden Schilder und behindern Sie die Teilnehmer nicht durch Fahren oder Parken in der N\u00e4he der Werkst\u00e4tten und der am Boden ankommenden Seilrutschen.<\/li>\n<li>Beachten Sie die Markierungen und Bodenwege.<\/li>\n<li>Laufen Sie nicht in den G\u00e4ngen.<\/li>\n<li>Die Umwelt zu respektieren (kein Pfl\u00fccken oder Zur\u00fccklassen von Gegenst\u00e4nden).<\/li>\n<li>Rauchen Sie nicht in W\u00e4ldern und bewaldeten Umgebungen, da dies zu Br\u00e4nden f\u00fchren kann.<\/li>\n<li>Jegliche Art von Feuer ist im Park verboten.<\/li>\n<li>Haustiere sind im Park nicht erlaubt.<\/li>\n<\/ul>\n<p><strong>1.1. Akrobatischer Hochseilgarten (Baumklettern)<\/strong><\/p>\n<p>Die KIDS-Parcours sind f\u00fcr Kinder ab 1 m bis 1,40 m geeignet. Die Anwesenheit eines verantwortlichen Erwachsenen ist erforderlich. <span style=\"color: #339966;\"><strong>Die Anwesenheit eines Elternteils ist erforderlich<\/strong><\/span>.<br \/>\nDie JUGEND\/ERWACHSENEN-Parcours sind zug\u00e4nglich ab : <\/p>\n<p style=\"padding-left: 40px;\">&#8211; 1m25 f\u00fcr den gr\u00fcnen (7) und blauen (8) Parcours und die violetten (14) (15) Seilrutschen<br \/>\n&#8211; 1m35 f\u00fcr den orangen Parcours (9)<br \/>\n&#8211; 1m45 f\u00fcr den roten Parcours (10)<br \/>\n&#8211; 1m50 f\u00fcr den braunen (11), schwarzen (12) und superschwarzen (13) Parcours<br \/>\n&#8211; 1m40 und 45kg f\u00fcr die riesige Seilrutsche \u00fcber dem Wasser (max 75kg)<\/p>\n<p>Minderj\u00e4hrige  <strong>Kinder unter 14 Jahren m\u00fcssen von einem Erwachsenen beaufsichtigt werden.<\/strong>  die auf dem Boden bleiben k\u00f6nnen.<br \/>\nMinderj\u00e4hrige <strong>zwischen 14 und 16 Jahren ohne Begleitung eines Erwachsenen m\u00fcssen einen Notfallkontakt an der Rezeption hinterlassen<\/strong> und m\u00fcssen mindestens zu zweit sein.<br \/>\nDie G\u00e4ste m\u00fcssen obligatorisch Schuhe tragen. <span style=\"color: #339966;\"><strong>Geschlossene Schuhe (Turnschuhe) <\/strong><\/span>und ihre Haare zu tragen. <span style=\"color: #339966;\"><strong>Die Haare m\u00fcssen zusammengebunden sein.<\/strong><\/span>.<br \/>\nDie Kunden m\u00fcssen w\u00e4hrend der gesamten Dauer des Parcours mit dem Haken UND dem Karabinerhaken permanent mit dem Sicherheitsseil verbunden bleiben.<br \/>\nDie Kunden m\u00fcssen sich konsequent an die Farben halten:<br \/>\nRot markiertes Kabel: Karabinerhaken und Haken<br \/>\nBlau markiertes Kabel und Pl\u00e4ttchen: Umlenkrolle<\/p>\n<p>Maximal eine Person pro Spiel.<br \/>\nMaximal eine Person auf kleinen Plattformen.<br \/>\nMaximal eine Person pro gro\u00dfer Plattform oder 2 Personen aus derselben Familie.<\/p>\n<p><strong>1.2. Paintball oder Softpaint<\/strong><br \/>\nDas Mindestalter betr\u00e4gt 6 Jahre f\u00fcr Softpaint und 12 Jahre f\u00fcr Paintball.<br \/>\nDas Tragen einer Sicherheitsmaske ist Pflicht. <strong><span style=\"color: #339966;\">obligatorisch.<\/span><\/strong>Die Kanonenst\u00f6psel sind obligatorisch. <strong><span style=\"color: #339966;\">Pflicht<\/span> <\/strong><br \/>\nDie Mindestschussentfernung betr\u00e4gt 7 Meter.<br \/>\nEs d\u00fcrfen nur Kugeln verwendet werden, die am Tag der Aktivit\u00e4t vom Fun Parc verkauft werden.<br \/>\nMinderj\u00e4hrige unter 16 Jahren m\u00fcssen von einem Erwachsenen beaufsichtigt werden.<\/p>\n<p><strong>1.3. Trampoline<\/strong><br \/>\nEmpfohlenes Mindestalter: 3 Jahre<br \/>\nMaximal erlaubtes Gewicht: 100 kg<br \/>\nMaximal eine Person pro Trampolin<br \/>\nDas Tragen von Schuhen, Turnschuhen oder Flip-Flops ist verboten. Socken oder Barfu\u00dflaufen sind verboten. <span style=\"color: #339966;\"><strong>Pflicht<\/strong><\/span>.<br \/>\nMinderj\u00e4hrige unter 14 Jahren m\u00fcssen von einem Erwachsenen beaufsichtigt werden. <\/p>\n<p><strong>1.4. Minigolf<\/strong><br \/>\nGolfschl\u00e4ger dienen nur dazu, den Ball sparsam zu schlagen und k\u00f6nnen gef\u00e4hrlich sein. Seien Sie verantwortungsbewusst.<br \/>\nF\u00fcr jeden gebrochenen Golfschl\u00e4ger wird eine Geb\u00fchr von 20 \u20ac erhoben.<br \/>\nMinderj\u00e4hrige unter 14 Jahren m\u00fcssen von einem Erwachsenen beaufsichtigt werden. <\/p>\n<p><strong>1.5. Wasserfahrzeuge<\/strong><br \/>\nSie m\u00fcssen 50 Meter schwimmen und untertauchen k\u00f6nnen.<br \/>\nHalten Sie sich an die Anzahl der Personen pro Boot.<br \/>\nHalten Sie sich an die R\u00fcckgabezeit. Jede weitere verbrauchte Stunde wird voll berechnet.<br \/>\nDas Tragen einer Rettungsweste ist Pflicht. <span style=\"color: #339966;\"><strong>obligatorisch<\/strong><\/span>.<br \/>\nHalten Sie einen Abstand von 30 Metern zu den Fischern ein und gehen Sie nicht auf der Insel an Land.<br \/>\nEs ist verboten, den Badebereich, den Bereich des Wasserskilifts, die Riesenseilrutsche und die H\u00fcpfburgen zu betreten.<br \/>\nMinderj\u00e4hrige unter 14 Jahren m\u00fcssen unter der Aufsicht eines Erwachsenen stehen.<br \/>\nVon der Mitnahme von Wertgegenst\u00e4nden wird dringend abgeraten. Der Fun Parc haftet nicht f\u00fcr Verlust oder Besch\u00e4digung.<br \/>\nWarten Sie auf die Ankunft eines Operators, bevor Sie das Boot verlassen.<br \/>\nEs wird eine Kaution (Ausweis, Autoschl\u00fcssel etc.) erhoben, die bei der Abholung des Bootes zur\u00fcckerstattet wird.) wird von Ihnen verlangt und bei der R\u00fcckgabe des Bootes zur\u00fcckerstattet. Das Boot muss sich im urspr\u00fcnglichen Zustand befinden und zur vorgesehenen Zeit zur\u00fcckgegeben werden.<br \/>\nEin Boot, das mit einem gebrochenen Teil zur\u00fcckgegeben wird, wird mit 50 \u20ac berechnet.<br \/>\nEin mit Wasser gef\u00fclltes Boot, das zur\u00fcckgegeben oder versenkt wird, wird mit 200 \u20ac berechnet.  <\/p>\n<p><strong>1.6. Aufblasbare Wasserspiele (Aquapark)<\/strong><br \/>\nSchwimmen und untertauchen k\u00f6nnen<br \/>\nDas Mindestalter betr\u00e4gt 6 Jahre<br \/>\nMinderj\u00e4hrige unter 10 Jahren m\u00fcssen von einem Erwachsenen begleitet werden<br \/>\nMinderj\u00e4hrige unter 16 Jahren m\u00fcssen von einem Erwachsenen beaufsichtigt werden, der am Ufer bleiben kann<br \/>\nVerboten f\u00fcr Personen, die sich bereits die Schulter ausgekugelt haben.<br \/>\nSie m\u00fcssen bei bester Gesundheit und ohne k\u00f6rperliche Probleme sein (Halswirbel, Schultern, R\u00fccken, Arme, Beine, Knie, Kn\u00f6chel, Schienbein usw.).<br \/>\nSchmuck, Uhren, Ringe, Uhren, Schuhe sind auf der Struktur verboten.<br \/>\nDas Tragen von Schwimmwesten ist verboten. <strong><span style=\"color: #339966;\">Pflicht<\/span><\/strong>.<\/p>\n<p><strong>1.7. Wasserskilift<\/strong><br \/>\n50 Meter schwimmen und untertauchen k\u00f6nnen.<br \/>\nDas Mindestalter betr\u00e4gt 7 Jahre.<br \/>\nZwischen 7 und 10 Jahren muss ein Erwachsener zum ersten Mal auf dem Kneeboard sein.<br \/>\nDas Tragen einer Schwimmweste und eines Helms ist Pflicht. <strong><span style=\"color: #339966;\">Pflicht<\/span><\/strong><br \/>\nMinderj\u00e4hrige unter 18 Jahren m\u00fcssen von einem Erwachsenen beaufsichtigt werden.<br \/>\nAlle Teilnehmer m\u00fcssen sich an das Sicherheitsbriefing halten, das von den Lehrern gezeigt und\/oder erteilt wird.<\/p>\n<p><strong>2. Allgemeine Voraussetzungen f\u00fcr die Aus\u00fcbung der Aktivit\u00e4ten<\/strong><br \/>\nSie m\u00fcssen bei guter Gesundheit sein und d\u00fcrfen nicht unter physischen oder psychischen St\u00f6rungen leiden.<br \/>\nDie Aus\u00fcbung der Aktivit\u00e4ten ist verboten. <span style=\"color: #339966;\"><strong>Personen, die Alkohol oder andere Substanzen konsumiert haben, die ihre F\u00e4higkeiten beeintr\u00e4chtigen k\u00f6nnten, sowie schwangeren Frauen ist die Teilnahme untersagt.<\/strong><\/span>.<br \/>\neine Zugangsgeb\u00fchr entrichtet haben.<br \/>\nIm Allgemeinen sollten die Teilnehmer alle Anweisungen und Richtlinien befolgen.<br \/>\ndie ausgeh\u00e4ngten Dokumente mit Sicherheitshinweisen und Erkl\u00e4rungen zu den zu verwendenden Ger\u00e4ten zur Kenntnis genommen haben.<br \/>\ndie ausgeh\u00e4ngten Dokumente \u00fcber die verschiedenen verwendeten Markierungen und Beschilderungen zur Kenntnis genommen haben, die bei den Erkl\u00e4rungen zu Beginn der Sitzung f\u00fcr die Aus\u00fcbung der Aktivit\u00e4ten gegeben wurden.<br \/>\n<strong><span style=\"color: #339966;\">Bei allen Aktivit\u00e4ten m\u00fcssen Minderj\u00e4hrige unter 16 Jahren von verantwortlichen Erwachsenen begleitet und beaufsichtigt werden.<\/span><\/strong><\/p>\n<p><strong>3. Zeiten, Ausr\u00fcstung und Material<\/strong><br \/>\nHalten Sie sich an die Anfangs- und Endzeiten der Aktivit\u00e4ten.<br \/>\nF\u00fcr jede Aktivit\u00e4t stellt der Fun Parc Material zur Verf\u00fcgung, das zum festgelegten Zeitpunkt entsprechend der gew\u00e4hlten Pauschale zur\u00fcckgegeben werden muss.<br \/>\nDie Nutzung von anderem Material als dem des Fun Parc ist nicht gestattet.<br \/>\nSorgen Sie f\u00fcr eine der jeweiligen Aktivit\u00e4t angepasste Kleidung.<\/p>\n<p><strong>4. Hilfen<\/strong><br \/>\nFragen Sie das Personal des Fun Parks um Rat, wenn Sie Zweifel haben oder in einer schwierigen Situation sind.<\/p>\n<p><strong>5. Wetterbedingungen<\/strong><br \/>\nBei schlechten Wetterbedingungen (starker Wind, Gewitter, Sturm, Erdbeben) beh\u00e4lt sich die Leitung des Fun Parc das Recht vor, die Einrichtungen zu Ihrer Sicherheit vor\u00fcbergehend oder dauerhaft zu r\u00e4umen.<br \/>\nWenn eine endg\u00fcltige Schlie\u00dfung innerhalb einer Viertelstunde nach dem geplanten Beginn Ihrer Aktivit\u00e4t erfolgt, erhalten Sie eine Gutschrift, damit Sie Ihre Aktivit\u00e4t zu einem sp\u00e4teren Zeitpunkt erneut ansetzen k\u00f6nnen.<\/p>\n<p><strong>6. Risiken und Ausschluss<\/strong><br \/>\nWenn Sie die Anweisungen und Sicherheitsregeln nicht befolgen, setzen Sie sich einem Unfallrisiko aus und k\u00f6nnen Ihr Leben und das Leben anderer gef\u00e4hrden. Sie tun dies auf eigene Verantwortung und riskieren den Ausschluss aus dem Park ohne Anspruch auf R\u00fcckerstattung.<br \/>\nDie Direktion beh\u00e4lt sich das Recht vor, den Zugang zu verweigern oder Personen auszuschlie\u00dfen, deren Verhalten nicht mit dem Geist des Parks vereinbar ist oder die den Betrieb oder die Sicherheit beeintr\u00e4chtigen: Trunkenheit, starke Erregung, Nichtbeachtung der Sicherheitsanweisungen, Besch\u00e4digung usw. Die Direktion beh\u00e4lt sich das Recht vor, Personen auszuschlie\u00dfen, deren Verhalten nicht mit dem Geist des Parks vereinbar ist oder die den Betrieb oder die Sicherheit beeintr\u00e4chtigen.<\/p>\n<p><strong>DIE DIREKTION BEH\u00c4LT SICH DAS RECHT VOR:<\/strong><\/p>\n<ul>\n<li><strong>DEN ZUGANG ZUM PARK UND DEN EINRICHTUNGEN JEDER PERSON ZU VERWEIGERN, DIE IHRER MEINUNG NACH NICHT DIE IN DIESER VERORDNUNG FESTGELEGTEN BEDINGUNGEN ERF\u00dcLLT.<\/strong><\/li>\n<li><strong style=\"font-size: revert; background-color: var(--grimlock-content-background-color); color: var(--grimlock-text-color);\">PERSONEN AUSZUSCHLIESSEN, DIE SICH NICHT AN DIE ANWEISUNGEN HALTEN, DIE SICH SELBST ODER ANDERE GEF\u00c4HRDEN ODER DIE PERSONEN, EINRICHTUNGEN ODER DIE UMWELT RESPEKTLOS BEHANDELN.<\/strong><\/li>\n<li><strong style=\"font-size: revert; background-color: var(--grimlock-content-background-color); color: var(--grimlock-text-color);\">SIE HABEN DAS RECHT, JEDE ENTSCHEIDUNG ZU TREFFEN ODER DURCHZUSETZEN, DIE SIE F\u00dcR GERECHTFERTIGT HALTEN.<\/strong><\/li>\n<\/ul>\n<p style=\"text-align: center;\"><span style=\"color: #ff0000;\"><strong>DER FUNPARK \u00dcBERNIMMT KEINE HAFTUNG F\u00dcR VERLUST ODER DIEBSTAHL UND F\u00dcR UNF\u00c4LLE, DIE DURCH DIE NICHTBEACHTUNG DER SICHERHEITSHINWEISE ODER DER VORLIEGENDEN HAUSORDNUNG VERURSACHT WERDEN.<\/strong><\/span><\/p>\n","protected":false},"excerpt":{"rendered":"<p>Der Zugang zum Fun Parc setzt die Annahme der vorliegenden Hausordnung voraus. 1. Zugangsbedingungen und Sicherheit Der Zugang zu den Einrichtungen ist au\u00dferhalb der \u00d6ffnungszeiten strengstens untersagt. Zuwiderhandlungen werden strafrechtlich [&hellip;]<\/p>\n","protected":false},"author":14,"featured_media":0,"parent":0,"menu_order":0,"comment_status":"closed","ping_status":"closed","template":"template-classic-12-cols-left.php","meta":{"_monsterinsights_skip_tracking":false,"_monsterinsights_sitenote_active":false,"_monsterinsights_sitenote_note":"","_monsterinsights_sitenote_category":0,"footnotes":""},"class_list":["post-4230","page","type-page","status-publish","hentry"],"yoast_head":"<!-- This site is optimized with the Yoast SEO plugin v27.3 - https:\/\/yoast.com\/product\/yoast-seo-wordpress\/ -->\n<title>Hausordnung Fun Parc<\/title>\n<meta name=\"description\" content=\"Lesen Sie die Hausordnung des Fun Parc: Sicherheitsregeln, Zugang und Anweisungen, damit Sie unsere Aktivit\u00e4ten in Brumath unbeschwert genie\u00dfen k\u00f6nnen.\" \/>\n<meta name=\"robots\" content=\"index, follow, max-snippet:-1, max-image-preview:large, max-video-preview:-1\" \/>\n<link rel=\"canonical\" href=\"https:\/\/www.fun-parc-brumath.fr\/de\/hausordnung-des-fun-parc\/\" \/>\n<meta property=\"og:locale\" content=\"de_DE\" \/>\n<meta property=\"og:type\" content=\"article\" \/>\n<meta property=\"og:title\" content=\"Hausordnung Fun Parc\" \/>\n<meta property=\"og:description\" content=\"Lesen Sie die Hausordnung des Fun Parc: Sicherheitsregeln, Zugang und Anweisungen, damit Sie unsere Aktivit\u00e4ten in Brumath unbeschwert genie\u00dfen k\u00f6nnen.\" \/>\n<meta property=\"og:url\" content=\"https:\/\/www.fun-parc-brumath.fr\/de\/hausordnung-des-fun-parc\/\" \/>\n<meta property=\"og:site_name\" content=\"Fun Parc Brumath\" \/>\n<meta property=\"article:modified_time\" content=\"2025-08-21T08:51:59+00:00\" \/>\n<meta name=\"twitter:card\" content=\"summary_large_image\" \/>\n<meta name=\"twitter:label1\" content=\"Gesch\u00e4tzte Lesezeit\" \/>\n\t<meta name=\"twitter:data1\" content=\"7\u00a0Minuten\" \/>\n<script type=\"application\/ld+json\" class=\"yoast-schema-graph\">{\"@context\":\"https:\\\/\\\/schema.org\",\"@graph\":[{\"@type\":\"WebPage\",\"@id\":\"https:\\\/\\\/www.fun-parc-brumath.fr\\\/de\\\/hausordnung-des-fun-parc\\\/\",\"url\":\"https:\\\/\\\/www.fun-parc-brumath.fr\\\/de\\\/hausordnung-des-fun-parc\\\/\",\"name\":\"Hausordnung Fun Parc\",\"isPartOf\":{\"@id\":\"https:\\\/\\\/www.fun-parc-brumath.fr\\\/de\\\/#website\"},\"datePublished\":\"2024-11-15T08:27:29+00:00\",\"dateModified\":\"2025-08-21T08:51:59+00:00\",\"description\":\"Lesen Sie die Hausordnung des Fun Parc: Sicherheitsregeln, Zugang und Anweisungen, damit Sie unsere Aktivit\u00e4ten in Brumath unbeschwert genie\u00dfen k\u00f6nnen.\",\"breadcrumb\":{\"@id\":\"https:\\\/\\\/www.fun-parc-brumath.fr\\\/de\\\/hausordnung-des-fun-parc\\\/#breadcrumb\"},\"inLanguage\":\"de\",\"potentialAction\":[{\"@type\":\"ReadAction\",\"target\":[\"https:\\\/\\\/www.fun-parc-brumath.fr\\\/de\\\/hausordnung-des-fun-parc\\\/\"]}]},{\"@type\":\"BreadcrumbList\",\"@id\":\"https:\\\/\\\/www.fun-parc-brumath.fr\\\/de\\\/hausordnung-des-fun-parc\\\/#breadcrumb\",\"itemListElement\":[{\"@type\":\"ListItem\",\"position\":1,\"name\":\"Accueil\",\"item\":\"https:\\\/\\\/www.fun-parc-brumath.fr\\\/de\\\/\"},{\"@type\":\"ListItem\",\"position\":2,\"name\":\"Hausordnung des Fun Parc\"}]},{\"@type\":\"WebSite\",\"@id\":\"https:\\\/\\\/www.fun-parc-brumath.fr\\\/de\\\/#website\",\"url\":\"https:\\\/\\\/www.fun-parc-brumath.fr\\\/de\\\/\",\"name\":\"Alsafun\",\"description\":\"Parc de loisirs de la re\u0301gion Grand Est\",\"publisher\":{\"@id\":\"https:\\\/\\\/www.fun-parc-brumath.fr\\\/de\\\/#organization\"},\"potentialAction\":[{\"@type\":\"SearchAction\",\"target\":{\"@type\":\"EntryPoint\",\"urlTemplate\":\"https:\\\/\\\/www.fun-parc-brumath.fr\\\/de\\\/?s={search_term_string}\"},\"query-input\":{\"@type\":\"PropertyValueSpecification\",\"valueRequired\":true,\"valueName\":\"search_term_string\"}}],\"inLanguage\":\"de\"},{\"@type\":\"Organization\",\"@id\":\"https:\\\/\\\/www.fun-parc-brumath.fr\\\/de\\\/#organization\",\"name\":\"Fun Parc Brumath\",\"url\":\"https:\\\/\\\/www.fun-parc-brumath.fr\\\/de\\\/\",\"logo\":{\"@type\":\"ImageObject\",\"inLanguage\":\"de\",\"@id\":\"https:\\\/\\\/www.fun-parc-brumath.fr\\\/de\\\/#\\\/schema\\\/logo\\\/image\\\/\",\"url\":\"https:\\\/\\\/www.fun-parc-brumath.fr\\\/wp-content\\\/uploads\\\/2021\\\/03\\\/logo-footer.png\",\"contentUrl\":\"https:\\\/\\\/www.fun-parc-brumath.fr\\\/wp-content\\\/uploads\\\/2021\\\/03\\\/logo-footer.png\",\"width\":162,\"height\":165,\"caption\":\"Fun Parc Brumath\"},\"image\":{\"@id\":\"https:\\\/\\\/www.fun-parc-brumath.fr\\\/de\\\/#\\\/schema\\\/logo\\\/image\\\/\"}}]}<\/script>\n<!-- \/ Yoast SEO plugin. -->","yoast_head_json":{"title":"Hausordnung Fun Parc","description":"Lesen Sie die Hausordnung des Fun Parc: Sicherheitsregeln, Zugang und Anweisungen, damit Sie unsere Aktivit\u00e4ten in Brumath unbeschwert genie\u00dfen k\u00f6nnen.","robots":{"index":"index","follow":"follow","max-snippet":"max-snippet:-1","max-image-preview":"max-image-preview:large","max-video-preview":"max-video-preview:-1"},"canonical":"https:\/\/www.fun-parc-brumath.fr\/de\/hausordnung-des-fun-parc\/","og_locale":"de_DE","og_type":"article","og_title":"Hausordnung Fun Parc","og_description":"Lesen Sie die Hausordnung des Fun Parc: Sicherheitsregeln, Zugang und Anweisungen, damit Sie unsere Aktivit\u00e4ten in Brumath unbeschwert genie\u00dfen k\u00f6nnen.","og_url":"https:\/\/www.fun-parc-brumath.fr\/de\/hausordnung-des-fun-parc\/","og_site_name":"Fun Parc Brumath","article_modified_time":"2025-08-21T08:51:59+00:00","twitter_card":"summary_large_image","twitter_misc":{"Gesch\u00e4tzte Lesezeit":"7\u00a0Minuten"},"schema":{"@context":"https:\/\/schema.org","@graph":[{"@type":"WebPage","@id":"https:\/\/www.fun-parc-brumath.fr\/de\/hausordnung-des-fun-parc\/","url":"https:\/\/www.fun-parc-brumath.fr\/de\/hausordnung-des-fun-parc\/","name":"Hausordnung Fun Parc","isPartOf":{"@id":"https:\/\/www.fun-parc-brumath.fr\/de\/#website"},"datePublished":"2024-11-15T08:27:29+00:00","dateModified":"2025-08-21T08:51:59+00:00","description":"Lesen Sie die Hausordnung des Fun Parc: Sicherheitsregeln, Zugang und Anweisungen, damit Sie unsere Aktivit\u00e4ten in Brumath unbeschwert genie\u00dfen k\u00f6nnen.","breadcrumb":{"@id":"https:\/\/www.fun-parc-brumath.fr\/de\/hausordnung-des-fun-parc\/#breadcrumb"},"inLanguage":"de","potentialAction":[{"@type":"ReadAction","target":["https:\/\/www.fun-parc-brumath.fr\/de\/hausordnung-des-fun-parc\/"]}]},{"@type":"BreadcrumbList","@id":"https:\/\/www.fun-parc-brumath.fr\/de\/hausordnung-des-fun-parc\/#breadcrumb","itemListElement":[{"@type":"ListItem","position":1,"name":"Accueil","item":"https:\/\/www.fun-parc-brumath.fr\/de\/"},{"@type":"ListItem","position":2,"name":"Hausordnung des Fun Parc"}]},{"@type":"WebSite","@id":"https:\/\/www.fun-parc-brumath.fr\/de\/#website","url":"https:\/\/www.fun-parc-brumath.fr\/de\/","name":"Alsafun","description":"Parc de loisirs de la re\u0301gion Grand Est","publisher":{"@id":"https:\/\/www.fun-parc-brumath.fr\/de\/#organization"},"potentialAction":[{"@type":"SearchAction","target":{"@type":"EntryPoint","urlTemplate":"https:\/\/www.fun-parc-brumath.fr\/de\/?s={search_term_string}"},"query-input":{"@type":"PropertyValueSpecification","valueRequired":true,"valueName":"search_term_string"}}],"inLanguage":"de"},{"@type":"Organization","@id":"https:\/\/www.fun-parc-brumath.fr\/de\/#organization","name":"Fun Parc Brumath","url":"https:\/\/www.fun-parc-brumath.fr\/de\/","logo":{"@type":"ImageObject","inLanguage":"de","@id":"https:\/\/www.fun-parc-brumath.fr\/de\/#\/schema\/logo\/image\/","url":"https:\/\/www.fun-parc-brumath.fr\/wp-content\/uploads\/2021\/03\/logo-footer.png","contentUrl":"https:\/\/www.fun-parc-brumath.fr\/wp-content\/uploads\/2021\/03\/logo-footer.png","width":162,"height":165,"caption":"Fun Parc Brumath"},"image":{"@id":"https:\/\/www.fun-parc-brumath.fr\/de\/#\/schema\/logo\/image\/"}}]}},"jetpack_sharing_enabled":true,"_links":{"self":[{"href":"https:\/\/www.fun-parc-brumath.fr\/de\/wp-json\/wp\/v2\/pages\/4230","targetHints":{"allow":["GET"]}}],"collection":[{"href":"https:\/\/www.fun-parc-brumath.fr\/de\/wp-json\/wp\/v2\/pages"}],"about":[{"href":"https:\/\/www.fun-parc-brumath.fr\/de\/wp-json\/wp\/v2\/types\/page"}],"author":[{"embeddable":true,"href":"https:\/\/www.fun-parc-brumath.fr\/de\/wp-json\/wp\/v2\/users\/14"}],"replies":[{"embeddable":true,"href":"https:\/\/www.fun-parc-brumath.fr\/de\/wp-json\/wp\/v2\/comments?post=4230"}],"version-history":[{"count":1,"href":"https:\/\/www.fun-parc-brumath.fr\/de\/wp-json\/wp\/v2\/pages\/4230\/revisions"}],"predecessor-version":[{"id":5589,"href":"https:\/\/www.fun-parc-brumath.fr\/de\/wp-json\/wp\/v2\/pages\/4230\/revisions\/5589"}],"wp:attachment":[{"href":"https:\/\/www.fun-parc-brumath.fr\/de\/wp-json\/wp\/v2\/media?parent=4230"}],"curies":[{"name":"wp","href":"https:\/\/api.w.org\/{rel}","templated":true}]}}