{"id":4201,"date":"2024-11-15T09:27:18","date_gmt":"2024-11-15T08:27:18","guid":{"rendered":"https:\/\/www.fun-parc-brumath.fr\/wakeboard-einfuehrungs-und-fortgeschrittenenkurse-im-elsass\/"},"modified":"2024-11-15T11:40:36","modified_gmt":"2024-11-15T10:40:36","slug":"wakeboard-einfuehrungs-und-fortgeschrittenenkurse-im-elsass","status":"publish","type":"page","link":"https:\/\/www.fun-parc-brumath.fr\/de\/veranstaltungen\/wakeboard-einfuehrungs-und-fortgeschrittenenkurse-im-elsass\/","title":{"rendered":"Wakeboard-Einf\u00fchrungs- und Fortgeschrittenenkurse im Elsass"},"content":{"rendered":"\t\t\t<div  class=\" wp-block-grimlock-section grimlock-section--btn-primary grimlock-section--einfuehrungs-und-fortgeschrittenenkurse-fuer-wakeboarding-im-elsass alignfull region grimlock-region grimlock-region--mt-0 grimlock-region--mb--2 grimlock-region--pt-5 grimlock-region--pb-5 grimlock-region--12-cols-left region--12-cols-left grimlock-region--container-classic region--container-classic grimlock-section section section_content_reveal\" style=\"margin-bottom:-2%;background-image:url(https:\/\/i0.wp.com\/www.fun-parc-brumath.fr\/wp-content\/uploads\/2021\/03\/wake-cable-2.jpg?fit=960%2C540&#038;ssl=1);background-repeat:no-repeat;background-position:center;background-size:cover;-webkit-background-size:cover;background-attachment:scroll;border-top-color:#eceeef;border-top-style:solid;border-top-width:0;border-bottom-color:#eceeef;border-bottom-style:solid;border-bottom-width:0;z-index:0;\"  >\n\t\t\t<div class=\"region__inner\" style=\"padding-top:5%;padding-bottom:5%;background:linear-gradient(90deg,rgb(0,132,158) 0%,rgba(131,218,158,0.5) 100%);\">\n\t\t\t\t<div class=\"region__container\">\n\t\t\t\t\t<div class=\"region__row\">\n\t\t\t\t\t\t<div class=\"region__col region__col--1\" >\n\t\t\t\t\t\t\t<div class=\"grimlock-reveal-element grimlock-reveal-element--thumbnail\" >\n\t\t\t\t\t\t\t\t\t\t\t\t\t\t\t<\/div>\n\t\t\t\t\t\t<\/div><!-- .region__col -->\n\t\t\t\t\t\t<div class=\"region__col region__col--2\" >\n\t\t\t\t\t\t\t<div class=\"grimlock-reveal-element grimlock-reveal-element--content\" data-grimlock-animate-scroll-reveal=\"{&quot;origin&quot;:&quot;right&quot;,&quot;distance&quot;:&quot;80px&quot;,&quot;duration&quot;:750,&quot;delay&quot;:0,&quot;rotate&quot;:{&quot;x&quot;:0,&quot;y&quot;:0,&quot;z&quot;:0},&quot;opacity&quot;:0,&quot;scale&quot;:1,&quot;easing&quot;:&quot;cubic-bezier(0.6, 0.2, 0.1, 1)&quot;,&quot;viewFactor&quot;:0.5,&quot;mobile&quot;:false,&quot;reset&quot;:false}\">\n\t\t\t\t\t\t\t\t\t        <div class=\"grimlock-section__header section__header\">\n\t\t\t\t\n            <h2 class=\"grimlock-section__title section__title grimlock-display-1 display-1\" style=\"color:#ffffff;\">\n\t\t\t\tEinf\u00fchrungs- und Fortgeschrittenenkurse f\u00fcr Wakeboarding im Elsass            <\/h2>\n\t\t\t\t        <\/div><!-- .section__header -->\n\t\t\t\t\t\t\t\t\t\t<\/div>\n\t\t\t\t\t\t<\/div><!-- .region__col -->\n\t\t\t\t\t<\/div><!-- .region__row -->\n\t\t\t\t<\/div><!-- .region__container -->\n\t\t\t<\/div><!-- .region__inner -->\n\t\t\t<\/div><!-- .grimlock-section -->\n\t\t\n<div class=\"wp-block-group wp-block-group-anchor\"><div class=\"wp-block-group__inner-container is-layout-flow wp-block-group-is-layout-flow\">\n<div class=\"wp-block-buttons is-layout-flex wp-block-buttons-is-layout-flex\">\n<div class=\"wp-block-button is-style-secondary\"><a class=\"wp-block-button__link wp-element-button\" href=\"#reserver\"><strong>Buchen Sie<\/strong><\/a><\/div>\n<\/div>\n<\/div><\/div>\n\n<div class=\"wp-block-getwid-advanced-spacer\" style=\"height:5vh\" aria-hidden=\"true\"><\/div>\n\n<h2 class=\"wp-block-heading\">Was ist Wakeboarding?  <\/h2>\n\n<p>Ein Wassersport <strong>ohne L\u00e4rm und Verschmutzung<\/strong>, bei dem man <strong>von der ersten Minute an<\/strong> ein gutes Gef\u00fchl beim Gleiten hat!<\/p>\n\n<p><\/p>\n\n<p>Sie m\u00f6chten Wakeboarding unter <strong>den besten Bedingungen<\/strong> lernen? Ob Sie <strong>Anf\u00e4nger sind oder nicht<\/strong>, die Kurse im Fun Parc sind genau das Richtige f\u00fcr Sie! <\/p>\n\n<p><\/p>\n\n<div class=\"wp-block-getwid-advanced-spacer\" style=\"height:3vh\" aria-hidden=\"true\"><\/div>\n\n<div class=\"wp-block-columns is-layout-flex wp-container-core-columns-is-layout-9d6595d7 wp-block-columns-is-layout-flex\">\n<div class=\"wp-block-column is-layout-flow wp-block-column-is-layout-flow\">\n<figure class=\"wp-block-image size-large\"><img data-recalc-dims=\"1\" loading=\"lazy\" decoding=\"async\" width=\"1024\" height=\"683\" src=\"https:\/\/i0.wp.com\/www.fun-parc-brumath.fr\/wp-content\/uploads\/2023\/03\/20221015-bretzel-contest-amateurs-66.jpg?resize=1024%2C683&#038;ssl=1\" alt=\"\" class=\"wp-image-2639\" srcset=\"https:\/\/i0.wp.com\/www.fun-parc-brumath.fr\/wp-content\/uploads\/2023\/03\/20221015-bretzel-contest-amateurs-66.jpg?resize=1024%2C683&amp;ssl=1 1024w, https:\/\/i0.wp.com\/www.fun-parc-brumath.fr\/wp-content\/uploads\/2023\/03\/20221015-bretzel-contest-amateurs-66.jpg?resize=300%2C200&amp;ssl=1 300w, https:\/\/i0.wp.com\/www.fun-parc-brumath.fr\/wp-content\/uploads\/2023\/03\/20221015-bretzel-contest-amateurs-66.jpg?resize=768%2C512&amp;ssl=1 768w, https:\/\/i0.wp.com\/www.fun-parc-brumath.fr\/wp-content\/uploads\/2023\/03\/20221015-bretzel-contest-amateurs-66.jpg?resize=1536%2C1024&amp;ssl=1 1536w, https:\/\/i0.wp.com\/www.fun-parc-brumath.fr\/wp-content\/uploads\/2023\/03\/20221015-bretzel-contest-amateurs-66.jpg?resize=1850%2C1233&amp;ssl=1 1850w, https:\/\/i0.wp.com\/www.fun-parc-brumath.fr\/wp-content\/uploads\/2023\/03\/20221015-bretzel-contest-amateurs-66.jpg?w=1920&amp;ssl=1 1920w\" sizes=\"auto, (max-width: 1024px) 100vw, 1024px\" \/><\/figure>\n<\/div>\n\n\n\n<div class=\"wp-block-column is-layout-flow wp-block-column-is-layout-flow\">\n<p>Wakeboarding ist eine spielerische Aktivit\u00e4t, die ab 7 Jahren zug\u00e4nglich ist und bei der man sich selbst \u00fcbertreffen kann, w\u00e4hrend man Spa\u00df hat!  <\/p>\n\n\n\n<p><\/p>\n\n\n\n<p>Unter der Anleitung unseres Teams von diplomierten Skilehrern k\u00f6nnen Sie Ihre besten Tricks perfektionieren oder unter den besten Bedingungen lernen, wie Sie auf Ihre ersten Hindernisse steigen.<\/p>\n<\/div>\n<\/div>\n\n<div class=\"wp-block-getwid-advanced-spacer\" style=\"height:2vh\" aria-hidden=\"true\"><\/div>\n\n<div class=\"wp-block-columns is-layout-flex wp-container-core-columns-is-layout-9d6595d7 wp-block-columns-is-layout-flex\">\n<div class=\"wp-block-column is-layout-flow wp-block-column-is-layout-flow\">\n<h2 class=\"wp-block-heading\">  Inhalt der Praktika<\/h2>\n\n\n\n<ul class=\"wp-block-list\">\n<li>3 Stunden pers\u00f6nliches Coaching pro Tag<\/li>\n\n\n\n<li>Video zum Abschluss des Praktikums<\/li>\n\n\n\n<li>Kostenloses Mittagessen<\/li>\n\n\n\n<li>Unbegrenzter Zugang zum Wakepark am Nachmittag<\/li>\n<\/ul>\n<\/div>\n\n\n\n<div class=\"wp-block-column is-layout-flow wp-block-column-is-layout-flow\">\n<figure class=\"wp-block-image size-large\"><img data-recalc-dims=\"1\" loading=\"lazy\" decoding=\"async\" width=\"1024\" height=\"683\" src=\"https:\/\/i0.wp.com\/www.fun-parc-brumath.fr\/wp-content\/uploads\/2023\/03\/20221015-bretzel-contest-amateurs-68.jpg?resize=1024%2C683&#038;ssl=1\" alt=\"\" class=\"wp-image-2633\" srcset=\"https:\/\/i0.wp.com\/www.fun-parc-brumath.fr\/wp-content\/uploads\/2023\/03\/20221015-bretzel-contest-amateurs-68.jpg?resize=1024%2C683&amp;ssl=1 1024w, https:\/\/i0.wp.com\/www.fun-parc-brumath.fr\/wp-content\/uploads\/2023\/03\/20221015-bretzel-contest-amateurs-68.jpg?resize=300%2C200&amp;ssl=1 300w, https:\/\/i0.wp.com\/www.fun-parc-brumath.fr\/wp-content\/uploads\/2023\/03\/20221015-bretzel-contest-amateurs-68.jpg?resize=768%2C512&amp;ssl=1 768w, https:\/\/i0.wp.com\/www.fun-parc-brumath.fr\/wp-content\/uploads\/2023\/03\/20221015-bretzel-contest-amateurs-68.jpg?resize=1536%2C1024&amp;ssl=1 1536w, https:\/\/i0.wp.com\/www.fun-parc-brumath.fr\/wp-content\/uploads\/2023\/03\/20221015-bretzel-contest-amateurs-68.jpg?resize=1850%2C1233&amp;ssl=1 1850w, https:\/\/i0.wp.com\/www.fun-parc-brumath.fr\/wp-content\/uploads\/2023\/03\/20221015-bretzel-contest-amateurs-68.jpg?w=1920&amp;ssl=1 1920w\" sizes=\"auto, (max-width: 1024px) 100vw, 1024px\" \/><\/figure>\n<\/div>\n<\/div>\n\n<div class=\"wp-block-getwid-advanced-spacer\" style=\"height:3vh\" aria-hidden=\"true\"><\/div>\n\n<h2 class=\"has-text-align-center wp-block-heading\">Die n\u00e4chsten Termine<\/h2>\n\n<p><\/p>\n\n<p class=\"has-text-align-center\"><strong>17. bis 23. April 2023 (Osterferien)<\/strong><\/p>\n\n<p><\/p>\n<div class=\"wp-block-image\">\n<figure class=\"aligncenter size-large is-resized\"><img data-recalc-dims=\"1\" loading=\"lazy\" decoding=\"async\" src=\"https:\/\/i0.wp.com\/www.fun-parc-brumath.fr\/wp-content\/uploads\/2023\/03\/20230417-23-visuel-stage.png?resize=512%2C512&#038;ssl=1\" alt=\"\" class=\"wp-image-2647\" width=\"512\" height=\"512\" srcset=\"https:\/\/i0.wp.com\/www.fun-parc-brumath.fr\/wp-content\/uploads\/2023\/03\/20230417-23-visuel-stage.png?resize=1024%2C1024&amp;ssl=1 1024w, https:\/\/i0.wp.com\/www.fun-parc-brumath.fr\/wp-content\/uploads\/2023\/03\/20230417-23-visuel-stage.png?resize=300%2C300&amp;ssl=1 300w, https:\/\/i0.wp.com\/www.fun-parc-brumath.fr\/wp-content\/uploads\/2023\/03\/20230417-23-visuel-stage.png?resize=150%2C150&amp;ssl=1 150w, https:\/\/i0.wp.com\/www.fun-parc-brumath.fr\/wp-content\/uploads\/2023\/03\/20230417-23-visuel-stage.png?resize=768%2C768&amp;ssl=1 768w, https:\/\/i0.wp.com\/www.fun-parc-brumath.fr\/wp-content\/uploads\/2023\/03\/20230417-23-visuel-stage.png?resize=1536%2C1536&amp;ssl=1 1536w, https:\/\/i0.wp.com\/www.fun-parc-brumath.fr\/wp-content\/uploads\/2023\/03\/20230417-23-visuel-stage.png?resize=170%2C170&amp;ssl=1 170w, https:\/\/i0.wp.com\/www.fun-parc-brumath.fr\/wp-content\/uploads\/2023\/03\/20230417-23-visuel-stage.png?resize=1500%2C1500&amp;ssl=1 1500w, https:\/\/i0.wp.com\/www.fun-parc-brumath.fr\/wp-content\/uploads\/2023\/03\/20230417-23-visuel-stage.png?resize=1850%2C1850&amp;ssl=1 1850w, https:\/\/i0.wp.com\/www.fun-parc-brumath.fr\/wp-content\/uploads\/2023\/03\/20230417-23-visuel-stage.png?w=1920&amp;ssl=1 1920w\" sizes=\"auto, (max-width: 512px) 100vw, 512px\" \/><\/figure>\n<\/div>\n<div class=\"wp-block-getwid-advanced-spacer\" style=\"height:3vh\" aria-hidden=\"true\"><\/div>\n\n<h2 class=\"has-text-align-center wp-block-heading\">Eintragungen<\/h2>\n\n<p><\/p>\n\n<p class=\"has-text-align-center\">Die Anmeldung kann nur online erfolgen.  <\/p>\n\n<p class=\"has-text-align-center\"><strong>Um ein qualitativ hochwertiges Coaching zu gew\u00e4hrleisten, sind die Pl\u00e4tze begrenzt!<\/strong><\/p>\n\n<p class=\"has-text-align-center\">Wenn das Startdatum des gew\u00fcnschten Praktikums nicht im Kalender erscheint, ist es ausgebucht.  <\/p>\n\n<p class=\"has-text-align-center\">In diesem Fall k\u00f6nnen Sie eine E-Mail an <a href=\"mailto:contact@funwakepark.fr\" target=\"_blank\" rel=\"noreferrer noopener\">contact@funwakepark.fr<\/a> senden, um uns Ihr Interesse an dem Praktikum mitzuteilen.  <\/p>\n\n<p class=\"has-text-align-center\">Je nach Nachfrage ist es m\u00f6glich, dass wir in der folgenden Woche vom 24. bis 28. April einen Kurs anbieten.<\/p>\n\n<div class=\"wp-block-getwid-advanced-spacer\" style=\"height:5vh\" aria-hidden=\"true\"><\/div>\n\n<div class=\"wp-block-getwid-anchor\" id=\"reserver\"><\/div>\n\n<h2 class=\"has-text-align-center wp-block-heading\">Um einen Platz f\u00fcr den Kurs zu reservieren, klicken Sie bitte hier!<\/h2>\n\n<div class=\"wp-block-group is-content-justification-center is-nowrap is-layout-flex wp-container-core-group-is-layout-94bc23d7 wp-block-group-is-layout-flex\">\n<guidap-booking-widget activity-uuid=\"nykcELxehwG9N0VARS4KpbY5frDUjm1XMo6z\"><\/guidap-booking-widget>\n<\/div>\n","protected":false},"excerpt":{"rendered":"<p>Was ist Wakeboarding? Ein Wassersport ohne L\u00e4rm und Verschmutzung, bei dem man von der ersten Minute an ein gutes Gef\u00fchl beim Gleiten hat! Sie m\u00f6chten Wakeboarding unter den besten Bedingungen [&hellip;]<\/p>\n","protected":false},"author":14,"featured_media":0,"parent":4217,"menu_order":0,"comment_status":"closed","ping_status":"closed","template":"template-minimal.php","meta":{"_monsterinsights_skip_tracking":false,"_monsterinsights_sitenote_active":false,"_monsterinsights_sitenote_note":"","_monsterinsights_sitenote_category":0,"footnotes":""},"class_list":["post-4201","page","type-page","status-publish","hentry"],"yoast_head":"<!-- This site is optimized with the Yoast SEO plugin v27.3 - https:\/\/yoast.com\/product\/yoast-seo-wordpress\/ -->\n<title>Wakeboard-Einf\u00fchrungs- und Fortgeschrittenenkurse im Elsass &#8226; Fun Parc Brumath<\/title>\n<meta name=\"robots\" content=\"index, follow, max-snippet:-1, max-image-preview:large, max-video-preview:-1\" \/>\n<link rel=\"canonical\" href=\"https:\/\/www.fun-parc-brumath.fr\/de\/veranstaltungen\/wakeboard-einfuehrungs-und-fortgeschrittenenkurse-im-elsass\/\" \/>\n<meta property=\"og:locale\" content=\"de_DE\" \/>\n<meta property=\"og:type\" content=\"article\" \/>\n<meta property=\"og:title\" content=\"Wakeboard-Einf\u00fchrungs- und Fortgeschrittenenkurse im Elsass &#8226; Fun Parc Brumath\" \/>\n<meta property=\"og:description\" content=\"Was ist Wakeboarding? Ein Wassersport ohne L\u00e4rm und Verschmutzung, bei dem man von der ersten Minute an ein gutes Gef\u00fchl beim Gleiten hat! Sie m\u00f6chten Wakeboarding unter den besten Bedingungen [&hellip;]\" \/>\n<meta property=\"og:url\" content=\"https:\/\/www.fun-parc-brumath.fr\/de\/veranstaltungen\/wakeboard-einfuehrungs-und-fortgeschrittenenkurse-im-elsass\/\" \/>\n<meta property=\"og:site_name\" content=\"Fun Parc Brumath\" \/>\n<meta property=\"article:modified_time\" content=\"2024-11-15T10:40:36+00:00\" \/>\n<meta property=\"og:image\" content=\"https:\/\/www.fun-parc-brumath.fr\/wp-content\/uploads\/2023\/03\/20221015-bretzel-contest-amateurs-66-1024x683.jpg\" \/>\n<meta name=\"twitter:card\" content=\"summary_large_image\" \/>\n<meta name=\"twitter:label1\" content=\"Gesch\u00e4tzte Lesezeit\" \/>\n\t<meta name=\"twitter:data1\" content=\"1\u00a0Minute\" \/>\n<script type=\"application\/ld+json\" class=\"yoast-schema-graph\">{\"@context\":\"https:\\\/\\\/schema.org\",\"@graph\":[{\"@type\":\"WebPage\",\"@id\":\"https:\\\/\\\/www.fun-parc-brumath.fr\\\/de\\\/veranstaltungen\\\/wakeboard-einfuehrungs-und-fortgeschrittenenkurse-im-elsass\\\/\",\"url\":\"https:\\\/\\\/www.fun-parc-brumath.fr\\\/de\\\/veranstaltungen\\\/wakeboard-einfuehrungs-und-fortgeschrittenenkurse-im-elsass\\\/\",\"name\":\"Wakeboard-Einf\u00fchrungs- und Fortgeschrittenenkurse im Elsass &#8226; Fun Parc Brumath\",\"isPartOf\":{\"@id\":\"https:\\\/\\\/www.fun-parc-brumath.fr\\\/de\\\/#website\"},\"primaryImageOfPage\":{\"@id\":\"https:\\\/\\\/www.fun-parc-brumath.fr\\\/de\\\/veranstaltungen\\\/wakeboard-einfuehrungs-und-fortgeschrittenenkurse-im-elsass\\\/#primaryimage\"},\"image\":{\"@id\":\"https:\\\/\\\/www.fun-parc-brumath.fr\\\/de\\\/veranstaltungen\\\/wakeboard-einfuehrungs-und-fortgeschrittenenkurse-im-elsass\\\/#primaryimage\"},\"thumbnailUrl\":\"https:\\\/\\\/www.fun-parc-brumath.fr\\\/wp-content\\\/uploads\\\/2023\\\/03\\\/20221015-bretzel-contest-amateurs-66-1024x683.jpg\",\"datePublished\":\"2024-11-15T08:27:18+00:00\",\"dateModified\":\"2024-11-15T10:40:36+00:00\",\"breadcrumb\":{\"@id\":\"https:\\\/\\\/www.fun-parc-brumath.fr\\\/de\\\/veranstaltungen\\\/wakeboard-einfuehrungs-und-fortgeschrittenenkurse-im-elsass\\\/#breadcrumb\"},\"inLanguage\":\"de\",\"potentialAction\":[{\"@type\":\"ReadAction\",\"target\":[\"https:\\\/\\\/www.fun-parc-brumath.fr\\\/de\\\/veranstaltungen\\\/wakeboard-einfuehrungs-und-fortgeschrittenenkurse-im-elsass\\\/\"]}]},{\"@type\":\"ImageObject\",\"inLanguage\":\"de\",\"@id\":\"https:\\\/\\\/www.fun-parc-brumath.fr\\\/de\\\/veranstaltungen\\\/wakeboard-einfuehrungs-und-fortgeschrittenenkurse-im-elsass\\\/#primaryimage\",\"url\":\"https:\\\/\\\/www.fun-parc-brumath.fr\\\/wp-content\\\/uploads\\\/2023\\\/03\\\/20221015-bretzel-contest-amateurs-66-1024x683.jpg\",\"contentUrl\":\"https:\\\/\\\/www.fun-parc-brumath.fr\\\/wp-content\\\/uploads\\\/2023\\\/03\\\/20221015-bretzel-contest-amateurs-66-1024x683.jpg\"},{\"@type\":\"BreadcrumbList\",\"@id\":\"https:\\\/\\\/www.fun-parc-brumath.fr\\\/de\\\/veranstaltungen\\\/wakeboard-einfuehrungs-und-fortgeschrittenenkurse-im-elsass\\\/#breadcrumb\",\"itemListElement\":[{\"@type\":\"ListItem\",\"position\":1,\"name\":\"Accueil\",\"item\":\"https:\\\/\\\/www.fun-parc-brumath.fr\\\/de\\\/\"},{\"@type\":\"ListItem\",\"position\":2,\"name\":\"Veranstaltungen\",\"item\":\"https:\\\/\\\/www.fun-parc-brumath.fr\\\/de\\\/veranstaltungen\\\/\"},{\"@type\":\"ListItem\",\"position\":3,\"name\":\"Wakeboard-Einf\u00fchrungs- und Fortgeschrittenenkurse im Elsass\"}]},{\"@type\":\"WebSite\",\"@id\":\"https:\\\/\\\/www.fun-parc-brumath.fr\\\/de\\\/#website\",\"url\":\"https:\\\/\\\/www.fun-parc-brumath.fr\\\/de\\\/\",\"name\":\"Alsafun\",\"description\":\"Parc de loisirs de la re\u0301gion Grand Est\",\"publisher\":{\"@id\":\"https:\\\/\\\/www.fun-parc-brumath.fr\\\/de\\\/#organization\"},\"potentialAction\":[{\"@type\":\"SearchAction\",\"target\":{\"@type\":\"EntryPoint\",\"urlTemplate\":\"https:\\\/\\\/www.fun-parc-brumath.fr\\\/de\\\/?s={search_term_string}\"},\"query-input\":{\"@type\":\"PropertyValueSpecification\",\"valueRequired\":true,\"valueName\":\"search_term_string\"}}],\"inLanguage\":\"de\"},{\"@type\":\"Organization\",\"@id\":\"https:\\\/\\\/www.fun-parc-brumath.fr\\\/de\\\/#organization\",\"name\":\"Fun Parc Brumath\",\"url\":\"https:\\\/\\\/www.fun-parc-brumath.fr\\\/de\\\/\",\"logo\":{\"@type\":\"ImageObject\",\"inLanguage\":\"de\",\"@id\":\"https:\\\/\\\/www.fun-parc-brumath.fr\\\/de\\\/#\\\/schema\\\/logo\\\/image\\\/\",\"url\":\"https:\\\/\\\/www.fun-parc-brumath.fr\\\/wp-content\\\/uploads\\\/2021\\\/03\\\/logo-footer.png\",\"contentUrl\":\"https:\\\/\\\/www.fun-parc-brumath.fr\\\/wp-content\\\/uploads\\\/2021\\\/03\\\/logo-footer.png\",\"width\":162,\"height\":165,\"caption\":\"Fun Parc Brumath\"},\"image\":{\"@id\":\"https:\\\/\\\/www.fun-parc-brumath.fr\\\/de\\\/#\\\/schema\\\/logo\\\/image\\\/\"}}]}<\/script>\n<!-- \/ Yoast SEO plugin. -->","yoast_head_json":{"title":"Wakeboard-Einf\u00fchrungs- und Fortgeschrittenenkurse im Elsass &#8226; Fun Parc Brumath","robots":{"index":"index","follow":"follow","max-snippet":"max-snippet:-1","max-image-preview":"max-image-preview:large","max-video-preview":"max-video-preview:-1"},"canonical":"https:\/\/www.fun-parc-brumath.fr\/de\/veranstaltungen\/wakeboard-einfuehrungs-und-fortgeschrittenenkurse-im-elsass\/","og_locale":"de_DE","og_type":"article","og_title":"Wakeboard-Einf\u00fchrungs- und Fortgeschrittenenkurse im Elsass &#8226; Fun Parc Brumath","og_description":"Was ist Wakeboarding? Ein Wassersport ohne L\u00e4rm und Verschmutzung, bei dem man von der ersten Minute an ein gutes Gef\u00fchl beim Gleiten hat! Sie m\u00f6chten Wakeboarding unter den besten Bedingungen [&hellip;]","og_url":"https:\/\/www.fun-parc-brumath.fr\/de\/veranstaltungen\/wakeboard-einfuehrungs-und-fortgeschrittenenkurse-im-elsass\/","og_site_name":"Fun Parc Brumath","article_modified_time":"2024-11-15T10:40:36+00:00","og_image":[{"url":"https:\/\/www.fun-parc-brumath.fr\/wp-content\/uploads\/2023\/03\/20221015-bretzel-contest-amateurs-66-1024x683.jpg","type":"","width":"","height":""}],"twitter_card":"summary_large_image","twitter_misc":{"Gesch\u00e4tzte Lesezeit":"1\u00a0Minute"},"schema":{"@context":"https:\/\/schema.org","@graph":[{"@type":"WebPage","@id":"https:\/\/www.fun-parc-brumath.fr\/de\/veranstaltungen\/wakeboard-einfuehrungs-und-fortgeschrittenenkurse-im-elsass\/","url":"https:\/\/www.fun-parc-brumath.fr\/de\/veranstaltungen\/wakeboard-einfuehrungs-und-fortgeschrittenenkurse-im-elsass\/","name":"Wakeboard-Einf\u00fchrungs- und Fortgeschrittenenkurse im Elsass &#8226; Fun Parc Brumath","isPartOf":{"@id":"https:\/\/www.fun-parc-brumath.fr\/de\/#website"},"primaryImageOfPage":{"@id":"https:\/\/www.fun-parc-brumath.fr\/de\/veranstaltungen\/wakeboard-einfuehrungs-und-fortgeschrittenenkurse-im-elsass\/#primaryimage"},"image":{"@id":"https:\/\/www.fun-parc-brumath.fr\/de\/veranstaltungen\/wakeboard-einfuehrungs-und-fortgeschrittenenkurse-im-elsass\/#primaryimage"},"thumbnailUrl":"https:\/\/www.fun-parc-brumath.fr\/wp-content\/uploads\/2023\/03\/20221015-bretzel-contest-amateurs-66-1024x683.jpg","datePublished":"2024-11-15T08:27:18+00:00","dateModified":"2024-11-15T10:40:36+00:00","breadcrumb":{"@id":"https:\/\/www.fun-parc-brumath.fr\/de\/veranstaltungen\/wakeboard-einfuehrungs-und-fortgeschrittenenkurse-im-elsass\/#breadcrumb"},"inLanguage":"de","potentialAction":[{"@type":"ReadAction","target":["https:\/\/www.fun-parc-brumath.fr\/de\/veranstaltungen\/wakeboard-einfuehrungs-und-fortgeschrittenenkurse-im-elsass\/"]}]},{"@type":"ImageObject","inLanguage":"de","@id":"https:\/\/www.fun-parc-brumath.fr\/de\/veranstaltungen\/wakeboard-einfuehrungs-und-fortgeschrittenenkurse-im-elsass\/#primaryimage","url":"https:\/\/www.fun-parc-brumath.fr\/wp-content\/uploads\/2023\/03\/20221015-bretzel-contest-amateurs-66-1024x683.jpg","contentUrl":"https:\/\/www.fun-parc-brumath.fr\/wp-content\/uploads\/2023\/03\/20221015-bretzel-contest-amateurs-66-1024x683.jpg"},{"@type":"BreadcrumbList","@id":"https:\/\/www.fun-parc-brumath.fr\/de\/veranstaltungen\/wakeboard-einfuehrungs-und-fortgeschrittenenkurse-im-elsass\/#breadcrumb","itemListElement":[{"@type":"ListItem","position":1,"name":"Accueil","item":"https:\/\/www.fun-parc-brumath.fr\/de\/"},{"@type":"ListItem","position":2,"name":"Veranstaltungen","item":"https:\/\/www.fun-parc-brumath.fr\/de\/veranstaltungen\/"},{"@type":"ListItem","position":3,"name":"Wakeboard-Einf\u00fchrungs- und Fortgeschrittenenkurse im Elsass"}]},{"@type":"WebSite","@id":"https:\/\/www.fun-parc-brumath.fr\/de\/#website","url":"https:\/\/www.fun-parc-brumath.fr\/de\/","name":"Alsafun","description":"Parc de loisirs de la re\u0301gion Grand Est","publisher":{"@id":"https:\/\/www.fun-parc-brumath.fr\/de\/#organization"},"potentialAction":[{"@type":"SearchAction","target":{"@type":"EntryPoint","urlTemplate":"https:\/\/www.fun-parc-brumath.fr\/de\/?s={search_term_string}"},"query-input":{"@type":"PropertyValueSpecification","valueRequired":true,"valueName":"search_term_string"}}],"inLanguage":"de"},{"@type":"Organization","@id":"https:\/\/www.fun-parc-brumath.fr\/de\/#organization","name":"Fun Parc Brumath","url":"https:\/\/www.fun-parc-brumath.fr\/de\/","logo":{"@type":"ImageObject","inLanguage":"de","@id":"https:\/\/www.fun-parc-brumath.fr\/de\/#\/schema\/logo\/image\/","url":"https:\/\/www.fun-parc-brumath.fr\/wp-content\/uploads\/2021\/03\/logo-footer.png","contentUrl":"https:\/\/www.fun-parc-brumath.fr\/wp-content\/uploads\/2021\/03\/logo-footer.png","width":162,"height":165,"caption":"Fun Parc Brumath"},"image":{"@id":"https:\/\/www.fun-parc-brumath.fr\/de\/#\/schema\/logo\/image\/"}}]}},"jetpack_sharing_enabled":true,"_links":{"self":[{"href":"https:\/\/www.fun-parc-brumath.fr\/de\/wp-json\/wp\/v2\/pages\/4201","targetHints":{"allow":["GET"]}}],"collection":[{"href":"https:\/\/www.fun-parc-brumath.fr\/de\/wp-json\/wp\/v2\/pages"}],"about":[{"href":"https:\/\/www.fun-parc-brumath.fr\/de\/wp-json\/wp\/v2\/types\/page"}],"author":[{"embeddable":true,"href":"https:\/\/www.fun-parc-brumath.fr\/de\/wp-json\/wp\/v2\/users\/14"}],"replies":[{"embeddable":true,"href":"https:\/\/www.fun-parc-brumath.fr\/de\/wp-json\/wp\/v2\/comments?post=4201"}],"version-history":[{"count":2,"href":"https:\/\/www.fun-parc-brumath.fr\/de\/wp-json\/wp\/v2\/pages\/4201\/revisions"}],"predecessor-version":[{"id":4490,"href":"https:\/\/www.fun-parc-brumath.fr\/de\/wp-json\/wp\/v2\/pages\/4201\/revisions\/4490"}],"up":[{"embeddable":true,"href":"https:\/\/www.fun-parc-brumath.fr\/de\/wp-json\/wp\/v2\/pages\/4217"}],"wp:attachment":[{"href":"https:\/\/www.fun-parc-brumath.fr\/de\/wp-json\/wp\/v2\/media?parent=4201"}],"curies":[{"name":"wp","href":"https:\/\/api.w.org\/{rel}","templated":true}]}}