{"id":4173,"date":"2024-11-15T09:27:10","date_gmt":"2024-11-15T08:27:10","guid":{"rendered":"https:\/\/www.fun-parc-brumath.fr\/die-abende-in-der-wakekiki-bar\/"},"modified":"2024-11-15T11:37:48","modified_gmt":"2024-11-15T10:37:48","slug":"die-abende-in-der-wakekiki-bar","status":"publish","type":"page","link":"https:\/\/www.fun-parc-brumath.fr\/de\/die-abende-in-der-wakekiki-bar\/","title":{"rendered":"Die Abende in der WakeKiki Bar"},"content":{"rendered":"\n<div class=\"wp-block-getwid-section alignfull alignfull getwid-section-content-custom-width\"><div class=\"wp-block-getwid-section__wrapper\"><div class=\"wp-block-getwid-section__inner-wrapper\" style=\"max-width:1140px\"><div class=\"wp-block-getwid-section__background-holder\"><div class=\"wp-block-getwid-section__background\"><\/div><div class=\"wp-block-getwid-section__foreground\"><\/div><\/div><div class=\"wp-block-getwid-section__content\"><div class=\"wp-block-getwid-section__inner-content\">\n<div class=\"wp-block-getwid-advanced-heading\" style=\"margin-bottom:30px;margin-top:10px\"><h2 class=\"wp-block-getwid-advanced-heading__content\" style=\"text-align:center\">Abendveranstaltungen im August 2024<\/h2><\/div>\n\n\n\n<p class=\"has-text-align-center\">Genie\u00dfen Sie die Summervibes auf den Partys der WakeKiki Bar!  <\/p>\n\n\n\n<div class=\"wp-block-getwid-advanced-spacer\" style=\"height:40px\" aria-hidden=\"true\"><\/div>\n\n\n\n<div class=\"wp-block-columns has-2-columns is-layout-flex wp-container-core-columns-is-layout-9d6595d7 wp-block-columns-is-layout-flex\">\n<div class=\"wp-block-column is-layout-flow wp-block-column-is-layout-flow\">\n<div class=\"wp-block-getwid-section\"><div class=\"wp-block-getwid-section__wrapper getwid-padding-top-none getwid-padding-bottom-none getwid-padding-left-none getwid-padding-right-small\"><div class=\"wp-block-getwid-section__inner-wrapper\"><div class=\"wp-block-getwid-section__background-holder\"><div class=\"wp-block-getwid-section__background has-background\" style=\"background-color:#fafafa\"><\/div><div class=\"wp-block-getwid-section__foreground\"><\/div><\/div><div class=\"wp-block-getwid-section__content\"><div class=\"wp-block-getwid-section__inner-content\">\n<div class=\"wp-block-getwid-image-box has-image-left has-text-left has-mobile-layout-default has-mobile-alignment-center\"><div class=\"wp-block-getwid-image-box__image-container is-position-middle\"><div class=\"wp-block-getwid-image-box__image-wrapper\"><img data-recalc-dims=\"1\" loading=\"lazy\" decoding=\"async\" width=\"150\" height=\"150\" src=\"https:\/\/i0.wp.com\/www.fun-parc-brumath.fr\/wp-content\/uploads\/2024\/07\/soiree-latino.jpeg?resize=150%2C150&#038;ssl=1\" alt=\"\" class=\"wp-block-getwid-image-box__image wp-image-3788\" srcset=\"https:\/\/i0.wp.com\/www.fun-parc-brumath.fr\/wp-content\/uploads\/2024\/07\/soiree-latino.jpeg?resize=150%2C150&amp;ssl=1 150w, https:\/\/i0.wp.com\/www.fun-parc-brumath.fr\/wp-content\/uploads\/2024\/07\/soiree-latino.jpeg?resize=170%2C170&amp;ssl=1 170w, https:\/\/i0.wp.com\/www.fun-parc-brumath.fr\/wp-content\/uploads\/2024\/07\/soiree-latino.jpeg?resize=1500%2C1500&amp;ssl=1 1500w, https:\/\/i0.wp.com\/www.fun-parc-brumath.fr\/wp-content\/uploads\/2024\/07\/soiree-latino.jpeg?zoom=2&amp;resize=150%2C150&amp;ssl=1 300w, https:\/\/i0.wp.com\/www.fun-parc-brumath.fr\/wp-content\/uploads\/2024\/07\/soiree-latino.jpeg?zoom=3&amp;resize=150%2C150&amp;ssl=1 450w\" sizes=\"auto, (max-width: 150px) 100vw, 150px\" \/><\/div><\/div><div class=\"wp-block-getwid-image-box__content\">\n<div class=\"wp-block-getwid-advanced-heading\" style=\"margin-bottom:10px\"><h4 class=\"wp-block-getwid-advanced-heading__content\">3. und 9. August<br>Latinoabende<\/h4><\/div>\n\n\n\n<p class=\"has-text-smaller-font-size\">(Entdecken Sie die Grundlagen von Salsa und Bachata beim Einf\u00fchrungskurs um 17.00 Uhr und genie\u00dfen Sie anschlie\u00dfend einen feurigen Abend mit DJ Nene!<\/p>\n\n\n\n<p><\/p>\n<\/div><\/div>\n<\/div><\/div><\/div><\/div><\/div>\n\n\n\n<div class=\"wp-block-getwid-section\"><div class=\"wp-block-getwid-section__wrapper getwid-padding-top-none getwid-padding-bottom-none getwid-padding-left-none getwid-padding-right-small\"><div class=\"wp-block-getwid-section__inner-wrapper\"><div class=\"wp-block-getwid-section__background-holder\"><div class=\"wp-block-getwid-section__background has-background\" style=\"background-color:#fafafa\"><\/div><div class=\"wp-block-getwid-section__foreground\"><\/div><\/div><div class=\"wp-block-getwid-section__content\"><div class=\"wp-block-getwid-section__inner-content\"><\/div><\/div><\/div><\/div><\/div>\n\n\n\n<div class=\"wp-block-getwid-section\"><div class=\"wp-block-getwid-section__wrapper getwid-padding-top-none getwid-padding-bottom-none getwid-padding-left-none getwid-padding-right-small\"><div class=\"wp-block-getwid-section__inner-wrapper\"><div class=\"wp-block-getwid-section__background-holder\"><div class=\"wp-block-getwid-section__background has-background\" style=\"background-color:#fafafa\"><\/div><div class=\"wp-block-getwid-section__foreground\"><\/div><\/div><div class=\"wp-block-getwid-section__content\"><div class=\"wp-block-getwid-section__inner-content\">\n<div class=\"wp-block-getwid-image-box has-image-left has-text-left has-mobile-layout-default has-mobile-alignment-center\"><div class=\"wp-block-getwid-image-box__image-container is-position-middle\"><div class=\"wp-block-getwid-image-box__image-wrapper\"><img data-recalc-dims=\"1\" loading=\"lazy\" decoding=\"async\" width=\"150\" height=\"150\" src=\"https:\/\/i0.wp.com\/www.fun-parc-brumath.fr\/wp-content\/uploads\/2024\/07\/pexels-neosiam-593467.jpg?resize=150%2C150&#038;ssl=1\" alt=\"\" class=\"wp-block-getwid-image-box__image wp-image-3795\" srcset=\"https:\/\/i0.wp.com\/www.fun-parc-brumath.fr\/wp-content\/uploads\/2024\/07\/pexels-neosiam-593467.jpg?resize=150%2C150&amp;ssl=1 150w, https:\/\/i0.wp.com\/www.fun-parc-brumath.fr\/wp-content\/uploads\/2024\/07\/pexels-neosiam-593467.jpg?resize=170%2C170&amp;ssl=1 170w, https:\/\/i0.wp.com\/www.fun-parc-brumath.fr\/wp-content\/uploads\/2024\/07\/pexels-neosiam-593467.jpg?resize=1500%2C1500&amp;ssl=1 1500w, https:\/\/i0.wp.com\/www.fun-parc-brumath.fr\/wp-content\/uploads\/2024\/07\/pexels-neosiam-593467.jpg?zoom=2&amp;resize=150%2C150&amp;ssl=1 300w, https:\/\/i0.wp.com\/www.fun-parc-brumath.fr\/wp-content\/uploads\/2024\/07\/pexels-neosiam-593467.jpg?zoom=3&amp;resize=150%2C150&amp;ssl=1 450w\" sizes=\"auto, (max-width: 150px) 100vw, 150px\" \/><\/div><\/div><div class=\"wp-block-getwid-image-box__content\">\n<div class=\"wp-block-getwid-advanced-heading\" style=\"margin-bottom:10px\"><h4 class=\"wp-block-getwid-advanced-heading__content\">10. August<br>2000er-Jahre-Abend<\/h4><\/div>\n\n\n\n<p class=\"has-text-smaller-font-size\">DJ Stan Smith bringt die 2000er Jahre zur\u00fcck, von 18.00 bis 1.00 Uhr.<\/p>\n\n\n\n<p><\/p>\n\n\n\n<p><\/p>\n<\/div><\/div>\n\n\n\n<div class=\"wp-block-getwid-image-box has-image-left has-text-left has-mobile-layout-default has-mobile-alignment-center\"><div class=\"wp-block-getwid-image-box__image-container is-position-middle\"><div class=\"wp-block-getwid-image-box__image-wrapper\"><img data-recalc-dims=\"1\" loading=\"lazy\" decoding=\"async\" width=\"150\" height=\"150\" src=\"https:\/\/i0.wp.com\/www.fun-parc-brumath.fr\/wp-content\/uploads\/2024\/07\/maria-appavo.jpg?resize=150%2C150&#038;ssl=1\" alt=\"\" class=\"wp-block-getwid-image-box__image wp-image-3798\" srcset=\"https:\/\/i0.wp.com\/www.fun-parc-brumath.fr\/wp-content\/uploads\/2024\/07\/maria-appavo.jpg?resize=150%2C150&amp;ssl=1 150w, https:\/\/i0.wp.com\/www.fun-parc-brumath.fr\/wp-content\/uploads\/2024\/07\/maria-appavo.jpg?resize=170%2C170&amp;ssl=1 170w, https:\/\/i0.wp.com\/www.fun-parc-brumath.fr\/wp-content\/uploads\/2024\/07\/maria-appavo.jpg?resize=1500%2C1500&amp;ssl=1 1500w, https:\/\/i0.wp.com\/www.fun-parc-brumath.fr\/wp-content\/uploads\/2024\/07\/maria-appavo.jpg?zoom=2&amp;resize=150%2C150&amp;ssl=1 300w, https:\/\/i0.wp.com\/www.fun-parc-brumath.fr\/wp-content\/uploads\/2024\/07\/maria-appavo.jpg?zoom=3&amp;resize=150%2C150&amp;ssl=1 450w\" sizes=\"auto, (max-width: 150px) 100vw, 150px\" \/><\/div><\/div><div class=\"wp-block-getwid-image-box__content\">\n<div class=\"wp-block-getwid-advanced-heading\" style=\"margin-bottom:10px\"><h4 class=\"wp-block-getwid-advanced-heading__content\">16.August<br>Konzert von Mariah Appavo<\/h4><\/div>\n\n\n\n<p class=\"has-text-smaller-font-size\">Entdecken Sie diese talentierte S\u00e4ngerin bei diesem Konzert mit freiem Eintritt auf der Terrasse auf Pf\u00e4hlen.<\/p>\n\n\n\n<p><\/p>\n<\/div><\/div>\n<\/div><\/div><\/div><\/div><\/div>\n<\/div>\n\n\n\n<div class=\"wp-block-column is-layout-flow wp-block-column-is-layout-flow\">\n<div class=\"wp-block-getwid-section\"><div class=\"wp-block-getwid-section__wrapper getwid-padding-top-none getwid-padding-bottom-none getwid-padding-left-none getwid-padding-right-small\"><div class=\"wp-block-getwid-section__inner-wrapper\"><div class=\"wp-block-getwid-section__background-holder\"><div class=\"wp-block-getwid-section__background has-background\" style=\"background-color:#fafafa\"><\/div><div class=\"wp-block-getwid-section__foreground\"><\/div><\/div><div class=\"wp-block-getwid-section__content\"><div class=\"wp-block-getwid-section__inner-content\">\n<div class=\"wp-block-getwid-image-box has-image-left has-text-left has-mobile-layout-default has-mobile-alignment-center\"><div class=\"wp-block-getwid-image-box__image-container is-position-middle\"><div class=\"wp-block-getwid-image-box__image-wrapper\"><img data-recalc-dims=\"1\" loading=\"lazy\" decoding=\"async\" width=\"150\" height=\"150\" src=\"https:\/\/i0.wp.com\/www.fun-parc-brumath.fr\/wp-content\/uploads\/2024\/07\/whatsapp-image-2024-07-24-at-152714.jpeg?resize=150%2C150&#038;ssl=1\" alt=\"\" class=\"wp-block-getwid-image-box__image wp-image-3801\" srcset=\"https:\/\/i0.wp.com\/www.fun-parc-brumath.fr\/wp-content\/uploads\/2024\/07\/whatsapp-image-2024-07-24-at-152714.jpeg?resize=150%2C150&amp;ssl=1 150w, https:\/\/i0.wp.com\/www.fun-parc-brumath.fr\/wp-content\/uploads\/2024\/07\/whatsapp-image-2024-07-24-at-152714.jpeg?resize=170%2C170&amp;ssl=1 170w, https:\/\/i0.wp.com\/www.fun-parc-brumath.fr\/wp-content\/uploads\/2024\/07\/whatsapp-image-2024-07-24-at-152714.jpeg?resize=1500%2C1500&amp;ssl=1 1500w, https:\/\/i0.wp.com\/www.fun-parc-brumath.fr\/wp-content\/uploads\/2024\/07\/whatsapp-image-2024-07-24-at-152714.jpeg?zoom=2&amp;resize=150%2C150&amp;ssl=1 300w, https:\/\/i0.wp.com\/www.fun-parc-brumath.fr\/wp-content\/uploads\/2024\/07\/whatsapp-image-2024-07-24-at-152714.jpeg?zoom=3&amp;resize=150%2C150&amp;ssl=1 450w\" sizes=\"auto, (max-width: 150px) 100vw, 150px\" \/><\/div><\/div><div class=\"wp-block-getwid-image-box__content\">\n<div class=\"wp-block-getwid-advanced-heading\" style=\"margin-bottom:10px\"><h4 class=\"wp-block-getwid-advanced-heading__content\">17. August<br>Carbon 14 Abend<\/h4><\/div>\n\n\n\n<p class=\"has-text-smaller-font-size\">Die 2. Ausgabe in diesem Sommer!<\/p>\n\n\n\n<p class=\"has-text-smaller-font-size\">Treffen Sie sich mit diesem Kollektiv zu einem verr\u00fcckten Abend in der Atmosph\u00e4re von Electro\/Tech\/Deep House.<\/p>\n<\/div><\/div>\n\n\n\n<div class=\"wp-block-getwid-image-box has-image-left has-text-left has-mobile-layout-default has-mobile-alignment-center\"><div class=\"wp-block-getwid-image-box__image-container is-position-middle\"><div class=\"wp-block-getwid-image-box__image-wrapper\"><img data-recalc-dims=\"1\" loading=\"lazy\" decoding=\"async\" width=\"150\" height=\"150\" src=\"https:\/\/i0.wp.com\/www.fun-parc-brumath.fr\/wp-content\/uploads\/2024\/07\/soiree-latino-1907.jpg?resize=150%2C150&#038;ssl=1\" alt=\"\" class=\"wp-block-getwid-image-box__image wp-image-3804\" srcset=\"https:\/\/i0.wp.com\/www.fun-parc-brumath.fr\/wp-content\/uploads\/2024\/07\/soiree-latino-1907.jpg?resize=150%2C150&amp;ssl=1 150w, https:\/\/i0.wp.com\/www.fun-parc-brumath.fr\/wp-content\/uploads\/2024\/07\/soiree-latino-1907.jpg?resize=170%2C170&amp;ssl=1 170w, https:\/\/i0.wp.com\/www.fun-parc-brumath.fr\/wp-content\/uploads\/2024\/07\/soiree-latino-1907.jpg?resize=1500%2C1500&amp;ssl=1 1500w, https:\/\/i0.wp.com\/www.fun-parc-brumath.fr\/wp-content\/uploads\/2024\/07\/soiree-latino-1907.jpg?zoom=2&amp;resize=150%2C150&amp;ssl=1 300w, https:\/\/i0.wp.com\/www.fun-parc-brumath.fr\/wp-content\/uploads\/2024\/07\/soiree-latino-1907.jpg?zoom=3&amp;resize=150%2C150&amp;ssl=1 450w\" sizes=\"auto, (max-width: 150px) 100vw, 150px\" \/><\/div><\/div><div class=\"wp-block-getwid-image-box__content\">\n<div class=\"wp-block-getwid-advanced-heading\" style=\"margin-bottom:10px\"><h4 class=\"wp-block-getwid-advanced-heading__content\"><br>24.August<br>BACHAKIZ-Abend<\/h4><\/div>\n\n\n\n<p class=\"has-text-smaller-font-size\">Freuen Sie sich auf einen weiteren hei\u00dfen Abend mit Ice! Tanzkurs und Open Air mit dem Sunset   <\/p>\n<\/div><\/div>\n\n\n\n<div class=\"wp-block-getwid-image-box has-image-left has-text-left has-mobile-layout-default has-mobile-alignment-center\"><div class=\"wp-block-getwid-image-box__image-container is-position-middle\"><div class=\"wp-block-getwid-image-box__image-wrapper\"><img data-recalc-dims=\"1\" loading=\"lazy\" decoding=\"async\" width=\"150\" height=\"150\" src=\"https:\/\/i0.wp.com\/www.fun-parc-brumath.fr\/wp-content\/uploads\/2024\/07\/whatsapp-image-2024-07-24-at-153755.jpeg?resize=150%2C150&#038;ssl=1\" alt=\"\" class=\"wp-block-getwid-image-box__image wp-image-3807\" srcset=\"https:\/\/i0.wp.com\/www.fun-parc-brumath.fr\/wp-content\/uploads\/2024\/07\/whatsapp-image-2024-07-24-at-153755.jpeg?resize=150%2C150&amp;ssl=1 150w, https:\/\/i0.wp.com\/www.fun-parc-brumath.fr\/wp-content\/uploads\/2024\/07\/whatsapp-image-2024-07-24-at-153755.jpeg?resize=170%2C170&amp;ssl=1 170w, https:\/\/i0.wp.com\/www.fun-parc-brumath.fr\/wp-content\/uploads\/2024\/07\/whatsapp-image-2024-07-24-at-153755.jpeg?resize=1500%2C1500&amp;ssl=1 1500w, https:\/\/i0.wp.com\/www.fun-parc-brumath.fr\/wp-content\/uploads\/2024\/07\/whatsapp-image-2024-07-24-at-153755.jpeg?zoom=2&amp;resize=150%2C150&amp;ssl=1 300w, https:\/\/i0.wp.com\/www.fun-parc-brumath.fr\/wp-content\/uploads\/2024\/07\/whatsapp-image-2024-07-24-at-153755.jpeg?zoom=3&amp;resize=150%2C150&amp;ssl=1 450w\" sizes=\"auto, (max-width: 150px) 100vw, 150px\" \/><\/div><\/div><div class=\"wp-block-getwid-image-box__content\">\n<div class=\"wp-block-getwid-advanced-heading\" style=\"margin-bottom:10px\"><h4 class=\"wp-block-getwid-advanced-heading__content\">31. August<br>Jardin Bonheur-Abend #14<\/h4><\/div>\n\n\n\n<p class=\"has-text-smaller-font-size\">Treffen Sie unsere Lieblingsg\u00e4rtner f\u00fcr einen Abend mit Chill, House, Tech House und Electro!<\/p>\n<\/div><\/div>\n<\/div><\/div><\/div><\/div><\/div>\n<\/div>\n<\/div>\n<\/div><\/div><\/div><\/div><\/div>\n","protected":false},"excerpt":{"rendered":"","protected":false},"author":12,"featured_media":0,"parent":0,"menu_order":0,"comment_status":"closed","ping_status":"closed","template":"template-minimal.php","meta":{"_monsterinsights_skip_tracking":false,"_monsterinsights_sitenote_active":false,"_monsterinsights_sitenote_note":"","_monsterinsights_sitenote_category":0,"footnotes":""},"class_list":["post-4173","page","type-page","status-publish","hentry"],"yoast_head":"<!-- This site is optimized with the Yoast SEO plugin v27.3 - https:\/\/yoast.com\/product\/yoast-seo-wordpress\/ -->\n<title>Die Abende in der WakeKiki Bar &#8226; Fun Parc Brumath<\/title>\n<meta name=\"robots\" content=\"index, follow, max-snippet:-1, max-image-preview:large, max-video-preview:-1\" \/>\n<link rel=\"canonical\" href=\"https:\/\/www.fun-parc-brumath.fr\/de\/die-abende-in-der-wakekiki-bar\/\" \/>\n<meta property=\"og:locale\" content=\"de_DE\" \/>\n<meta property=\"og:type\" content=\"article\" \/>\n<meta property=\"og:title\" content=\"Die Abende in der WakeKiki Bar &#8226; Fun Parc Brumath\" \/>\n<meta property=\"og:url\" content=\"https:\/\/www.fun-parc-brumath.fr\/de\/die-abende-in-der-wakekiki-bar\/\" \/>\n<meta property=\"og:site_name\" content=\"Fun Parc Brumath\" \/>\n<meta property=\"article:modified_time\" content=\"2024-11-15T10:37:48+00:00\" \/>\n<meta property=\"og:image\" content=\"https:\/\/www.fun-parc-brumath.fr\/wp-content\/uploads\/2024\/07\/soiree-latino-150x150.jpeg\" \/>\n<meta name=\"twitter:card\" content=\"summary_large_image\" \/>\n<meta name=\"twitter:label1\" content=\"Gesch\u00e4tzte Lesezeit\" \/>\n\t<meta name=\"twitter:data1\" content=\"1\u00a0Minute\" \/>\n<script type=\"application\/ld+json\" class=\"yoast-schema-graph\">{\"@context\":\"https:\\\/\\\/schema.org\",\"@graph\":[{\"@type\":\"WebPage\",\"@id\":\"https:\\\/\\\/www.fun-parc-brumath.fr\\\/de\\\/die-abende-in-der-wakekiki-bar\\\/\",\"url\":\"https:\\\/\\\/www.fun-parc-brumath.fr\\\/de\\\/die-abende-in-der-wakekiki-bar\\\/\",\"name\":\"Die Abende in der WakeKiki Bar &#8226; Fun Parc Brumath\",\"isPartOf\":{\"@id\":\"https:\\\/\\\/www.fun-parc-brumath.fr\\\/de\\\/#website\"},\"primaryImageOfPage\":{\"@id\":\"https:\\\/\\\/www.fun-parc-brumath.fr\\\/de\\\/die-abende-in-der-wakekiki-bar\\\/#primaryimage\"},\"image\":{\"@id\":\"https:\\\/\\\/www.fun-parc-brumath.fr\\\/de\\\/die-abende-in-der-wakekiki-bar\\\/#primaryimage\"},\"thumbnailUrl\":\"https:\\\/\\\/www.fun-parc-brumath.fr\\\/wp-content\\\/uploads\\\/2024\\\/07\\\/soiree-latino-150x150.jpeg\",\"datePublished\":\"2024-11-15T08:27:10+00:00\",\"dateModified\":\"2024-11-15T10:37:48+00:00\",\"breadcrumb\":{\"@id\":\"https:\\\/\\\/www.fun-parc-brumath.fr\\\/de\\\/die-abende-in-der-wakekiki-bar\\\/#breadcrumb\"},\"inLanguage\":\"de\",\"potentialAction\":[{\"@type\":\"ReadAction\",\"target\":[\"https:\\\/\\\/www.fun-parc-brumath.fr\\\/de\\\/die-abende-in-der-wakekiki-bar\\\/\"]}]},{\"@type\":\"ImageObject\",\"inLanguage\":\"de\",\"@id\":\"https:\\\/\\\/www.fun-parc-brumath.fr\\\/de\\\/die-abende-in-der-wakekiki-bar\\\/#primaryimage\",\"url\":\"https:\\\/\\\/www.fun-parc-brumath.fr\\\/wp-content\\\/uploads\\\/2024\\\/07\\\/soiree-latino-150x150.jpeg\",\"contentUrl\":\"https:\\\/\\\/www.fun-parc-brumath.fr\\\/wp-content\\\/uploads\\\/2024\\\/07\\\/soiree-latino-150x150.jpeg\"},{\"@type\":\"BreadcrumbList\",\"@id\":\"https:\\\/\\\/www.fun-parc-brumath.fr\\\/de\\\/die-abende-in-der-wakekiki-bar\\\/#breadcrumb\",\"itemListElement\":[{\"@type\":\"ListItem\",\"position\":1,\"name\":\"Accueil\",\"item\":\"https:\\\/\\\/www.fun-parc-brumath.fr\\\/de\\\/\"},{\"@type\":\"ListItem\",\"position\":2,\"name\":\"Die Abende in der WakeKiki Bar\"}]},{\"@type\":\"WebSite\",\"@id\":\"https:\\\/\\\/www.fun-parc-brumath.fr\\\/de\\\/#website\",\"url\":\"https:\\\/\\\/www.fun-parc-brumath.fr\\\/de\\\/\",\"name\":\"Alsafun\",\"description\":\"Parc de loisirs de la re\u0301gion Grand Est\",\"publisher\":{\"@id\":\"https:\\\/\\\/www.fun-parc-brumath.fr\\\/de\\\/#organization\"},\"potentialAction\":[{\"@type\":\"SearchAction\",\"target\":{\"@type\":\"EntryPoint\",\"urlTemplate\":\"https:\\\/\\\/www.fun-parc-brumath.fr\\\/de\\\/?s={search_term_string}\"},\"query-input\":{\"@type\":\"PropertyValueSpecification\",\"valueRequired\":true,\"valueName\":\"search_term_string\"}}],\"inLanguage\":\"de\"},{\"@type\":\"Organization\",\"@id\":\"https:\\\/\\\/www.fun-parc-brumath.fr\\\/de\\\/#organization\",\"name\":\"Fun Parc Brumath\",\"url\":\"https:\\\/\\\/www.fun-parc-brumath.fr\\\/de\\\/\",\"logo\":{\"@type\":\"ImageObject\",\"inLanguage\":\"de\",\"@id\":\"https:\\\/\\\/www.fun-parc-brumath.fr\\\/de\\\/#\\\/schema\\\/logo\\\/image\\\/\",\"url\":\"https:\\\/\\\/www.fun-parc-brumath.fr\\\/wp-content\\\/uploads\\\/2021\\\/03\\\/logo-footer.png\",\"contentUrl\":\"https:\\\/\\\/www.fun-parc-brumath.fr\\\/wp-content\\\/uploads\\\/2021\\\/03\\\/logo-footer.png\",\"width\":162,\"height\":165,\"caption\":\"Fun Parc Brumath\"},\"image\":{\"@id\":\"https:\\\/\\\/www.fun-parc-brumath.fr\\\/de\\\/#\\\/schema\\\/logo\\\/image\\\/\"}}]}<\/script>\n<!-- \/ Yoast SEO plugin. -->","yoast_head_json":{"title":"Die Abende in der WakeKiki Bar &#8226; Fun Parc Brumath","robots":{"index":"index","follow":"follow","max-snippet":"max-snippet:-1","max-image-preview":"max-image-preview:large","max-video-preview":"max-video-preview:-1"},"canonical":"https:\/\/www.fun-parc-brumath.fr\/de\/die-abende-in-der-wakekiki-bar\/","og_locale":"de_DE","og_type":"article","og_title":"Die Abende in der WakeKiki Bar &#8226; Fun Parc Brumath","og_url":"https:\/\/www.fun-parc-brumath.fr\/de\/die-abende-in-der-wakekiki-bar\/","og_site_name":"Fun Parc Brumath","article_modified_time":"2024-11-15T10:37:48+00:00","og_image":[{"url":"https:\/\/www.fun-parc-brumath.fr\/wp-content\/uploads\/2024\/07\/soiree-latino-150x150.jpeg","type":"","width":"","height":""}],"twitter_card":"summary_large_image","twitter_misc":{"Gesch\u00e4tzte Lesezeit":"1\u00a0Minute"},"schema":{"@context":"https:\/\/schema.org","@graph":[{"@type":"WebPage","@id":"https:\/\/www.fun-parc-brumath.fr\/de\/die-abende-in-der-wakekiki-bar\/","url":"https:\/\/www.fun-parc-brumath.fr\/de\/die-abende-in-der-wakekiki-bar\/","name":"Die Abende in der WakeKiki Bar &#8226; Fun Parc Brumath","isPartOf":{"@id":"https:\/\/www.fun-parc-brumath.fr\/de\/#website"},"primaryImageOfPage":{"@id":"https:\/\/www.fun-parc-brumath.fr\/de\/die-abende-in-der-wakekiki-bar\/#primaryimage"},"image":{"@id":"https:\/\/www.fun-parc-brumath.fr\/de\/die-abende-in-der-wakekiki-bar\/#primaryimage"},"thumbnailUrl":"https:\/\/www.fun-parc-brumath.fr\/wp-content\/uploads\/2024\/07\/soiree-latino-150x150.jpeg","datePublished":"2024-11-15T08:27:10+00:00","dateModified":"2024-11-15T10:37:48+00:00","breadcrumb":{"@id":"https:\/\/www.fun-parc-brumath.fr\/de\/die-abende-in-der-wakekiki-bar\/#breadcrumb"},"inLanguage":"de","potentialAction":[{"@type":"ReadAction","target":["https:\/\/www.fun-parc-brumath.fr\/de\/die-abende-in-der-wakekiki-bar\/"]}]},{"@type":"ImageObject","inLanguage":"de","@id":"https:\/\/www.fun-parc-brumath.fr\/de\/die-abende-in-der-wakekiki-bar\/#primaryimage","url":"https:\/\/www.fun-parc-brumath.fr\/wp-content\/uploads\/2024\/07\/soiree-latino-150x150.jpeg","contentUrl":"https:\/\/www.fun-parc-brumath.fr\/wp-content\/uploads\/2024\/07\/soiree-latino-150x150.jpeg"},{"@type":"BreadcrumbList","@id":"https:\/\/www.fun-parc-brumath.fr\/de\/die-abende-in-der-wakekiki-bar\/#breadcrumb","itemListElement":[{"@type":"ListItem","position":1,"name":"Accueil","item":"https:\/\/www.fun-parc-brumath.fr\/de\/"},{"@type":"ListItem","position":2,"name":"Die Abende in der WakeKiki Bar"}]},{"@type":"WebSite","@id":"https:\/\/www.fun-parc-brumath.fr\/de\/#website","url":"https:\/\/www.fun-parc-brumath.fr\/de\/","name":"Alsafun","description":"Parc de loisirs de la re\u0301gion Grand Est","publisher":{"@id":"https:\/\/www.fun-parc-brumath.fr\/de\/#organization"},"potentialAction":[{"@type":"SearchAction","target":{"@type":"EntryPoint","urlTemplate":"https:\/\/www.fun-parc-brumath.fr\/de\/?s={search_term_string}"},"query-input":{"@type":"PropertyValueSpecification","valueRequired":true,"valueName":"search_term_string"}}],"inLanguage":"de"},{"@type":"Organization","@id":"https:\/\/www.fun-parc-brumath.fr\/de\/#organization","name":"Fun Parc Brumath","url":"https:\/\/www.fun-parc-brumath.fr\/de\/","logo":{"@type":"ImageObject","inLanguage":"de","@id":"https:\/\/www.fun-parc-brumath.fr\/de\/#\/schema\/logo\/image\/","url":"https:\/\/www.fun-parc-brumath.fr\/wp-content\/uploads\/2021\/03\/logo-footer.png","contentUrl":"https:\/\/www.fun-parc-brumath.fr\/wp-content\/uploads\/2021\/03\/logo-footer.png","width":162,"height":165,"caption":"Fun Parc Brumath"},"image":{"@id":"https:\/\/www.fun-parc-brumath.fr\/de\/#\/schema\/logo\/image\/"}}]}},"jetpack_sharing_enabled":true,"_links":{"self":[{"href":"https:\/\/www.fun-parc-brumath.fr\/de\/wp-json\/wp\/v2\/pages\/4173","targetHints":{"allow":["GET"]}}],"collection":[{"href":"https:\/\/www.fun-parc-brumath.fr\/de\/wp-json\/wp\/v2\/pages"}],"about":[{"href":"https:\/\/www.fun-parc-brumath.fr\/de\/wp-json\/wp\/v2\/types\/page"}],"author":[{"embeddable":true,"href":"https:\/\/www.fun-parc-brumath.fr\/de\/wp-json\/wp\/v2\/users\/12"}],"replies":[{"embeddable":true,"href":"https:\/\/www.fun-parc-brumath.fr\/de\/wp-json\/wp\/v2\/comments?post=4173"}],"version-history":[{"count":1,"href":"https:\/\/www.fun-parc-brumath.fr\/de\/wp-json\/wp\/v2\/pages\/4173\/revisions"}],"predecessor-version":[{"id":4175,"href":"https:\/\/www.fun-parc-brumath.fr\/de\/wp-json\/wp\/v2\/pages\/4173\/revisions\/4175"}],"wp:attachment":[{"href":"https:\/\/www.fun-parc-brumath.fr\/de\/wp-json\/wp\/v2\/media?parent=4173"}],"curies":[{"name":"wp","href":"https:\/\/api.w.org\/{rel}","templated":true}]}}