{"id":4168,"date":"2024-11-15T09:27:09","date_gmt":"2024-11-15T08:27:09","guid":{"rendered":"https:\/\/www.fun-parc-brumath.fr\/tagesstaetten\/"},"modified":"2024-11-15T11:37:44","modified_gmt":"2024-11-15T10:37:44","slug":"tagesstaetten","status":"publish","type":"page","link":"https:\/\/www.fun-parc-brumath.fr\/de\/tagesstaetten\/","title":{"rendered":"Tagesst\u00e4tten"},"content":{"rendered":"\n<p><\/p>\n\n<p><\/p>\n\n<h3 class=\"wp-block-heading has-text-align-center\">Aktivit\u00e4ten f\u00fcr Kinder f\u00fcr unvergessliche Erinnerungen an Abenteuer!<\/h3>\n\n<p><\/p>\n\n<p class=\"has-text-align-center\">Lassen Sie sie ein Abenteuer auf dem Wasser oder im Wald des Fun Parc erleben, einem Freizeitpark, der nur 15 Minuten von <strong>Stra\u00dfburg und Haguenau<\/strong> entfernt liegt. Wir bieten eine Vielzahl von Aktivit\u00e4ten f\u00fcr <strong>Gro\u00df und Klein!<\/strong> Vom aufregenden Hochseilgarten \u00fcber eine entspannende Tretbootfahrt bis hin zu einer Runde Minigolf, wir haben <strong>eine Vielzahl von Aktivit\u00e4ten<\/strong>, die f\u00fcr jeden etwas bieten und den ganzen Tag \u00fcber Spa\u00df machen! <\/p>\n\n<p><\/p>\n\n<div class=\"wp-block-getwid-section alignwide alignfull alignfull getwid-section-content-full-width\"><div class=\"wp-block-getwid-section__wrapper getwid-justify-content-flex-start\"><div class=\"wp-block-getwid-section__inner-wrapper\"><div class=\"wp-block-getwid-section__background-holder\"><div class=\"wp-block-getwid-section__background\"><\/div><div class=\"wp-block-getwid-section__foreground\"><\/div><\/div><div class=\"wp-block-getwid-section__content\"><div class=\"wp-block-getwid-section__inner-content\">\n<p><\/p>\n\n\n\n<div class=\"wp-block-columns is-layout-flex wp-container-core-columns-is-layout-9d6595d7 wp-block-columns-is-layout-flex\">\n<div class=\"wp-block-column is-vertically-aligned-center is-layout-flow wp-block-column-is-layout-flow\">\n<p class=\"has-text-align-center\">Hier gibt es keinen Platz f\u00fcr Langeweile, das Abenteuer wartet an jeder Ecke auf Jung und Alt.<\/p>\n\n\n\n<p class=\"has-text-align-center\">Erkunden Sie neue Horizonte mit unseren Orientierungsl\u00e4ufen oder gleiten Sie \u00fcber das Wasser mit unserem Wasserskilift <strong>f\u00fcr<\/strong> einen garantierten Nervenkitzel.M\u00f6chten Sie sich selbst herausfordern? Unsere Paintballfelder mit Softpaint, die speziell f\u00fcr Kinder unter 12 Jahren entwickelt wurden, und unsere Minigolfpl\u00e4tze sind bereit, Ihre Abenteurer zu empfangen. Und f\u00fcr einen Hauch von Ruhe, warum paddeln Sie nicht mit dem Kanu oder gleiten mit dem Tretboot sanft \u00fcber die Wasserfl\u00e4che?  <\/p>\n<\/div>\n\n\n\n<div class=\"wp-block-column is-vertically-aligned-stretch is-layout-flow wp-block-column-is-layout-flow\">\n<div class=\"wp-block-jetpack-slideshow aligncenter\"><div data-effect=\"slide\"><div class=\"wp-block-jetpack-slideshow_container swiper-container\"><ul class=\"wp-block-jetpack-slideshow_swiper-wrapper swiper-wrapper\"><li class=\"wp-block-jetpack-slideshow_slide swiper-slide\"><figure><img data-recalc-dims=\"1\" loading=\"lazy\" decoding=\"async\" width=\"715\" height=\"1024\" alt=\"\" class=\"wp-block-jetpack-slideshow_image wp-image-3691\" data-id=\"3691\" src=\"https:\/\/i0.wp.com\/www.fun-parc-brumath.fr\/wp-content\/uploads\/2024\/06\/accrobranche-kids.jpg?resize=715%2C1024&#038;ssl=1\" srcset=\"https:\/\/i0.wp.com\/www.fun-parc-brumath.fr\/wp-content\/uploads\/2024\/06\/accrobranche-kids.jpg?resize=715%2C1024&amp;ssl=1 715w, https:\/\/i0.wp.com\/www.fun-parc-brumath.fr\/wp-content\/uploads\/2024\/06\/accrobranche-kids.jpg?resize=209%2C300&amp;ssl=1 209w, https:\/\/i0.wp.com\/www.fun-parc-brumath.fr\/wp-content\/uploads\/2024\/06\/accrobranche-kids.jpg?resize=768%2C1100&amp;ssl=1 768w, https:\/\/i0.wp.com\/www.fun-parc-brumath.fr\/wp-content\/uploads\/2024\/06\/accrobranche-kids.jpg?resize=1072%2C1536&amp;ssl=1 1072w, https:\/\/i0.wp.com\/www.fun-parc-brumath.fr\/wp-content\/uploads\/2024\/06\/accrobranche-kids.jpg?w=1340&amp;ssl=1 1340w\" sizes=\"(max-width: 715px) 100vw, 715px\" \/><\/figure><\/li><li class=\"wp-block-jetpack-slideshow_slide swiper-slide\"><figure><img data-recalc-dims=\"1\" loading=\"lazy\" decoding=\"async\" width=\"1024\" height=\"1024\" alt=\"\" class=\"wp-block-jetpack-slideshow_image wp-image-3681\" data-id=\"3681\" src=\"https:\/\/i0.wp.com\/www.fun-parc-brumath.fr\/wp-content\/uploads\/2024\/06\/img-0537.jpg?resize=1024%2C1024&#038;ssl=1\" srcset=\"https:\/\/i0.wp.com\/www.fun-parc-brumath.fr\/wp-content\/uploads\/2024\/06\/img-0537.jpg?resize=1024%2C1024&amp;ssl=1 1024w, https:\/\/i0.wp.com\/www.fun-parc-brumath.fr\/wp-content\/uploads\/2024\/06\/img-0537.jpg?resize=300%2C300&amp;ssl=1 300w, https:\/\/i0.wp.com\/www.fun-parc-brumath.fr\/wp-content\/uploads\/2024\/06\/img-0537.jpg?resize=150%2C150&amp;ssl=1 150w, https:\/\/i0.wp.com\/www.fun-parc-brumath.fr\/wp-content\/uploads\/2024\/06\/img-0537.jpg?resize=768%2C768&amp;ssl=1 768w, https:\/\/i0.wp.com\/www.fun-parc-brumath.fr\/wp-content\/uploads\/2024\/06\/img-0537.jpg?resize=1536%2C1536&amp;ssl=1 1536w, https:\/\/i0.wp.com\/www.fun-parc-brumath.fr\/wp-content\/uploads\/2024\/06\/img-0537.jpg?resize=170%2C170&amp;ssl=1 170w, https:\/\/i0.wp.com\/www.fun-parc-brumath.fr\/wp-content\/uploads\/2024\/06\/img-0537.jpg?resize=1500%2C1500&amp;ssl=1 1500w, https:\/\/i0.wp.com\/www.fun-parc-brumath.fr\/wp-content\/uploads\/2024\/06\/img-0537.jpg?resize=1850%2C1850&amp;ssl=1 1850w, https:\/\/i0.wp.com\/www.fun-parc-brumath.fr\/wp-content\/uploads\/2024\/06\/img-0537.jpg?w=1920&amp;ssl=1 1920w\" sizes=\"(max-width: 1024px) 100vw, 1024px\" \/><\/figure><\/li><li class=\"wp-block-jetpack-slideshow_slide swiper-slide\"><figure><img data-recalc-dims=\"1\" loading=\"lazy\" decoding=\"async\" width=\"1024\" height=\"683\" alt=\"\" class=\"wp-block-jetpack-slideshow_image wp-image-3684\" data-id=\"3684\" src=\"https:\/\/i0.wp.com\/www.fun-parc-brumath.fr\/wp-content\/uploads\/2024\/06\/kneeboard.jpg?resize=1024%2C683&#038;ssl=1\" srcset=\"https:\/\/i0.wp.com\/www.fun-parc-brumath.fr\/wp-content\/uploads\/2024\/06\/kneeboard.jpg?resize=1024%2C683&amp;ssl=1 1024w, https:\/\/i0.wp.com\/www.fun-parc-brumath.fr\/wp-content\/uploads\/2024\/06\/kneeboard.jpg?resize=300%2C200&amp;ssl=1 300w, https:\/\/i0.wp.com\/www.fun-parc-brumath.fr\/wp-content\/uploads\/2024\/06\/kneeboard.jpg?resize=768%2C512&amp;ssl=1 768w, https:\/\/i0.wp.com\/www.fun-parc-brumath.fr\/wp-content\/uploads\/2024\/06\/kneeboard.jpg?resize=1536%2C1024&amp;ssl=1 1536w, https:\/\/i0.wp.com\/www.fun-parc-brumath.fr\/wp-content\/uploads\/2024\/06\/kneeboard.jpg?resize=1850%2C1233&amp;ssl=1 1850w, https:\/\/i0.wp.com\/www.fun-parc-brumath.fr\/wp-content\/uploads\/2024\/06\/kneeboard.jpg?w=1920&amp;ssl=1 1920w\" sizes=\"(max-width: 1024px) 100vw, 1024px\" \/><\/figure><\/li><li class=\"wp-block-jetpack-slideshow_slide swiper-slide\"><figure><img data-recalc-dims=\"1\" loading=\"lazy\" decoding=\"async\" width=\"1024\" height=\"684\" alt=\"\" class=\"wp-block-jetpack-slideshow_image wp-image-3678\" data-id=\"3678\" src=\"https:\/\/i0.wp.com\/www.fun-parc-brumath.fr\/wp-content\/uploads\/2024\/06\/chasse-au-tresorjpg-pexel-1.jpg?resize=1024%2C684&#038;ssl=1\" srcset=\"https:\/\/i0.wp.com\/www.fun-parc-brumath.fr\/wp-content\/uploads\/2024\/06\/chasse-au-tresorjpg-pexel-1.jpg?resize=1024%2C684&amp;ssl=1 1024w, https:\/\/i0.wp.com\/www.fun-parc-brumath.fr\/wp-content\/uploads\/2024\/06\/chasse-au-tresorjpg-pexel-1.jpg?resize=300%2C200&amp;ssl=1 300w, https:\/\/i0.wp.com\/www.fun-parc-brumath.fr\/wp-content\/uploads\/2024\/06\/chasse-au-tresorjpg-pexel-1.jpg?resize=768%2C513&amp;ssl=1 768w, https:\/\/i0.wp.com\/www.fun-parc-brumath.fr\/wp-content\/uploads\/2024\/06\/chasse-au-tresorjpg-pexel-1.jpg?resize=1536%2C1026&amp;ssl=1 1536w, https:\/\/i0.wp.com\/www.fun-parc-brumath.fr\/wp-content\/uploads\/2024\/06\/chasse-au-tresorjpg-pexel-1.jpg?resize=1850%2C1235&amp;ssl=1 1850w, https:\/\/i0.wp.com\/www.fun-parc-brumath.fr\/wp-content\/uploads\/2024\/06\/chasse-au-tresorjpg-pexel-1.jpg?w=1920&amp;ssl=1 1920w\" sizes=\"(max-width: 1024px) 100vw, 1024px\" \/><\/figure><\/li><li class=\"wp-block-jetpack-slideshow_slide swiper-slide\"><figure><img data-recalc-dims=\"1\" loading=\"lazy\" decoding=\"async\" width=\"1024\" height=\"683\" alt=\"\" class=\"wp-block-jetpack-slideshow_image wp-image-3687\" data-id=\"3687\" src=\"https:\/\/i0.wp.com\/www.fun-parc-brumath.fr\/wp-content\/uploads\/2024\/06\/minigolf-1.jpg?resize=1024%2C683&#038;ssl=1\" srcset=\"https:\/\/i0.wp.com\/www.fun-parc-brumath.fr\/wp-content\/uploads\/2024\/06\/minigolf-1.jpg?resize=1024%2C683&amp;ssl=1 1024w, https:\/\/i0.wp.com\/www.fun-parc-brumath.fr\/wp-content\/uploads\/2024\/06\/minigolf-1.jpg?resize=300%2C200&amp;ssl=1 300w, https:\/\/i0.wp.com\/www.fun-parc-brumath.fr\/wp-content\/uploads\/2024\/06\/minigolf-1.jpg?resize=768%2C512&amp;ssl=1 768w, https:\/\/i0.wp.com\/www.fun-parc-brumath.fr\/wp-content\/uploads\/2024\/06\/minigolf-1.jpg?resize=1536%2C1024&amp;ssl=1 1536w, https:\/\/i0.wp.com\/www.fun-parc-brumath.fr\/wp-content\/uploads\/2024\/06\/minigolf-1.jpg?resize=1850%2C1233&amp;ssl=1 1850w, https:\/\/i0.wp.com\/www.fun-parc-brumath.fr\/wp-content\/uploads\/2024\/06\/minigolf-1.jpg?w=1920&amp;ssl=1 1920w\" sizes=\"(max-width: 1024px) 100vw, 1024px\" \/><\/figure><\/li><\/ul><a class=\"wp-block-jetpack-slideshow_button-prev swiper-button-prev swiper-button-white\" role=\"button\"><\/a><a class=\"wp-block-jetpack-slideshow_button-next swiper-button-next swiper-button-white\" role=\"button\"><\/a><a aria-label=\"Pause Slideshow\" class=\"wp-block-jetpack-slideshow_button-pause\" role=\"button\"><\/a><div class=\"wp-block-jetpack-slideshow_pagination swiper-pagination swiper-pagination-white\"><\/div><\/div><\/div><\/div>\n<\/div>\n<\/div>\n\n\n\n<p class=\"has-text-align-center\">Mit unserem <strong>engagierten Team<\/strong> an Ihrer Seite k\u00f6nnen Sie sicher sein, dass jedes Detail beachtet wird, um einen Tag voller <strong>Freude und Spa\u00df<\/strong> f\u00fcr alle Teilnehmer des Tageszentrums zu garantieren.<\/p>\n\n\n\n<p><\/p>\n\n\n<div class=\"wp-block-image\">\n<figure class=\"aligncenter size-large\"><img data-recalc-dims=\"1\" loading=\"lazy\" decoding=\"async\" width=\"1024\" height=\"576\" src=\"https:\/\/i0.wp.com\/www.fun-parc-brumath.fr\/wp-content\/uploads\/2024\/06\/fun-team.jpg?resize=1024%2C576&#038;ssl=1\" alt=\"\" class=\"wp-image-3698\" srcset=\"https:\/\/i0.wp.com\/www.fun-parc-brumath.fr\/wp-content\/uploads\/2024\/06\/fun-team.jpg?resize=1024%2C576&amp;ssl=1 1024w, https:\/\/i0.wp.com\/www.fun-parc-brumath.fr\/wp-content\/uploads\/2024\/06\/fun-team.jpg?resize=300%2C169&amp;ssl=1 300w, https:\/\/i0.wp.com\/www.fun-parc-brumath.fr\/wp-content\/uploads\/2024\/06\/fun-team.jpg?resize=768%2C432&amp;ssl=1 768w, https:\/\/i0.wp.com\/www.fun-parc-brumath.fr\/wp-content\/uploads\/2024\/06\/fun-team.jpg?resize=1536%2C864&amp;ssl=1 1536w, https:\/\/i0.wp.com\/www.fun-parc-brumath.fr\/wp-content\/uploads\/2024\/06\/fun-team.jpg?resize=1850%2C1041&amp;ssl=1 1850w, https:\/\/i0.wp.com\/www.fun-parc-brumath.fr\/wp-content\/uploads\/2024\/06\/fun-team.jpg?w=1920&amp;ssl=1 1920w\" sizes=\"auto, (max-width: 1024px) 100vw, 1024px\" \/><\/figure>\n<\/div><\/div><\/div><\/div><\/div><\/div>\n\n<p class=\"has-text-align-center\">W\u00e4hlen Sie eines unserer <strong>fertigen Pakete<\/strong> f\u00fcr einen Tag voller <strong>Spa\u00df<\/strong> und Action oder stellen Sie Ihr eigenes <strong>ma\u00dfgeschneidertes Abenteuer<\/strong> zusammen, das genau den Erwartungen Ihrer Gruppe entspricht.<\/p>\n\n<div class=\"wp-block-getwid-accordion has-icon-left\" data-active-element=\"none\">\n<div class=\"wp-block-getwid-accordion__header-wrapper\"><span class=\"wp-block-getwid-accordion__header\"><a href=\"#\"><span class=\"wp-block-getwid-accordion__header-title\">Olympiades en plein air<\/span><span class=\"wp-block-getwid-accordion__icon is-active\"><i class=\"fas fa-plus\"><\/i><\/span><span class=\"wp-block-getwid-accordion__icon is-passive\"><i class=\"fas fa-minus\"><\/i><\/span><\/a><\/span><\/div><div class=\"wp-block-getwid-accordion__content-wrapper\"><div class=\"wp-block-getwid-accordion__content\">\n<ul class=\"wp-block-list\">\n<li>Mini-Olympiade pro Team: Minigolf, Tretbootrennen, Orientierungslauf oder Schatzsuche, Softpaint.<\/li>\n<\/ul>\n<\/div><\/div>\n\n\n\n<div class=\"wp-block-getwid-accordion__header-wrapper\"><span class=\"wp-block-getwid-accordion__header\"><a href=\"#\"><span class=\"wp-block-getwid-accordion__header-title\">Journ\u00e9e aventure<\/span><span class=\"wp-block-getwid-accordion__icon is-active\"><i class=\"fas fa-plus\"><\/i><\/span><span class=\"wp-block-getwid-accordion__icon is-passive\"><i class=\"fas fa-minus\"><\/i><\/span><\/a><\/span><\/div><div class=\"wp-block-getwid-accordion__content-wrapper\"><div class=\"wp-block-getwid-accordion__content\">\n<ul class=\"wp-block-list\">\n<li>Baumklettern (3 Stunden) ODER Wakeboarding (2 Stunden)<\/li>\n\n\n\n<li>Privatisierung einer unserer R\u00e4umlichkeiten f\u00fcr das Essen\/den Imbiss (Pfahlterrasse ODER Rooftop)<\/li>\n<\/ul>\n\n\n\n<p><\/p>\n\n\n\n<p><strong><mark style=\"background-color:rgba(0, 0, 0, 0)\" class=\"has-inline-color has-primary-color\">20\u20ac inkl. Steuern\/Person<\/mark><\/strong> <s>23\u20ac inkl. Steuern\/Person<\/s><\/p>\n<\/div><\/div>\n\n\n\n<div class=\"wp-block-getwid-accordion__header-wrapper\"><span class=\"wp-block-getwid-accordion__header\"><a href=\"#\"><span class=\"wp-block-getwid-accordion__header-title\">Votre sortie sur mesure<\/span><span class=\"wp-block-getwid-accordion__icon is-active\"><i class=\"fas fa-plus\"><\/i><\/span><span class=\"wp-block-getwid-accordion__icon is-passive\"><i class=\"fas fa-minus\"><\/i><\/span><\/a><\/span><\/div><div class=\"wp-block-getwid-accordion__content-wrapper\"><div class=\"wp-block-getwid-accordion__content\">\n<div class=\"wp-block-buttons is-content-justification-center is-layout-flex wp-container-core-buttons-is-layout-16018d1d wp-block-buttons-is-layout-flex\">\n<div class=\"wp-block-button\"><a class=\"wp-block-button__link has-text-align-center wp-element-button\" href=\"https:\/\/www.fun-parc-brumath.fr\/de\/kontakt\/\" target=\"_blank\" rel=\"noreferrer noopener\">Kontaktieren Sie uns<\/a><\/div>\n<\/div>\n<\/div><\/div>\n<\/div>\n","protected":false},"excerpt":{"rendered":"<p>Aktivit\u00e4ten f\u00fcr Kinder f\u00fcr unvergessliche Erinnerungen an Abenteuer! Lassen Sie sie ein Abenteuer auf dem Wasser oder im Wald des Fun Parc erleben, einem Freizeitpark, der nur 15 Minuten von [&hellip;]<\/p>\n","protected":false},"author":12,"featured_media":0,"parent":0,"menu_order":0,"comment_status":"closed","ping_status":"closed","template":"template-minimal.php","meta":{"_monsterinsights_skip_tracking":false,"_monsterinsights_sitenote_active":false,"_monsterinsights_sitenote_note":"","_monsterinsights_sitenote_category":0,"footnotes":""},"class_list":["post-4168","page","type-page","status-publish","hentry"],"yoast_head":"<!-- This site is optimized with the Yoast SEO plugin v27.3 - https:\/\/yoast.com\/product\/yoast-seo-wordpress\/ -->\n<title>Tagesst\u00e4tten &#8226; Fun Parc Brumath<\/title>\n<meta name=\"description\" content=\"Entdecken Sie unsere speziellen Angebote f\u00fcr Ausfl\u00fcge von Ferienzentren. Wasser- und Landaktivit\u00e4ten, f\u00fcr jeden Abenteurer ist etwas dabei!\" \/>\n<meta name=\"robots\" content=\"index, follow, max-snippet:-1, max-image-preview:large, max-video-preview:-1\" \/>\n<link rel=\"canonical\" href=\"https:\/\/www.fun-parc-brumath.fr\/de\/tagesstaetten\/\" \/>\n<meta property=\"og:locale\" content=\"de_DE\" \/>\n<meta property=\"og:type\" content=\"article\" \/>\n<meta property=\"og:title\" content=\"Tagesst\u00e4tten &#8226; Fun Parc Brumath\" \/>\n<meta property=\"og:description\" content=\"Entdecken Sie unsere speziellen Angebote f\u00fcr Ausfl\u00fcge von Ferienzentren. Wasser- und Landaktivit\u00e4ten, f\u00fcr jeden Abenteurer ist etwas dabei!\" \/>\n<meta property=\"og:url\" content=\"https:\/\/www.fun-parc-brumath.fr\/de\/tagesstaetten\/\" \/>\n<meta property=\"og:site_name\" content=\"Fun Parc Brumath\" \/>\n<meta property=\"article:modified_time\" content=\"2024-11-15T10:37:44+00:00\" \/>\n<meta property=\"og:image\" content=\"https:\/\/www.fun-parc-brumath.fr\/wp-content\/uploads\/2024\/06\/accrobranche-kids-715x1024.jpg\" \/>\n<meta name=\"twitter:card\" content=\"summary_large_image\" \/>\n<meta name=\"twitter:label1\" content=\"Gesch\u00e4tzte Lesezeit\" \/>\n\t<meta name=\"twitter:data1\" content=\"1\u00a0Minute\" \/>\n<script type=\"application\/ld+json\" class=\"yoast-schema-graph\">{\"@context\":\"https:\\\/\\\/schema.org\",\"@graph\":[{\"@type\":\"WebPage\",\"@id\":\"https:\\\/\\\/www.fun-parc-brumath.fr\\\/de\\\/tagesstaetten\\\/\",\"url\":\"https:\\\/\\\/www.fun-parc-brumath.fr\\\/de\\\/tagesstaetten\\\/\",\"name\":\"Tagesst\u00e4tten &#8226; Fun Parc Brumath\",\"isPartOf\":{\"@id\":\"https:\\\/\\\/www.fun-parc-brumath.fr\\\/de\\\/#website\"},\"primaryImageOfPage\":{\"@id\":\"https:\\\/\\\/www.fun-parc-brumath.fr\\\/de\\\/tagesstaetten\\\/#primaryimage\"},\"image\":{\"@id\":\"https:\\\/\\\/www.fun-parc-brumath.fr\\\/de\\\/tagesstaetten\\\/#primaryimage\"},\"thumbnailUrl\":\"https:\\\/\\\/www.fun-parc-brumath.fr\\\/wp-content\\\/uploads\\\/2024\\\/06\\\/accrobranche-kids-715x1024.jpg\",\"datePublished\":\"2024-11-15T08:27:09+00:00\",\"dateModified\":\"2024-11-15T10:37:44+00:00\",\"description\":\"Entdecken Sie unsere speziellen Angebote f\u00fcr Ausfl\u00fcge von Ferienzentren. Wasser- und Landaktivit\u00e4ten, f\u00fcr jeden Abenteurer ist etwas dabei!\",\"breadcrumb\":{\"@id\":\"https:\\\/\\\/www.fun-parc-brumath.fr\\\/de\\\/tagesstaetten\\\/#breadcrumb\"},\"inLanguage\":\"de\",\"potentialAction\":[{\"@type\":\"ReadAction\",\"target\":[\"https:\\\/\\\/www.fun-parc-brumath.fr\\\/de\\\/tagesstaetten\\\/\"]}]},{\"@type\":\"ImageObject\",\"inLanguage\":\"de\",\"@id\":\"https:\\\/\\\/www.fun-parc-brumath.fr\\\/de\\\/tagesstaetten\\\/#primaryimage\",\"url\":\"https:\\\/\\\/www.fun-parc-brumath.fr\\\/wp-content\\\/uploads\\\/2024\\\/06\\\/accrobranche-kids-715x1024.jpg\",\"contentUrl\":\"https:\\\/\\\/www.fun-parc-brumath.fr\\\/wp-content\\\/uploads\\\/2024\\\/06\\\/accrobranche-kids-715x1024.jpg\"},{\"@type\":\"BreadcrumbList\",\"@id\":\"https:\\\/\\\/www.fun-parc-brumath.fr\\\/de\\\/tagesstaetten\\\/#breadcrumb\",\"itemListElement\":[{\"@type\":\"ListItem\",\"position\":1,\"name\":\"Accueil\",\"item\":\"https:\\\/\\\/www.fun-parc-brumath.fr\\\/de\\\/\"},{\"@type\":\"ListItem\",\"position\":2,\"name\":\"Tagesst\u00e4tten\"}]},{\"@type\":\"WebSite\",\"@id\":\"https:\\\/\\\/www.fun-parc-brumath.fr\\\/de\\\/#website\",\"url\":\"https:\\\/\\\/www.fun-parc-brumath.fr\\\/de\\\/\",\"name\":\"Alsafun\",\"description\":\"Parc de loisirs de la re\u0301gion Grand Est\",\"publisher\":{\"@id\":\"https:\\\/\\\/www.fun-parc-brumath.fr\\\/de\\\/#organization\"},\"potentialAction\":[{\"@type\":\"SearchAction\",\"target\":{\"@type\":\"EntryPoint\",\"urlTemplate\":\"https:\\\/\\\/www.fun-parc-brumath.fr\\\/de\\\/?s={search_term_string}\"},\"query-input\":{\"@type\":\"PropertyValueSpecification\",\"valueRequired\":true,\"valueName\":\"search_term_string\"}}],\"inLanguage\":\"de\"},{\"@type\":\"Organization\",\"@id\":\"https:\\\/\\\/www.fun-parc-brumath.fr\\\/de\\\/#organization\",\"name\":\"Fun Parc Brumath\",\"url\":\"https:\\\/\\\/www.fun-parc-brumath.fr\\\/de\\\/\",\"logo\":{\"@type\":\"ImageObject\",\"inLanguage\":\"de\",\"@id\":\"https:\\\/\\\/www.fun-parc-brumath.fr\\\/de\\\/#\\\/schema\\\/logo\\\/image\\\/\",\"url\":\"https:\\\/\\\/www.fun-parc-brumath.fr\\\/wp-content\\\/uploads\\\/2021\\\/03\\\/logo-footer.png\",\"contentUrl\":\"https:\\\/\\\/www.fun-parc-brumath.fr\\\/wp-content\\\/uploads\\\/2021\\\/03\\\/logo-footer.png\",\"width\":162,\"height\":165,\"caption\":\"Fun Parc Brumath\"},\"image\":{\"@id\":\"https:\\\/\\\/www.fun-parc-brumath.fr\\\/de\\\/#\\\/schema\\\/logo\\\/image\\\/\"}}]}<\/script>\n<!-- \/ Yoast SEO plugin. -->","yoast_head_json":{"title":"Tagesst\u00e4tten &#8226; Fun Parc Brumath","description":"Entdecken Sie unsere speziellen Angebote f\u00fcr Ausfl\u00fcge von Ferienzentren. Wasser- und Landaktivit\u00e4ten, f\u00fcr jeden Abenteurer ist etwas dabei!","robots":{"index":"index","follow":"follow","max-snippet":"max-snippet:-1","max-image-preview":"max-image-preview:large","max-video-preview":"max-video-preview:-1"},"canonical":"https:\/\/www.fun-parc-brumath.fr\/de\/tagesstaetten\/","og_locale":"de_DE","og_type":"article","og_title":"Tagesst\u00e4tten &#8226; Fun Parc Brumath","og_description":"Entdecken Sie unsere speziellen Angebote f\u00fcr Ausfl\u00fcge von Ferienzentren. Wasser- und Landaktivit\u00e4ten, f\u00fcr jeden Abenteurer ist etwas dabei!","og_url":"https:\/\/www.fun-parc-brumath.fr\/de\/tagesstaetten\/","og_site_name":"Fun Parc Brumath","article_modified_time":"2024-11-15T10:37:44+00:00","og_image":[{"url":"https:\/\/www.fun-parc-brumath.fr\/wp-content\/uploads\/2024\/06\/accrobranche-kids-715x1024.jpg","type":"","width":"","height":""}],"twitter_card":"summary_large_image","twitter_misc":{"Gesch\u00e4tzte Lesezeit":"1\u00a0Minute"},"schema":{"@context":"https:\/\/schema.org","@graph":[{"@type":"WebPage","@id":"https:\/\/www.fun-parc-brumath.fr\/de\/tagesstaetten\/","url":"https:\/\/www.fun-parc-brumath.fr\/de\/tagesstaetten\/","name":"Tagesst\u00e4tten &#8226; Fun Parc Brumath","isPartOf":{"@id":"https:\/\/www.fun-parc-brumath.fr\/de\/#website"},"primaryImageOfPage":{"@id":"https:\/\/www.fun-parc-brumath.fr\/de\/tagesstaetten\/#primaryimage"},"image":{"@id":"https:\/\/www.fun-parc-brumath.fr\/de\/tagesstaetten\/#primaryimage"},"thumbnailUrl":"https:\/\/www.fun-parc-brumath.fr\/wp-content\/uploads\/2024\/06\/accrobranche-kids-715x1024.jpg","datePublished":"2024-11-15T08:27:09+00:00","dateModified":"2024-11-15T10:37:44+00:00","description":"Entdecken Sie unsere speziellen Angebote f\u00fcr Ausfl\u00fcge von Ferienzentren. Wasser- und Landaktivit\u00e4ten, f\u00fcr jeden Abenteurer ist etwas dabei!","breadcrumb":{"@id":"https:\/\/www.fun-parc-brumath.fr\/de\/tagesstaetten\/#breadcrumb"},"inLanguage":"de","potentialAction":[{"@type":"ReadAction","target":["https:\/\/www.fun-parc-brumath.fr\/de\/tagesstaetten\/"]}]},{"@type":"ImageObject","inLanguage":"de","@id":"https:\/\/www.fun-parc-brumath.fr\/de\/tagesstaetten\/#primaryimage","url":"https:\/\/www.fun-parc-brumath.fr\/wp-content\/uploads\/2024\/06\/accrobranche-kids-715x1024.jpg","contentUrl":"https:\/\/www.fun-parc-brumath.fr\/wp-content\/uploads\/2024\/06\/accrobranche-kids-715x1024.jpg"},{"@type":"BreadcrumbList","@id":"https:\/\/www.fun-parc-brumath.fr\/de\/tagesstaetten\/#breadcrumb","itemListElement":[{"@type":"ListItem","position":1,"name":"Accueil","item":"https:\/\/www.fun-parc-brumath.fr\/de\/"},{"@type":"ListItem","position":2,"name":"Tagesst\u00e4tten"}]},{"@type":"WebSite","@id":"https:\/\/www.fun-parc-brumath.fr\/de\/#website","url":"https:\/\/www.fun-parc-brumath.fr\/de\/","name":"Alsafun","description":"Parc de loisirs de la re\u0301gion Grand Est","publisher":{"@id":"https:\/\/www.fun-parc-brumath.fr\/de\/#organization"},"potentialAction":[{"@type":"SearchAction","target":{"@type":"EntryPoint","urlTemplate":"https:\/\/www.fun-parc-brumath.fr\/de\/?s={search_term_string}"},"query-input":{"@type":"PropertyValueSpecification","valueRequired":true,"valueName":"search_term_string"}}],"inLanguage":"de"},{"@type":"Organization","@id":"https:\/\/www.fun-parc-brumath.fr\/de\/#organization","name":"Fun Parc Brumath","url":"https:\/\/www.fun-parc-brumath.fr\/de\/","logo":{"@type":"ImageObject","inLanguage":"de","@id":"https:\/\/www.fun-parc-brumath.fr\/de\/#\/schema\/logo\/image\/","url":"https:\/\/www.fun-parc-brumath.fr\/wp-content\/uploads\/2021\/03\/logo-footer.png","contentUrl":"https:\/\/www.fun-parc-brumath.fr\/wp-content\/uploads\/2021\/03\/logo-footer.png","width":162,"height":165,"caption":"Fun Parc Brumath"},"image":{"@id":"https:\/\/www.fun-parc-brumath.fr\/de\/#\/schema\/logo\/image\/"}}]}},"jetpack_sharing_enabled":true,"_links":{"self":[{"href":"https:\/\/www.fun-parc-brumath.fr\/de\/wp-json\/wp\/v2\/pages\/4168","targetHints":{"allow":["GET"]}}],"collection":[{"href":"https:\/\/www.fun-parc-brumath.fr\/de\/wp-json\/wp\/v2\/pages"}],"about":[{"href":"https:\/\/www.fun-parc-brumath.fr\/de\/wp-json\/wp\/v2\/types\/page"}],"author":[{"embeddable":true,"href":"https:\/\/www.fun-parc-brumath.fr\/de\/wp-json\/wp\/v2\/users\/12"}],"replies":[{"embeddable":true,"href":"https:\/\/www.fun-parc-brumath.fr\/de\/wp-json\/wp\/v2\/comments?post=4168"}],"version-history":[{"count":2,"href":"https:\/\/www.fun-parc-brumath.fr\/de\/wp-json\/wp\/v2\/pages\/4168\/revisions"}],"predecessor-version":[{"id":4422,"href":"https:\/\/www.fun-parc-brumath.fr\/de\/wp-json\/wp\/v2\/pages\/4168\/revisions\/4422"}],"wp:attachment":[{"href":"https:\/\/www.fun-parc-brumath.fr\/de\/wp-json\/wp\/v2\/media?parent=4168"}],"curies":[{"name":"wp","href":"https:\/\/api.w.org\/{rel}","templated":true}]}}