{"id":4162,"date":"2024-11-15T09:27:05","date_gmt":"2024-11-15T08:27:05","guid":{"rendered":"https:\/\/www.fun-parc-brumath.fr\/oktoberfest-fun-parc-2024\/"},"modified":"2024-11-15T11:37:43","modified_gmt":"2024-11-15T10:37:43","slug":"oktoberfest-fun-parc-2024","status":"publish","type":"page","link":"https:\/\/www.fun-parc-brumath.fr\/de\/oktoberfest-fun-parc-2024\/","title":{"rendered":"OKTOBERFEST FUN PARC 2024"},"content":{"rendered":"\n<p><\/p>\n\n<h1 class=\"wp-block-heading has-text-align-center\">OKTOBERFEST FUN PARC BRUMATH 2024<\/h1>\n\n<p><\/p>\n\n<p class=\"has-text-align-center\">Besuchen Sie uns am 27. und 28. September von 18.00 bis 1.00 Uhr f\u00fcr eine noch nie dagewesene Veranstaltung im Fun Parc: das<strong>OKTOBERFEST<\/strong>!<\/p>\n\n<p><\/p>\n<div class=\"wp-block-image\">\n<figure class=\"aligncenter size-full is-resized\"><img data-recalc-dims=\"1\" loading=\"lazy\" decoding=\"async\" width=\"1140\" height=\"380\" src=\"https:\/\/i0.wp.com\/www.fun-parc-brumath.fr\/wp-content\/uploads\/2024\/09\/site-internet-2-1.jpg?resize=1140%2C380&#038;ssl=1\" alt=\"\" class=\"wp-image-3947\" style=\"width:966px;height:auto\" srcset=\"https:\/\/i0.wp.com\/www.fun-parc-brumath.fr\/wp-content\/uploads\/2024\/09\/site-internet-2-1.jpg?w=1875&amp;ssl=1 1875w, https:\/\/i0.wp.com\/www.fun-parc-brumath.fr\/wp-content\/uploads\/2024\/09\/site-internet-2-1.jpg?resize=300%2C100&amp;ssl=1 300w, https:\/\/i0.wp.com\/www.fun-parc-brumath.fr\/wp-content\/uploads\/2024\/09\/site-internet-2-1.jpg?resize=1024%2C341&amp;ssl=1 1024w, https:\/\/i0.wp.com\/www.fun-parc-brumath.fr\/wp-content\/uploads\/2024\/09\/site-internet-2-1.jpg?resize=768%2C256&amp;ssl=1 768w, https:\/\/i0.wp.com\/www.fun-parc-brumath.fr\/wp-content\/uploads\/2024\/09\/site-internet-2-1.jpg?resize=1536%2C512&amp;ssl=1 1536w, https:\/\/i0.wp.com\/www.fun-parc-brumath.fr\/wp-content\/uploads\/2024\/09\/site-internet-2-1.jpg?resize=1850%2C617&amp;ssl=1 1850w\" sizes=\"auto, (max-width: 1140px) 100vw, 1140px\" \/><\/figure>\n<\/div>\n<p><\/p>\n\n<div style=\"height:31px\" aria-hidden=\"true\" class=\"wp-block-spacer\"><\/div>\n\n<p><\/p>\n\n<div class=\"wp-block-columns is-layout-flex wp-container-core-columns-is-layout-9d6595d7 wp-block-columns-is-layout-flex\">\n<div class=\"wp-block-column is-layout-flow wp-block-column-is-layout-flow\"><div class=\"wp-block-image\">\n<figure class=\"aligncenter size-large is-resized\"><img data-recalc-dims=\"1\" loading=\"lazy\" decoding=\"async\" width=\"1024\" height=\"576\" src=\"https:\/\/i0.wp.com\/www.fun-parc-brumath.fr\/wp-content\/uploads\/2024\/09\/dsc01507.jpg?resize=1024%2C576&#038;ssl=1\" alt=\"\" class=\"wp-image-3895\" style=\"width:260px;height:auto\" srcset=\"https:\/\/i0.wp.com\/www.fun-parc-brumath.fr\/wp-content\/uploads\/2024\/09\/dsc01507.jpg?resize=1024%2C576&amp;ssl=1 1024w, https:\/\/i0.wp.com\/www.fun-parc-brumath.fr\/wp-content\/uploads\/2024\/09\/dsc01507.jpg?resize=300%2C169&amp;ssl=1 300w, https:\/\/i0.wp.com\/www.fun-parc-brumath.fr\/wp-content\/uploads\/2024\/09\/dsc01507.jpg?resize=768%2C432&amp;ssl=1 768w, https:\/\/i0.wp.com\/www.fun-parc-brumath.fr\/wp-content\/uploads\/2024\/09\/dsc01507.jpg?resize=1536%2C864&amp;ssl=1 1536w, https:\/\/i0.wp.com\/www.fun-parc-brumath.fr\/wp-content\/uploads\/2024\/09\/dsc01507.jpg?resize=1850%2C1041&amp;ssl=1 1850w, https:\/\/i0.wp.com\/www.fun-parc-brumath.fr\/wp-content\/uploads\/2024\/09\/dsc01507.jpg?w=1920&amp;ssl=1 1920w\" sizes=\"auto, (max-width: 1024px) 100vw, 1024px\" \/><\/figure>\n<\/div><\/div>\n\n\n\n<div class=\"wp-block-column is-layout-flow wp-block-column-is-layout-flow\">\n<h2 class=\"wp-block-heading has-text-align-center\">ESSEN UND TRINKEN<\/h2>\n\n\n\n<p class=\"has-text-align-center\">F\u00fcr Erfrischungen w\u00e4hrend des Festes besuchen Sie den Meteor-Stand! Probieren Sie Ihr Lieblingsbier und essen Sie am Flammkuchenstand! <\/p>\n<\/div>\n\n\n\n<div class=\"wp-block-column is-layout-flow wp-block-column-is-layout-flow\"><div class=\"wp-block-image\">\n<figure class=\"aligncenter size-large is-resized\"><img data-recalc-dims=\"1\" loading=\"lazy\" decoding=\"async\" width=\"1024\" height=\"768\" src=\"https:\/\/i0.wp.com\/www.fun-parc-brumath.fr\/wp-content\/uploads\/2024\/09\/tarte-flambee.jpg?resize=1024%2C768&#038;ssl=1\" alt=\"\" class=\"wp-image-3898\" style=\"width:220px;height:auto\" srcset=\"https:\/\/i0.wp.com\/www.fun-parc-brumath.fr\/wp-content\/uploads\/2024\/09\/tarte-flambee.jpg?resize=1024%2C768&amp;ssl=1 1024w, https:\/\/i0.wp.com\/www.fun-parc-brumath.fr\/wp-content\/uploads\/2024\/09\/tarte-flambee.jpg?resize=300%2C225&amp;ssl=1 300w, https:\/\/i0.wp.com\/www.fun-parc-brumath.fr\/wp-content\/uploads\/2024\/09\/tarte-flambee.jpg?resize=768%2C576&amp;ssl=1 768w, https:\/\/i0.wp.com\/www.fun-parc-brumath.fr\/wp-content\/uploads\/2024\/09\/tarte-flambee.jpg?resize=800%2C600&amp;ssl=1 800w, https:\/\/i0.wp.com\/www.fun-parc-brumath.fr\/wp-content\/uploads\/2024\/09\/tarte-flambee.jpg?resize=640%2C480&amp;ssl=1 640w, https:\/\/i0.wp.com\/www.fun-parc-brumath.fr\/wp-content\/uploads\/2024\/09\/tarte-flambee.jpg?w=1140&amp;ssl=1 1140w\" sizes=\"auto, (max-width: 1024px) 100vw, 1024px\" \/><\/figure>\n<\/div><\/div>\n<\/div>\n\n<p><\/p>\n\n<div style=\"height:28px\" aria-hidden=\"true\" class=\"wp-block-spacer\"><\/div>\n\n<div class=\"wp-block-columns is-layout-flex wp-container-core-columns-is-layout-9d6595d7 wp-block-columns-is-layout-flex\">\n<div class=\"wp-block-column is-layout-flow wp-block-column-is-layout-flow\">\n<h2 class=\"wp-block-heading has-text-align-center\">EINZELNE VENTURES<\/h2>\n\n\n\n<p class=\"has-text-align-center\">Profitieren Sie von den Vorzugspreisen im Vorverkauf mit 1 Eintritt, 1 Ecocup und 1 Pint f\u00fcr nur 9 \u20ac!<\/p>\n\n\n\n<p class=\"has-text-align-center\">Und f\u00fcr 2 Pl\u00e4tze erhalten Sie den DUO-PASS f\u00fcr 15 \u20ac!<\/p>\n\n\n\n<p><\/p>\n\n\n\n<div class=\"wp-block-buttons is-content-justification-center is-layout-flex wp-container-core-buttons-is-layout-16018d1d wp-block-buttons-is-layout-flex\">\n<div class=\"wp-block-button\"><a class=\"wp-block-button__link wp-element-button\" href=\"https:\/\/www.fun-parc-brumath.fr\/de\/kontakt\/?g-path=%2Fcart%2Factivities%2FKf6GrRMsg9oLVD5wvb3zmUB1HYJaITXcP8ZQ\">MEINEN VORVERKAUFSSCHEIN NEHMEN<\/a><\/div>\n<\/div>\n<\/div>\n\n\n\n<div class=\"wp-block-column is-layout-flow wp-block-column-is-layout-flow\">\n<h2 class=\"wp-block-heading has-text-align-center\">PREVENTES UNTERNEHMEN<\/h2>\n\n\n\n<p class=\"has-text-align-center\">M\u00f6chten Sie Ihre Mitarbeiter oder Kunden zu dieser einzigartigen Veranstaltung einladen?  <\/p>\n\n\n\n<p class=\"has-text-align-center\">Z\u00f6gern Sie nicht, uns zu kontaktieren, um einen Tisch zu reservieren und von einem Sonderangebot zu profitieren!<\/p>\n\n\n\n<p><\/p>\n\n\n\n<div class=\"wp-block-buttons is-content-justification-center is-layout-flex wp-container-core-buttons-is-layout-16018d1d wp-block-buttons-is-layout-flex\">\n<div class=\"wp-block-button\"><a class=\"wp-block-button__link wp-element-button\" href=\"https:\/\/www.fun-parc-brumath.fr\/de\/kontakt\/\">KONTAKTIEREN SIE UNS<\/a><\/div>\n<\/div>\n<\/div>\n<\/div>\n\n<div style=\"height:35px\" aria-hidden=\"true\" class=\"wp-block-spacer\"><\/div>\n\n<h2 class=\"wp-block-heading has-text-align-center\">IN MUSIK<\/h2>\n\n<p class=\"has-text-align-center\">Am Freitagabend wird <strong>Alex Pfiff<\/strong> mit seiner legend\u00e4ren guten Laune und seiner 100%igen Oktoberfestmusik durch den Abend f\u00fchren!<\/p>\n\n<p class=\"has-text-align-center\">Lassen Sie sich am Samstag von der Energie der <strong>Band Top&#8217;s<\/strong> und den <strong>DJs Elsass Brothers<\/strong> mitrei\u00dfen, die Sie die ganze Nacht tanzen lassen werden!<\/p>\n<div class=\"wp-block-image\">\n<figure class=\"aligncenter size-large\"><img data-recalc-dims=\"1\" loading=\"lazy\" decoding=\"async\" width=\"1024\" height=\"576\" src=\"https:\/\/i0.wp.com\/www.fun-parc-brumath.fr\/wp-content\/uploads\/2024\/09\/oktoberfest-banniere-event-fb-nouvelle-banniere-4.jpg?resize=1024%2C576&#038;ssl=1\" alt=\"\" class=\"wp-image-3955\" srcset=\"https:\/\/i0.wp.com\/www.fun-parc-brumath.fr\/wp-content\/uploads\/2024\/09\/oktoberfest-banniere-event-fb-nouvelle-banniere-4.jpg?resize=1024%2C576&amp;ssl=1 1024w, https:\/\/i0.wp.com\/www.fun-parc-brumath.fr\/wp-content\/uploads\/2024\/09\/oktoberfest-banniere-event-fb-nouvelle-banniere-4.jpg?resize=300%2C169&amp;ssl=1 300w, https:\/\/i0.wp.com\/www.fun-parc-brumath.fr\/wp-content\/uploads\/2024\/09\/oktoberfest-banniere-event-fb-nouvelle-banniere-4.jpg?resize=768%2C432&amp;ssl=1 768w, https:\/\/i0.wp.com\/www.fun-parc-brumath.fr\/wp-content\/uploads\/2024\/09\/oktoberfest-banniere-event-fb-nouvelle-banniere-4.jpg?resize=1536%2C864&amp;ssl=1 1536w, https:\/\/i0.wp.com\/www.fun-parc-brumath.fr\/wp-content\/uploads\/2024\/09\/oktoberfest-banniere-event-fb-nouvelle-banniere-4.jpg?resize=1850%2C1041&amp;ssl=1 1850w, https:\/\/i0.wp.com\/www.fun-parc-brumath.fr\/wp-content\/uploads\/2024\/09\/oktoberfest-banniere-event-fb-nouvelle-banniere-4.jpg?w=1920&amp;ssl=1 1920w\" sizes=\"auto, (max-width: 1024px) 100vw, 1024px\" \/><\/figure>\n<\/div>\n<div style=\"height:33px\" aria-hidden=\"true\" class=\"wp-block-spacer\"><\/div>\n\n<p><\/p>\n","protected":false},"excerpt":{"rendered":"<p>OKTOBERFEST FUN PARC BRUMATH 2024 Besuchen Sie uns am 27. und 28. September von 18.00 bis 1.00 Uhr f\u00fcr eine noch nie dagewesene Veranstaltung im Fun Parc: dasOKTOBERFEST! ESSEN UND [&hellip;]<\/p>\n","protected":false},"author":12,"featured_media":0,"parent":0,"menu_order":0,"comment_status":"closed","ping_status":"closed","template":"template-minimal.php","meta":{"_monsterinsights_skip_tracking":false,"_monsterinsights_sitenote_active":false,"_monsterinsights_sitenote_note":"","_monsterinsights_sitenote_category":0,"footnotes":""},"class_list":["post-4162","page","type-page","status-publish","hentry"],"yoast_head":"<!-- This site is optimized with the Yoast SEO plugin v27.3 - https:\/\/yoast.com\/product\/yoast-seo-wordpress\/ -->\n<title>OKTOBERFEST FUN PARC 2024 &#8226; Fun Parc Brumath<\/title>\n<meta name=\"robots\" content=\"index, follow, max-snippet:-1, max-image-preview:large, max-video-preview:-1\" \/>\n<link rel=\"canonical\" href=\"https:\/\/www.fun-parc-brumath.fr\/de\/oktoberfest-fun-parc-2024\/\" \/>\n<meta property=\"og:locale\" content=\"de_DE\" \/>\n<meta property=\"og:type\" content=\"article\" \/>\n<meta property=\"og:title\" content=\"OKTOBERFEST FUN PARC 2024 &#8226; Fun Parc Brumath\" \/>\n<meta property=\"og:description\" content=\"OKTOBERFEST FUN PARC BRUMATH 2024 Besuchen Sie uns am 27. und 28. September von 18.00 bis 1.00 Uhr f\u00fcr eine noch nie dagewesene Veranstaltung im Fun Parc: dasOKTOBERFEST! ESSEN UND [&hellip;]\" \/>\n<meta property=\"og:url\" content=\"https:\/\/www.fun-parc-brumath.fr\/de\/oktoberfest-fun-parc-2024\/\" \/>\n<meta property=\"og:site_name\" content=\"Fun Parc Brumath\" \/>\n<meta property=\"article:modified_time\" content=\"2024-11-15T10:37:43+00:00\" \/>\n<meta property=\"og:image\" content=\"https:\/\/www.fun-parc-brumath.fr\/wp-content\/uploads\/2024\/09\/site-internet-2-1.jpg\" \/>\n<meta name=\"twitter:card\" content=\"summary_large_image\" \/>\n<meta name=\"twitter:label1\" content=\"Gesch\u00e4tzte Lesezeit\" \/>\n\t<meta name=\"twitter:data1\" content=\"1\u00a0Minute\" \/>\n<script type=\"application\/ld+json\" class=\"yoast-schema-graph\">{\"@context\":\"https:\\\/\\\/schema.org\",\"@graph\":[{\"@type\":\"WebPage\",\"@id\":\"https:\\\/\\\/www.fun-parc-brumath.fr\\\/de\\\/oktoberfest-fun-parc-2024\\\/\",\"url\":\"https:\\\/\\\/www.fun-parc-brumath.fr\\\/de\\\/oktoberfest-fun-parc-2024\\\/\",\"name\":\"OKTOBERFEST FUN PARC 2024 &#8226; Fun Parc Brumath\",\"isPartOf\":{\"@id\":\"https:\\\/\\\/www.fun-parc-brumath.fr\\\/de\\\/#website\"},\"primaryImageOfPage\":{\"@id\":\"https:\\\/\\\/www.fun-parc-brumath.fr\\\/de\\\/oktoberfest-fun-parc-2024\\\/#primaryimage\"},\"image\":{\"@id\":\"https:\\\/\\\/www.fun-parc-brumath.fr\\\/de\\\/oktoberfest-fun-parc-2024\\\/#primaryimage\"},\"thumbnailUrl\":\"https:\\\/\\\/www.fun-parc-brumath.fr\\\/wp-content\\\/uploads\\\/2024\\\/09\\\/site-internet-2-1.jpg\",\"datePublished\":\"2024-11-15T08:27:05+00:00\",\"dateModified\":\"2024-11-15T10:37:43+00:00\",\"breadcrumb\":{\"@id\":\"https:\\\/\\\/www.fun-parc-brumath.fr\\\/de\\\/oktoberfest-fun-parc-2024\\\/#breadcrumb\"},\"inLanguage\":\"de\",\"potentialAction\":[{\"@type\":\"ReadAction\",\"target\":[\"https:\\\/\\\/www.fun-parc-brumath.fr\\\/de\\\/oktoberfest-fun-parc-2024\\\/\"]}]},{\"@type\":\"ImageObject\",\"inLanguage\":\"de\",\"@id\":\"https:\\\/\\\/www.fun-parc-brumath.fr\\\/de\\\/oktoberfest-fun-parc-2024\\\/#primaryimage\",\"url\":\"https:\\\/\\\/www.fun-parc-brumath.fr\\\/wp-content\\\/uploads\\\/2024\\\/09\\\/site-internet-2-1.jpg\",\"contentUrl\":\"https:\\\/\\\/www.fun-parc-brumath.fr\\\/wp-content\\\/uploads\\\/2024\\\/09\\\/site-internet-2-1.jpg\"},{\"@type\":\"BreadcrumbList\",\"@id\":\"https:\\\/\\\/www.fun-parc-brumath.fr\\\/de\\\/oktoberfest-fun-parc-2024\\\/#breadcrumb\",\"itemListElement\":[{\"@type\":\"ListItem\",\"position\":1,\"name\":\"Accueil\",\"item\":\"https:\\\/\\\/www.fun-parc-brumath.fr\\\/de\\\/\"},{\"@type\":\"ListItem\",\"position\":2,\"name\":\"OKTOBERFEST FUN PARC 2024\"}]},{\"@type\":\"WebSite\",\"@id\":\"https:\\\/\\\/www.fun-parc-brumath.fr\\\/de\\\/#website\",\"url\":\"https:\\\/\\\/www.fun-parc-brumath.fr\\\/de\\\/\",\"name\":\"Alsafun\",\"description\":\"Parc de loisirs de la re\u0301gion Grand Est\",\"publisher\":{\"@id\":\"https:\\\/\\\/www.fun-parc-brumath.fr\\\/de\\\/#organization\"},\"potentialAction\":[{\"@type\":\"SearchAction\",\"target\":{\"@type\":\"EntryPoint\",\"urlTemplate\":\"https:\\\/\\\/www.fun-parc-brumath.fr\\\/de\\\/?s={search_term_string}\"},\"query-input\":{\"@type\":\"PropertyValueSpecification\",\"valueRequired\":true,\"valueName\":\"search_term_string\"}}],\"inLanguage\":\"de\"},{\"@type\":\"Organization\",\"@id\":\"https:\\\/\\\/www.fun-parc-brumath.fr\\\/de\\\/#organization\",\"name\":\"Fun Parc Brumath\",\"url\":\"https:\\\/\\\/www.fun-parc-brumath.fr\\\/de\\\/\",\"logo\":{\"@type\":\"ImageObject\",\"inLanguage\":\"de\",\"@id\":\"https:\\\/\\\/www.fun-parc-brumath.fr\\\/de\\\/#\\\/schema\\\/logo\\\/image\\\/\",\"url\":\"https:\\\/\\\/www.fun-parc-brumath.fr\\\/wp-content\\\/uploads\\\/2021\\\/03\\\/logo-footer.png\",\"contentUrl\":\"https:\\\/\\\/www.fun-parc-brumath.fr\\\/wp-content\\\/uploads\\\/2021\\\/03\\\/logo-footer.png\",\"width\":162,\"height\":165,\"caption\":\"Fun Parc Brumath\"},\"image\":{\"@id\":\"https:\\\/\\\/www.fun-parc-brumath.fr\\\/de\\\/#\\\/schema\\\/logo\\\/image\\\/\"}}]}<\/script>\n<!-- \/ Yoast SEO plugin. -->","yoast_head_json":{"title":"OKTOBERFEST FUN PARC 2024 &#8226; Fun Parc Brumath","robots":{"index":"index","follow":"follow","max-snippet":"max-snippet:-1","max-image-preview":"max-image-preview:large","max-video-preview":"max-video-preview:-1"},"canonical":"https:\/\/www.fun-parc-brumath.fr\/de\/oktoberfest-fun-parc-2024\/","og_locale":"de_DE","og_type":"article","og_title":"OKTOBERFEST FUN PARC 2024 &#8226; Fun Parc Brumath","og_description":"OKTOBERFEST FUN PARC BRUMATH 2024 Besuchen Sie uns am 27. und 28. September von 18.00 bis 1.00 Uhr f\u00fcr eine noch nie dagewesene Veranstaltung im Fun Parc: dasOKTOBERFEST! ESSEN UND [&hellip;]","og_url":"https:\/\/www.fun-parc-brumath.fr\/de\/oktoberfest-fun-parc-2024\/","og_site_name":"Fun Parc Brumath","article_modified_time":"2024-11-15T10:37:43+00:00","og_image":[{"url":"https:\/\/www.fun-parc-brumath.fr\/wp-content\/uploads\/2024\/09\/site-internet-2-1.jpg","type":"","width":"","height":""}],"twitter_card":"summary_large_image","twitter_misc":{"Gesch\u00e4tzte Lesezeit":"1\u00a0Minute"},"schema":{"@context":"https:\/\/schema.org","@graph":[{"@type":"WebPage","@id":"https:\/\/www.fun-parc-brumath.fr\/de\/oktoberfest-fun-parc-2024\/","url":"https:\/\/www.fun-parc-brumath.fr\/de\/oktoberfest-fun-parc-2024\/","name":"OKTOBERFEST FUN PARC 2024 &#8226; Fun Parc Brumath","isPartOf":{"@id":"https:\/\/www.fun-parc-brumath.fr\/de\/#website"},"primaryImageOfPage":{"@id":"https:\/\/www.fun-parc-brumath.fr\/de\/oktoberfest-fun-parc-2024\/#primaryimage"},"image":{"@id":"https:\/\/www.fun-parc-brumath.fr\/de\/oktoberfest-fun-parc-2024\/#primaryimage"},"thumbnailUrl":"https:\/\/www.fun-parc-brumath.fr\/wp-content\/uploads\/2024\/09\/site-internet-2-1.jpg","datePublished":"2024-11-15T08:27:05+00:00","dateModified":"2024-11-15T10:37:43+00:00","breadcrumb":{"@id":"https:\/\/www.fun-parc-brumath.fr\/de\/oktoberfest-fun-parc-2024\/#breadcrumb"},"inLanguage":"de","potentialAction":[{"@type":"ReadAction","target":["https:\/\/www.fun-parc-brumath.fr\/de\/oktoberfest-fun-parc-2024\/"]}]},{"@type":"ImageObject","inLanguage":"de","@id":"https:\/\/www.fun-parc-brumath.fr\/de\/oktoberfest-fun-parc-2024\/#primaryimage","url":"https:\/\/www.fun-parc-brumath.fr\/wp-content\/uploads\/2024\/09\/site-internet-2-1.jpg","contentUrl":"https:\/\/www.fun-parc-brumath.fr\/wp-content\/uploads\/2024\/09\/site-internet-2-1.jpg"},{"@type":"BreadcrumbList","@id":"https:\/\/www.fun-parc-brumath.fr\/de\/oktoberfest-fun-parc-2024\/#breadcrumb","itemListElement":[{"@type":"ListItem","position":1,"name":"Accueil","item":"https:\/\/www.fun-parc-brumath.fr\/de\/"},{"@type":"ListItem","position":2,"name":"OKTOBERFEST FUN PARC 2024"}]},{"@type":"WebSite","@id":"https:\/\/www.fun-parc-brumath.fr\/de\/#website","url":"https:\/\/www.fun-parc-brumath.fr\/de\/","name":"Alsafun","description":"Parc de loisirs de la re\u0301gion Grand Est","publisher":{"@id":"https:\/\/www.fun-parc-brumath.fr\/de\/#organization"},"potentialAction":[{"@type":"SearchAction","target":{"@type":"EntryPoint","urlTemplate":"https:\/\/www.fun-parc-brumath.fr\/de\/?s={search_term_string}"},"query-input":{"@type":"PropertyValueSpecification","valueRequired":true,"valueName":"search_term_string"}}],"inLanguage":"de"},{"@type":"Organization","@id":"https:\/\/www.fun-parc-brumath.fr\/de\/#organization","name":"Fun Parc Brumath","url":"https:\/\/www.fun-parc-brumath.fr\/de\/","logo":{"@type":"ImageObject","inLanguage":"de","@id":"https:\/\/www.fun-parc-brumath.fr\/de\/#\/schema\/logo\/image\/","url":"https:\/\/www.fun-parc-brumath.fr\/wp-content\/uploads\/2021\/03\/logo-footer.png","contentUrl":"https:\/\/www.fun-parc-brumath.fr\/wp-content\/uploads\/2021\/03\/logo-footer.png","width":162,"height":165,"caption":"Fun Parc Brumath"},"image":{"@id":"https:\/\/www.fun-parc-brumath.fr\/de\/#\/schema\/logo\/image\/"}}]}},"jetpack_sharing_enabled":true,"_links":{"self":[{"href":"https:\/\/www.fun-parc-brumath.fr\/de\/wp-json\/wp\/v2\/pages\/4162","targetHints":{"allow":["GET"]}}],"collection":[{"href":"https:\/\/www.fun-parc-brumath.fr\/de\/wp-json\/wp\/v2\/pages"}],"about":[{"href":"https:\/\/www.fun-parc-brumath.fr\/de\/wp-json\/wp\/v2\/types\/page"}],"author":[{"embeddable":true,"href":"https:\/\/www.fun-parc-brumath.fr\/de\/wp-json\/wp\/v2\/users\/12"}],"replies":[{"embeddable":true,"href":"https:\/\/www.fun-parc-brumath.fr\/de\/wp-json\/wp\/v2\/comments?post=4162"}],"version-history":[{"count":2,"href":"https:\/\/www.fun-parc-brumath.fr\/de\/wp-json\/wp\/v2\/pages\/4162\/revisions"}],"predecessor-version":[{"id":4420,"href":"https:\/\/www.fun-parc-brumath.fr\/de\/wp-json\/wp\/v2\/pages\/4162\/revisions\/4420"}],"wp:attachment":[{"href":"https:\/\/www.fun-parc-brumath.fr\/de\/wp-json\/wp\/v2\/media?parent=4162"}],"curies":[{"name":"wp","href":"https:\/\/api.w.org\/{rel}","templated":true}]}}