{"id":4084,"date":"2024-11-15T09:26:11","date_gmt":"2024-11-15T08:26:11","guid":{"rendered":"https:\/\/www.fun-parc-brumath.fr\/rekrutierung\/"},"modified":"2025-04-17T23:21:21","modified_gmt":"2025-04-17T21:21:21","slug":"rekrutierung","status":"publish","type":"page","link":"https:\/\/www.fun-parc-brumath.fr\/de\/rekrutierung\/","title":{"rendered":"Rekrutierung"},"content":{"rendered":"\t\t\t<div  class=\" wp-block-grimlock-section grimlock-section--btn-primary grimlock-section--rekrutierung alignfull region grimlock-region grimlock-region--mt-0 grimlock-region--mb--2 grimlock-region--pt-5 grimlock-region--pb-5 grimlock-region--12-cols-left region--12-cols-left grimlock-region--container-classic region--container-classic grimlock-section section section_content_reveal\" style=\"margin-bottom:-2%;background-image:url(https:\/\/i0.wp.com\/www.fun-parc-brumath.fr\/wp-content\/uploads\/2021\/03\/accueil-funparc-aventure-brumath.jpg?fit=1850%2C1040&#038;ssl=1);background-repeat:no-repeat;background-position:center;background-size:cover;-webkit-background-size:cover;background-attachment:scroll;border-top-color:#eceeef;border-top-style:solid;border-top-width:0;border-bottom-color:#eceeef;border-bottom-style:solid;border-bottom-width:0;z-index:0;\"  >\n\t\t\t<div class=\"region__inner\" style=\"padding-top:5%;padding-bottom:5%;background:linear-gradient(90deg,rgb(0,132,158) 0%,rgba(131,218,158,0.5) 100%);\">\n\t\t\t\t<div class=\"region__container\">\n\t\t\t\t\t<div class=\"region__row\">\n\t\t\t\t\t\t<div class=\"region__col region__col--1\" >\n\t\t\t\t\t\t\t<div class=\"grimlock-reveal-element grimlock-reveal-element--thumbnail\" >\n\t\t\t\t\t\t\t\t\t\t\t\t\t\t\t<\/div>\n\t\t\t\t\t\t<\/div><!-- .region__col -->\n\t\t\t\t\t\t<div class=\"region__col region__col--2\" >\n\t\t\t\t\t\t\t<div class=\"grimlock-reveal-element grimlock-reveal-element--content\" data-grimlock-animate-scroll-reveal=\"{&quot;origin&quot;:&quot;right&quot;,&quot;distance&quot;:&quot;80px&quot;,&quot;duration&quot;:750,&quot;delay&quot;:0,&quot;rotate&quot;:{&quot;x&quot;:0,&quot;y&quot;:0,&quot;z&quot;:0},&quot;opacity&quot;:0,&quot;scale&quot;:1,&quot;easing&quot;:&quot;cubic-bezier(0.6, 0.2, 0.1, 1)&quot;,&quot;viewFactor&quot;:0.5,&quot;mobile&quot;:false,&quot;reset&quot;:false}\">\n\t\t\t\t\t\t\t\t\t        <div class=\"grimlock-section__header section__header\">\n\t\t\t\t\n            <h2 class=\"grimlock-section__title section__title grimlock-display-1 display-1\" style=\"color:#ffffff;\">\n\t\t\t\tRekrutierung            <\/h2>\n\t\t\t\t        <\/div><!-- .section__header -->\n\t\t\t\t\t\t\t\t\t\t<\/div>\n\t\t\t\t\t\t<\/div><!-- .region__col -->\n\t\t\t\t\t<\/div><!-- .region__row -->\n\t\t\t\t<\/div><!-- .region__container -->\n\t\t\t<\/div><!-- .region__inner -->\n\t\t\t<\/div><!-- .grimlock-section -->\n\t\t\n<div class=\"wp-block-group wp-block-group-anchor\"><div class=\"wp-block-group__inner-container is-layout-flow wp-block-group-is-layout-flow\">\n<div class=\"wp-block-buttons is-layout-flex wp-block-buttons-is-layout-flex\">\n<div class=\"wp-block-button is-style-secondary\"><a class=\"wp-block-button__link wp-element-button\" href=\"#offres\"><strong>Unsere Angebote<\/strong><\/a><\/div>\n<\/div>\n<\/div><\/div>\n\t\t\t<div  class=\" wp-block-grimlock-section grimlock-section--btn-primary grimlock-section--rekrutierung alignfull region grimlock-region grimlock-region--mt-0 grimlock-region--mb-0 grimlock-region--pt-5 grimlock-region--pb-5 grimlock-region--6-6-cols-left region--6-6-cols-left grimlock-region--container-classic region--container-classic grimlock-section section section_thumbnail_reveal section_content_reveal\" style=\"border-top-color:#eceeef;border-top-style:solid;border-top-width:0;border-bottom-color:#eceeef;border-bottom-style:solid;border-bottom-width:0;z-index:0;color:#525A5B;\"  >\n\t\t\t<div class=\"region__inner\" style=\"padding-top:5%;padding-bottom:5%;\">\n\t\t\t\t<div class=\"region__container\">\n\t\t\t\t\t<div class=\"region__row\">\n\t\t\t\t\t\t<div class=\"region__col region__col--1\" >\n\t\t\t\t\t\t\t<div class=\"grimlock-reveal-element grimlock-reveal-element--thumbnail\" data-grimlock-animate-scroll-reveal=\"{&quot;origin&quot;:&quot;left&quot;,&quot;distance&quot;:&quot;80px&quot;,&quot;duration&quot;:750,&quot;delay&quot;:0,&quot;rotate&quot;:{&quot;x&quot;:0,&quot;y&quot;:0,&quot;z&quot;:0},&quot;opacity&quot;:0,&quot;scale&quot;:1,&quot;easing&quot;:&quot;cubic-bezier(0.6, 0.2, 0.1, 1)&quot;,&quot;viewFactor&quot;:0.5,&quot;mobile&quot;:false,&quot;reset&quot;:false}\">\n\t\t\t\t\t\t\t\t\t\t\t<div class=\"grimlock-section__thumbnail section__thumbnail\">\n\t\t\t\t<img data-recalc-dims=\"1\" loading=\"lazy\" decoding=\"async\" width=\"1140\" height=\"760\" src=\"https:\/\/i0.wp.com\/www.fun-parc-brumath.fr\/wp-content\/uploads\/2022\/06\/20220612-fun-parc-brumath-011.jpg?resize=1140%2C760&#038;ssl=1\" class=\"grimlock-section__thumbnail-img section__thumbnail-img img-fluid\" alt=\"\" srcset=\"https:\/\/i0.wp.com\/www.fun-parc-brumath.fr\/wp-content\/uploads\/2022\/06\/20220612-fun-parc-brumath-011.jpg?w=1920&amp;ssl=1 1920w, https:\/\/i0.wp.com\/www.fun-parc-brumath.fr\/wp-content\/uploads\/2022\/06\/20220612-fun-parc-brumath-011.jpg?resize=300%2C200&amp;ssl=1 300w, https:\/\/i0.wp.com\/www.fun-parc-brumath.fr\/wp-content\/uploads\/2022\/06\/20220612-fun-parc-brumath-011.jpg?resize=1024%2C683&amp;ssl=1 1024w, https:\/\/i0.wp.com\/www.fun-parc-brumath.fr\/wp-content\/uploads\/2022\/06\/20220612-fun-parc-brumath-011.jpg?resize=768%2C512&amp;ssl=1 768w, https:\/\/i0.wp.com\/www.fun-parc-brumath.fr\/wp-content\/uploads\/2022\/06\/20220612-fun-parc-brumath-011.jpg?resize=1536%2C1024&amp;ssl=1 1536w, https:\/\/i0.wp.com\/www.fun-parc-brumath.fr\/wp-content\/uploads\/2022\/06\/20220612-fun-parc-brumath-011.jpg?resize=1850%2C1233&amp;ssl=1 1850w, https:\/\/i0.wp.com\/www.fun-parc-brumath.fr\/wp-content\/uploads\/2022\/06\/20220612-fun-parc-brumath-011.jpg?resize=24%2C16&amp;ssl=1 24w, https:\/\/i0.wp.com\/www.fun-parc-brumath.fr\/wp-content\/uploads\/2022\/06\/20220612-fun-parc-brumath-011.jpg?resize=36%2C24&amp;ssl=1 36w, https:\/\/i0.wp.com\/www.fun-parc-brumath.fr\/wp-content\/uploads\/2022\/06\/20220612-fun-parc-brumath-011.jpg?resize=48%2C32&amp;ssl=1 48w\" sizes=\"auto, (max-width: 1140px) 100vw, 1140px\" \/>\n\t\t\t\t            <\/div><!-- .section__thumbnail -->\n\t\t\t\t\t\t\t\t\t\t<\/div>\n\t\t\t\t\t\t<\/div><!-- .region__col -->\n\t\t\t\t\t\t<div class=\"region__col region__col--2\" >\n\t\t\t\t\t\t\t<div class=\"grimlock-reveal-element grimlock-reveal-element--content\" data-grimlock-animate-scroll-reveal=\"{&quot;origin&quot;:&quot;left&quot;,&quot;distance&quot;:&quot;80px&quot;,&quot;duration&quot;:750,&quot;delay&quot;:0,&quot;rotate&quot;:{&quot;x&quot;:0,&quot;y&quot;:0,&quot;z&quot;:0},&quot;opacity&quot;:0,&quot;scale&quot;:1,&quot;easing&quot;:&quot;cubic-bezier(0.6, 0.2, 0.1, 1)&quot;,&quot;viewFactor&quot;:0.5,&quot;mobile&quot;:false,&quot;reset&quot;:false}\">\n\t\t\t\t\t\t\t\t\t        <div class=\"grimlock-section__header section__header\">\n\t\t\t\t\n            <h2 class=\"grimlock-section__title section__title grimlock-lead lead\" style=\"color:#00849E;\">\n\t\t\t\tRekrutierung            <\/h2>\n\t\t\t\t\t\t\t<h3 class=\"grimlock-section__subtitle section__subtitle grimlock-display-2 display-2\" style=\"color:#15171A;\">\n\t\t\t\t\tDer Fun Parc stellt ein!  \t\t\t\t<\/h3>\n\t\t\t\t        <\/div><!-- .section__header -->\n\t\t\t\t        <div class=\"grimlock-section__content section__content\">\n\t\t\t\t            <div class=\"grimlock-section__text section__text\">\n\t\t\t\t<p>Sind Sie dynamisch und energiegeladen?<br \/>\nWir suchen motivierte, seri\u00f6se, kontaktfreudige Personen, die gerne im Team arbeiten, und das alles in einem angenehmen Umfeld und einer freundlichen Atmosph\u00e4re!<\/p>\n            <\/div>\n\t\t\t\t        <\/div><!-- .section__content -->\n\t\t\t\t\t\t\t\t\t\t<\/div>\n\t\t\t\t\t\t<\/div><!-- .region__col -->\n\t\t\t\t\t<\/div><!-- .region__row -->\n\t\t\t\t<\/div><!-- .region__container -->\n\t\t\t<\/div><!-- .region__inner -->\n\t\t\t<\/div><!-- .grimlock-section -->\n\t\t\t\t\t<div id=\"offres\" class=\"grimlock-offres  wp-block-grimlock-section grimlock-section--btn-primary grimlock-section--wir-schaffen-ein-ganzes-team alignfull region grimlock-region grimlock-region--mt-0 grimlock-region--mb-0 grimlock-region--pt-5 grimlock-region--pb-5 grimlock-region--6-6-cols-left-reverse region--6-6-cols-left-reverse grimlock-region--container-classic region--container-classic grimlock-section section section_thumbnail_reveal section_content_reveal\" style=\"border-top-color:#eceeef;border-top-style:solid;border-top-width:0;border-bottom-color:#eceeef;border-bottom-style:solid;border-bottom-width:0;z-index:0;color:#525A5B;\"  >\n\t\t\t<div class=\"region__inner\" style=\"padding-top:5%;padding-bottom:5%;\">\n\t\t\t\t<div class=\"region__container\">\n\t\t\t\t\t<div class=\"region__row\">\n\t\t\t\t\t\t<div class=\"region__col region__col--1\" >\n\t\t\t\t\t\t\t<div class=\"grimlock-reveal-element grimlock-reveal-element--thumbnail\" data-grimlock-animate-scroll-reveal=\"{&quot;origin&quot;:&quot;right&quot;,&quot;distance&quot;:&quot;80px&quot;,&quot;duration&quot;:750,&quot;delay&quot;:0,&quot;rotate&quot;:{&quot;x&quot;:0,&quot;y&quot;:0,&quot;z&quot;:0},&quot;opacity&quot;:0,&quot;scale&quot;:1,&quot;easing&quot;:&quot;cubic-bezier(0.6, 0.2, 0.1, 1)&quot;,&quot;viewFactor&quot;:0.5,&quot;mobile&quot;:false,&quot;reset&quot;:false}\">\n\t\t\t\t\t\t\t\t\t\t\t<div class=\"grimlock-section__thumbnail section__thumbnail\">\n\t\t\t\t\t\t\t\t\t<img decoding=\"async\" class=\"grimlock-section__thumbnail-img section__thumbnail-img img-fluid\" src=\"https:\/\/i0.wp.com\/www.fun-parc-brumath.fr\/wp-content\/uploads\/2024\/01\/dji-0155.jpg?fit=1920%2C1080&#038;ssl=1\" alt=\"\" \/>\n\t\t\t\t\n\t\t\t\t            <\/div><!-- .section__thumbnail -->\n\t\t\t\t\t\t\t\t\t\t<\/div>\n\t\t\t\t\t\t<\/div><!-- .region__col -->\n\t\t\t\t\t\t<div class=\"region__col region__col--2\" >\n\t\t\t\t\t\t\t<div class=\"grimlock-reveal-element grimlock-reveal-element--content\" data-grimlock-animate-scroll-reveal=\"{&quot;origin&quot;:&quot;left&quot;,&quot;distance&quot;:&quot;80px&quot;,&quot;duration&quot;:750,&quot;delay&quot;:0,&quot;rotate&quot;:{&quot;x&quot;:0,&quot;y&quot;:0,&quot;z&quot;:0},&quot;opacity&quot;:0,&quot;scale&quot;:1,&quot;easing&quot;:&quot;cubic-bezier(0.6, 0.2, 0.1, 1)&quot;,&quot;viewFactor&quot;:0.5,&quot;mobile&quot;:false,&quot;reset&quot;:false}\">\n\t\t\t\t\t\t\t\t\t        <div class=\"grimlock-section__header section__header\">\n\t\t\t\t\n            <h2 class=\"grimlock-section__title section__title grimlock-lead lead\" style=\"color:#00849E;\">\n\t\t\t\tWir schaffen ein ganzes Team!            <\/h2>\n\t\t\t\t\t\t\t<h3 class=\"grimlock-section__subtitle section__subtitle grimlock-display-2 display-2\" style=\"color:#15171A;\">\n\t\t\t\t\tUnsere Bed\u00fcrfnisse\t\t\t\t<\/h3>\n\t\t\t\t        <\/div><!-- .section__header -->\n\t\t\t\t        <div class=\"grimlock-section__content section__content\">\n\t\t\t\t            <div class=\"grimlock-section__text section__text\">\n\t\t\t\t<p>Mehrere Stellen sind zu besetzen:<br \/>\n&#8211; Kundenempfang: Empfangsmitarbeiter<br \/>\n&#8211; Hochseilgarten: Mitarbeiter f\u00fcr Intervention, \u00dcberwachung und Ausr\u00fcstung<br \/>\n(CQP OPAH oder Ausbildung Ende M\u00e4rz\/Anfang April m\u00f6glich)<br \/>\n&#8211; Wakepark : Operatoren BPJEPS oder CQP ATSN (Praktika m\u00f6glich)<br \/>\n&#8211; Aquapark: Inhaber von BEESAN, BPJEPS AAN oder BNSSA<br \/>\n&#8211; Gastronomie: Teamleiter, K\u00fcchen- und Servicemitarbeiter<br \/>\n&#8211; Praktika Handel<br \/>\n&#8211; Duales Praktikum Kommunikation (ab 2027)<\/p>\n            <\/div>\n\t\t\t\t        <\/div><!-- .section__content -->\n\t\t\t\t\t\t\t\t\t\t<\/div>\n\t\t\t\t\t\t<\/div><!-- .region__col -->\n\t\t\t\t\t<\/div><!-- .region__row -->\n\t\t\t\t<\/div><!-- .region__container -->\n\t\t\t<\/div><!-- .region__inner -->\n\t\t\t<\/div><!-- .grimlock-section -->\n\t\t\n<h2 class=\"wp-block-heading has-text-align-center\">Klicken Sie auf die Stelle, die Sie interessiert, um die Details zu erfahren und bewerben Sie sich direkt!<\/h2>\n\n<div class=\"wp-block-getwid-advanced-spacer\" style=\"height:2vh\" aria-hidden=\"true\"><\/div>\n\n<p><\/p>\n\n<div class=\"wp-block-columns is-layout-flex wp-container-core-columns-is-layout-9d6595d7 wp-block-columns-is-layout-flex\">\n<div class=\"wp-block-column is-layout-flow wp-block-column-is-layout-flow\">\n<h3 class=\"wp-block-heading has-text-align-center has-primary-color has-text-color\"><a href=\"https:\/\/join.com\/companies\/fun-parc-brumath\/10332534?utm_medium=social_sharing&amp;utm_source=copy_link\" target=\"_blank\" rel=\"noreferrer noopener\"><span style=\"text-decoration: underline;\">Aufsichtsperson Aquapark M\/F<\/span><\/a><\/h3>\n\n\n\n<p><\/p>\n\n\n\n<p><\/p>\n<\/div>\n\n\n\n<div class=\"wp-block-column is-layout-flow wp-block-column-is-layout-flow\">\n<h3 class=\"wp-block-heading has-text-align-center has-primary-color has-text-color\"><a href=\"https:\/\/join.com\/companies\/fun-parc-brumath\/10332237?utm_medium=social_sharing&amp;utm_source=copy_link\" target=\"_blank\" rel=\"noreferrer noopener\"><span style=\"text-decoration: underline;\">Empfangsmitarbeiter (m\/w)<\/span><\/a><\/h3>\n<\/div>\n<\/div>\n\n<div class=\"wp-block-columns is-layout-flex wp-container-core-columns-is-layout-9d6595d7 wp-block-columns-is-layout-flex\">\n<div class=\"wp-block-column is-layout-flow wp-block-column-is-layout-flow\">\n<h3 class=\"wp-block-heading has-text-align-center has-primary-color has-text-color\"><a href=\"https:\/\/join.com\/companies\/fun-parc-brumath\/10331938?utm_medium=social_sharing&amp;utm_source=copy_link\" target=\"_blank\" rel=\"noreferrer noopener\"><span style=\"text-decoration: underline;\">Baumkletterer (m\/w) f\u00fcr die gesamte Saison<\/span><\/a><\/h3>\n\n\n\n<p><\/p>\n\n\n\n<p><\/p>\n\n\n\n<p><\/p>\n<\/div>\n\n\n\n<div class=\"wp-block-column is-layout-flow wp-block-column-is-layout-flow\">\n<h3 class=\"wp-block-heading has-text-align-center has-primary-color has-text-color has-link-color wp-elements-adc0f98eec59ecbcf38f015d1112770f\"><a href=\"https:\/\/join.com\/companies\/fun-parc-brumath\/11381893?utm_medium=social_sharing&amp;utm_source=copy_link\" target=\"_blank\" rel=\"noreferrer noopener\"><span style=\"text-decoration: underline;\">Baumkletterer Juli-August M\/W<\/span><\/a><\/h3>\n<\/div>\n<\/div>\n\n<div class=\"wp-block-columns is-layout-flex wp-container-core-columns-is-layout-9d6595d7 wp-block-columns-is-layout-flex\">\n<div class=\"wp-block-column is-layout-flow wp-block-column-is-layout-flow\">\n<h3 class=\"wp-block-heading has-text-align-center has-primary-color has-text-color\"><span style=\"text-decoration: underline;\"><a href=\"https:\/\/join.com\/companies\/fun-parc-brumath\/10413364?utm_medium=social_sharing&amp;utm_source=copy_link\" target=\"_blank\" rel=\"noreferrer noopener\"><mark style=\"background-color:rgba(0, 0, 0, 0)\" class=\"has-inline-color has-primary-color\">Mehrzweck-Restaurantmitarbeiter M\/F<\/mark><\/a><\/span><\/h3>\n<\/div>\n\n\n\n<div class=\"wp-block-column is-layout-flow wp-block-column-is-layout-flow\">\n<h3 class=\"wp-block-heading has-text-align-center has-gray-color has-text-color\"><span style=\"text-decoration: underline;\">Pontonhilfe Wasserskilift<\/span><\/h3>\n<\/div>\n<\/div>\n\n<p><\/p>\n\n<p><\/p>\n\n<div class=\"wp-block-columns is-layout-flex wp-container-core-columns-is-layout-9d6595d7 wp-block-columns-is-layout-flex\">\n<div class=\"wp-block-column is-layout-flow wp-block-column-is-layout-flow\">\n<h3 class=\"wp-block-heading has-text-align-center has-primary-color has-text-color\"><span style=\"text-decoration: underline;\"><a href=\"https:\/\/join.com\/companies\/fun-parc-brumath\/10790900?utm_medium=social_sharing&amp;utm_source=copy_link\" target=\"_blank\" rel=\"noreferrer noopener\"><mark style=\"background-color:rgba(0, 0, 0, 0)\" class=\"has-inline-color has-primary-color\">Assistent des Restaurantmanagers (m\/w)<\/mark><\/a><\/span><\/h3>\n\n\n\n<p><\/p>\n<\/div>\n\n\n\n<div class=\"wp-block-column is-layout-flow wp-block-column-is-layout-flow\"><\/div>\n<\/div>\n\n<p><\/p>\n","protected":false},"excerpt":{"rendered":"<p>Klicken Sie auf die Stelle, die Sie interessiert, um die Details zu erfahren und bewerben Sie sich direkt! Aufsichtsperson Aquapark M\/F Empfangsmitarbeiter (m\/w) Baumkletterer (m\/w) f\u00fcr die gesamte Saison Baumkletterer [&hellip;]<\/p>\n","protected":false},"author":1,"featured_media":0,"parent":0,"menu_order":0,"comment_status":"closed","ping_status":"closed","template":"template-minimal.php","meta":{"_monsterinsights_skip_tracking":false,"_monsterinsights_sitenote_active":false,"_monsterinsights_sitenote_note":"","_monsterinsights_sitenote_category":0,"footnotes":""},"class_list":["post-4084","page","type-page","status-publish","hentry"],"yoast_head":"<!-- This site is optimized with the Yoast SEO plugin v27.3 - https:\/\/yoast.com\/product\/yoast-seo-wordpress\/ -->\n<title>Rekrutierung &#8226; Fun Parc Brumath<\/title>\n<meta name=\"description\" content=\"Wir sind gerade dabei, neue Mitarbeiter im Fun Parc einzustellen! Entdecken Sie unsere Stellenangebote und bewerben Sie sich bei uns, um Teil eines Teams voller Spa\u00df zu werden.\" \/>\n<meta name=\"robots\" content=\"index, follow, max-snippet:-1, max-image-preview:large, max-video-preview:-1\" \/>\n<link rel=\"canonical\" href=\"https:\/\/www.fun-parc-brumath.fr\/de\/rekrutierung\/\" \/>\n<meta property=\"og:locale\" content=\"de_DE\" \/>\n<meta property=\"og:type\" content=\"article\" \/>\n<meta property=\"og:title\" content=\"Rekrutierung &#8226; Fun Parc Brumath\" \/>\n<meta property=\"og:description\" content=\"Wir sind gerade dabei, neue Mitarbeiter im Fun Parc einzustellen! Entdecken Sie unsere Stellenangebote und bewerben Sie sich bei uns, um Teil eines Teams voller Spa\u00df zu werden.\" \/>\n<meta property=\"og:url\" content=\"https:\/\/www.fun-parc-brumath.fr\/de\/rekrutierung\/\" \/>\n<meta property=\"og:site_name\" content=\"Fun Parc Brumath\" \/>\n<meta property=\"article:modified_time\" content=\"2025-04-17T21:21:21+00:00\" \/>\n<meta name=\"twitter:card\" content=\"summary_large_image\" \/>\n<script type=\"application\/ld+json\" class=\"yoast-schema-graph\">{\"@context\":\"https:\\\/\\\/schema.org\",\"@graph\":[{\"@type\":\"WebPage\",\"@id\":\"https:\\\/\\\/www.fun-parc-brumath.fr\\\/de\\\/rekrutierung\\\/\",\"url\":\"https:\\\/\\\/www.fun-parc-brumath.fr\\\/de\\\/rekrutierung\\\/\",\"name\":\"Rekrutierung &#8226; Fun Parc Brumath\",\"isPartOf\":{\"@id\":\"https:\\\/\\\/www.fun-parc-brumath.fr\\\/de\\\/#website\"},\"datePublished\":\"2024-11-15T08:26:11+00:00\",\"dateModified\":\"2025-04-17T21:21:21+00:00\",\"description\":\"Wir sind gerade dabei, neue Mitarbeiter im Fun Parc einzustellen! Entdecken Sie unsere Stellenangebote und bewerben Sie sich bei uns, um Teil eines Teams voller Spa\u00df zu werden.\",\"breadcrumb\":{\"@id\":\"https:\\\/\\\/www.fun-parc-brumath.fr\\\/de\\\/rekrutierung\\\/#breadcrumb\"},\"inLanguage\":\"de\",\"potentialAction\":[{\"@type\":\"ReadAction\",\"target\":[\"https:\\\/\\\/www.fun-parc-brumath.fr\\\/de\\\/rekrutierung\\\/\"]}]},{\"@type\":\"BreadcrumbList\",\"@id\":\"https:\\\/\\\/www.fun-parc-brumath.fr\\\/de\\\/rekrutierung\\\/#breadcrumb\",\"itemListElement\":[{\"@type\":\"ListItem\",\"position\":1,\"name\":\"Accueil\",\"item\":\"https:\\\/\\\/www.fun-parc-brumath.fr\\\/de\\\/\"},{\"@type\":\"ListItem\",\"position\":2,\"name\":\"Rekrutierung\"}]},{\"@type\":\"WebSite\",\"@id\":\"https:\\\/\\\/www.fun-parc-brumath.fr\\\/de\\\/#website\",\"url\":\"https:\\\/\\\/www.fun-parc-brumath.fr\\\/de\\\/\",\"name\":\"Alsafun\",\"description\":\"Parc de loisirs de la re\u0301gion Grand Est\",\"publisher\":{\"@id\":\"https:\\\/\\\/www.fun-parc-brumath.fr\\\/de\\\/#organization\"},\"potentialAction\":[{\"@type\":\"SearchAction\",\"target\":{\"@type\":\"EntryPoint\",\"urlTemplate\":\"https:\\\/\\\/www.fun-parc-brumath.fr\\\/de\\\/?s={search_term_string}\"},\"query-input\":{\"@type\":\"PropertyValueSpecification\",\"valueRequired\":true,\"valueName\":\"search_term_string\"}}],\"inLanguage\":\"de\"},{\"@type\":\"Organization\",\"@id\":\"https:\\\/\\\/www.fun-parc-brumath.fr\\\/de\\\/#organization\",\"name\":\"Fun Parc Brumath\",\"url\":\"https:\\\/\\\/www.fun-parc-brumath.fr\\\/de\\\/\",\"logo\":{\"@type\":\"ImageObject\",\"inLanguage\":\"de\",\"@id\":\"https:\\\/\\\/www.fun-parc-brumath.fr\\\/de\\\/#\\\/schema\\\/logo\\\/image\\\/\",\"url\":\"https:\\\/\\\/www.fun-parc-brumath.fr\\\/wp-content\\\/uploads\\\/2021\\\/03\\\/logo-footer.png\",\"contentUrl\":\"https:\\\/\\\/www.fun-parc-brumath.fr\\\/wp-content\\\/uploads\\\/2021\\\/03\\\/logo-footer.png\",\"width\":162,\"height\":165,\"caption\":\"Fun Parc Brumath\"},\"image\":{\"@id\":\"https:\\\/\\\/www.fun-parc-brumath.fr\\\/de\\\/#\\\/schema\\\/logo\\\/image\\\/\"}}]}<\/script>\n<!-- \/ Yoast SEO plugin. -->","yoast_head_json":{"title":"Rekrutierung &#8226; Fun Parc Brumath","description":"Wir sind gerade dabei, neue Mitarbeiter im Fun Parc einzustellen! Entdecken Sie unsere Stellenangebote und bewerben Sie sich bei uns, um Teil eines Teams voller Spa\u00df zu werden.","robots":{"index":"index","follow":"follow","max-snippet":"max-snippet:-1","max-image-preview":"max-image-preview:large","max-video-preview":"max-video-preview:-1"},"canonical":"https:\/\/www.fun-parc-brumath.fr\/de\/rekrutierung\/","og_locale":"de_DE","og_type":"article","og_title":"Rekrutierung &#8226; Fun Parc Brumath","og_description":"Wir sind gerade dabei, neue Mitarbeiter im Fun Parc einzustellen! Entdecken Sie unsere Stellenangebote und bewerben Sie sich bei uns, um Teil eines Teams voller Spa\u00df zu werden.","og_url":"https:\/\/www.fun-parc-brumath.fr\/de\/rekrutierung\/","og_site_name":"Fun Parc Brumath","article_modified_time":"2025-04-17T21:21:21+00:00","twitter_card":"summary_large_image","schema":{"@context":"https:\/\/schema.org","@graph":[{"@type":"WebPage","@id":"https:\/\/www.fun-parc-brumath.fr\/de\/rekrutierung\/","url":"https:\/\/www.fun-parc-brumath.fr\/de\/rekrutierung\/","name":"Rekrutierung &#8226; Fun Parc Brumath","isPartOf":{"@id":"https:\/\/www.fun-parc-brumath.fr\/de\/#website"},"datePublished":"2024-11-15T08:26:11+00:00","dateModified":"2025-04-17T21:21:21+00:00","description":"Wir sind gerade dabei, neue Mitarbeiter im Fun Parc einzustellen! Entdecken Sie unsere Stellenangebote und bewerben Sie sich bei uns, um Teil eines Teams voller Spa\u00df zu werden.","breadcrumb":{"@id":"https:\/\/www.fun-parc-brumath.fr\/de\/rekrutierung\/#breadcrumb"},"inLanguage":"de","potentialAction":[{"@type":"ReadAction","target":["https:\/\/www.fun-parc-brumath.fr\/de\/rekrutierung\/"]}]},{"@type":"BreadcrumbList","@id":"https:\/\/www.fun-parc-brumath.fr\/de\/rekrutierung\/#breadcrumb","itemListElement":[{"@type":"ListItem","position":1,"name":"Accueil","item":"https:\/\/www.fun-parc-brumath.fr\/de\/"},{"@type":"ListItem","position":2,"name":"Rekrutierung"}]},{"@type":"WebSite","@id":"https:\/\/www.fun-parc-brumath.fr\/de\/#website","url":"https:\/\/www.fun-parc-brumath.fr\/de\/","name":"Alsafun","description":"Parc de loisirs de la re\u0301gion Grand Est","publisher":{"@id":"https:\/\/www.fun-parc-brumath.fr\/de\/#organization"},"potentialAction":[{"@type":"SearchAction","target":{"@type":"EntryPoint","urlTemplate":"https:\/\/www.fun-parc-brumath.fr\/de\/?s={search_term_string}"},"query-input":{"@type":"PropertyValueSpecification","valueRequired":true,"valueName":"search_term_string"}}],"inLanguage":"de"},{"@type":"Organization","@id":"https:\/\/www.fun-parc-brumath.fr\/de\/#organization","name":"Fun Parc Brumath","url":"https:\/\/www.fun-parc-brumath.fr\/de\/","logo":{"@type":"ImageObject","inLanguage":"de","@id":"https:\/\/www.fun-parc-brumath.fr\/de\/#\/schema\/logo\/image\/","url":"https:\/\/www.fun-parc-brumath.fr\/wp-content\/uploads\/2021\/03\/logo-footer.png","contentUrl":"https:\/\/www.fun-parc-brumath.fr\/wp-content\/uploads\/2021\/03\/logo-footer.png","width":162,"height":165,"caption":"Fun Parc Brumath"},"image":{"@id":"https:\/\/www.fun-parc-brumath.fr\/de\/#\/schema\/logo\/image\/"}}]}},"jetpack_sharing_enabled":true,"_links":{"self":[{"href":"https:\/\/www.fun-parc-brumath.fr\/de\/wp-json\/wp\/v2\/pages\/4084","targetHints":{"allow":["GET"]}}],"collection":[{"href":"https:\/\/www.fun-parc-brumath.fr\/de\/wp-json\/wp\/v2\/pages"}],"about":[{"href":"https:\/\/www.fun-parc-brumath.fr\/de\/wp-json\/wp\/v2\/types\/page"}],"author":[{"embeddable":true,"href":"https:\/\/www.fun-parc-brumath.fr\/de\/wp-json\/wp\/v2\/users\/1"}],"replies":[{"embeddable":true,"href":"https:\/\/www.fun-parc-brumath.fr\/de\/wp-json\/wp\/v2\/comments?post=4084"}],"version-history":[{"count":10,"href":"https:\/\/www.fun-parc-brumath.fr\/de\/wp-json\/wp\/v2\/pages\/4084\/revisions"}],"predecessor-version":[{"id":5008,"href":"https:\/\/www.fun-parc-brumath.fr\/de\/wp-json\/wp\/v2\/pages\/4084\/revisions\/5008"}],"wp:attachment":[{"href":"https:\/\/www.fun-parc-brumath.fr\/de\/wp-json\/wp\/v2\/media?parent=4084"}],"curies":[{"name":"wp","href":"https:\/\/api.w.org\/{rel}","templated":true}]}}