{"id":4057,"date":"2024-11-15T09:26:05","date_gmt":"2024-11-15T08:26:05","guid":{"rendered":"https:\/\/www.fun-parc-brumath.fr\/evjf-und-evg\/"},"modified":"2025-08-21T10:47:02","modified_gmt":"2025-08-21T08:47:02","slug":"evjf-und-evg","status":"publish","type":"page","link":"https:\/\/www.fun-parc-brumath.fr\/de\/gruppen\/evjf-und-evg\/","title":{"rendered":"EVJF und EVG"},"content":{"rendered":"\t\t\t<div  class=\" wp-block-grimlock-section grimlock-section--btn-primary grimlock-section--evjf-evg alignfull region grimlock-region grimlock-region--mt-0 grimlock-region--mb--2 grimlock-region--pt-5 grimlock-region--pb-5 grimlock-region--12-cols-left region--12-cols-left grimlock-region--container-classic region--container-classic grimlock-section section section_content_reveal\" style=\"margin-bottom:-2%;background-image:url(https:\/\/i0.wp.com\/www.fun-parc-brumath.fr\/wp-content\/uploads\/2021\/03\/evjf-evg-alsace.jpg?fit=1850%2C1237&#038;ssl=1);background-repeat:no-repeat;background-position:center;background-size:cover;-webkit-background-size:cover;background-attachment:scroll;border-top-color:#eceeef;border-top-style:solid;border-top-width:0;border-bottom-color:#eceeef;border-bottom-style:solid;border-bottom-width:0;z-index:0;\"  >\n\t\t\t<div class=\"region__inner\" style=\"padding-top:5%;padding-bottom:5%;background:linear-gradient(90deg,rgb(0,132,158) 0%,rgba(131,218,158,0.5) 100%);\">\n\t\t\t\t<div class=\"region__container\">\n\t\t\t\t\t<div class=\"region__row\">\n\t\t\t\t\t\t<div class=\"region__col region__col--1\" >\n\t\t\t\t\t\t\t<div class=\"grimlock-reveal-element grimlock-reveal-element--thumbnail\" >\n\t\t\t\t\t\t\t\t\t\t\t\t\t\t\t<\/div>\n\t\t\t\t\t\t<\/div><!-- .region__col -->\n\t\t\t\t\t\t<div class=\"region__col region__col--2\" >\n\t\t\t\t\t\t\t<div class=\"grimlock-reveal-element grimlock-reveal-element--content\" data-grimlock-animate-scroll-reveal=\"{&quot;origin&quot;:&quot;right&quot;,&quot;distance&quot;:&quot;80px&quot;,&quot;duration&quot;:750,&quot;delay&quot;:0,&quot;rotate&quot;:{&quot;x&quot;:0,&quot;y&quot;:0,&quot;z&quot;:0},&quot;opacity&quot;:0,&quot;scale&quot;:1,&quot;easing&quot;:&quot;cubic-bezier(0.6, 0.2, 0.1, 1)&quot;,&quot;viewFactor&quot;:0.5,&quot;mobile&quot;:false,&quot;reset&quot;:false}\">\n\t\t\t\t\t\t\t\t\t        <div class=\"grimlock-section__header section__header\">\n\t\t\t\t\n            <h2 class=\"grimlock-section__title section__title grimlock-display-1 display-1\" style=\"color:#ffffff;\">\n\t\t\t\tEVJF \/ EVG            <\/h2>\n\t\t\t\t\t\t\t<h3 class=\"grimlock-section__subtitle section__subtitle grimlock-lead lead\" style=\"color:#ffffff;\">\n\t\t\t\t\tJunggesellinnenabschied oder Junggesellenabschied\t\t\t\t<\/h3>\n\t\t\t\t        <\/div><!-- .section__header -->\n\t\t\t\t\t\t\t\t\t\t<\/div>\n\t\t\t\t\t\t<\/div><!-- .region__col -->\n\t\t\t\t\t<\/div><!-- .region__row -->\n\t\t\t\t<\/div><!-- .region__container -->\n\t\t\t<\/div><!-- .region__inner -->\n\t\t\t<\/div><!-- .grimlock-section -->\n\t\t\n<div class=\"wp-block-group wp-block-group-anchor\"><div class=\"wp-block-group__inner-container is-layout-flow wp-block-group-is-layout-flow\">\n<div class=\"wp-block-buttons is-layout-flex wp-block-buttons-is-layout-flex\"><\/div>\n<\/div><\/div>\n\t\t\t<div  class=\" wp-block-grimlock-section grimlock-section--btn-primary grimlock-section--gruppen alignfull region grimlock-region grimlock-region--mt-0 grimlock-region--mb-0 grimlock-region--pt-5 grimlock-region--pb-5 grimlock-region--6-6-cols-left region--6-6-cols-left grimlock-region--container-classic region--container-classic grimlock-section section section_thumbnail_reveal section_content_reveal\" style=\"border-top-color:#eceeef;border-top-style:solid;border-top-width:0;border-bottom-color:#eceeef;border-bottom-style:solid;border-bottom-width:0;z-index:0;color:#525A5B;\"  >\n\t\t\t<div class=\"region__inner\" style=\"padding-top:5%;padding-bottom:5%;\">\n\t\t\t\t<div class=\"region__container\">\n\t\t\t\t\t<div class=\"region__row\">\n\t\t\t\t\t\t<div class=\"region__col region__col--1\" >\n\t\t\t\t\t\t\t<div class=\"grimlock-reveal-element grimlock-reveal-element--thumbnail\" data-grimlock-animate-scroll-reveal=\"{&quot;origin&quot;:&quot;left&quot;,&quot;distance&quot;:&quot;80px&quot;,&quot;duration&quot;:750,&quot;delay&quot;:0,&quot;rotate&quot;:{&quot;x&quot;:0,&quot;y&quot;:0,&quot;z&quot;:0},&quot;opacity&quot;:0,&quot;scale&quot;:1,&quot;easing&quot;:&quot;cubic-bezier(0.6, 0.2, 0.1, 1)&quot;,&quot;viewFactor&quot;:0.5,&quot;mobile&quot;:false,&quot;reset&quot;:false}\">\n\t\t\t\t\t\t\t\t\t\t\t<div class=\"grimlock-section__thumbnail section__thumbnail\">\n\t\t\t\t<img data-recalc-dims=\"1\" loading=\"lazy\" decoding=\"async\" width=\"1140\" height=\"1707\" src=\"https:\/\/i0.wp.com\/www.fun-parc-brumath.fr\/wp-content\/uploads\/2022\/04\/zoriana-stakhniv-d-9i9taoxfi-unsplash.jpg?resize=1140%2C1707&#038;ssl=1\" class=\"grimlock-section__thumbnail-img section__thumbnail-img img-fluid\" alt=\"evjf strasbourg\" srcset=\"https:\/\/i0.wp.com\/www.fun-parc-brumath.fr\/wp-content\/uploads\/2022\/04\/zoriana-stakhniv-d-9i9taoxfi-unsplash.jpg?w=1282&amp;ssl=1 1282w, https:\/\/i0.wp.com\/www.fun-parc-brumath.fr\/wp-content\/uploads\/2022\/04\/zoriana-stakhniv-d-9i9taoxfi-unsplash.jpg?resize=200%2C300&amp;ssl=1 200w, https:\/\/i0.wp.com\/www.fun-parc-brumath.fr\/wp-content\/uploads\/2022\/04\/zoriana-stakhniv-d-9i9taoxfi-unsplash.jpg?resize=684%2C1024&amp;ssl=1 684w, https:\/\/i0.wp.com\/www.fun-parc-brumath.fr\/wp-content\/uploads\/2022\/04\/zoriana-stakhniv-d-9i9taoxfi-unsplash.jpg?resize=768%2C1150&amp;ssl=1 768w, https:\/\/i0.wp.com\/www.fun-parc-brumath.fr\/wp-content\/uploads\/2022\/04\/zoriana-stakhniv-d-9i9taoxfi-unsplash.jpg?resize=1026%2C1536&amp;ssl=1 1026w, https:\/\/i0.wp.com\/www.fun-parc-brumath.fr\/wp-content\/uploads\/2022\/04\/zoriana-stakhniv-d-9i9taoxfi-unsplash.jpg?resize=16%2C24&amp;ssl=1 16w, https:\/\/i0.wp.com\/www.fun-parc-brumath.fr\/wp-content\/uploads\/2022\/04\/zoriana-stakhniv-d-9i9taoxfi-unsplash.jpg?resize=24%2C36&amp;ssl=1 24w, https:\/\/i0.wp.com\/www.fun-parc-brumath.fr\/wp-content\/uploads\/2022\/04\/zoriana-stakhniv-d-9i9taoxfi-unsplash.jpg?resize=32%2C48&amp;ssl=1 32w\" sizes=\"auto, (max-width: 1140px) 100vw, 1140px\" \/>\n\t\t\t\t            <\/div><!-- .section__thumbnail -->\n\t\t\t\t\t\t\t\t\t\t<\/div>\n\t\t\t\t\t\t<\/div><!-- .region__col -->\n\t\t\t\t\t\t<div class=\"region__col region__col--2\" >\n\t\t\t\t\t\t\t<div class=\"grimlock-reveal-element grimlock-reveal-element--content\" data-grimlock-animate-scroll-reveal=\"{&quot;origin&quot;:&quot;left&quot;,&quot;distance&quot;:&quot;80px&quot;,&quot;duration&quot;:750,&quot;delay&quot;:0,&quot;rotate&quot;:{&quot;x&quot;:0,&quot;y&quot;:0,&quot;z&quot;:0},&quot;opacity&quot;:0,&quot;scale&quot;:1,&quot;easing&quot;:&quot;cubic-bezier(0.6, 0.2, 0.1, 1)&quot;,&quot;viewFactor&quot;:0.5,&quot;mobile&quot;:false,&quot;reset&quot;:false}\">\n\t\t\t\t\t\t\t\t\t        <div class=\"grimlock-section__header section__header\">\n\t\t\t\t\n            <h2 class=\"grimlock-section__title section__title grimlock-lead lead\" style=\"color:#00849E;\">\n\t\t\t\tGruppen            <\/h2>\n\t\t\t\t\t\t\t<h3 class=\"grimlock-section__subtitle section__subtitle grimlock-display-2 display-2\" style=\"color:#15171A;\">\n\t\t\t\t\tEVJF \/ EVG in der N\u00e4he von Strasbourg im Bas-Rhin (Elsass)  \t\t\t\t<\/h3>\n\t\t\t\t        <\/div><!-- .section__header -->\n\t\t\t\t        <div class=\"grimlock-section__content section__content\">\n\t\t\t\t            <div class=\"grimlock-section__text section__text\">\n\t\t\t\t<p style=\"text-align: justify\">Feiern Sie den sch\u00f6nsten Tag in Ihrem Leben oder den eines Freundes\/einer Freundin? Machen Sie das Beste aus Ihrem Junggesellenabschied mit einem Tag voller Spa\u00df und Lachen im Fun Parc!   <\/p>\n<p style=\"text-align: justify\">Weil die Organisation einer Hochzeit Stress verursachen kann, bietet Ihnen Fun Parc Brumath verr\u00fcckte Aktivit\u00e4ten an, die dem zuk\u00fcnftigen Ehepaar und seinen G\u00e4sten die M\u00f6glichkeit geben, sich zu entspannen, sich zu am\u00fcsieren und ihre Komplizenschaft zu st\u00e4rken, indem sie eine Party in <strong>der N\u00e4he von Strasbourg<\/strong> im Elsass organisieren.  <\/p>\n<p style=\"text-align: justify\">F\u00fcr die Liebhaber von Abenteuern an der frischen Luft, entdecken Sie unsere Aktivit\u00e4ten an Land (Baumklettern und Seilrutschen, Paintball, Orientierungslauf&#8230;) f\u00fcr noch mehr Nervenkitzel und Adrenalin. F\u00fcr die Liebhaber von originellen Aktivit\u00e4ten bieten wir Ihnen einen unvergesslichen Moment mit unseren Wasseraktivit\u00e4ten. Feiern Sie den Junggesellenabschied Ihres Liebsten mit unserem 5-Rollen Wasserskilift, unseren Wasserfahrzeugen (Tretboote, Kanus) und den aufblasbaren Wasserspielparcours in unserem Aquapark (von Ende Juni bis Ende August).    <\/p>\n<p style=\"text-align: justify\">Reservieren Sie dem zuk\u00fcnftigen Br\u00e4utigam \/ der zuk\u00fcnftigen Braut einen aufregenden Tag. Und mit dem Code &#8220; <strong> MARIAGE&#8220; <\/strong>.  k\u00f6nnen Sie dem\/der Gl\u00fccklichen einen <strong> kostenlosen <\/strong> Platz bei einem Paintball-Spiel ab 11 Spielern schenken! <\/p>\n<p style=\"text-align: justify\">Das Ende des Junggesellendaseins mit Freunden und Familie zu feiern, war noch nie so lustig! Warten Sie nicht l\u00e4nger und buchen Sie jetzt die Animationen f\u00fcr Ihren Junggesellenabschied <strong>in Brumath im Bas-Rhin<\/strong>.   <\/p>\n            <\/div>\n\t\t\t\t        <\/div><!-- .section__content -->\n\t\t\t\t        <div class=\"grimlock-section__footer section__footer\">\n\t            \n            <a href=\"https:\/\/www.fun-parc-brumath.fr\/groupes\/evjf-et-evg\/?g-path=%2Fcart%2Factivities%2Fundefined#\" class=\"grimlock-section__btn grimlock-section__btn--1 section__btn btn grimlock-btn-primary btn-primary\" >\n\t            Buchen Sie            <\/a>\n\t\t\t\t            \n            <a href=\"https:\/\/www.fun-parc-brumath.fr\/contact\/\" class=\"grimlock-section__btn grimlock-section__btn--2 section__btn btn grimlock-btn-secondary btn-secondary\" >\n\t            Nous contacter            <\/a>\n\t\t\t\t        <\/div><!-- .section__footer -->\n\t\t\t\t\t\t\t\t\t\t<\/div>\n\t\t\t\t\t\t<\/div><!-- .region__col -->\n\t\t\t\t\t<\/div><!-- .region__row -->\n\t\t\t\t<\/div><!-- .region__container -->\n\t\t\t<\/div><!-- .region__inner -->\n\t\t\t<\/div><!-- .grimlock-section -->\n\t\t\t\t\t<div  class=\" wp-block-grimlock-section grimlock-section--btn-primary alignfull region grimlock-region grimlock-region--mt-0 grimlock-region--mb-0 grimlock-region--pt-5 grimlock-region--pb-5 grimlock-region--6-6-cols-left-reverse region--6-6-cols-left-reverse grimlock-region--container-classic region--container-classic grimlock-section section section_thumbnail_reveal section_content_reveal\" style=\"border-top-color:#eceeef;border-top-style:solid;border-top-width:0;border-bottom-color:#eceeef;border-bottom-style:solid;border-bottom-width:0;z-index:0;color:#525A5B;\"  >\n\t\t\t<div class=\"region__inner\" style=\"padding-top:5%;padding-bottom:5%;\">\n\t\t\t\t<div class=\"region__container\">\n\t\t\t\t\t<div class=\"region__row\">\n\t\t\t\t\t\t<div class=\"region__col region__col--1\" >\n\t\t\t\t\t\t\t<div class=\"grimlock-reveal-element grimlock-reveal-element--thumbnail\" data-grimlock-animate-scroll-reveal=\"{&quot;origin&quot;:&quot;left&quot;,&quot;distance&quot;:&quot;80px&quot;,&quot;duration&quot;:750,&quot;delay&quot;:0,&quot;rotate&quot;:{&quot;x&quot;:0,&quot;y&quot;:0,&quot;z&quot;:0},&quot;opacity&quot;:0,&quot;scale&quot;:1,&quot;easing&quot;:&quot;cubic-bezier(0.6, 0.2, 0.1, 1)&quot;,&quot;viewFactor&quot;:0.5,&quot;mobile&quot;:false,&quot;reset&quot;:false}\">\n\t\t\t\t\t\t\t\t\t\t\t<div class=\"grimlock-section__thumbnail section__thumbnail\">\n\t\t\t\t<img data-recalc-dims=\"1\" loading=\"lazy\" decoding=\"async\" width=\"1140\" height=\"760\" src=\"https:\/\/i0.wp.com\/www.fun-parc-brumath.fr\/wp-content\/uploads\/2022\/04\/matheus-ferrero-tkrrvwxjb-8-unsplash.jpg?resize=1140%2C760&#038;ssl=1\" class=\"grimlock-section__thumbnail-img section__thumbnail-img img-fluid\" alt=\"evg alsace\" srcset=\"https:\/\/i0.wp.com\/www.fun-parc-brumath.fr\/wp-content\/uploads\/2022\/04\/matheus-ferrero-tkrrvwxjb-8-unsplash.jpg?w=1920&amp;ssl=1 1920w, https:\/\/i0.wp.com\/www.fun-parc-brumath.fr\/wp-content\/uploads\/2022\/04\/matheus-ferrero-tkrrvwxjb-8-unsplash.jpg?resize=300%2C200&amp;ssl=1 300w, https:\/\/i0.wp.com\/www.fun-parc-brumath.fr\/wp-content\/uploads\/2022\/04\/matheus-ferrero-tkrrvwxjb-8-unsplash.jpg?resize=1024%2C683&amp;ssl=1 1024w, https:\/\/i0.wp.com\/www.fun-parc-brumath.fr\/wp-content\/uploads\/2022\/04\/matheus-ferrero-tkrrvwxjb-8-unsplash.jpg?resize=768%2C512&amp;ssl=1 768w, https:\/\/i0.wp.com\/www.fun-parc-brumath.fr\/wp-content\/uploads\/2022\/04\/matheus-ferrero-tkrrvwxjb-8-unsplash.jpg?resize=1536%2C1024&amp;ssl=1 1536w, https:\/\/i0.wp.com\/www.fun-parc-brumath.fr\/wp-content\/uploads\/2022\/04\/matheus-ferrero-tkrrvwxjb-8-unsplash.jpg?resize=1850%2C1233&amp;ssl=1 1850w, https:\/\/i0.wp.com\/www.fun-parc-brumath.fr\/wp-content\/uploads\/2022\/04\/matheus-ferrero-tkrrvwxjb-8-unsplash.jpg?resize=24%2C16&amp;ssl=1 24w, https:\/\/i0.wp.com\/www.fun-parc-brumath.fr\/wp-content\/uploads\/2022\/04\/matheus-ferrero-tkrrvwxjb-8-unsplash.jpg?resize=36%2C24&amp;ssl=1 36w, https:\/\/i0.wp.com\/www.fun-parc-brumath.fr\/wp-content\/uploads\/2022\/04\/matheus-ferrero-tkrrvwxjb-8-unsplash.jpg?resize=48%2C32&amp;ssl=1 48w\" sizes=\"auto, (max-width: 1140px) 100vw, 1140px\" \/>\n\t\t\t\t            <\/div><!-- .section__thumbnail -->\n\t\t\t\t\t\t\t\t\t\t<\/div>\n\t\t\t\t\t\t<\/div><!-- .region__col -->\n\t\t\t\t\t\t<div class=\"region__col region__col--2\" >\n\t\t\t\t\t\t\t<div class=\"grimlock-reveal-element grimlock-reveal-element--content\" data-grimlock-animate-scroll-reveal=\"{&quot;origin&quot;:&quot;left&quot;,&quot;distance&quot;:&quot;80px&quot;,&quot;duration&quot;:750,&quot;delay&quot;:0,&quot;rotate&quot;:{&quot;x&quot;:0,&quot;y&quot;:0,&quot;z&quot;:0},&quot;opacity&quot;:0,&quot;scale&quot;:1,&quot;easing&quot;:&quot;cubic-bezier(0.6, 0.2, 0.1, 1)&quot;,&quot;viewFactor&quot;:0.5,&quot;mobile&quot;:false,&quot;reset&quot;:false}\">\n\t\t\t\t\t\t\t\t\t        <div class=\"grimlock-section__header section__header\">\n\t\t\t\t\t\t\t\t<h3 class=\"grimlock-section__subtitle section__subtitle grimlock-display-2 display-2\" style=\"color:#15171A;\">\n\t\t\t\t\tProfitieren Sie von unseren Sonderpreisen f\u00fcr einen originellen EVG \/ FJF\t\t\t\t<\/h3>\n\t\t\t\t        <\/div><!-- .section__header -->\n\t\t\t\t        <div class=\"grimlock-section__content section__content\">\n\t\t\t\t            <div class=\"grimlock-section__text section__text\">\n\t\t\t\t<p style=\"text-align: justify\">M\u00f6chten Sie das Ende des Junggesellenlebens Ihres Angeh\u00f6rigen f\u00fcr einen halben Tag, einen Tag oder ein ganzes Wochenende feiern? W\u00e4hlen Sie aus unserem Katalog an atypischen Animationen die Aktivit\u00e4ten, die das Paar vor dem Tag der Tage unterhalten werden. <\/p>\n<p style=\"text-align: justify\">Um Ihnen einen angenehmen Aufenthalt zu erm\u00f6glichen, bieten wir Ihnen <b>Gruppentarife<\/b> an. Ab 8 Personen erhalten Sie einen Rabatt von 15%! <\/p>\n<p style=\"text-align: justify\">Kommen Sie verkleidet, wenn Sie m\u00f6chten!<\/p>\n<p style=\"text-align: justify\">Sonderw\u00fcnsche: Weil dieser Tag einzigartig ist, passen wir uns Ihren W\u00fcnschen an. Kontaktieren Sie uns f\u00fcr Privatisierungen, besondere Einrichtungen&#8230; <\/p>\n<p style=\"text-align: justify\">Feiern Sie den Junggesellenabschied und den Junggesellinnenabschied des Brautpaares in Ihrem Naturfreizeitpark in der N\u00e4he von Stra\u00dfburg im Elsass.  <\/p>\n            <\/div>\n\t\t\t\t        <\/div><!-- .section__content -->\n\t\t\t\t        <div class=\"grimlock-section__footer section__footer\">\n\t            \n            <a href=\"https:\/\/www.fun-parc-brumath.fr\/contact\" class=\"grimlock-section__btn grimlock-section__btn--1 section__btn btn grimlock-btn-primary btn-primary\" >\n\t            Kontaktieren Sie uns            <\/a>\n\t\t\t\t            \t        <\/div><!-- .section__footer -->\n\t\t\t\t\t\t\t\t\t\t<\/div>\n\t\t\t\t\t\t<\/div><!-- .region__col -->\n\t\t\t\t\t<\/div><!-- .region__row -->\n\t\t\t\t<\/div><!-- .region__container -->\n\t\t\t<\/div><!-- .region__inner -->\n\t\t\t<\/div><!-- .grimlock-section -->\n\t\t","protected":false},"excerpt":{"rendered":"","protected":false},"author":1,"featured_media":0,"parent":4205,"menu_order":22,"comment_status":"closed","ping_status":"closed","template":"template-minimal.php","meta":{"_monsterinsights_skip_tracking":false,"_monsterinsights_sitenote_active":false,"_monsterinsights_sitenote_note":"","_monsterinsights_sitenote_category":0,"footnotes":""},"class_list":["post-4057","page","type-page","status-publish","hentry"],"yoast_head":"<!-- This site is optimized with the Yoast SEO plugin v27.3 - https:\/\/yoast.com\/product\/yoast-seo-wordpress\/ -->\n<title>EVG und EVJF Fun Parc Brumath: Eine Dosis Abenteuer!<\/title>\n<meta name=\"description\" content=\"Ein Freund oder eine Freundin wird bald heiraten? M\u00f6chten Sie ihm\/ihr einen unvergesslichen Tag bereiten? Dann entscheiden Sie sich f\u00fcr einen Fun Parc EVG EVJF!\" \/>\n<meta name=\"robots\" content=\"index, follow, max-snippet:-1, max-image-preview:large, max-video-preview:-1\" \/>\n<link rel=\"canonical\" href=\"https:\/\/www.fun-parc-brumath.fr\/de\/gruppen\/evjf-und-evg\/\" \/>\n<meta property=\"og:locale\" content=\"de_DE\" \/>\n<meta property=\"og:type\" content=\"article\" \/>\n<meta property=\"og:title\" content=\"EVG und EVJF Fun Parc Brumath: Eine Dosis Abenteuer!\" \/>\n<meta property=\"og:description\" content=\"Ein Freund oder eine Freundin wird bald heiraten? M\u00f6chten Sie ihm\/ihr einen unvergesslichen Tag bereiten? Dann entscheiden Sie sich f\u00fcr einen Fun Parc EVG EVJF!\" \/>\n<meta property=\"og:url\" content=\"https:\/\/www.fun-parc-brumath.fr\/de\/gruppen\/evjf-und-evg\/\" \/>\n<meta property=\"og:site_name\" content=\"Fun Parc Brumath\" \/>\n<meta property=\"article:modified_time\" content=\"2025-08-21T08:47:02+00:00\" \/>\n<meta name=\"twitter:card\" content=\"summary_large_image\" \/>\n<script type=\"application\/ld+json\" class=\"yoast-schema-graph\">{\"@context\":\"https:\\\/\\\/schema.org\",\"@graph\":[{\"@type\":\"WebPage\",\"@id\":\"https:\\\/\\\/www.fun-parc-brumath.fr\\\/de\\\/gruppen\\\/evjf-und-evg\\\/\",\"url\":\"https:\\\/\\\/www.fun-parc-brumath.fr\\\/de\\\/gruppen\\\/evjf-und-evg\\\/\",\"name\":\"EVG und EVJF Fun Parc Brumath: Eine Dosis Abenteuer!\",\"isPartOf\":{\"@id\":\"https:\\\/\\\/www.fun-parc-brumath.fr\\\/de\\\/#website\"},\"datePublished\":\"2024-11-15T08:26:05+00:00\",\"dateModified\":\"2025-08-21T08:47:02+00:00\",\"description\":\"Ein Freund oder eine Freundin wird bald heiraten? M\u00f6chten Sie ihm\\\/ihr einen unvergesslichen Tag bereiten? Dann entscheiden Sie sich f\u00fcr einen Fun Parc EVG EVJF!\",\"breadcrumb\":{\"@id\":\"https:\\\/\\\/www.fun-parc-brumath.fr\\\/de\\\/gruppen\\\/evjf-und-evg\\\/#breadcrumb\"},\"inLanguage\":\"de\",\"potentialAction\":[{\"@type\":\"ReadAction\",\"target\":[\"https:\\\/\\\/www.fun-parc-brumath.fr\\\/de\\\/gruppen\\\/evjf-und-evg\\\/\"]}]},{\"@type\":\"BreadcrumbList\",\"@id\":\"https:\\\/\\\/www.fun-parc-brumath.fr\\\/de\\\/gruppen\\\/evjf-und-evg\\\/#breadcrumb\",\"itemListElement\":[{\"@type\":\"ListItem\",\"position\":1,\"name\":\"Accueil\",\"item\":\"https:\\\/\\\/www.fun-parc-brumath.fr\\\/de\\\/\"},{\"@type\":\"ListItem\",\"position\":2,\"name\":\"Gruppen\",\"item\":\"https:\\\/\\\/www.fun-parc-brumath.fr\\\/de\\\/groupes\\\/\"},{\"@type\":\"ListItem\",\"position\":3,\"name\":\"EVJF und EVG\"}]},{\"@type\":\"WebSite\",\"@id\":\"https:\\\/\\\/www.fun-parc-brumath.fr\\\/de\\\/#website\",\"url\":\"https:\\\/\\\/www.fun-parc-brumath.fr\\\/de\\\/\",\"name\":\"Alsafun\",\"description\":\"Parc de loisirs de la re\u0301gion Grand Est\",\"publisher\":{\"@id\":\"https:\\\/\\\/www.fun-parc-brumath.fr\\\/de\\\/#organization\"},\"potentialAction\":[{\"@type\":\"SearchAction\",\"target\":{\"@type\":\"EntryPoint\",\"urlTemplate\":\"https:\\\/\\\/www.fun-parc-brumath.fr\\\/de\\\/?s={search_term_string}\"},\"query-input\":{\"@type\":\"PropertyValueSpecification\",\"valueRequired\":true,\"valueName\":\"search_term_string\"}}],\"inLanguage\":\"de\"},{\"@type\":\"Organization\",\"@id\":\"https:\\\/\\\/www.fun-parc-brumath.fr\\\/de\\\/#organization\",\"name\":\"Fun Parc Brumath\",\"url\":\"https:\\\/\\\/www.fun-parc-brumath.fr\\\/de\\\/\",\"logo\":{\"@type\":\"ImageObject\",\"inLanguage\":\"de\",\"@id\":\"https:\\\/\\\/www.fun-parc-brumath.fr\\\/de\\\/#\\\/schema\\\/logo\\\/image\\\/\",\"url\":\"https:\\\/\\\/www.fun-parc-brumath.fr\\\/wp-content\\\/uploads\\\/2021\\\/03\\\/logo-footer.png\",\"contentUrl\":\"https:\\\/\\\/www.fun-parc-brumath.fr\\\/wp-content\\\/uploads\\\/2021\\\/03\\\/logo-footer.png\",\"width\":162,\"height\":165,\"caption\":\"Fun Parc Brumath\"},\"image\":{\"@id\":\"https:\\\/\\\/www.fun-parc-brumath.fr\\\/de\\\/#\\\/schema\\\/logo\\\/image\\\/\"}}]}<\/script>\n<!-- \/ Yoast SEO plugin. -->","yoast_head_json":{"title":"EVG und EVJF Fun Parc Brumath: Eine Dosis Abenteuer!","description":"Ein Freund oder eine Freundin wird bald heiraten? M\u00f6chten Sie ihm\/ihr einen unvergesslichen Tag bereiten? Dann entscheiden Sie sich f\u00fcr einen Fun Parc EVG EVJF!","robots":{"index":"index","follow":"follow","max-snippet":"max-snippet:-1","max-image-preview":"max-image-preview:large","max-video-preview":"max-video-preview:-1"},"canonical":"https:\/\/www.fun-parc-brumath.fr\/de\/gruppen\/evjf-und-evg\/","og_locale":"de_DE","og_type":"article","og_title":"EVG und EVJF Fun Parc Brumath: Eine Dosis Abenteuer!","og_description":"Ein Freund oder eine Freundin wird bald heiraten? M\u00f6chten Sie ihm\/ihr einen unvergesslichen Tag bereiten? Dann entscheiden Sie sich f\u00fcr einen Fun Parc EVG EVJF!","og_url":"https:\/\/www.fun-parc-brumath.fr\/de\/gruppen\/evjf-und-evg\/","og_site_name":"Fun Parc Brumath","article_modified_time":"2025-08-21T08:47:02+00:00","twitter_card":"summary_large_image","schema":{"@context":"https:\/\/schema.org","@graph":[{"@type":"WebPage","@id":"https:\/\/www.fun-parc-brumath.fr\/de\/gruppen\/evjf-und-evg\/","url":"https:\/\/www.fun-parc-brumath.fr\/de\/gruppen\/evjf-und-evg\/","name":"EVG und EVJF Fun Parc Brumath: Eine Dosis Abenteuer!","isPartOf":{"@id":"https:\/\/www.fun-parc-brumath.fr\/de\/#website"},"datePublished":"2024-11-15T08:26:05+00:00","dateModified":"2025-08-21T08:47:02+00:00","description":"Ein Freund oder eine Freundin wird bald heiraten? M\u00f6chten Sie ihm\/ihr einen unvergesslichen Tag bereiten? Dann entscheiden Sie sich f\u00fcr einen Fun Parc EVG EVJF!","breadcrumb":{"@id":"https:\/\/www.fun-parc-brumath.fr\/de\/gruppen\/evjf-und-evg\/#breadcrumb"},"inLanguage":"de","potentialAction":[{"@type":"ReadAction","target":["https:\/\/www.fun-parc-brumath.fr\/de\/gruppen\/evjf-und-evg\/"]}]},{"@type":"BreadcrumbList","@id":"https:\/\/www.fun-parc-brumath.fr\/de\/gruppen\/evjf-und-evg\/#breadcrumb","itemListElement":[{"@type":"ListItem","position":1,"name":"Accueil","item":"https:\/\/www.fun-parc-brumath.fr\/de\/"},{"@type":"ListItem","position":2,"name":"Gruppen","item":"https:\/\/www.fun-parc-brumath.fr\/de\/groupes\/"},{"@type":"ListItem","position":3,"name":"EVJF und EVG"}]},{"@type":"WebSite","@id":"https:\/\/www.fun-parc-brumath.fr\/de\/#website","url":"https:\/\/www.fun-parc-brumath.fr\/de\/","name":"Alsafun","description":"Parc de loisirs de la re\u0301gion Grand Est","publisher":{"@id":"https:\/\/www.fun-parc-brumath.fr\/de\/#organization"},"potentialAction":[{"@type":"SearchAction","target":{"@type":"EntryPoint","urlTemplate":"https:\/\/www.fun-parc-brumath.fr\/de\/?s={search_term_string}"},"query-input":{"@type":"PropertyValueSpecification","valueRequired":true,"valueName":"search_term_string"}}],"inLanguage":"de"},{"@type":"Organization","@id":"https:\/\/www.fun-parc-brumath.fr\/de\/#organization","name":"Fun Parc Brumath","url":"https:\/\/www.fun-parc-brumath.fr\/de\/","logo":{"@type":"ImageObject","inLanguage":"de","@id":"https:\/\/www.fun-parc-brumath.fr\/de\/#\/schema\/logo\/image\/","url":"https:\/\/www.fun-parc-brumath.fr\/wp-content\/uploads\/2021\/03\/logo-footer.png","contentUrl":"https:\/\/www.fun-parc-brumath.fr\/wp-content\/uploads\/2021\/03\/logo-footer.png","width":162,"height":165,"caption":"Fun Parc Brumath"},"image":{"@id":"https:\/\/www.fun-parc-brumath.fr\/de\/#\/schema\/logo\/image\/"}}]}},"jetpack_sharing_enabled":true,"_links":{"self":[{"href":"https:\/\/www.fun-parc-brumath.fr\/de\/wp-json\/wp\/v2\/pages\/4057","targetHints":{"allow":["GET"]}}],"collection":[{"href":"https:\/\/www.fun-parc-brumath.fr\/de\/wp-json\/wp\/v2\/pages"}],"about":[{"href":"https:\/\/www.fun-parc-brumath.fr\/de\/wp-json\/wp\/v2\/types\/page"}],"author":[{"embeddable":true,"href":"https:\/\/www.fun-parc-brumath.fr\/de\/wp-json\/wp\/v2\/users\/1"}],"replies":[{"embeddable":true,"href":"https:\/\/www.fun-parc-brumath.fr\/de\/wp-json\/wp\/v2\/comments?post=4057"}],"version-history":[{"count":2,"href":"https:\/\/www.fun-parc-brumath.fr\/de\/wp-json\/wp\/v2\/pages\/4057\/revisions"}],"predecessor-version":[{"id":4477,"href":"https:\/\/www.fun-parc-brumath.fr\/de\/wp-json\/wp\/v2\/pages\/4057\/revisions\/4477"}],"up":[{"embeddable":true,"href":"https:\/\/www.fun-parc-brumath.fr\/de\/wp-json\/wp\/v2\/pages\/4205"}],"wp:attachment":[{"href":"https:\/\/www.fun-parc-brumath.fr\/de\/wp-json\/wp\/v2\/media?parent=4057"}],"curies":[{"name":"wp","href":"https:\/\/api.w.org\/{rel}","templated":true}]}}