{"id":4040,"date":"2024-11-15T09:25:59","date_gmt":"2024-11-15T08:25:59","guid":{"rendered":"https:\/\/www.fun-parc-brumath.fr\/bar-restaurant\/"},"modified":"2024-11-15T11:39:49","modified_gmt":"2024-11-15T10:39:49","slug":"bar-restaurant","status":"publish","type":"page","link":"https:\/\/www.fun-parc-brumath.fr\/de\/bar-restaurant\/","title":{"rendered":"Bar \/ Restaurant"},"content":{"rendered":"\t\t\t<div  class=\" wp-block-grimlock-section grimlock-section--btn-primary grimlock-section--bar-restaurant alignfull region grimlock-region grimlock-region--mt-0 grimlock-region--mb--2 grimlock-region--pt-5 grimlock-region--pb-5 grimlock-region--12-cols-left region--12-cols-left grimlock-region--container-classic region--container-classic grimlock-section section section_content_reveal\" style=\"margin-bottom:-2%;background-image:url(https:\/\/i0.wp.com\/www.fun-parc-brumath.fr\/wp-content\/uploads\/2021\/05\/capture.png?fit=507%2C318&#038;ssl=1);background-repeat:no-repeat;background-position:center;background-size:cover;-webkit-background-size:cover;background-attachment:scroll;border-top-color:#eceeef;border-top-style:solid;border-top-width:0;border-bottom-color:#eceeef;border-bottom-style:solid;border-bottom-width:0;z-index:0;\"  >\n\t\t\t<div class=\"region__inner\" style=\"padding-top:5%;padding-bottom:5%;background:linear-gradient(90deg,rgb(0,132,158) 0%,rgba(131,218,158,0.5) 100%);\">\n\t\t\t\t<div class=\"region__container\">\n\t\t\t\t\t<div class=\"region__row\">\n\t\t\t\t\t\t<div class=\"region__col region__col--1\" >\n\t\t\t\t\t\t\t<div class=\"grimlock-reveal-element grimlock-reveal-element--thumbnail\" >\n\t\t\t\t\t\t\t\t\t\t\t\t\t\t\t<\/div>\n\t\t\t\t\t\t<\/div><!-- .region__col -->\n\t\t\t\t\t\t<div class=\"region__col region__col--2\" >\n\t\t\t\t\t\t\t<div class=\"grimlock-reveal-element grimlock-reveal-element--content\" data-grimlock-animate-scroll-reveal=\"{&quot;origin&quot;:&quot;right&quot;,&quot;distance&quot;:&quot;80px&quot;,&quot;duration&quot;:750,&quot;delay&quot;:0,&quot;rotate&quot;:{&quot;x&quot;:0,&quot;y&quot;:0,&quot;z&quot;:0},&quot;opacity&quot;:0,&quot;scale&quot;:1,&quot;easing&quot;:&quot;cubic-bezier(0.6, 0.2, 0.1, 1)&quot;,&quot;viewFactor&quot;:0.5,&quot;mobile&quot;:false,&quot;reset&quot;:false}\">\n\t\t\t\t\t\t\t\t\t        <div class=\"grimlock-section__header section__header\">\n\t\t\t\t\n            <h2 class=\"grimlock-section__title section__title grimlock-display-1 display-1\" style=\"color:#ffffff;\">\n\t\t\t\tBar \/ Restaurant            <\/h2>\n\t\t\t\t        <\/div><!-- .section__header -->\n\t\t\t\t\t\t\t\t\t\t<\/div>\n\t\t\t\t\t\t<\/div><!-- .region__col -->\n\t\t\t\t\t<\/div><!-- .region__row -->\n\t\t\t\t<\/div><!-- .region__container -->\n\t\t\t<\/div><!-- .region__inner -->\n\t\t\t<\/div><!-- .grimlock-section -->\n\t\t\n<div class=\"wp-block-group wp-block-group-anchor\"><div class=\"wp-block-group__inner-container is-layout-flow wp-block-group-is-layout-flow\">\n<div class=\"wp-block-buttons is-layout-flex wp-block-buttons-is-layout-flex\">\n<div class=\"wp-block-button\"><a class=\"wp-block-button__link wp-element-button\">Zwei Orte, zwei Stimmungen<\/a><\/div>\n<\/div>\n<\/div><\/div>\n\t\t\t<div  class=\" wp-block-grimlock-section grimlock-section--btn-primary grimlock-section--ihre-neue-sommerbar alignfull region grimlock-region grimlock-region--mt-0 grimlock-region--mb-0 grimlock-region--pt-5 grimlock-region--pb-5 grimlock-region--6-6-cols-left-boxed-reverse region--6-6-cols-left-boxed-reverse grimlock-region--container-fluid region--container-fluid grimlock-section section section_thumbnail_reveal section_content_reveal\" style=\"border-top-color:#eceeef;border-top-style:solid;border-top-width:0;border-bottom-color:#eceeef;border-bottom-style:solid;border-bottom-width:0;z-index:0;color:#525A5B;\"  >\n\t\t\t<div class=\"region__inner\" style=\"padding-top:5%;padding-bottom:5%;\">\n\t\t\t\t<div class=\"region__container\">\n\t\t\t\t\t<div class=\"region__row\">\n\t\t\t\t\t\t<div class=\"region__col region__col--1\" >\n\t\t\t\t\t\t\t<div class=\"grimlock-reveal-element grimlock-reveal-element--thumbnail\" data-grimlock-animate-scroll-reveal=\"{&quot;origin&quot;:&quot;right&quot;,&quot;distance&quot;:&quot;80px&quot;,&quot;duration&quot;:750,&quot;delay&quot;:0,&quot;rotate&quot;:{&quot;x&quot;:0,&quot;y&quot;:0,&quot;z&quot;:0},&quot;opacity&quot;:0,&quot;scale&quot;:1,&quot;easing&quot;:&quot;cubic-bezier(0.6, 0.2, 0.1, 1)&quot;,&quot;viewFactor&quot;:0.5,&quot;mobile&quot;:false,&quot;reset&quot;:false}\">\n\t\t\t\t\t\t\t\t\t\t\t<div class=\"grimlock-section__thumbnail section__thumbnail\">\n\t\t\t\t<img data-recalc-dims=\"1\" loading=\"lazy\" decoding=\"async\" width=\"1080\" height=\"1080\" src=\"https:\/\/i0.wp.com\/www.fun-parc-brumath.fr\/wp-content\/uploads\/2024\/04\/photo-site-internet.jpg?resize=1080%2C1080&#038;ssl=1\" class=\"grimlock-section__thumbnail-img section__thumbnail-img img-fluid\" alt=\"\" srcset=\"https:\/\/i0.wp.com\/www.fun-parc-brumath.fr\/wp-content\/uploads\/2024\/04\/photo-site-internet.jpg?w=1080&amp;ssl=1 1080w, https:\/\/i0.wp.com\/www.fun-parc-brumath.fr\/wp-content\/uploads\/2024\/04\/photo-site-internet.jpg?resize=300%2C300&amp;ssl=1 300w, https:\/\/i0.wp.com\/www.fun-parc-brumath.fr\/wp-content\/uploads\/2024\/04\/photo-site-internet.jpg?resize=1024%2C1024&amp;ssl=1 1024w, https:\/\/i0.wp.com\/www.fun-parc-brumath.fr\/wp-content\/uploads\/2024\/04\/photo-site-internet.jpg?resize=150%2C150&amp;ssl=1 150w, https:\/\/i0.wp.com\/www.fun-parc-brumath.fr\/wp-content\/uploads\/2024\/04\/photo-site-internet.jpg?resize=768%2C768&amp;ssl=1 768w, https:\/\/i0.wp.com\/www.fun-parc-brumath.fr\/wp-content\/uploads\/2024\/04\/photo-site-internet.jpg?resize=170%2C170&amp;ssl=1 170w, https:\/\/i0.wp.com\/www.fun-parc-brumath.fr\/wp-content\/uploads\/2024\/04\/photo-site-internet.jpg?resize=1500%2C1500&amp;ssl=1 1500w\" sizes=\"auto, (max-width: 1080px) 100vw, 1080px\" \/>\n\t\t\t\t            <\/div><!-- .section__thumbnail -->\n\t\t\t\t\t\t\t\t\t\t<\/div>\n\t\t\t\t\t\t<\/div><!-- .region__col -->\n\t\t\t\t\t\t<div class=\"region__col region__col--2\" >\n\t\t\t\t\t\t\t<div class=\"grimlock-reveal-element grimlock-reveal-element--content\" data-grimlock-animate-scroll-reveal=\"{&quot;origin&quot;:&quot;left&quot;,&quot;distance&quot;:&quot;80px&quot;,&quot;duration&quot;:750,&quot;delay&quot;:0,&quot;rotate&quot;:{&quot;x&quot;:0,&quot;y&quot;:0,&quot;z&quot;:0},&quot;opacity&quot;:0,&quot;scale&quot;:1,&quot;easing&quot;:&quot;cubic-bezier(0.6, 0.2, 0.1, 1)&quot;,&quot;viewFactor&quot;:0.5,&quot;mobile&quot;:false,&quot;reset&quot;:false}\">\n\t\t\t\t\t\t\t\t\t        <div class=\"grimlock-section__header section__header\">\n\t\t\t\t\n            <h2 class=\"grimlock-section__title section__title grimlock-lead lead\" style=\"color:#00849E;\">\n\t\t\t\tIhre neue Sommerbar!            <\/h2>\n\t\t\t\t\t\t\t<h3 class=\"grimlock-section__subtitle section__subtitle grimlock-display-2 display-2\" style=\"color:#15171A;\">\n\t\t\t\t\tDie WakeKiki Bar\t\t\t\t<\/h3>\n\t\t\t\t        <\/div><!-- .section__header -->\n\t\t\t\t        <div class=\"grimlock-section__content section__content\">\n\t\t\t\t            <div class=\"grimlock-section__text section__text\">\n\t\t\t\t<p>Eine Bar am Wasser, mit Pfahl- und Rooftop-Terrasse, Sunsets, ungew\u00f6hnlichen Abenden, Essen und Trinken mit Freunden&#8230; Das WakeKiki ist der perfekte Ort f\u00fcr einen Sommerabend! <\/p>\n            <\/div>\n\t\t\t\t        <\/div><!-- .section__content -->\n\t\t\t\t\t\t\t\t\t\t<\/div>\n\t\t\t\t\t\t<\/div><!-- .region__col -->\n\t\t\t\t\t<\/div><!-- .region__row -->\n\t\t\t\t<\/div><!-- .region__container -->\n\t\t\t<\/div><!-- .region__inner -->\n\t\t\t<\/div><!-- .grimlock-section -->\n\t\t\n<div class=\"wp-block-buttons is-content-justification-center is-layout-flex wp-container-core-buttons-is-layout-16018d1d wp-block-buttons-is-layout-flex\">\n<div class=\"wp-block-button\"><a class=\"wp-block-button__link has-secondary-background-color has-background wp-element-button\" href=\"https:\/\/www.fun-parc-brumath.fr\/de\/wakekiki-bar\/\" target=\"_blank\" rel=\"noreferrer noopener\">Entdecken Sie die WakeKiki Bar<\/a><\/div>\n<\/div>\n\t\t\t<div  class=\" wp-block-grimlock-section grimlock-section--btn-primary grimlock-section--wir-sind-zu-hungrig alignfull region grimlock-region grimlock-region--mt-0 grimlock-region--mb-0 grimlock-region--pt-5 grimlock-region--pb-5 grimlock-region--6-6-cols-left-boxed region--6-6-cols-left-boxed grimlock-region--container-fluid region--container-fluid grimlock-section section section_thumbnail_reveal section_content_reveal\" style=\"border-top-color:#eceeef;border-top-style:solid;border-top-width:0;border-bottom-color:#eceeef;border-bottom-style:solid;border-bottom-width:0;z-index:0;color:#525A5B;\"  >\n\t\t\t<div class=\"region__inner\" style=\"padding-top:5%;padding-bottom:5%;\">\n\t\t\t\t<div class=\"region__container\">\n\t\t\t\t\t<div class=\"region__row\">\n\t\t\t\t\t\t<div class=\"region__col region__col--1\" >\n\t\t\t\t\t\t\t<div class=\"grimlock-reveal-element grimlock-reveal-element--thumbnail\" data-grimlock-animate-scroll-reveal=\"{&quot;origin&quot;:&quot;left&quot;,&quot;distance&quot;:&quot;80px&quot;,&quot;duration&quot;:750,&quot;delay&quot;:0,&quot;rotate&quot;:{&quot;x&quot;:0,&quot;y&quot;:0,&quot;z&quot;:0},&quot;opacity&quot;:0,&quot;scale&quot;:1,&quot;easing&quot;:&quot;cubic-bezier(0.6, 0.2, 0.1, 1)&quot;,&quot;viewFactor&quot;:0.5,&quot;mobile&quot;:false,&quot;reset&quot;:false}\">\n\t\t\t\t\t\t\t\t\t\t\t<div class=\"grimlock-section__thumbnail section__thumbnail\">\n\t\t\t\t<img data-recalc-dims=\"1\" loading=\"lazy\" decoding=\"async\" width=\"1140\" height=\"760\" src=\"https:\/\/i0.wp.com\/www.fun-parc-brumath.fr\/wp-content\/uploads\/2022\/06\/20220612-fun-parc-brumath-024.jpg?resize=1140%2C760&#038;ssl=1\" class=\"grimlock-section__thumbnail-img section__thumbnail-img img-fluid\" alt=\"\" srcset=\"https:\/\/i0.wp.com\/www.fun-parc-brumath.fr\/wp-content\/uploads\/2022\/06\/20220612-fun-parc-brumath-024.jpg?w=1920&amp;ssl=1 1920w, https:\/\/i0.wp.com\/www.fun-parc-brumath.fr\/wp-content\/uploads\/2022\/06\/20220612-fun-parc-brumath-024.jpg?resize=300%2C200&amp;ssl=1 300w, https:\/\/i0.wp.com\/www.fun-parc-brumath.fr\/wp-content\/uploads\/2022\/06\/20220612-fun-parc-brumath-024.jpg?resize=1024%2C683&amp;ssl=1 1024w, https:\/\/i0.wp.com\/www.fun-parc-brumath.fr\/wp-content\/uploads\/2022\/06\/20220612-fun-parc-brumath-024.jpg?resize=768%2C512&amp;ssl=1 768w, https:\/\/i0.wp.com\/www.fun-parc-brumath.fr\/wp-content\/uploads\/2022\/06\/20220612-fun-parc-brumath-024.jpg?resize=1536%2C1024&amp;ssl=1 1536w, https:\/\/i0.wp.com\/www.fun-parc-brumath.fr\/wp-content\/uploads\/2022\/06\/20220612-fun-parc-brumath-024.jpg?resize=1850%2C1233&amp;ssl=1 1850w, https:\/\/i0.wp.com\/www.fun-parc-brumath.fr\/wp-content\/uploads\/2022\/06\/20220612-fun-parc-brumath-024.jpg?resize=24%2C16&amp;ssl=1 24w, https:\/\/i0.wp.com\/www.fun-parc-brumath.fr\/wp-content\/uploads\/2022\/06\/20220612-fun-parc-brumath-024.jpg?resize=36%2C24&amp;ssl=1 36w, https:\/\/i0.wp.com\/www.fun-parc-brumath.fr\/wp-content\/uploads\/2022\/06\/20220612-fun-parc-brumath-024.jpg?resize=48%2C32&amp;ssl=1 48w\" sizes=\"auto, (max-width: 1140px) 100vw, 1140px\" \/>\n\t\t\t\t            <\/div><!-- .section__thumbnail -->\n\t\t\t\t\t\t\t\t\t\t<\/div>\n\t\t\t\t\t\t<\/div><!-- .region__col -->\n\t\t\t\t\t\t<div class=\"region__col region__col--2\" >\n\t\t\t\t\t\t\t<div class=\"grimlock-reveal-element grimlock-reveal-element--content\" data-grimlock-animate-scroll-reveal=\"{&quot;origin&quot;:&quot;left&quot;,&quot;distance&quot;:&quot;80px&quot;,&quot;duration&quot;:750,&quot;delay&quot;:0,&quot;rotate&quot;:{&quot;x&quot;:0,&quot;y&quot;:0,&quot;z&quot;:0},&quot;opacity&quot;:0,&quot;scale&quot;:1,&quot;easing&quot;:&quot;cubic-bezier(0.6, 0.2, 0.1, 1)&quot;,&quot;viewFactor&quot;:0.5,&quot;mobile&quot;:false,&quot;reset&quot;:false}\">\n\t\t\t\t\t\t\t\t\t        <div class=\"grimlock-section__header section__header\">\n\t\t\t\t\n            <h2 class=\"grimlock-section__title section__title grimlock-lead lead\" style=\"color:#00849E;\">\n\t\t\t\tWir sind zu hungrig!            <\/h2>\n\t\t\t\t\t\t\t<h3 class=\"grimlock-section__subtitle section__subtitle grimlock-display-2 display-2\" style=\"color:#15171A;\">\n\t\t\t\t\tStrandrestaurant\t\t\t\t<\/h3>\n\t\t\t\t        <\/div><!-- .section__header -->\n\t\t\t\t        <div class=\"grimlock-section__content section__content\">\n\t\t\t\t            <div class=\"grimlock-section__text section__text\">\n\t\t\t\t<p>Nachdem Sie die zahlreichen Aktivit\u00e4ten auf dem Gel\u00e4nde des Fun Parc genossen haben, st\u00e4rken Sie sich mit einem leckeren Gericht in der Fun Bar&amp;food und genie\u00dfen Sie die schattige Terrasse am Strand&#8230; hier kommt Urlaubsfeeling auf.<\/p>\n            <\/div>\n\t\t\t\t        <\/div><!-- .section__content -->\n\t\t\t\t\t\t\t\t\t\t<\/div>\n\t\t\t\t\t\t<\/div><!-- .region__col -->\n\t\t\t\t\t<\/div><!-- .region__row -->\n\t\t\t\t<\/div><!-- .region__container -->\n\t\t\t<\/div><!-- .region__inner -->\n\t\t\t<\/div><!-- .grimlock-section -->\n\t\t\n<div class=\"wp-block-getwid-advanced-spacer\" style=\"height:5vw\" aria-hidden=\"true\"><\/div>\n\t\t\t<div  class=\" wp-block-grimlock-section grimlock-section--btn-primary region grimlock-region grimlock-region--mt-0 grimlock-region--mb-0 grimlock-region--pt-7 grimlock-region--pb-8 grimlock-region--12-cols-center region--12-cols-center grimlock-region--container-narrower region--container-narrower grimlock-section section section_content_reveal\" style=\"background-image:url(https:\/\/i0.wp.com\/www.fun-parc-brumath.fr\/wp-content\/uploads\/2021\/03\/parc-aventure-alsace-alsafun-mojito.jpg?fit=1024%2C675&#038;ssl=1);background-repeat:no-repeat;background-position:center;background-size:cover;-webkit-background-size:cover;background-attachment:scroll;border-top-color:#eceeef;border-top-style:solid;border-top-width:0;border-bottom-color:#eceeef;border-bottom-style:solid;border-bottom-width:0;z-index:0;color:#ffffff;\"  >\n\t\t\t<div class=\"region__inner\" style=\"padding-top:7.5%;padding-bottom:8%;background:linear-gradient(180deg,rgba(0,132,158,0.75) 0%,rgba(0,68,82,0.75) 100%);\">\n\t\t\t\t<div class=\"region__container\">\n\t\t\t\t\t<div class=\"region__row\">\n\t\t\t\t\t\t<div class=\"region__col region__col--1\" >\n\t\t\t\t\t\t\t<div class=\"grimlock-reveal-element grimlock-reveal-element--thumbnail\" >\n\t\t\t\t\t\t\t\t\t\t\t\t\t\t\t<\/div>\n\t\t\t\t\t\t<\/div><!-- .region__col -->\n\t\t\t\t\t\t<div class=\"region__col region__col--2\" >\n\t\t\t\t\t\t\t<div class=\"grimlock-reveal-element grimlock-reveal-element--content\" data-grimlock-animate-scroll-reveal=\"{&quot;origin&quot;:&quot;bottom&quot;,&quot;distance&quot;:&quot;80px&quot;,&quot;duration&quot;:750,&quot;delay&quot;:0,&quot;rotate&quot;:{&quot;x&quot;:0,&quot;y&quot;:0,&quot;z&quot;:0},&quot;opacity&quot;:0,&quot;scale&quot;:1,&quot;easing&quot;:&quot;cubic-bezier(0.6, 0.2, 0.1, 1)&quot;,&quot;viewFactor&quot;:0.5,&quot;mobile&quot;:false,&quot;reset&quot;:false}\">\n\t\t\t\t\t\t\t\t\t        <div class=\"grimlock-section__header section__header\">\n\t\t\t\t\t\t\t\t<h3 class=\"grimlock-section__subtitle section__subtitle grimlock-display-2 display-2\" style=\"color:#ffffff;\">\n\t\t\t\t\tAber was essen wir?\t\t\t\t<\/h3>\n\t\t\t\t        <\/div><!-- .section__header -->\n\t\t\t\t        <div class=\"grimlock-section__content section__content\">\n\t\t\t\t            <div class=\"grimlock-section__text section__text\">\n\t\t\t\t<p>Sowohl unsere Strandterrasse als auch unsere Chill Bar auf der Wassersportbasis bieten Ihnen die M\u00f6glichkeit, bequem zwischen Strand und Gr\u00fcn zu essen. Jeder Ort hat seine eigenen Spezialit\u00e4ten, die Sie hier finden k\u00f6nnen: <\/p>\n            <\/div>\n\t\t\t\t        <\/div><!-- .section__content -->\n\t\t\t\t\t\t\t\t\t\t<\/div>\n\t\t\t\t\t\t<\/div><!-- .region__col -->\n\t\t\t\t\t<\/div><!-- .region__row -->\n\t\t\t\t<\/div><!-- .region__container -->\n\t\t\t<\/div><!-- .region__inner -->\n\t\t\t<\/div><!-- .grimlock-section -->\n\t\t\n<div class=\"wp-block-getwid-advanced-spacer\" style=\"height:5vw\" aria-hidden=\"true\"><\/div>\n\n<div class=\"wp-block-columns grimlock-animate__wp-block-columns grimlock-animate__wp-block-columns--fadeinUp is-layout-flex wp-container-core-columns-is-layout-9d6595d7 wp-block-columns-is-layout-flex\">\n<div class=\"wp-block-column card is-layout-flow wp-block-column-is-layout-flow\">\n<h3 class=\"wp-block-heading has-darker-color has-text-color has-h-3-font-size\">Strandrestaurant<\/h3>\n\n\n\n<ul class=\"wp-block-list\">\n<li>Knacks<\/li>\n\n\n\n<li>Paninis<\/li>\n\n\n\n<li>Pommes frites<\/li>\n\n\n\n<li>Eis<\/li>\n\n\n\n<li>Waffeln<\/li>\n\n\n\n<li>Italienische Eiscreme<\/li>\n\n\n\n<li>Getr\u00e4nke (Smoothies, Cocktails, Bier, Wein, Sodas&#8230;)<\/li>\n<\/ul>\n\n\n\n<p><\/p>\n<\/div>\n\n\n\n<div class=\"wp-block-column card is-layout-flow wp-block-column-is-layout-flow\">\n<h3 class=\"wp-block-heading has-darker-color has-text-color has-h-3-font-size\">Bar Nautische Basis<\/h3>\n\n\n\n<ul class=\"wp-block-list\">\n<li>Flammkuchen<\/li>\n\n\n\n<li>Pizzas<\/li>\n\n\n\n<li>Hot-Dog<\/li>\n\n\n\n<li>Eis<\/li>\n\n\n\n<li>Waffeln<\/li>\n\n\n\n<li>Getr\u00e4nke (Smoothies, Cocktails, Wein, Bier, Soda)<\/li>\n<\/ul>\n<\/div>\n<\/div>\n\n<p class=\"has-text-align-center has-content-background-color-color has-primary-background-color has-text-color has-background\">Um den Bestellungsfluss in der Fun Bar&amp;Food zu vereinfachen und Ihnen den bestm\u00f6glichen Service zu bieten und Ihre Wartezeit zu verk\u00fcrzen, werden Sie von einem vibrierenden Piepsersystem benachrichtigt, wenn Ihre Bestellung fertig ist!<\/p>\n\n<div class=\"wp-block-getwid-advanced-spacer\" style=\"height:5vw\" aria-hidden=\"true\"><\/div>\n\n<div class=\"wp-block-group\"><div class=\"wp-block-group__inner-container is-layout-flow wp-block-group-is-layout-flow\">\n<div class=\"wp-block-columns grimlock-animate__wp-block-columns grimlock-animate__wp-block-columns--fadeinUp is-layout-flex wp-container-core-columns-is-layout-9d6595d7 wp-block-columns-is-layout-flex\">\n<div class=\"wp-block-column is-layout-flow wp-block-column-is-layout-flow\"><\/div>\n<\/div>\n<\/div><\/div>\n","protected":false},"excerpt":{"rendered":"<p>Strandrestaurant Bar Nautische Basis Um den Bestellungsfluss in der Fun Bar&amp;Food zu vereinfachen und Ihnen den bestm\u00f6glichen Service zu bieten und Ihre Wartezeit zu verk\u00fcrzen, werden Sie von einem vibrierenden [&hellip;]<\/p>\n","protected":false},"author":1,"featured_media":0,"parent":0,"menu_order":27,"comment_status":"closed","ping_status":"closed","template":"template-minimal.php","meta":{"_monsterinsights_skip_tracking":false,"_monsterinsights_sitenote_active":false,"_monsterinsights_sitenote_note":"","_monsterinsights_sitenote_category":0,"footnotes":""},"class_list":["post-4040","page","type-page","status-publish","hentry"],"yoast_head":"<!-- This site is optimized with the Yoast SEO plugin v27.3 - https:\/\/yoast.com\/product\/yoast-seo-wordpress\/ -->\n<title>Bar \/ Restaurant &#8226; Fun Parc Brumath<\/title>\n<meta name=\"description\" content=\"Haben Sie einen kleinen Durst? Einen gro\u00dfen Hunger? Das ist kein Problem! Unsere Bar \/ Restaurant wird Sie mit frischen und hausgemachten Gerichten verw\u00f6hnen!\" \/>\n<meta name=\"robots\" content=\"index, follow, max-snippet:-1, max-image-preview:large, max-video-preview:-1\" \/>\n<link rel=\"canonical\" href=\"https:\/\/www.fun-parc-brumath.fr\/de\/bar-restaurant\/\" \/>\n<meta property=\"og:locale\" content=\"de_DE\" \/>\n<meta property=\"og:type\" content=\"article\" \/>\n<meta property=\"og:title\" content=\"Bar \/ Restaurant &#8226; Fun Parc Brumath\" \/>\n<meta property=\"og:description\" content=\"Haben Sie einen kleinen Durst? Einen gro\u00dfen Hunger? Das ist kein Problem! Unsere Bar \/ Restaurant wird Sie mit frischen und hausgemachten Gerichten verw\u00f6hnen!\" \/>\n<meta property=\"og:url\" content=\"https:\/\/www.fun-parc-brumath.fr\/de\/bar-restaurant\/\" \/>\n<meta property=\"og:site_name\" content=\"Fun Parc Brumath\" \/>\n<meta property=\"article:modified_time\" content=\"2024-11-15T10:39:49+00:00\" \/>\n<meta name=\"twitter:card\" content=\"summary_large_image\" \/>\n<script type=\"application\/ld+json\" class=\"yoast-schema-graph\">{\"@context\":\"https:\\\/\\\/schema.org\",\"@graph\":[{\"@type\":\"WebPage\",\"@id\":\"https:\\\/\\\/www.fun-parc-brumath.fr\\\/de\\\/bar-restaurant\\\/\",\"url\":\"https:\\\/\\\/www.fun-parc-brumath.fr\\\/de\\\/bar-restaurant\\\/\",\"name\":\"Bar \\\/ Restaurant &#8226; Fun Parc Brumath\",\"isPartOf\":{\"@id\":\"https:\\\/\\\/www.fun-parc-brumath.fr\\\/de\\\/#website\"},\"datePublished\":\"2024-11-15T08:25:59+00:00\",\"dateModified\":\"2024-11-15T10:39:49+00:00\",\"description\":\"Haben Sie einen kleinen Durst? Einen gro\u00dfen Hunger? Das ist kein Problem! Unsere Bar \\\/ Restaurant wird Sie mit frischen und hausgemachten Gerichten verw\u00f6hnen!\",\"breadcrumb\":{\"@id\":\"https:\\\/\\\/www.fun-parc-brumath.fr\\\/de\\\/bar-restaurant\\\/#breadcrumb\"},\"inLanguage\":\"de\",\"potentialAction\":[{\"@type\":\"ReadAction\",\"target\":[\"https:\\\/\\\/www.fun-parc-brumath.fr\\\/de\\\/bar-restaurant\\\/\"]}]},{\"@type\":\"BreadcrumbList\",\"@id\":\"https:\\\/\\\/www.fun-parc-brumath.fr\\\/de\\\/bar-restaurant\\\/#breadcrumb\",\"itemListElement\":[{\"@type\":\"ListItem\",\"position\":1,\"name\":\"Accueil\",\"item\":\"https:\\\/\\\/www.fun-parc-brumath.fr\\\/de\\\/\"},{\"@type\":\"ListItem\",\"position\":2,\"name\":\"Bar \\\/ Restaurant\"}]},{\"@type\":\"WebSite\",\"@id\":\"https:\\\/\\\/www.fun-parc-brumath.fr\\\/de\\\/#website\",\"url\":\"https:\\\/\\\/www.fun-parc-brumath.fr\\\/de\\\/\",\"name\":\"Alsafun\",\"description\":\"Parc de loisirs de la re\u0301gion Grand Est\",\"publisher\":{\"@id\":\"https:\\\/\\\/www.fun-parc-brumath.fr\\\/de\\\/#organization\"},\"potentialAction\":[{\"@type\":\"SearchAction\",\"target\":{\"@type\":\"EntryPoint\",\"urlTemplate\":\"https:\\\/\\\/www.fun-parc-brumath.fr\\\/de\\\/?s={search_term_string}\"},\"query-input\":{\"@type\":\"PropertyValueSpecification\",\"valueRequired\":true,\"valueName\":\"search_term_string\"}}],\"inLanguage\":\"de\"},{\"@type\":\"Organization\",\"@id\":\"https:\\\/\\\/www.fun-parc-brumath.fr\\\/de\\\/#organization\",\"name\":\"Fun Parc Brumath\",\"url\":\"https:\\\/\\\/www.fun-parc-brumath.fr\\\/de\\\/\",\"logo\":{\"@type\":\"ImageObject\",\"inLanguage\":\"de\",\"@id\":\"https:\\\/\\\/www.fun-parc-brumath.fr\\\/de\\\/#\\\/schema\\\/logo\\\/image\\\/\",\"url\":\"https:\\\/\\\/www.fun-parc-brumath.fr\\\/wp-content\\\/uploads\\\/2021\\\/03\\\/logo-footer.png\",\"contentUrl\":\"https:\\\/\\\/www.fun-parc-brumath.fr\\\/wp-content\\\/uploads\\\/2021\\\/03\\\/logo-footer.png\",\"width\":162,\"height\":165,\"caption\":\"Fun Parc Brumath\"},\"image\":{\"@id\":\"https:\\\/\\\/www.fun-parc-brumath.fr\\\/de\\\/#\\\/schema\\\/logo\\\/image\\\/\"}}]}<\/script>\n<!-- \/ Yoast SEO plugin. -->","yoast_head_json":{"title":"Bar \/ Restaurant &#8226; Fun Parc Brumath","description":"Haben Sie einen kleinen Durst? Einen gro\u00dfen Hunger? Das ist kein Problem! Unsere Bar \/ Restaurant wird Sie mit frischen und hausgemachten Gerichten verw\u00f6hnen!","robots":{"index":"index","follow":"follow","max-snippet":"max-snippet:-1","max-image-preview":"max-image-preview:large","max-video-preview":"max-video-preview:-1"},"canonical":"https:\/\/www.fun-parc-brumath.fr\/de\/bar-restaurant\/","og_locale":"de_DE","og_type":"article","og_title":"Bar \/ Restaurant &#8226; Fun Parc Brumath","og_description":"Haben Sie einen kleinen Durst? Einen gro\u00dfen Hunger? Das ist kein Problem! Unsere Bar \/ Restaurant wird Sie mit frischen und hausgemachten Gerichten verw\u00f6hnen!","og_url":"https:\/\/www.fun-parc-brumath.fr\/de\/bar-restaurant\/","og_site_name":"Fun Parc Brumath","article_modified_time":"2024-11-15T10:39:49+00:00","twitter_card":"summary_large_image","schema":{"@context":"https:\/\/schema.org","@graph":[{"@type":"WebPage","@id":"https:\/\/www.fun-parc-brumath.fr\/de\/bar-restaurant\/","url":"https:\/\/www.fun-parc-brumath.fr\/de\/bar-restaurant\/","name":"Bar \/ Restaurant &#8226; Fun Parc Brumath","isPartOf":{"@id":"https:\/\/www.fun-parc-brumath.fr\/de\/#website"},"datePublished":"2024-11-15T08:25:59+00:00","dateModified":"2024-11-15T10:39:49+00:00","description":"Haben Sie einen kleinen Durst? Einen gro\u00dfen Hunger? Das ist kein Problem! Unsere Bar \/ Restaurant wird Sie mit frischen und hausgemachten Gerichten verw\u00f6hnen!","breadcrumb":{"@id":"https:\/\/www.fun-parc-brumath.fr\/de\/bar-restaurant\/#breadcrumb"},"inLanguage":"de","potentialAction":[{"@type":"ReadAction","target":["https:\/\/www.fun-parc-brumath.fr\/de\/bar-restaurant\/"]}]},{"@type":"BreadcrumbList","@id":"https:\/\/www.fun-parc-brumath.fr\/de\/bar-restaurant\/#breadcrumb","itemListElement":[{"@type":"ListItem","position":1,"name":"Accueil","item":"https:\/\/www.fun-parc-brumath.fr\/de\/"},{"@type":"ListItem","position":2,"name":"Bar \/ Restaurant"}]},{"@type":"WebSite","@id":"https:\/\/www.fun-parc-brumath.fr\/de\/#website","url":"https:\/\/www.fun-parc-brumath.fr\/de\/","name":"Alsafun","description":"Parc de loisirs de la re\u0301gion Grand Est","publisher":{"@id":"https:\/\/www.fun-parc-brumath.fr\/de\/#organization"},"potentialAction":[{"@type":"SearchAction","target":{"@type":"EntryPoint","urlTemplate":"https:\/\/www.fun-parc-brumath.fr\/de\/?s={search_term_string}"},"query-input":{"@type":"PropertyValueSpecification","valueRequired":true,"valueName":"search_term_string"}}],"inLanguage":"de"},{"@type":"Organization","@id":"https:\/\/www.fun-parc-brumath.fr\/de\/#organization","name":"Fun Parc Brumath","url":"https:\/\/www.fun-parc-brumath.fr\/de\/","logo":{"@type":"ImageObject","inLanguage":"de","@id":"https:\/\/www.fun-parc-brumath.fr\/de\/#\/schema\/logo\/image\/","url":"https:\/\/www.fun-parc-brumath.fr\/wp-content\/uploads\/2021\/03\/logo-footer.png","contentUrl":"https:\/\/www.fun-parc-brumath.fr\/wp-content\/uploads\/2021\/03\/logo-footer.png","width":162,"height":165,"caption":"Fun Parc Brumath"},"image":{"@id":"https:\/\/www.fun-parc-brumath.fr\/de\/#\/schema\/logo\/image\/"}}]}},"jetpack_sharing_enabled":true,"_links":{"self":[{"href":"https:\/\/www.fun-parc-brumath.fr\/de\/wp-json\/wp\/v2\/pages\/4040","targetHints":{"allow":["GET"]}}],"collection":[{"href":"https:\/\/www.fun-parc-brumath.fr\/de\/wp-json\/wp\/v2\/pages"}],"about":[{"href":"https:\/\/www.fun-parc-brumath.fr\/de\/wp-json\/wp\/v2\/types\/page"}],"author":[{"embeddable":true,"href":"https:\/\/www.fun-parc-brumath.fr\/de\/wp-json\/wp\/v2\/users\/1"}],"replies":[{"embeddable":true,"href":"https:\/\/www.fun-parc-brumath.fr\/de\/wp-json\/wp\/v2\/comments?post=4040"}],"version-history":[{"count":2,"href":"https:\/\/www.fun-parc-brumath.fr\/de\/wp-json\/wp\/v2\/pages\/4040\/revisions"}],"predecessor-version":[{"id":4452,"href":"https:\/\/www.fun-parc-brumath.fr\/de\/wp-json\/wp\/v2\/pages\/4040\/revisions\/4452"}],"wp:attachment":[{"href":"https:\/\/www.fun-parc-brumath.fr\/de\/wp-json\/wp\/v2\/media?parent=4040"}],"curies":[{"name":"wp","href":"https:\/\/api.w.org\/{rel}","templated":true}]}}