{"id":4034,"date":"2024-11-15T09:25:58","date_gmt":"2024-11-15T08:25:58","guid":{"rendered":"https:\/\/www.fun-parc-brumath.fr\/wasseraktivitaeten\/aquapark\/"},"modified":"2025-07-01T14:44:18","modified_gmt":"2025-07-01T12:44:18","slug":"aquapark","status":"publish","type":"page","link":"https:\/\/www.fun-parc-brumath.fr\/de\/wasseraktivitaeten\/aquapark\/","title":{"rendered":"Aquapark"},"content":{"rendered":"\t\t\t<div  class=\" wp-block-grimlock-section grimlock-section--btn-primary grimlock-section--aquapark-im-elsass alignfull region grimlock-region grimlock-region--mt-0 grimlock-region--mb--2 grimlock-region--pt-5 grimlock-region--pb-5 grimlock-region--12-cols-left region--12-cols-left grimlock-region--container-classic region--container-classic grimlock-section section section_content_reveal\" style=\"margin-bottom:-2%;background-image:url(https:\/\/i0.wp.com\/www.fun-parc-brumath.fr\/wp-content\/uploads\/2021\/03\/top.png?fit=1850%2C1041&#038;ssl=1);background-repeat:no-repeat;background-position:center;background-size:cover;-webkit-background-size:cover;background-attachment:scroll;border-top-color:#eceeef;border-top-style:solid;border-top-width:0;border-bottom-color:#eceeef;border-bottom-style:solid;border-bottom-width:0;z-index:0;\"  >\n\t\t\t<div class=\"region__inner\" style=\"padding-top:5%;padding-bottom:5%;background:linear-gradient(90deg,rgb(0,132,158) 0%,rgba(131,218,158,0.5) 100%);\">\n\t\t\t\t<div class=\"region__container\">\n\t\t\t\t\t<div class=\"region__row\">\n\t\t\t\t\t\t<div class=\"region__col region__col--1\" >\n\t\t\t\t\t\t\t<div class=\"grimlock-reveal-element grimlock-reveal-element--thumbnail\" >\n\t\t\t\t\t\t\t\t\t\t\t\t\t\t\t<\/div>\n\t\t\t\t\t\t<\/div><!-- .region__col -->\n\t\t\t\t\t\t<div class=\"region__col region__col--2\" >\n\t\t\t\t\t\t\t<div class=\"grimlock-reveal-element grimlock-reveal-element--content\" data-grimlock-animate-scroll-reveal=\"{&quot;origin&quot;:&quot;right&quot;,&quot;distance&quot;:&quot;80px&quot;,&quot;duration&quot;:750,&quot;delay&quot;:0,&quot;rotate&quot;:{&quot;x&quot;:0,&quot;y&quot;:0,&quot;z&quot;:0},&quot;opacity&quot;:0,&quot;scale&quot;:1,&quot;easing&quot;:&quot;cubic-bezier(0.6, 0.2, 0.1, 1)&quot;,&quot;viewFactor&quot;:0.5,&quot;mobile&quot;:false,&quot;reset&quot;:false}\">\n\t\t\t\t\t\t\t\t\t        <div class=\"grimlock-section__header section__header\">\n\t\t\t\t\n            <h2 class=\"grimlock-section__title section__title grimlock-display-1 display-1\" style=\"color:#ffffff;\">\n\t\t\t\tAquapark im Elsass            <\/h2>\n\t\t\t\t        <\/div><!-- .section__header -->\n\t\t\t\t\t\t\t\t\t\t<\/div>\n\t\t\t\t\t\t<\/div><!-- .region__col -->\n\t\t\t\t\t<\/div><!-- .region__row -->\n\t\t\t\t<\/div><!-- .region__container -->\n\t\t\t<\/div><!-- .region__inner -->\n\t\t\t<\/div><!-- .grimlock-section -->\n\t\t\n<div class=\"wp-block-group wp-block-group-anchor\"><div class=\"wp-block-group__inner-container is-layout-flow wp-block-group-is-layout-flow\">\n<div class=\"wp-block-buttons is-layout-flex wp-block-buttons-is-layout-flex\">\n<div class=\"wp-block-button is-style-secondary\"><a class=\"wp-block-button__link wp-element-button\" href=\"#reserver\"><strong>Buchen Sie<\/strong><\/a><\/div>\n<\/div>\n<\/div><\/div>\n\n<div class=\"wp-block-group alignfull\"><div class=\"wp-block-group__inner-container is-layout-flow wp-block-group-is-layout-flow\">\n<p class=\"has-primary-color has-text-color\"><\/p>\n\n\n\n<h1 class=\"wp-block-heading has-text-align-center\">Aquapark<\/h1>\n\n\n\n<p>Entdecken Sie den Aquapark (auch bekannt als Parc Aquatique oder Watergames), den aufblasbaren Wasserspielplatz im Fun Parc, den <strong>alle lieben<\/strong>! Mit einer gro\u00dfen Auswahl an Workshops, die Sie alleine, mit der Familie oder mit Freunden erkunden k\u00f6nnen. Diese Wasseraktivit\u00e4t, die aus <strong>zahlreichen spielerischen und abwechslungsreichen Modulen<\/strong> besteht, die in verschiedenen H\u00f6hen <strong>auf dem Wasser schwimmen<\/strong>, ist ideal, um Ihr Gleichgewicht, Ihre Beweglichkeit und Ihre Ausdauer zu testen. So reimen sich <strong>WASSER <\/strong>und<strong> FUN<\/strong> zusammen.    <\/p>\n\n\n\n<p><\/p>\n\n\n\n<p>Hier finden Sie eine Vielzahl von Workshops: schwimmende Br\u00fccken, Trampoline, rutschige Treppen, Rutschen, Katapulte&#8230;  <\/p>\n<\/div><\/div>\n\n<p><\/p>\n\n<p>Entdecken Sie die spektakul\u00e4rste und unterhaltsamste Wasserwelt in unserem <strong>Aquapark in der N\u00e4he von Stra\u00dfburg im Elsass<\/strong> und gehen Sie mit vielen Erinnerungen nach Hause.<\/p>\n\n<div class=\"wp-block-group alignfull\"><div class=\"wp-block-group__inner-container is-layout-flow wp-block-group-is-layout-flow\">\n<div class=\"wp-block-getwid-advanced-spacer\" style=\"height:5vh\" aria-hidden=\"true\"><\/div>\n\n\n\n<p class=\"has-text-align-center has-primary-color has-text-color has-h-4-font-size\"><strong>Reservierung nur f\u00fcr Gruppen ab 8 Personen.  <br\/>Alle anderen k\u00f6nnen sich direkt vor Ort einfinden.  <\/strong><\/p>\n\n\n\n<p><\/p>\n\n\n\n<h4 class=\"wp-block-heading has-text-align-center has-primary-color has-text-color\">Die Aktivit\u00e4t startet t\u00e4glich ab 12.00 Uhr alle 30 Minuten.<\/h4>\n\n\n\n<h4 class=\"wp-block-heading has-text-align-center has-primary-color has-text-color\">F\u00fcr 1 Stunde gro\u00dfen Spa\u00df!  <\/h4>\n\n\n\n<p><\/p>\n\n\n\n<p class=\"has-text-align-center\"><\/p>\n<\/div><\/div>\n\n<figure class=\"wp-block-video\"><video height=\"480\" style=\"aspect-ratio: 848 \/ 480;\" width=\"848\" autoplay=\"\" controls=\"\" src=\"https:\/\/www.fun-parc-brumath.fr\/wp-content\/uploads\/2021\/05\/parc-aquatique-alsace.mp4\" playsinline=\"\"><\/video><\/figure>\n\t\t\t<div  class=\" wp-block-grimlock-section grimlock-section--btn-primary alignfull region grimlock-region grimlock-region--mt-0 grimlock-region--mb-0 grimlock-region--pt-5 grimlock-region--pb-5 grimlock-region--6-6-cols-left-reverse region--6-6-cols-left-reverse grimlock-region--container-classic region--container-classic grimlock-section section section_thumbnail_reveal section_content_reveal\" style=\"border-top-color:#eceeef;border-top-style:solid;border-top-width:0;border-bottom-color:#eceeef;border-bottom-style:solid;border-bottom-width:0;z-index:0;color:#525A5B;\"  >\n\t\t\t<div class=\"region__inner\" style=\"padding-top:5%;padding-bottom:5%;\">\n\t\t\t\t<div class=\"region__container\">\n\t\t\t\t\t<div class=\"region__row\">\n\t\t\t\t\t\t<div class=\"region__col region__col--1\" >\n\t\t\t\t\t\t\t<div class=\"grimlock-reveal-element grimlock-reveal-element--thumbnail\" data-grimlock-animate-scroll-reveal=\"{&quot;origin&quot;:&quot;right&quot;,&quot;distance&quot;:&quot;80px&quot;,&quot;duration&quot;:750,&quot;delay&quot;:0,&quot;rotate&quot;:{&quot;x&quot;:0,&quot;y&quot;:0,&quot;z&quot;:0},&quot;opacity&quot;:0,&quot;scale&quot;:1,&quot;easing&quot;:&quot;cubic-bezier(0.6, 0.2, 0.1, 1)&quot;,&quot;viewFactor&quot;:0.5,&quot;mobile&quot;:false,&quot;reset&quot;:false}\">\n\t\t\t\t\t\t\t\t\t\t\t<div class=\"grimlock-section__thumbnail section__thumbnail\">\n\t\t\t\t<img data-recalc-dims=\"1\" loading=\"lazy\" decoding=\"async\" width=\"1140\" height=\"854\" src=\"https:\/\/i0.wp.com\/www.fun-parc-brumath.fr\/wp-content\/uploads\/2024\/08\/aquapark-lulu.jpg?resize=1140%2C854&#038;ssl=1\" class=\"grimlock-section__thumbnail-img section__thumbnail-img img-fluid\" alt=\"\" srcset=\"https:\/\/i0.wp.com\/www.fun-parc-brumath.fr\/wp-content\/uploads\/2024\/08\/aquapark-lulu.jpg?w=1920&amp;ssl=1 1920w, https:\/\/i0.wp.com\/www.fun-parc-brumath.fr\/wp-content\/uploads\/2024\/08\/aquapark-lulu.jpg?resize=300%2C225&amp;ssl=1 300w, https:\/\/i0.wp.com\/www.fun-parc-brumath.fr\/wp-content\/uploads\/2024\/08\/aquapark-lulu.jpg?resize=1024%2C767&amp;ssl=1 1024w, https:\/\/i0.wp.com\/www.fun-parc-brumath.fr\/wp-content\/uploads\/2024\/08\/aquapark-lulu.jpg?resize=768%2C576&amp;ssl=1 768w, https:\/\/i0.wp.com\/www.fun-parc-brumath.fr\/wp-content\/uploads\/2024\/08\/aquapark-lulu.jpg?resize=1536%2C1151&amp;ssl=1 1536w, https:\/\/i0.wp.com\/www.fun-parc-brumath.fr\/wp-content\/uploads\/2024\/08\/aquapark-lulu.jpg?resize=800%2C600&amp;ssl=1 800w, https:\/\/i0.wp.com\/www.fun-parc-brumath.fr\/wp-content\/uploads\/2024\/08\/aquapark-lulu.jpg?resize=640%2C480&amp;ssl=1 640w, https:\/\/i0.wp.com\/www.fun-parc-brumath.fr\/wp-content\/uploads\/2024\/08\/aquapark-lulu.jpg?resize=1850%2C1387&amp;ssl=1 1850w\" sizes=\"auto, (max-width: 1140px) 100vw, 1140px\" \/>\n\t\t\t\t            <\/div><!-- .section__thumbnail -->\n\t\t\t\t\t\t\t\t\t\t<\/div>\n\t\t\t\t\t\t<\/div><!-- .region__col -->\n\t\t\t\t\t\t<div class=\"region__col region__col--2\" >\n\t\t\t\t\t\t\t<div class=\"grimlock-reveal-element grimlock-reveal-element--content\" data-grimlock-animate-scroll-reveal=\"{&quot;origin&quot;:&quot;left&quot;,&quot;distance&quot;:&quot;80px&quot;,&quot;duration&quot;:750,&quot;delay&quot;:0,&quot;rotate&quot;:{&quot;x&quot;:0,&quot;y&quot;:0,&quot;z&quot;:0},&quot;opacity&quot;:0,&quot;scale&quot;:1,&quot;easing&quot;:&quot;cubic-bezier(0.6, 0.2, 0.1, 1)&quot;,&quot;viewFactor&quot;:0.5,&quot;mobile&quot;:false,&quot;reset&quot;:false}\">\n\t\t\t\t\t\t\t\t\t        <div class=\"grimlock-section__content section__content\">\n\t\t\t\t            <div class=\"grimlock-section__text section__text\">\n\t\t\t\t<p>Eine <strong>gesellige<\/strong> Aktivit\u00e4t, ideal f\u00fcr <strong>Familie<\/strong>, <strong>Freunde<\/strong>, Junggesellen- oder Junggesellinnenabschiede (JGA oder JGA), Sie werden sicher eine <strong>gute Zeit<\/strong> haben!<\/p>\n            <\/div>\n\t\t\t\t        <\/div><!-- .section__content -->\n\t\t\t\t        <div class=\"grimlock-section__footer section__footer\">\n\t            \n            <a href=\"https:\/\/www.fun-parc-brumath.fr\/tarifs#TARIFS-AQUAPARK\" class=\"grimlock-section__btn grimlock-section__btn--1 section__btn btn grimlock-btn-primary btn-primary\" target=\"_blank\">\n\t            Preise            <\/a>\n\t\t\t\t            \n            <a href=\"#reserver\" class=\"grimlock-section__btn grimlock-section__btn--2 section__btn btn grimlock-btn-secondary btn-secondary\" target=\"_blank\">\n\t            R\u00e9server            <\/a>\n\t\t\t\t        <\/div><!-- .section__footer -->\n\t\t\t\t\t\t\t\t\t\t<\/div>\n\t\t\t\t\t\t<\/div><!-- .region__col -->\n\t\t\t\t\t<\/div><!-- .region__row -->\n\t\t\t\t<\/div><!-- .region__container -->\n\t\t\t<\/div><!-- .region__inner -->\n\t\t\t<\/div><!-- .grimlock-section -->\n\t\t\n<div class=\"wp-block-getwid-advanced-spacer\" style=\"height:5vw\" aria-hidden=\"true\"><\/div>\n\t\t\t<div  class=\" wp-block-grimlock-section grimlock-section--btn-primary grimlock-section--unser-motto region grimlock-region grimlock-region--mt-0 grimlock-region--mb-0 grimlock-region--pt-7 grimlock-region--pb-8 grimlock-region--12-cols-center region--12-cols-center grimlock-region--container-narrower region--container-narrower grimlock-section section section_content_reveal\" style=\"background-image:url(https:\/\/i0.wp.com\/www.fun-parc-brumath.fr\/wp-content\/uploads\/2024\/01\/dsc01417.jpg?fit=1850%2C1041&#038;ssl=1);background-repeat:no-repeat;background-position:center;background-size:cover;-webkit-background-size:cover;background-attachment:scroll;border-top-color:#eceeef;border-top-style:solid;border-top-width:0;border-bottom-color:#eceeef;border-bottom-style:solid;border-bottom-width:0;z-index:0;color:#ffffff;\"  >\n\t\t\t<div class=\"region__inner\" style=\"padding-top:7.5%;padding-bottom:8%;background:linear-gradient(180deg,rgba(0,132,158,0.75) 0%,rgba(0,68,82,0.75) 100%);\">\n\t\t\t\t<div class=\"region__container\">\n\t\t\t\t\t<div class=\"region__row\">\n\t\t\t\t\t\t<div class=\"region__col region__col--1\" >\n\t\t\t\t\t\t\t<div class=\"grimlock-reveal-element grimlock-reveal-element--thumbnail\" >\n\t\t\t\t\t\t\t\t\t\t\t\t\t\t\t<\/div>\n\t\t\t\t\t\t<\/div><!-- .region__col -->\n\t\t\t\t\t\t<div class=\"region__col region__col--2\" >\n\t\t\t\t\t\t\t<div class=\"grimlock-reveal-element grimlock-reveal-element--content\" data-grimlock-animate-scroll-reveal=\"{&quot;origin&quot;:&quot;bottom&quot;,&quot;distance&quot;:&quot;80px&quot;,&quot;duration&quot;:750,&quot;delay&quot;:0,&quot;rotate&quot;:{&quot;x&quot;:0,&quot;y&quot;:0,&quot;z&quot;:0},&quot;opacity&quot;:0,&quot;scale&quot;:1,&quot;easing&quot;:&quot;cubic-bezier(0.6, 0.2, 0.1, 1)&quot;,&quot;viewFactor&quot;:0.5,&quot;mobile&quot;:false,&quot;reset&quot;:false}\">\n\t\t\t\t\t\t\t\t\t        <div class=\"grimlock-section__header section__header\">\n\t\t\t\t\n            <h2 class=\"grimlock-section__title section__title grimlock-lead lead\" style=\"color:#ffffff;\">\n\t\t\t\tUnser Motto            <\/h2>\n\t\t\t\t\t\t\t<h3 class=\"grimlock-section__subtitle section__subtitle grimlock-display-2 display-2\" style=\"color:#ffffff;\">\n\t\t\t\t\tSpa\u00df in Sicherheit\t\t\t\t<\/h3>\n\t\t\t\t        <\/div><!-- .section__header -->\n\t\t\t\t        <div class=\"grimlock-section__content section__content\">\n\t\t\t\t            <div class=\"grimlock-section__text section__text\">\n\t\t\t\t<p>Die obligatorischen Schwimmwesten werden zur Verf\u00fcgung gestellt, denken Sie nur an Ihren Badeanzug!<\/p>\n<p>Die j\u00fcngsten G\u00e4ste k\u00f6nnen den Aquapark ab 6 Jahren (mit Schwimmkenntnissen) nutzen.<\/p>\n<p>Minderj\u00e4hrige zwischen 6 und 10 Jahren m\u00fcssen von einem Erwachsenen auf der Anlage begleitet werden (1 Erwachsener pro 3 Kinder).<br \/>\nMinderj\u00e4hrige zwischen 10 und 16 Jahren m\u00fcssen unter der Aufsicht eines Erwachsenen bleiben, der sich am Ufer aufhalten kann.  <\/p>\n<p>Sie werden ein Briefing erhalten, bevor Sie sich sicher auf den Weg machen k\u00f6nnen.<\/p>\n<p>Springen, schwimmen, klettern, rutschen, h\u00fcpfen und laufen Sie in unserem <strong>Aquapark im Departement Bas-Rhin<\/strong> in aller Sicherheit durch unsere Module! Es war noch nie so sch\u00f6n, Ihr Adrenalin und das Ihrer Lieben mit Wassersportaktivit\u00e4ten zu steigern.  <\/p>\n            <\/div>\n\t\t\t\t        <\/div><!-- .section__content -->\n\t\t\t\t\t\t\t\t\t\t<\/div>\n\t\t\t\t\t\t<\/div><!-- .region__col -->\n\t\t\t\t\t<\/div><!-- .region__row -->\n\t\t\t\t<\/div><!-- .region__container -->\n\t\t\t<\/div><!-- .region__inner -->\n\t\t\t<\/div><!-- .grimlock-section -->\n\t\t\n<div class=\"wp-block-getwid-anchor\" id=\"reserver\"><\/div>\n\n<div class=\"wp-block-getwid-advanced-spacer\" style=\"height:5vw\" aria-hidden=\"true\"><\/div>\n\n<div class=\"wp-block-buttons is-layout-flex wp-block-buttons-is-layout-flex\"><\/div>\n\n<h3 class=\"wp-block-heading has-text-align-center\">Reservierung nur f\u00fcr Gruppen ab 8 Personen.  <br\/>Alle anderen treffen sich direkt vor Ort; Abfahrt ab 12 Uhr alle 30 Minuten!  <\/h3>\n\n<p><\/p>\n\n<div class=\"wp-block-getwid-advanced-spacer\" style=\"height:3vh\" aria-hidden=\"true\"><\/div>\n\n<div class=\"wp-block-group is-content-justification-center is-layout-flex wp-container-core-group-is-layout-19578e90 wp-block-group-is-layout-flex\">\n<guidap-activity-details-button activity-uuid=\"dpfnjIERGy25bmhQsrH4SMUiPFzVq9gxco7v\"><\/guidap-activity-details-button>\n\n\n\n<guidap-activity-buy-gift-button activity-uuid=\"Cx4t05YE7wfMQgemJIlbLRdinrFNyoau8BOz\"><\/guidap-activity-buy-gift-button>\n<\/div>\n\n<div class=\"wp-block-getwid-advanced-spacer\" style=\"height:5vh\" aria-hidden=\"true\"><\/div>\n\n<p><\/p>\n","protected":false},"excerpt":{"rendered":"<p>Aquapark Entdecken Sie den Aquapark (auch bekannt als Parc Aquatique oder Watergames), den aufblasbaren Wasserspielplatz im Fun Parc, den alle lieben! Mit einer gro\u00dfen Auswahl an Workshops, die Sie alleine, [&hellip;]<\/p>\n","protected":false},"author":1,"featured_media":0,"parent":4001,"menu_order":35,"comment_status":"closed","ping_status":"closed","template":"template-minimal.php","meta":{"_monsterinsights_skip_tracking":false,"_monsterinsights_sitenote_active":false,"_monsterinsights_sitenote_note":"","_monsterinsights_sitenote_category":0,"footnotes":""},"class_list":["post-4034","page","type-page","status-publish","hentry"],"yoast_head":"<!-- This site is optimized with the Yoast SEO plugin v27.3 - https:\/\/yoast.com\/product\/yoast-seo-wordpress\/ -->\n<title>Aquapark Alsace: Entdecken Sie in Ihrem Aquapark Ihre Wasserspiele in Strasbourg (Bas-Rhin)<\/title>\n<meta name=\"description\" content=\"Entdecken Sie den Aquapark (Wasserpark\/Wasserspiele)! Die aufblasbare Spielstra\u00dfe des Fun Parc. Mit einer gro\u00dfen Auswahl an Workshops, die es zu erkunden gilt!\" \/>\n<meta name=\"robots\" content=\"index, follow, max-snippet:-1, max-image-preview:large, max-video-preview:-1\" \/>\n<link rel=\"canonical\" href=\"https:\/\/www.fun-parc-brumath.fr\/de\/wasseraktivitaeten\/aquapark\/\" \/>\n<meta property=\"og:locale\" content=\"de_DE\" \/>\n<meta property=\"og:type\" content=\"article\" \/>\n<meta property=\"og:title\" content=\"Aquapark Alsace: Entdecken Sie in Ihrem Aquapark Ihre Wasserspiele in Strasbourg (Bas-Rhin)\" \/>\n<meta property=\"og:description\" content=\"Entdecken Sie den Aquapark (Wasserpark\/Wasserspiele)! Die aufblasbare Spielstra\u00dfe des Fun Parc. Mit einer gro\u00dfen Auswahl an Workshops, die es zu erkunden gilt!\" \/>\n<meta property=\"og:url\" content=\"https:\/\/www.fun-parc-brumath.fr\/de\/wasseraktivitaeten\/aquapark\/\" \/>\n<meta property=\"og:site_name\" content=\"Fun Parc Brumath\" \/>\n<meta property=\"article:modified_time\" content=\"2025-07-01T12:44:18+00:00\" \/>\n<meta name=\"twitter:card\" content=\"summary_large_image\" \/>\n<meta name=\"twitter:label1\" content=\"Gesch\u00e4tzte Lesezeit\" \/>\n\t<meta name=\"twitter:data1\" content=\"1\u00a0Minute\" \/>\n<script type=\"application\/ld+json\" class=\"yoast-schema-graph\">{\"@context\":\"https:\\\/\\\/schema.org\",\"@graph\":[{\"@type\":\"WebPage\",\"@id\":\"https:\\\/\\\/www.fun-parc-brumath.fr\\\/de\\\/wasseraktivitaeten\\\/aquapark\\\/\",\"url\":\"https:\\\/\\\/www.fun-parc-brumath.fr\\\/de\\\/wasseraktivitaeten\\\/aquapark\\\/\",\"name\":\"Aquapark Alsace: Entdecken Sie in Ihrem Aquapark Ihre Wasserspiele in Strasbourg (Bas-Rhin)\",\"isPartOf\":{\"@id\":\"https:\\\/\\\/www.fun-parc-brumath.fr\\\/de\\\/#website\"},\"datePublished\":\"2024-11-15T08:25:58+00:00\",\"dateModified\":\"2025-07-01T12:44:18+00:00\",\"description\":\"Entdecken Sie den Aquapark (Wasserpark\\\/Wasserspiele)! Die aufblasbare Spielstra\u00dfe des Fun Parc. Mit einer gro\u00dfen Auswahl an Workshops, die es zu erkunden gilt!\",\"breadcrumb\":{\"@id\":\"https:\\\/\\\/www.fun-parc-brumath.fr\\\/de\\\/wasseraktivitaeten\\\/aquapark\\\/#breadcrumb\"},\"inLanguage\":\"de\",\"potentialAction\":[{\"@type\":\"ReadAction\",\"target\":[\"https:\\\/\\\/www.fun-parc-brumath.fr\\\/de\\\/wasseraktivitaeten\\\/aquapark\\\/\"]}]},{\"@type\":\"BreadcrumbList\",\"@id\":\"https:\\\/\\\/www.fun-parc-brumath.fr\\\/de\\\/wasseraktivitaeten\\\/aquapark\\\/#breadcrumb\",\"itemListElement\":[{\"@type\":\"ListItem\",\"position\":1,\"name\":\"Accueil\",\"item\":\"https:\\\/\\\/www.fun-parc-brumath.fr\\\/de\\\/\"},{\"@type\":\"ListItem\",\"position\":2,\"name\":\"Wasseraktivit\u00e4ten\",\"item\":\"https:\\\/\\\/www.fun-parc-brumath.fr\\\/de\\\/wasseraktivitaeten\\\/\"},{\"@type\":\"ListItem\",\"position\":3,\"name\":\"Aquapark\"}]},{\"@type\":\"WebSite\",\"@id\":\"https:\\\/\\\/www.fun-parc-brumath.fr\\\/de\\\/#website\",\"url\":\"https:\\\/\\\/www.fun-parc-brumath.fr\\\/de\\\/\",\"name\":\"Alsafun\",\"description\":\"Parc de loisirs de la re\u0301gion Grand Est\",\"publisher\":{\"@id\":\"https:\\\/\\\/www.fun-parc-brumath.fr\\\/de\\\/#organization\"},\"potentialAction\":[{\"@type\":\"SearchAction\",\"target\":{\"@type\":\"EntryPoint\",\"urlTemplate\":\"https:\\\/\\\/www.fun-parc-brumath.fr\\\/de\\\/?s={search_term_string}\"},\"query-input\":{\"@type\":\"PropertyValueSpecification\",\"valueRequired\":true,\"valueName\":\"search_term_string\"}}],\"inLanguage\":\"de\"},{\"@type\":\"Organization\",\"@id\":\"https:\\\/\\\/www.fun-parc-brumath.fr\\\/de\\\/#organization\",\"name\":\"Fun Parc Brumath\",\"url\":\"https:\\\/\\\/www.fun-parc-brumath.fr\\\/de\\\/\",\"logo\":{\"@type\":\"ImageObject\",\"inLanguage\":\"de\",\"@id\":\"https:\\\/\\\/www.fun-parc-brumath.fr\\\/de\\\/#\\\/schema\\\/logo\\\/image\\\/\",\"url\":\"https:\\\/\\\/www.fun-parc-brumath.fr\\\/wp-content\\\/uploads\\\/2021\\\/03\\\/logo-footer.png\",\"contentUrl\":\"https:\\\/\\\/www.fun-parc-brumath.fr\\\/wp-content\\\/uploads\\\/2021\\\/03\\\/logo-footer.png\",\"width\":162,\"height\":165,\"caption\":\"Fun Parc Brumath\"},\"image\":{\"@id\":\"https:\\\/\\\/www.fun-parc-brumath.fr\\\/de\\\/#\\\/schema\\\/logo\\\/image\\\/\"}}]}<\/script>\n<!-- \/ Yoast SEO plugin. -->","yoast_head_json":{"title":"Aquapark Alsace: Entdecken Sie in Ihrem Aquapark Ihre Wasserspiele in Strasbourg (Bas-Rhin)","description":"Entdecken Sie den Aquapark (Wasserpark\/Wasserspiele)! Die aufblasbare Spielstra\u00dfe des Fun Parc. Mit einer gro\u00dfen Auswahl an Workshops, die es zu erkunden gilt!","robots":{"index":"index","follow":"follow","max-snippet":"max-snippet:-1","max-image-preview":"max-image-preview:large","max-video-preview":"max-video-preview:-1"},"canonical":"https:\/\/www.fun-parc-brumath.fr\/de\/wasseraktivitaeten\/aquapark\/","og_locale":"de_DE","og_type":"article","og_title":"Aquapark Alsace: Entdecken Sie in Ihrem Aquapark Ihre Wasserspiele in Strasbourg (Bas-Rhin)","og_description":"Entdecken Sie den Aquapark (Wasserpark\/Wasserspiele)! Die aufblasbare Spielstra\u00dfe des Fun Parc. Mit einer gro\u00dfen Auswahl an Workshops, die es zu erkunden gilt!","og_url":"https:\/\/www.fun-parc-brumath.fr\/de\/wasseraktivitaeten\/aquapark\/","og_site_name":"Fun Parc Brumath","article_modified_time":"2025-07-01T12:44:18+00:00","twitter_card":"summary_large_image","twitter_misc":{"Gesch\u00e4tzte Lesezeit":"1\u00a0Minute"},"schema":{"@context":"https:\/\/schema.org","@graph":[{"@type":"WebPage","@id":"https:\/\/www.fun-parc-brumath.fr\/de\/wasseraktivitaeten\/aquapark\/","url":"https:\/\/www.fun-parc-brumath.fr\/de\/wasseraktivitaeten\/aquapark\/","name":"Aquapark Alsace: Entdecken Sie in Ihrem Aquapark Ihre Wasserspiele in Strasbourg (Bas-Rhin)","isPartOf":{"@id":"https:\/\/www.fun-parc-brumath.fr\/de\/#website"},"datePublished":"2024-11-15T08:25:58+00:00","dateModified":"2025-07-01T12:44:18+00:00","description":"Entdecken Sie den Aquapark (Wasserpark\/Wasserspiele)! Die aufblasbare Spielstra\u00dfe des Fun Parc. Mit einer gro\u00dfen Auswahl an Workshops, die es zu erkunden gilt!","breadcrumb":{"@id":"https:\/\/www.fun-parc-brumath.fr\/de\/wasseraktivitaeten\/aquapark\/#breadcrumb"},"inLanguage":"de","potentialAction":[{"@type":"ReadAction","target":["https:\/\/www.fun-parc-brumath.fr\/de\/wasseraktivitaeten\/aquapark\/"]}]},{"@type":"BreadcrumbList","@id":"https:\/\/www.fun-parc-brumath.fr\/de\/wasseraktivitaeten\/aquapark\/#breadcrumb","itemListElement":[{"@type":"ListItem","position":1,"name":"Accueil","item":"https:\/\/www.fun-parc-brumath.fr\/de\/"},{"@type":"ListItem","position":2,"name":"Wasseraktivit\u00e4ten","item":"https:\/\/www.fun-parc-brumath.fr\/de\/wasseraktivitaeten\/"},{"@type":"ListItem","position":3,"name":"Aquapark"}]},{"@type":"WebSite","@id":"https:\/\/www.fun-parc-brumath.fr\/de\/#website","url":"https:\/\/www.fun-parc-brumath.fr\/de\/","name":"Alsafun","description":"Parc de loisirs de la re\u0301gion Grand Est","publisher":{"@id":"https:\/\/www.fun-parc-brumath.fr\/de\/#organization"},"potentialAction":[{"@type":"SearchAction","target":{"@type":"EntryPoint","urlTemplate":"https:\/\/www.fun-parc-brumath.fr\/de\/?s={search_term_string}"},"query-input":{"@type":"PropertyValueSpecification","valueRequired":true,"valueName":"search_term_string"}}],"inLanguage":"de"},{"@type":"Organization","@id":"https:\/\/www.fun-parc-brumath.fr\/de\/#organization","name":"Fun Parc Brumath","url":"https:\/\/www.fun-parc-brumath.fr\/de\/","logo":{"@type":"ImageObject","inLanguage":"de","@id":"https:\/\/www.fun-parc-brumath.fr\/de\/#\/schema\/logo\/image\/","url":"https:\/\/www.fun-parc-brumath.fr\/wp-content\/uploads\/2021\/03\/logo-footer.png","contentUrl":"https:\/\/www.fun-parc-brumath.fr\/wp-content\/uploads\/2021\/03\/logo-footer.png","width":162,"height":165,"caption":"Fun Parc Brumath"},"image":{"@id":"https:\/\/www.fun-parc-brumath.fr\/de\/#\/schema\/logo\/image\/"}}]}},"jetpack_sharing_enabled":true,"_links":{"self":[{"href":"https:\/\/www.fun-parc-brumath.fr\/de\/wp-json\/wp\/v2\/pages\/4034","targetHints":{"allow":["GET"]}}],"collection":[{"href":"https:\/\/www.fun-parc-brumath.fr\/de\/wp-json\/wp\/v2\/pages"}],"about":[{"href":"https:\/\/www.fun-parc-brumath.fr\/de\/wp-json\/wp\/v2\/types\/page"}],"author":[{"embeddable":true,"href":"https:\/\/www.fun-parc-brumath.fr\/de\/wp-json\/wp\/v2\/users\/1"}],"replies":[{"embeddable":true,"href":"https:\/\/www.fun-parc-brumath.fr\/de\/wp-json\/wp\/v2\/comments?post=4034"}],"version-history":[{"count":6,"href":"https:\/\/www.fun-parc-brumath.fr\/de\/wp-json\/wp\/v2\/pages\/4034\/revisions"}],"predecessor-version":[{"id":5350,"href":"https:\/\/www.fun-parc-brumath.fr\/de\/wp-json\/wp\/v2\/pages\/4034\/revisions\/5350"}],"up":[{"embeddable":true,"href":"https:\/\/www.fun-parc-brumath.fr\/de\/wp-json\/wp\/v2\/pages\/4001"}],"wp:attachment":[{"href":"https:\/\/www.fun-parc-brumath.fr\/de\/wp-json\/wp\/v2\/media?parent=4034"}],"curies":[{"name":"wp","href":"https:\/\/api.w.org\/{rel}","templated":true}]}}