{"id":3993,"date":"2024-11-14T10:27:08","date_gmt":"2024-11-14T09:27:08","guid":{"rendered":"https:\/\/www.fun-parc-brumath.fr\/landaktivitaeten\/trampoline\/"},"modified":"2025-03-29T12:27:56","modified_gmt":"2025-03-29T11:27:56","slug":"trampoline","status":"publish","type":"page","link":"https:\/\/www.fun-parc-brumath.fr\/de\/landaktivitaeten\/trampoline\/","title":{"rendered":"Trampoline"},"content":{"rendered":"\t\t\t<div  class=\" wp-block-grimlock-section grimlock-section--btn-primary grimlock-section--trampoline-in-der-naehe-von-strassburg alignfull region grimlock-region grimlock-region--mt-0 grimlock-region--mb--2 grimlock-region--pt-5 grimlock-region--pb-5 grimlock-region--12-cols-left region--12-cols-left grimlock-region--container-classic region--container-classic grimlock-section section section_content_reveal\" style=\"margin-bottom:-2%;background-image:url(https:\/\/i0.wp.com\/www.fun-parc-brumath.fr\/wp-content\/uploads\/2021\/05\/sans-titre.png?fit=535%2C374&#038;ssl=1);background-repeat:no-repeat;background-position:center;background-size:cover;-webkit-background-size:cover;background-attachment:scroll;border-top-color:#eceeef;border-top-style:solid;border-top-width:0;border-bottom-color:#eceeef;border-bottom-style:solid;border-bottom-width:0;z-index:0;\"  >\n\t\t\t<div class=\"region__inner\" style=\"padding-top:5%;padding-bottom:5%;background:linear-gradient(90deg,rgb(0,132,158) 0%,rgba(131,218,158,0.5) 100%);\">\n\t\t\t\t<div class=\"region__container\">\n\t\t\t\t\t<div class=\"region__row\">\n\t\t\t\t\t\t<div class=\"region__col region__col--1\" >\n\t\t\t\t\t\t\t<div class=\"grimlock-reveal-element grimlock-reveal-element--thumbnail\" >\n\t\t\t\t\t\t\t\t\t\t\t\t\t\t\t<\/div>\n\t\t\t\t\t\t<\/div><!-- .region__col -->\n\t\t\t\t\t\t<div class=\"region__col region__col--2\" >\n\t\t\t\t\t\t\t<div class=\"grimlock-reveal-element grimlock-reveal-element--content\" data-grimlock-animate-scroll-reveal=\"{&quot;origin&quot;:&quot;right&quot;,&quot;distance&quot;:&quot;80px&quot;,&quot;duration&quot;:750,&quot;delay&quot;:0,&quot;rotate&quot;:{&quot;x&quot;:0,&quot;y&quot;:0,&quot;z&quot;:0},&quot;opacity&quot;:0,&quot;scale&quot;:1,&quot;easing&quot;:&quot;cubic-bezier(0.6, 0.2, 0.1, 1)&quot;,&quot;viewFactor&quot;:0.5,&quot;mobile&quot;:false,&quot;reset&quot;:false}\">\n\t\t\t\t\t\t\t\t\t        <div class=\"grimlock-section__header section__header\">\n\t\t\t\t\n            <h2 class=\"grimlock-section__title section__title grimlock-display-1 display-1\" style=\"color:#ffffff;\">\n\t\t\t\tTrampoline in der N\u00e4he von Stra\u00dfburg              <\/h2>\n\t\t\t\t        <\/div><!-- .section__header -->\n\t\t\t\t\t\t\t\t\t\t<\/div>\n\t\t\t\t\t\t<\/div><!-- .region__col -->\n\t\t\t\t\t<\/div><!-- .region__row -->\n\t\t\t\t<\/div><!-- .region__container -->\n\t\t\t<\/div><!-- .region__inner -->\n\t\t\t<\/div><!-- .grimlock-section -->\n\t\t\n<div class=\"wp-block-group wp-block-group-anchor\"><div class=\"wp-block-group__inner-container is-layout-flow wp-block-group-is-layout-flow\"><\/div><\/div>\n\t\t\t<div  class=\" wp-block-grimlock-section grimlock-section--btn-primary grimlock-section--praesentation alignfull region grimlock-region grimlock-region--mt-0 grimlock-region--mb-0 grimlock-region--pt-5 grimlock-region--pb-5 grimlock-region--6-6-cols-left region--6-6-cols-left grimlock-region--container-classic region--container-classic grimlock-section section section_thumbnail_reveal section_content_reveal\" style=\"border-top-color:#eceeef;border-top-style:solid;border-top-width:0;border-bottom-color:#eceeef;border-bottom-style:solid;border-bottom-width:0;z-index:0;color:#525A5B;\"  >\n\t\t\t<div class=\"region__inner\" style=\"padding-top:5%;padding-bottom:5%;\">\n\t\t\t\t<div class=\"region__container\">\n\t\t\t\t\t<div class=\"region__row\">\n\t\t\t\t\t\t<div class=\"region__col region__col--1\" >\n\t\t\t\t\t\t\t<div class=\"grimlock-reveal-element grimlock-reveal-element--thumbnail\" data-grimlock-animate-scroll-reveal=\"{&quot;origin&quot;:&quot;left&quot;,&quot;distance&quot;:&quot;80px&quot;,&quot;duration&quot;:750,&quot;delay&quot;:0,&quot;rotate&quot;:{&quot;x&quot;:0,&quot;y&quot;:0,&quot;z&quot;:0},&quot;opacity&quot;:0,&quot;scale&quot;:1,&quot;easing&quot;:&quot;cubic-bezier(0.6, 0.2, 0.1, 1)&quot;,&quot;viewFactor&quot;:0.5,&quot;mobile&quot;:false,&quot;reset&quot;:false}\">\n\t\t\t\t\t\t\t\t\t\t\t<div class=\"grimlock-section__thumbnail section__thumbnail\">\n\t\t\t\t<img data-recalc-dims=\"1\" loading=\"lazy\" decoding=\"async\" width=\"1024\" height=\"768\" src=\"https:\/\/i0.wp.com\/www.fun-parc-brumath.fr\/wp-content\/uploads\/2022\/01\/trampoline-e1642590730714.jpg?resize=1024%2C768&#038;ssl=1\" class=\"grimlock-section__thumbnail-img section__thumbnail-img img-fluid\" alt=\"trampolines strasbourg\" \/>\n\t\t\t\t            <\/div><!-- .section__thumbnail -->\n\t\t\t\t\t\t\t\t\t\t<\/div>\n\t\t\t\t\t\t<\/div><!-- .region__col -->\n\t\t\t\t\t\t<div class=\"region__col region__col--2\" >\n\t\t\t\t\t\t\t<div class=\"grimlock-reveal-element grimlock-reveal-element--content\" data-grimlock-animate-scroll-reveal=\"{&quot;origin&quot;:&quot;left&quot;,&quot;distance&quot;:&quot;80px&quot;,&quot;duration&quot;:750,&quot;delay&quot;:0,&quot;rotate&quot;:{&quot;x&quot;:0,&quot;y&quot;:0,&quot;z&quot;:0},&quot;opacity&quot;:0,&quot;scale&quot;:1,&quot;easing&quot;:&quot;cubic-bezier(0.6, 0.2, 0.1, 1)&quot;,&quot;viewFactor&quot;:0.5,&quot;mobile&quot;:false,&quot;reset&quot;:false}\">\n\t\t\t\t\t\t\t\t\t        <div class=\"grimlock-section__header section__header\">\n\t\t\t\t\n            <h2 class=\"grimlock-section__title section__title grimlock-lead lead\" style=\"color:#00849E;\">\n\t\t\t\tPr\u00e4sentation            <\/h2>\n\t\t\t\t\t\t\t<h3 class=\"grimlock-section__subtitle section__subtitle grimlock-display-2 display-2\" style=\"color:#15171A;\">\n\t\t\t\t\tTrampoline\t\t\t\t<\/h3>\n\t\t\t\t        <\/div><!-- .section__header -->\n\t\t\t\t        <div class=\"grimlock-section__content section__content\">\n\t\t\t\t            <div class=\"grimlock-section__text section__text\">\n\t\t\t\t<p align=\"justify\">Die Trampoline im Fun Parc bekommen ein <b>neues Gesicht<\/b>! Springen, lachen und h\u00fcpfen Sie auf unseren neuen, freistehenden <b>Anlagen<\/b> direkt am Strand. Ob mit Freunden, Geschwistern oder Klassenkameraden, Ihre Kinder werden begeistert sein, wenn sie sich in diesem Outdoor-Freizeitbereich austoben k\u00f6nnen. <\/p>\n<p align=\"justify\">Wie echte Turner k\u00f6nnen sie ungeahnte H\u00f6hen erreichen und versuchen, <b>kleine Kunstst\u00fccke<\/b> zu machen, w\u00e4hrend sie springen und Spa\u00df haben.<\/p>\n<p align=\"justify\">Begeben Sie sich direkt zum Eingang des Trampolins, um Ihre kleinen Akrobaten zu erfreuen!<\/p>\n            <\/div>\n\t\t\t\t        <\/div><!-- .section__content -->\n\t\t\t\t        <div class=\"grimlock-section__footer section__footer\">\n\t            \n            <a href=\"https:\/\/www.fun-parc-brumath.fr\/tarifs#TARIFS-MINIGOLF\" class=\"grimlock-section__btn grimlock-section__btn--1 section__btn btn grimlock-btn-primary btn-primary\" target=\"_blank\">\n\t            Preise            <\/a>\n\t\t\t\t            \t        <\/div><!-- .section__footer -->\n\t\t\t\t\t\t\t\t\t\t<\/div>\n\t\t\t\t\t\t<\/div><!-- .region__col -->\n\t\t\t\t\t<\/div><!-- .region__row -->\n\t\t\t\t<\/div><!-- .region__container -->\n\t\t\t<\/div><!-- .region__inner -->\n\t\t\t<\/div><!-- .grimlock-section -->\n\t\t\t\t\t<div  class=\" wp-block-grimlock-section grimlock-section--btn-primary grimlock-section--trampolinspringen-im-elsass alignfull region grimlock-region grimlock-region--mt-0 grimlock-region--mb-0 grimlock-region--pt-5 grimlock-region--pb-5 grimlock-region--6-6-cols-left-reverse region--6-6-cols-left-reverse grimlock-region--container-classic region--container-classic grimlock-section section section_thumbnail_reveal section_content_reveal\" style=\"border-top-color:#eceeef;border-top-style:solid;border-top-width:0;border-bottom-color:#eceeef;border-bottom-style:solid;border-bottom-width:0;z-index:0;color:#525A5B;\"  >\n\t\t\t<div class=\"region__inner\" style=\"padding-top:5%;padding-bottom:5%;\">\n\t\t\t\t<div class=\"region__container\">\n\t\t\t\t\t<div class=\"region__row\">\n\t\t\t\t\t\t<div class=\"region__col region__col--1\" >\n\t\t\t\t\t\t\t<div class=\"grimlock-reveal-element grimlock-reveal-element--thumbnail\" data-grimlock-animate-scroll-reveal=\"{&quot;origin&quot;:&quot;left&quot;,&quot;distance&quot;:&quot;80px&quot;,&quot;duration&quot;:750,&quot;delay&quot;:0,&quot;rotate&quot;:{&quot;x&quot;:0,&quot;y&quot;:0,&quot;z&quot;:0},&quot;opacity&quot;:0,&quot;scale&quot;:1,&quot;easing&quot;:&quot;cubic-bezier(0.6, 0.2, 0.1, 1)&quot;,&quot;viewFactor&quot;:0.5,&quot;mobile&quot;:false,&quot;reset&quot;:false}\">\n\t\t\t\t\t\t\t\t\t\t\t<div class=\"grimlock-section__thumbnail section__thumbnail\">\n\t\t\t\t<img data-recalc-dims=\"1\" loading=\"lazy\" decoding=\"async\" width=\"1140\" height=\"760\" src=\"https:\/\/i0.wp.com\/www.fun-parc-brumath.fr\/wp-content\/uploads\/2024\/01\/trampoline-2.jpg?resize=1140%2C760&#038;ssl=1\" class=\"grimlock-section__thumbnail-img section__thumbnail-img img-fluid\" alt=\"\" srcset=\"https:\/\/i0.wp.com\/www.fun-parc-brumath.fr\/wp-content\/uploads\/2024\/01\/trampoline-2.jpg?w=1920&amp;ssl=1 1920w, https:\/\/i0.wp.com\/www.fun-parc-brumath.fr\/wp-content\/uploads\/2024\/01\/trampoline-2.jpg?resize=300%2C200&amp;ssl=1 300w, https:\/\/i0.wp.com\/www.fun-parc-brumath.fr\/wp-content\/uploads\/2024\/01\/trampoline-2.jpg?resize=1024%2C683&amp;ssl=1 1024w, https:\/\/i0.wp.com\/www.fun-parc-brumath.fr\/wp-content\/uploads\/2024\/01\/trampoline-2.jpg?resize=768%2C512&amp;ssl=1 768w, https:\/\/i0.wp.com\/www.fun-parc-brumath.fr\/wp-content\/uploads\/2024\/01\/trampoline-2.jpg?resize=1536%2C1024&amp;ssl=1 1536w, https:\/\/i0.wp.com\/www.fun-parc-brumath.fr\/wp-content\/uploads\/2024\/01\/trampoline-2.jpg?resize=1850%2C1233&amp;ssl=1 1850w\" sizes=\"auto, (max-width: 1140px) 100vw, 1140px\" \/>\n\t\t\t\t            <\/div><!-- .section__thumbnail -->\n\t\t\t\t\t\t\t\t\t\t<\/div>\n\t\t\t\t\t\t<\/div><!-- .region__col -->\n\t\t\t\t\t\t<div class=\"region__col region__col--2\" >\n\t\t\t\t\t\t\t<div class=\"grimlock-reveal-element grimlock-reveal-element--content\" data-grimlock-animate-scroll-reveal=\"{&quot;origin&quot;:&quot;left&quot;,&quot;distance&quot;:&quot;80px&quot;,&quot;duration&quot;:750,&quot;delay&quot;:0,&quot;rotate&quot;:{&quot;x&quot;:0,&quot;y&quot;:0,&quot;z&quot;:0},&quot;opacity&quot;:0,&quot;scale&quot;:1,&quot;easing&quot;:&quot;cubic-bezier(0.6, 0.2, 0.1, 1)&quot;,&quot;viewFactor&quot;:0.5,&quot;mobile&quot;:false,&quot;reset&quot;:false}\">\n\t\t\t\t\t\t\t\t\t        <div class=\"grimlock-section__header section__header\">\n\t\t\t\t\n            <h2 class=\"grimlock-section__title section__title grimlock-lead lead\" style=\"color:#00849E;\">\n\t\t\t\tTrampolinspringen im Elsass            <\/h2>\n\t\t\t\t\t\t\t<h3 class=\"grimlock-section__subtitle section__subtitle grimlock-display-2 display-2\" style=\"color:#15171A;\">\n\t\t\t\t\tEine sichere und spa\u00dfige Aktivit\u00e4t\t\t\t\t<\/h3>\n\t\t\t\t        <\/div><!-- .section__header -->\n\t\t\t\t        <div class=\"grimlock-section__content section__content\">\n\t\t\t\t            <div class=\"grimlock-section__text section__text\">\n\t\t\t\t<p align=\"justify\">Der Fun Parc stellt Ihnen hochwertige Trampoline zur Verf\u00fcgung, damit jeder seinen <b>Spa\u00df haben<\/b> kann. Sie sind mit robusten Kissen, Federn und Netzen ausgestattet und bieten Ihren Kindern eine sichere Umgebung, in der sie akrobatische Kunstst\u00fccke machen, lachen und wunderbare Erinnerungen teilen k\u00f6nnen. <\/p>\n<p align=\"justify\">Lassen Sie Gro\u00df und Klein auf unseren sicheren und automatisierten Trampolinen springen!<\/p>\n<p align=\"justify\">Zugang nur in Socken oder barfu\u00df.<br \/>Ohne Reservierung zug\u00e4nglich f\u00fcr Kinder ab 3 Jahren, einfach hingehen!<\/p>\n<p align=\"justify\">M\u00f6chten Sie Ihren Kindern einen originellen und sensationellen Tag im Departement Bas-Rhin bieten? Dann laden Sie sie ein, unsere <strong>Trampoline in Brumath (in der N\u00e4he von Stra\u00dfburg)<\/strong> zu nutzen. <\/p>\n            <\/div>\n\t\t\t\t        <\/div><!-- .section__content -->\n\t\t\t\t\t\t\t\t\t\t<\/div>\n\t\t\t\t\t\t<\/div><!-- .region__col -->\n\t\t\t\t\t<\/div><!-- .region__row -->\n\t\t\t\t<\/div><!-- .region__container -->\n\t\t\t<\/div><!-- .region__inner -->\n\t\t\t<\/div><!-- .grimlock-section -->\n\t\t\n<div class=\"wp-block-buttons is-layout-flex wp-block-buttons-is-layout-flex\">\n<div class=\"wp-block-button is-style-secondary\"><a class=\"wp-block-button__link wp-element-button\" href=\"https:\/\/www.fun-parc-brumath.fr\/de\/?page_id=4790\">Pours Folgen Sie zu Natur&#8217;Explore Parcours<\/a><\/div>\n<\/div>\n\n<p><\/p>\n","protected":false},"excerpt":{"rendered":"","protected":false},"author":1,"featured_media":0,"parent":3991,"menu_order":39,"comment_status":"closed","ping_status":"closed","template":"template-minimal.php","meta":{"_monsterinsights_skip_tracking":false,"_monsterinsights_sitenote_active":false,"_monsterinsights_sitenote_note":"","_monsterinsights_sitenote_category":0,"footnotes":""},"class_list":["post-3993","page","type-page","status-publish","hentry"],"yoast_head":"<!-- This site is optimized with the Yoast SEO plugin v27.3 - https:\/\/yoast.com\/product\/yoast-seo-wordpress\/ -->\n<title>Trampoline Strasbourg (Bas-Rhin): Spa\u00df auf Ihren Trampolinen im Elsass<\/title>\n<meta name=\"description\" content=\"Die Trampoline im Fun Parc bekommen ein neues Gesicht! Springen, lachen und h\u00fcpfen Sie auf unseren neuen autonomen Anlagen.\" \/>\n<meta name=\"robots\" content=\"index, follow, max-snippet:-1, max-image-preview:large, max-video-preview:-1\" \/>\n<link rel=\"canonical\" href=\"https:\/\/www.fun-parc-brumath.fr\/de\/landaktivitaeten\/trampoline\/\" \/>\n<meta property=\"og:locale\" content=\"de_DE\" \/>\n<meta property=\"og:type\" content=\"article\" \/>\n<meta property=\"og:title\" content=\"Trampoline Strasbourg (Bas-Rhin): Spa\u00df auf Ihren Trampolinen im Elsass\" \/>\n<meta property=\"og:description\" content=\"Die Trampoline im Fun Parc bekommen ein neues Gesicht! Springen, lachen und h\u00fcpfen Sie auf unseren neuen autonomen Anlagen.\" \/>\n<meta property=\"og:url\" content=\"https:\/\/www.fun-parc-brumath.fr\/de\/landaktivitaeten\/trampoline\/\" \/>\n<meta property=\"og:site_name\" content=\"Fun Parc Brumath\" \/>\n<meta property=\"article:modified_time\" content=\"2025-03-29T11:27:56+00:00\" \/>\n<meta name=\"twitter:card\" content=\"summary_large_image\" \/>\n<script type=\"application\/ld+json\" class=\"yoast-schema-graph\">{\"@context\":\"https:\\\/\\\/schema.org\",\"@graph\":[{\"@type\":\"WebPage\",\"@id\":\"https:\\\/\\\/www.fun-parc-brumath.fr\\\/de\\\/landaktivitaeten\\\/trampoline\\\/\",\"url\":\"https:\\\/\\\/www.fun-parc-brumath.fr\\\/de\\\/landaktivitaeten\\\/trampoline\\\/\",\"name\":\"Trampoline Strasbourg (Bas-Rhin): Spa\u00df auf Ihren Trampolinen im Elsass\",\"isPartOf\":{\"@id\":\"https:\\\/\\\/www.fun-parc-brumath.fr\\\/de\\\/#website\"},\"datePublished\":\"2024-11-14T09:27:08+00:00\",\"dateModified\":\"2025-03-29T11:27:56+00:00\",\"description\":\"Die Trampoline im Fun Parc bekommen ein neues Gesicht! Springen, lachen und h\u00fcpfen Sie auf unseren neuen autonomen Anlagen.\",\"breadcrumb\":{\"@id\":\"https:\\\/\\\/www.fun-parc-brumath.fr\\\/de\\\/landaktivitaeten\\\/trampoline\\\/#breadcrumb\"},\"inLanguage\":\"de\",\"potentialAction\":[{\"@type\":\"ReadAction\",\"target\":[\"https:\\\/\\\/www.fun-parc-brumath.fr\\\/de\\\/landaktivitaeten\\\/trampoline\\\/\"]}]},{\"@type\":\"BreadcrumbList\",\"@id\":\"https:\\\/\\\/www.fun-parc-brumath.fr\\\/de\\\/landaktivitaeten\\\/trampoline\\\/#breadcrumb\",\"itemListElement\":[{\"@type\":\"ListItem\",\"position\":1,\"name\":\"Accueil\",\"item\":\"https:\\\/\\\/www.fun-parc-brumath.fr\\\/de\\\/\"},{\"@type\":\"ListItem\",\"position\":2,\"name\":\"Landaktivit\u00e4ten\",\"item\":\"https:\\\/\\\/www.fun-parc-brumath.fr\\\/de\\\/activites-terrestres\\\/\"},{\"@type\":\"ListItem\",\"position\":3,\"name\":\"Trampoline\"}]},{\"@type\":\"WebSite\",\"@id\":\"https:\\\/\\\/www.fun-parc-brumath.fr\\\/de\\\/#website\",\"url\":\"https:\\\/\\\/www.fun-parc-brumath.fr\\\/de\\\/\",\"name\":\"Alsafun\",\"description\":\"Parc de loisirs de la re\u0301gion Grand Est\",\"publisher\":{\"@id\":\"https:\\\/\\\/www.fun-parc-brumath.fr\\\/de\\\/#organization\"},\"potentialAction\":[{\"@type\":\"SearchAction\",\"target\":{\"@type\":\"EntryPoint\",\"urlTemplate\":\"https:\\\/\\\/www.fun-parc-brumath.fr\\\/de\\\/?s={search_term_string}\"},\"query-input\":{\"@type\":\"PropertyValueSpecification\",\"valueRequired\":true,\"valueName\":\"search_term_string\"}}],\"inLanguage\":\"de\"},{\"@type\":\"Organization\",\"@id\":\"https:\\\/\\\/www.fun-parc-brumath.fr\\\/de\\\/#organization\",\"name\":\"Fun Parc Brumath\",\"url\":\"https:\\\/\\\/www.fun-parc-brumath.fr\\\/de\\\/\",\"logo\":{\"@type\":\"ImageObject\",\"inLanguage\":\"de\",\"@id\":\"https:\\\/\\\/www.fun-parc-brumath.fr\\\/de\\\/#\\\/schema\\\/logo\\\/image\\\/\",\"url\":\"https:\\\/\\\/www.fun-parc-brumath.fr\\\/wp-content\\\/uploads\\\/2021\\\/03\\\/logo-footer.png\",\"contentUrl\":\"https:\\\/\\\/www.fun-parc-brumath.fr\\\/wp-content\\\/uploads\\\/2021\\\/03\\\/logo-footer.png\",\"width\":162,\"height\":165,\"caption\":\"Fun Parc Brumath\"},\"image\":{\"@id\":\"https:\\\/\\\/www.fun-parc-brumath.fr\\\/de\\\/#\\\/schema\\\/logo\\\/image\\\/\"}}]}<\/script>\n<!-- \/ Yoast SEO plugin. -->","yoast_head_json":{"title":"Trampoline Strasbourg (Bas-Rhin): Spa\u00df auf Ihren Trampolinen im Elsass","description":"Die Trampoline im Fun Parc bekommen ein neues Gesicht! Springen, lachen und h\u00fcpfen Sie auf unseren neuen autonomen Anlagen.","robots":{"index":"index","follow":"follow","max-snippet":"max-snippet:-1","max-image-preview":"max-image-preview:large","max-video-preview":"max-video-preview:-1"},"canonical":"https:\/\/www.fun-parc-brumath.fr\/de\/landaktivitaeten\/trampoline\/","og_locale":"de_DE","og_type":"article","og_title":"Trampoline Strasbourg (Bas-Rhin): Spa\u00df auf Ihren Trampolinen im Elsass","og_description":"Die Trampoline im Fun Parc bekommen ein neues Gesicht! Springen, lachen und h\u00fcpfen Sie auf unseren neuen autonomen Anlagen.","og_url":"https:\/\/www.fun-parc-brumath.fr\/de\/landaktivitaeten\/trampoline\/","og_site_name":"Fun Parc Brumath","article_modified_time":"2025-03-29T11:27:56+00:00","twitter_card":"summary_large_image","schema":{"@context":"https:\/\/schema.org","@graph":[{"@type":"WebPage","@id":"https:\/\/www.fun-parc-brumath.fr\/de\/landaktivitaeten\/trampoline\/","url":"https:\/\/www.fun-parc-brumath.fr\/de\/landaktivitaeten\/trampoline\/","name":"Trampoline Strasbourg (Bas-Rhin): Spa\u00df auf Ihren Trampolinen im Elsass","isPartOf":{"@id":"https:\/\/www.fun-parc-brumath.fr\/de\/#website"},"datePublished":"2024-11-14T09:27:08+00:00","dateModified":"2025-03-29T11:27:56+00:00","description":"Die Trampoline im Fun Parc bekommen ein neues Gesicht! Springen, lachen und h\u00fcpfen Sie auf unseren neuen autonomen Anlagen.","breadcrumb":{"@id":"https:\/\/www.fun-parc-brumath.fr\/de\/landaktivitaeten\/trampoline\/#breadcrumb"},"inLanguage":"de","potentialAction":[{"@type":"ReadAction","target":["https:\/\/www.fun-parc-brumath.fr\/de\/landaktivitaeten\/trampoline\/"]}]},{"@type":"BreadcrumbList","@id":"https:\/\/www.fun-parc-brumath.fr\/de\/landaktivitaeten\/trampoline\/#breadcrumb","itemListElement":[{"@type":"ListItem","position":1,"name":"Accueil","item":"https:\/\/www.fun-parc-brumath.fr\/de\/"},{"@type":"ListItem","position":2,"name":"Landaktivit\u00e4ten","item":"https:\/\/www.fun-parc-brumath.fr\/de\/activites-terrestres\/"},{"@type":"ListItem","position":3,"name":"Trampoline"}]},{"@type":"WebSite","@id":"https:\/\/www.fun-parc-brumath.fr\/de\/#website","url":"https:\/\/www.fun-parc-brumath.fr\/de\/","name":"Alsafun","description":"Parc de loisirs de la re\u0301gion Grand Est","publisher":{"@id":"https:\/\/www.fun-parc-brumath.fr\/de\/#organization"},"potentialAction":[{"@type":"SearchAction","target":{"@type":"EntryPoint","urlTemplate":"https:\/\/www.fun-parc-brumath.fr\/de\/?s={search_term_string}"},"query-input":{"@type":"PropertyValueSpecification","valueRequired":true,"valueName":"search_term_string"}}],"inLanguage":"de"},{"@type":"Organization","@id":"https:\/\/www.fun-parc-brumath.fr\/de\/#organization","name":"Fun Parc Brumath","url":"https:\/\/www.fun-parc-brumath.fr\/de\/","logo":{"@type":"ImageObject","inLanguage":"de","@id":"https:\/\/www.fun-parc-brumath.fr\/de\/#\/schema\/logo\/image\/","url":"https:\/\/www.fun-parc-brumath.fr\/wp-content\/uploads\/2021\/03\/logo-footer.png","contentUrl":"https:\/\/www.fun-parc-brumath.fr\/wp-content\/uploads\/2021\/03\/logo-footer.png","width":162,"height":165,"caption":"Fun Parc Brumath"},"image":{"@id":"https:\/\/www.fun-parc-brumath.fr\/de\/#\/schema\/logo\/image\/"}}]}},"jetpack_sharing_enabled":true,"_links":{"self":[{"href":"https:\/\/www.fun-parc-brumath.fr\/de\/wp-json\/wp\/v2\/pages\/3993","targetHints":{"allow":["GET"]}}],"collection":[{"href":"https:\/\/www.fun-parc-brumath.fr\/de\/wp-json\/wp\/v2\/pages"}],"about":[{"href":"https:\/\/www.fun-parc-brumath.fr\/de\/wp-json\/wp\/v2\/types\/page"}],"author":[{"embeddable":true,"href":"https:\/\/www.fun-parc-brumath.fr\/de\/wp-json\/wp\/v2\/users\/1"}],"replies":[{"embeddable":true,"href":"https:\/\/www.fun-parc-brumath.fr\/de\/wp-json\/wp\/v2\/comments?post=3993"}],"version-history":[{"count":5,"href":"https:\/\/www.fun-parc-brumath.fr\/de\/wp-json\/wp\/v2\/pages\/3993\/revisions"}],"predecessor-version":[{"id":4928,"href":"https:\/\/www.fun-parc-brumath.fr\/de\/wp-json\/wp\/v2\/pages\/3993\/revisions\/4928"}],"up":[{"embeddable":true,"href":"https:\/\/www.fun-parc-brumath.fr\/de\/wp-json\/wp\/v2\/pages\/3991"}],"wp:attachment":[{"href":"https:\/\/www.fun-parc-brumath.fr\/de\/wp-json\/wp\/v2\/media?parent=3993"}],"curies":[{"name":"wp","href":"https:\/\/api.w.org\/{rel}","templated":true}]}}